{"id":1296,"date":"2025-07-17T02:22:18","date_gmt":"2025-07-17T02:22:18","guid":{"rendered":"https:\/\/sinocarbonfibre.com\/?post_type=product&#038;p=1296"},"modified":"2025-07-24T01:05:40","modified_gmt":"2025-07-24T01:05:40","slug":"carbon-fiber-plate","status":"publish","type":"product","link":"https:\/\/sinocarbonfibre.com\/pt\/produto\/carbon-fiber-plate\/","title":{"rendered":"Placa de fibra de carbono"},"content":{"rendered":"<div data-elementor-type=\"product-post\" data-elementor-id=\"1296\" class=\"elementor elementor-1296\" data-elementor-post-type=\"product\">\n\t\t\t\t<div class=\"elementor-element elementor-element-2a4e50e e-flex e-con-boxed e-con e-parent\" data-id=\"2a4e50e\" data-element_type=\"container\">\n\t\t\t\t\t<div class=\"e-con-inner\">\n\t\t\t\t<div class=\"elementor-element elementor-element-42c080a elementor-widget elementor-widget-text-editor\" data-id=\"42c080a\" data-element_type=\"widget\" data-widget_type=\"text-editor.default\">\n\t\t\t\t<div class=\"elementor-widget-container\">\n\t\t\t\t\t\t\t\t\t<p>A chapa unidirecional refor\u00e7ada com fibra de carbono FS, o seu processo de moldagem consiste em impregnar a fibra de carbono com resina, solidific\u00e1-la no molde e pulveriz\u00e1-la continuamente.<\/p><p>O produto passou na inspe\u00e7\u00e3o de desempenho e na avalia\u00e7\u00e3o de seguran\u00e7a do \"National Building Materials Testing Center\";<\/p><h1><strong>Vantagens do produto<\/strong><\/h1><p>Fibra de carbono de alto desempenho, boa continuidade, sem fios partidos, sem fios peludos;<\/p><p>Aplic\u00e1vel a uma variedade de substratos estruturais;<\/p><p>Elevada resist\u00eancia, tens\u00e3o constante, uniforme e plana, suavidade moderada, boa adaptabilidade \u00e0 imers\u00e3o em \u00f3leo;<\/p><p>Resistente a ambientes agressivos, como \u00e1cido, alcalino, sal e corros\u00e3o qu\u00edmica;<\/p><p>Boa flexibilidade, aplica\u00e7\u00e3o flex\u00edvel em v\u00e1rios componentes complexos, constru\u00e7\u00e3o conveniente;<\/p><p>Resist\u00eancia a altas temperaturas, resist\u00eancia \u00e0 flu\u00eancia e boa resist\u00eancia s\u00edsmica.<\/p><h1><strong>Carater\u00edsticas do produto<\/strong><\/h1><p>01-Alta resist\u00eancia, baixa densidade, espessura fina, m\u00f3dulo de elasticidade elevado, basicamente n\u00e3o aumenta o peso pr\u00f3prio e a dimens\u00e3o da sec\u00e7\u00e3o transversal dos componentes refor\u00e7ados;<\/p><p>02-Adequado para utiliza\u00e7\u00e3o em ambientes altamente \u00e1cidos, alcalinos, salinos e de corros\u00e3o atmosf\u00e9rica;<\/p><p>03-Constru\u00e7\u00e3o conveniente, sem necessidade de grandes m\u00e1quinas e equipamentos, sem necessidade de instala\u00e7\u00f5es fixas no local<\/p><h1><strong>Par\u00e2metros b\u00e1sicos<\/strong><\/h1><p><strong>Especifica\u00e7\u00f5es:<\/strong> 1. Espessura 1.2-5.0mm<\/p><p><strong>N\u00edvel de for\u00e7a:<\/strong> grau I de alta resist\u00eancia, grau II de alta resist\u00eancia<\/p><p><strong>Mat\u00e9rias-primas:<\/strong> fibra de carbono de alta resist\u00eancia, resina ep\u00f3xi<\/p><p><strong>Comprimento:<\/strong> 100 metros<\/p><p><strong>Teor volum\u00e9trico das fibras:<\/strong> \u226565%\/\u226555%<\/p><p><strong>Largura:<\/strong> 20-300mm, enrolada num anel e atada com um cinto<\/p>\t\t\t\t\t\t\t\t<\/div>\n\t\t\t\t<\/div>\n\t\t\t\t<div class=\"elementor-element elementor-element-db28698 elementor-widget elementor-widget-shortcode\" data-id=\"db28698\" data-element_type=\"widget\" data-widget_type=\"shortcode.default\">\n\t\t\t\t<div class=\"elementor-widget-container\">\n\t\t\t\t\t\t\t<div class=\"elementor-shortcode\">\n<table id=\"tablepress-21\" class=\"tablepress tablepress-id-21 tbody-has-connected-cells\">\n<tbody>\n<tr class=\"row-1\">\n\t<td class=\"column-1\">Nome<\/td><td class=\"column-2\">Tamanho\uff08mm\uff09<\/td><td class=\"column-3\">Espessura\uff08mm\uff09<\/td><td class=\"column-4\">Tecer<\/td><td class=\"column-5\">Superf\u00edcie<\/td><td class=\"column-6\">Tipo<\/td>\n<\/tr>\n<tr class=\"row-2\">\n\t<td rowspan=\"6\" class=\"column-1\">Placa de fibra de carbono<\/td><td class=\"column-2\">400*500<\/td><td rowspan=\"6\" class=\"column-3\">0.5-10<\/td><td rowspan=\"6\" class=\"column-4\">Liso\/Twill\/Unidirecional<\/td><td rowspan=\"6\" class=\"column-5\">Brilhante\/Mate<\/td><td rowspan=\"6\" class=\"column-6\">100% Carbono\/50% Carbono\/100% Unidirecional<\/td>\n<\/tr>\n<tr class=\"row-3\">\n\t<td class=\"column-2\">500*600<\/td>\n<\/tr>\n<tr class=\"row-4\">\n\t<td class=\"column-2\">500*1000<\/td>\n<\/tr>\n<tr class=\"row-5\">\n\t<td class=\"column-2\">1000*1000<\/td>\n<\/tr>\n<tr class=\"row-6\">\n\t<td class=\"column-2\">1000*1600<\/td>\n<\/tr>\n<tr class=\"row-7\">\n\t<td class=\"column-2\">1200*1600<\/td>\n<\/tr>\n<\/tbody>\n<\/table>\n<!-- #tablepress-21 from cache --><\/div>\n\t\t\t\t\t\t<\/div>\n\t\t\t\t<\/div>\n\t\t\t\t\t<\/div>\n\t\t\t\t<\/div>\n\t\t\t\t<\/div>","protected":false},"excerpt":{"rendered":"<p>A chapa unidirecional refor\u00e7ada com fibra de carbono FS, o seu processo de moldagem consiste em impregnar a fibra de carbono com resina, solidific\u00e1-la no molde e pulveriz\u00e1-la continuamente.<\/p>","protected":false},"featured_media":1297,"comment_status":"open","ping_status":"closed","template":"","meta":{"_acf_changed":false,"site-sidebar-layout":"no-sidebar","site-content-layout":"","ast-site-content-layout":"full-width-container","site-content-style":"default","site-sidebar-style":"default","ast-global-header-display":"","ast-banner-title-visibility":"","ast-main-header-display":"","ast-hfb-above-header-display":"","ast-hfb-below-header-display":"","ast-hfb-mobile-header-display":"","site-post-title":"disabled","ast-breadcrumbs-content":"","ast-featured-img":"disabled","footer-sml-layout":"","theme-transparent-header-meta":"default","adv-header-id-meta":"","stick-header-meta":"","header-above-stick-meta":"","header-main-stick-meta":"","header-below-stick-meta":"","astra-migrate-meta-layouts":"set","ast-page-background-enabled":"default","ast-page-background-meta":{"desktop":{"background-color":"var(--ast-global-color-5)","background-image":"","background-repeat":"repeat","background-position":"center center","background-size":"auto","background-attachment":"scroll","background-type":"","background-media":"","overlay-type":"","overlay-color":"","overlay-opacity":"","overlay-gradient":""},"tablet":{"background-color":"","background-image":"","background-repeat":"repeat","background-position":"center center","background-size":"auto","background-attachment":"scroll","background-type":"","background-media":"","overlay-type":"","overlay-color":"","overlay-opacity":"","overlay-gradient":""},"mobile":{"background-color":"","background-image":"","background-repeat":"repeat","background-position":"center center","background-size":"auto","background-attachment":"scroll","background-type":"","background-media":"","overlay-type":"","overlay-color":"","overlay-opacity":"","overlay-gradient":""}},"ast-content-background-meta":{"desktop":{"background-color":"var(--ast-global-color-4)","background-image":"","background-repeat":"repeat","background-position":"center center","background-size":"auto","background-attachment":"scroll","background-type":"","background-media":"","overlay-type":"","overlay-color":"","overlay-opacity":"","overlay-gradient":""},"tablet":{"background-color":"var(--ast-global-color-4)","background-image":"","background-repeat":"repeat","background-position":"center center","background-size":"auto","background-attachment":"scroll","background-type":"","background-media":"","overlay-type":"","overlay-color":"","overlay-opacity":"","overlay-gradient":""},"mobile":{"background-color":"var(--ast-global-color-4)","background-image":"","background-repeat":"repeat","background-position":"center center","background-size":"auto","background-attachment":"scroll","background-type":"","background-media":"","overlay-type":"","overlay-color":"","overlay-opacity":"","overlay-gradient":""}}},"product_brand":[],"product_cat":[51],"product_tag":[],"class_list":{"0":"post-1296","1":"product","2":"type-product","3":"status-publish","4":"has-post-thumbnail","6":"product_cat-carbon-fiber-products","7":"desktop-align-left","8":"tablet-align-left","9":"mobile-align-left","11":"first","12":"instock","13":"shipping-taxable","14":"product-type-simple"},"acf":[],"yoast_head":"<!-- This site is optimized with the Yoast SEO plugin v25.5 - https:\/\/yoast.com\/wordpress\/plugins\/seo\/ -->\n<title>Carbon fiber plate - China carbon fiber drone products, carbon fiber, aramid fiber products and customized manufacturers<\/title>\n<meta name=\"robots\" content=\"index, follow, max-snippet:-1, max-image-preview:large, max-video-preview:-1\" \/>\n<link rel=\"canonical\" href=\"https:\/\/sinocarbonfibre.com\/pt\/produto\/carbon-fiber-plate\/\" \/>\n<meta property=\"og:locale\" content=\"pt_PT\" \/>\n<meta property=\"og:type\" content=\"article\" \/>\n<meta property=\"og:title\" content=\"Carbon fiber plate - China carbon fiber drone products, carbon fiber, aramid fiber products and customized manufacturers\" \/>\n<meta property=\"og:description\" content=\"FS carbon fiber reinforced unidirectional sheet, its molding process is to impregnate the carbon fiber with resin, solidify it in the mold and continuously pultrude it.\" \/>\n<meta property=\"og:url\" content=\"https:\/\/sinocarbonfibre.com\/pt\/produto\/carbon-fiber-plate\/\" \/>\n<meta property=\"og:site_name\" content=\"China carbon fiber drone products, carbon fiber, aramid fiber products and customized manufacturers\" \/>\n<meta property=\"article:modified_time\" content=\"2025-07-24T01:05:40+00:00\" \/>\n<meta property=\"og:image\" content=\"https:\/\/sinocarbonfibre.com\/wp-content\/uploads\/2025\/07\/Carbon-fiber-plate4.jpg\" \/>\n\t<meta property=\"og:image:width\" content=\"1000\" \/>\n\t<meta property=\"og:image:height\" content=\"600\" \/>\n\t<meta property=\"og:image:type\" content=\"image\/jpeg\" \/>\n<meta name=\"twitter:card\" content=\"summary_large_image\" \/>\n<script type=\"application\/ld+json\" class=\"yoast-schema-graph\">{\"@context\":\"https:\/\/schema.org\",\"@graph\":[{\"@type\":\"WebPage\",\"@id\":\"https:\/\/sinocarbonfibre.com\/product\/carbon-fiber-plate\/\",\"url\":\"https:\/\/sinocarbonfibre.com\/product\/carbon-fiber-plate\/\",\"name\":\"Carbon fiber plate - China carbon fiber drone products, carbon fiber, aramid fiber products and customized manufacturers\",\"isPartOf\":{\"@id\":\"https:\/\/sinocarbonfibre.com\/#website\"},\"primaryImageOfPage\":{\"@id\":\"https:\/\/sinocarbonfibre.com\/product\/carbon-fiber-plate\/#primaryimage\"},\"image\":{\"@id\":\"https:\/\/sinocarbonfibre.com\/product\/carbon-fiber-plate\/#primaryimage\"},\"thumbnailUrl\":\"https:\/\/sinocarbonfibre.com\/wp-content\/uploads\/2025\/07\/Carbon-fiber-plate4.jpg\",\"datePublished\":\"2025-07-17T02:22:18+00:00\",\"dateModified\":\"2025-07-24T01:05:40+00:00\",\"breadcrumb\":{\"@id\":\"https:\/\/sinocarbonfibre.com\/product\/carbon-fiber-plate\/#breadcrumb\"},\"inLanguage\":\"pt-PT\",\"potentialAction\":[{\"@type\":\"ReadAction\",\"target\":[\"https:\/\/sinocarbonfibre.com\/product\/carbon-fiber-plate\/\"]}]},{\"@type\":\"ImageObject\",\"inLanguage\":\"pt-PT\",\"@id\":\"https:\/\/sinocarbonfibre.com\/product\/carbon-fiber-plate\/#primaryimage\",\"url\":\"https:\/\/sinocarbonfibre.com\/wp-content\/uploads\/2025\/07\/Carbon-fiber-plate4.jpg\",\"contentUrl\":\"https:\/\/sinocarbonfibre.com\/wp-content\/uploads\/2025\/07\/Carbon-fiber-plate4.jpg\",\"width\":1000,\"height\":600},{\"@type\":\"BreadcrumbList\",\"@id\":\"https:\/\/sinocarbonfibre.com\/product\/carbon-fiber-plate\/#breadcrumb\",\"itemListElement\":[{\"@type\":\"ListItem\",\"position\":1,\"name\":\"Home\",\"item\":\"https:\/\/sinocarbonfibre.com\/\"},{\"@type\":\"ListItem\",\"position\":2,\"name\":\"Products\",\"item\":\"https:\/\/sinocarbonfibre.com\/shop\/\"},{\"@type\":\"ListItem\",\"position\":3,\"name\":\"Carbon fiber plate\"}]},{\"@type\":\"WebSite\",\"@id\":\"https:\/\/sinocarbonfibre.com\/#website\",\"url\":\"https:\/\/sinocarbonfibre.com\/\",\"name\":\"China carbon fiber drone products, carbon fiber, aramid fiber products and customized manufacturers\",\"description\":\"\",\"publisher\":{\"@id\":\"https:\/\/sinocarbonfibre.com\/#organization\"},\"potentialAction\":[{\"@type\":\"SearchAction\",\"target\":{\"@type\":\"EntryPoint\",\"urlTemplate\":\"https:\/\/sinocarbonfibre.com\/?s={search_term_string}\"},\"query-input\":{\"@type\":\"PropertyValueSpecification\",\"valueRequired\":true,\"valueName\":\"search_term_string\"}}],\"inLanguage\":\"pt-PT\"},{\"@type\":\"Organization\",\"@id\":\"https:\/\/sinocarbonfibre.com\/#organization\",\"name\":\"China carbon fiber drone products, carbon fiber, aramid fiber products and customized manufacturers\",\"url\":\"https:\/\/sinocarbonfibre.com\/\",\"logo\":{\"@type\":\"ImageObject\",\"inLanguage\":\"pt-PT\",\"@id\":\"https:\/\/sinocarbonfibre.com\/#\/schema\/logo\/image\/\",\"url\":\"https:\/\/sinocarbonfibre.com\/wp-content\/uploads\/2025\/03\/logo.png\",\"contentUrl\":\"https:\/\/sinocarbonfibre.com\/wp-content\/uploads\/2025\/03\/logo.png\",\"width\":400,\"height\":80,\"caption\":\"China carbon fiber drone products, carbon fiber, aramid fiber products and customized manufacturers\"},\"image\":{\"@id\":\"https:\/\/sinocarbonfibre.com\/#\/schema\/logo\/image\/\"}}]}<\/script>\n<!-- \/ Yoast SEO plugin. -->","yoast_head_json":{"title":"Carbon fiber plate - China carbon fiber drone products, carbon fiber, aramid fiber products and customized manufacturers","robots":{"index":"index","follow":"follow","max-snippet":"max-snippet:-1","max-image-preview":"max-image-preview:large","max-video-preview":"max-video-preview:-1"},"canonical":"https:\/\/sinocarbonfibre.com\/pt\/produto\/carbon-fiber-plate\/","og_locale":"pt_PT","og_type":"article","og_title":"Carbon fiber plate - China carbon fiber drone products, carbon fiber, aramid fiber products and customized manufacturers","og_description":"FS carbon fiber reinforced unidirectional sheet, its molding process is to impregnate the carbon fiber with resin, solidify it in the mold and continuously pultrude it.","og_url":"https:\/\/sinocarbonfibre.com\/pt\/produto\/carbon-fiber-plate\/","og_site_name":"China carbon fiber drone products, carbon fiber, aramid fiber products and customized manufacturers","article_modified_time":"2025-07-24T01:05:40+00:00","og_image":[{"width":1000,"height":600,"url":"https:\/\/sinocarbonfibre.com\/wp-content\/uploads\/2025\/07\/Carbon-fiber-plate4.jpg","type":"image\/jpeg"}],"twitter_card":"summary_large_image","schema":{"@context":"https:\/\/schema.org","@graph":[{"@type":"WebPage","@id":"https:\/\/sinocarbonfibre.com\/product\/carbon-fiber-plate\/","url":"https:\/\/sinocarbonfibre.com\/product\/carbon-fiber-plate\/","name":"Carbon fiber plate - China carbon fiber drone products, carbon fiber, aramid fiber products and customized manufacturers","isPartOf":{"@id":"https:\/\/sinocarbonfibre.com\/#website"},"primaryImageOfPage":{"@id":"https:\/\/sinocarbonfibre.com\/product\/carbon-fiber-plate\/#primaryimage"},"image":{"@id":"https:\/\/sinocarbonfibre.com\/product\/carbon-fiber-plate\/#primaryimage"},"thumbnailUrl":"https:\/\/sinocarbonfibre.com\/wp-content\/uploads\/2025\/07\/Carbon-fiber-plate4.jpg","datePublished":"2025-07-17T02:22:18+00:00","dateModified":"2025-07-24T01:05:40+00:00","breadcrumb":{"@id":"https:\/\/sinocarbonfibre.com\/product\/carbon-fiber-plate\/#breadcrumb"},"inLanguage":"pt-PT","potentialAction":[{"@type":"ReadAction","target":["https:\/\/sinocarbonfibre.com\/product\/carbon-fiber-plate\/"]}]},{"@type":"ImageObject","inLanguage":"pt-PT","@id":"https:\/\/sinocarbonfibre.com\/product\/carbon-fiber-plate\/#primaryimage","url":"https:\/\/sinocarbonfibre.com\/wp-content\/uploads\/2025\/07\/Carbon-fiber-plate4.jpg","contentUrl":"https:\/\/sinocarbonfibre.com\/wp-content\/uploads\/2025\/07\/Carbon-fiber-plate4.jpg","width":1000,"height":600},{"@type":"BreadcrumbList","@id":"https:\/\/sinocarbonfibre.com\/product\/carbon-fiber-plate\/#breadcrumb","itemListElement":[{"@type":"ListItem","position":1,"name":"Home","item":"https:\/\/sinocarbonfibre.com\/"},{"@type":"ListItem","position":2,"name":"Products","item":"https:\/\/sinocarbonfibre.com\/shop\/"},{"@type":"ListItem","position":3,"name":"Carbon fiber plate"}]},{"@type":"WebSite","@id":"https:\/\/sinocarbonfibre.com\/#website","url":"https:\/\/sinocarbonfibre.com\/","name":"China carbon fiber drone products, carbon fiber, aramid fiber products and customized manufacturers","description":"","publisher":{"@id":"https:\/\/sinocarbonfibre.com\/#organization"},"potentialAction":[{"@type":"SearchAction","target":{"@type":"EntryPoint","urlTemplate":"https:\/\/sinocarbonfibre.com\/?s={search_term_string}"},"query-input":{"@type":"PropertyValueSpecification","valueRequired":true,"valueName":"search_term_string"}}],"inLanguage":"pt-PT"},{"@type":"Organization","@id":"https:\/\/sinocarbonfibre.com\/#organization","name":"China carbon fiber drone products, carbon fiber, aramid fiber products and customized manufacturers","url":"https:\/\/sinocarbonfibre.com\/","logo":{"@type":"ImageObject","inLanguage":"pt-PT","@id":"https:\/\/sinocarbonfibre.com\/#\/schema\/logo\/image\/","url":"https:\/\/sinocarbonfibre.com\/wp-content\/uploads\/2025\/03\/logo.png","contentUrl":"https:\/\/sinocarbonfibre.com\/wp-content\/uploads\/2025\/03\/logo.png","width":400,"height":80,"caption":"China carbon fiber drone products, carbon fiber, aramid fiber products and customized manufacturers"},"image":{"@id":"https:\/\/sinocarbonfibre.com\/#\/schema\/logo\/image\/"}}]}},"_links":{"self":[{"href":"https:\/\/sinocarbonfibre.com\/pt\/wp-json\/wp\/v2\/product\/1296","targetHints":{"allow":["GET"]}}],"collection":[{"href":"https:\/\/sinocarbonfibre.com\/pt\/wp-json\/wp\/v2\/product"}],"about":[{"href":"https:\/\/sinocarbonfibre.com\/pt\/wp-json\/wp\/v2\/types\/product"}],"replies":[{"embeddable":true,"href":"https:\/\/sinocarbonfibre.com\/pt\/wp-json\/wp\/v2\/comments?post=1296"}],"version-history":[{"count":10,"href":"https:\/\/sinocarbonfibre.com\/pt\/wp-json\/wp\/v2\/product\/1296\/revisions"}],"predecessor-version":[{"id":1769,"href":"https:\/\/sinocarbonfibre.com\/pt\/wp-json\/wp\/v2\/product\/1296\/revisions\/1769"}],"wp:featuredmedia":[{"embeddable":true,"href":"https:\/\/sinocarbonfibre.com\/pt\/wp-json\/wp\/v2\/media\/1297"}],"wp:attachment":[{"href":"https:\/\/sinocarbonfibre.com\/pt\/wp-json\/wp\/v2\/media?parent=1296"}],"wp:term":[{"taxonomy":"product_brand","embeddable":true,"href":"https:\/\/sinocarbonfibre.com\/pt\/wp-json\/wp\/v2\/product_brand?post=1296"},{"taxonomy":"product_cat","embeddable":true,"href":"https:\/\/sinocarbonfibre.com\/pt\/wp-json\/wp\/v2\/product_cat?post=1296"},{"taxonomy":"product_tag","embeddable":true,"href":"https:\/\/sinocarbonfibre.com\/pt\/wp-json\/wp\/v2\/product_tag?post=1296"}],"curies":[{"name":"wp","href":"https:\/\/api.w.org\/{rel}","templated":true}]}}