{"id":1260,"date":"2025-07-17T01:47:08","date_gmt":"2025-07-17T01:47:08","guid":{"rendered":"https:\/\/sinocarbonfibre.com\/?post_type=product&#038;p=1260"},"modified":"2025-07-24T01:10:22","modified_gmt":"2025-07-24T01:10:22","slug":"carbon-fiber-automotive-parts","status":"publish","type":"product","link":"https:\/\/sinocarbonfibre.com\/pt\/produto\/carbon-fiber-automotive-parts\/","title":{"rendered":"Pe\u00e7as autom\u00f3veis em fibra de carbono"},"content":{"rendered":"<div data-elementor-type=\"product-post\" data-elementor-id=\"1260\" class=\"elementor elementor-1260\" data-elementor-post-type=\"product\">\n\t\t\t\t<div class=\"elementor-element elementor-element-a67248b e-flex e-con-boxed e-con e-parent\" data-id=\"a67248b\" data-element_type=\"container\">\n\t\t\t\t\t<div class=\"e-con-inner\">\n\t\t\t\t<div class=\"elementor-element elementor-element-13aa88e elementor-widget elementor-widget-text-editor\" data-id=\"13aa88e\" data-element_type=\"widget\" data-widget_type=\"text-editor.default\">\n\t\t\t\t<div class=\"elementor-widget-container\">\n\t\t\t\t\t\t\t\t\t<p>A fibra de carbono \u00e9 um material de fibra de alta resist\u00eancia e alto m\u00f3dulo composto por elementos de carbono, geralmente combinados com resina (como a resina ep\u00f3xi) para formar um material composto de fibra de carbono (CFRP, Pol\u00edmero Refor\u00e7ado com Fibra de Carbono). Este material tem elevada resist\u00eancia, peso leve e boa resist\u00eancia \u00e0 corros\u00e3o.<\/p><h1><strong><b>\u00c1reas de aplica\u00e7\u00e3o da fibra de carbono nos autom\u00f3veis<\/b><\/strong><\/h1><h2>Partes da estrutura do corpo<\/h2><ul><li>Telhado, porta, cap\u00f4, tampa da bagageira, etc.<\/li><li>Reduzir o peso e, ao mesmo tempo, melhorar o desempenho da absor\u00e7\u00e3o de energia em caso de colis\u00e3o<\/li><\/ul><h2>Pe\u00e7as de chassis e suspens\u00e3o<\/h2><ul><li>Barra estabilizadora lateral, bra\u00e7o de controlo, veio de transmiss\u00e3o, etc.<\/li><li>Melhorar o manuseamento e a velocidade de resposta<\/li><\/ul><h2>Interior e estrutura do banco<\/h2><ul><li>Guarni\u00e7\u00e3o da consola central, suporte do banco<\/li><li>Equil\u00edbrio entre leveza e luxo<\/li><\/ul><h2>Kit aerodin\u00e2mico<\/h2><ul><li>Spoiler dianteiro, difusor traseiro, asa traseira, etc.<\/li><li>Otimizar a resist\u00eancia ao vento e a for\u00e7a descendente<\/li><\/ul><h1><strong><b>Vantagens da fibra de carbono nos autom\u00f3veis<\/b><\/strong><\/h1>\t\t\t\t\t\t\t\t<\/div>\n\t\t\t\t<\/div>\n\t\t\t\t<div class=\"elementor-element elementor-element-cbdd1e6 elementor-widget elementor-widget-shortcode\" data-id=\"cbdd1e6\" data-element_type=\"widget\" data-widget_type=\"shortcode.default\">\n\t\t\t\t<div class=\"elementor-widget-container\">\n\t\t\t\t\t\t\t<div class=\"elementor-shortcode\">\n<table id=\"tablepress-20\" class=\"tablepress tablepress-id-20\">\n<tbody>\n<tr class=\"row-1\">\n\t<td class=\"column-1\">Vantagens<\/td><td class=\"column-2\">Descri\u00e7\u00e3o<\/td>\n<\/tr>\n<tr class=\"row-2\">\n\t<td class=\"column-1\">Alta resist\u00eancia e peso leve<\/td><td class=\"column-2\">50% mais leve do que o a\u00e7o, mas mais resistente<\/td>\n<\/tr>\n<tr class=\"row-3\">\n\t<td class=\"column-1\">Forte resist\u00eancia \u00e0 corros\u00e3o<\/td><td class=\"column-2\">Sem ferrugem, longa vida \u00fatil<\/td>\n<\/tr>\n<tr class=\"row-4\">\n\t<td class=\"column-1\">Desempenho melhorado<\/td><td class=\"column-2\">A redu\u00e7\u00e3o de peso contribui para a acelera\u00e7\u00e3o, a manobrabilidade, a travagem e a economia de combust\u00edvel<\/td>\n<\/tr>\n<tr class=\"row-5\">\n\t<td class=\"column-1\">Belo aspeto<\/td><td class=\"column-2\">O aspeto da textura tecida tem um toque tecnol\u00f3gico e de alta qualidade<\/td>\n<\/tr>\n<\/tbody>\n<\/table>\n<!-- #tablepress-20 from cache --><\/div>\n\t\t\t\t\t\t<\/div>\n\t\t\t\t<\/div>\n\t\t\t\t\t<\/div>\n\t\t\t\t<\/div>\n\t\t\t\t<\/div>","protected":false},"excerpt":{"rendered":"<p>A fibra de carbono \u00e9 um material de fibra de alta resist\u00eancia e alto m\u00f3dulo composto por elementos de carbono, geralmente combinados com resina (como a resina ep\u00f3xi) para formar um material composto de fibra de carbono (CFRP, Pol\u00edmero Refor\u00e7ado com Fibra de Carbono). Este material tem elevada resist\u00eancia, peso leve e boa resist\u00eancia \u00e0 corros\u00e3o.<\/p>","protected":false},"featured_media":1261,"comment_status":"open","ping_status":"closed","template":"","meta":{"_acf_changed":false,"site-sidebar-layout":"no-sidebar","site-content-layout":"","ast-site-content-layout":"full-width-container","site-content-style":"default","site-sidebar-style":"default","ast-global-header-display":"","ast-banner-title-visibility":"","ast-main-header-display":"","ast-hfb-above-header-display":"","ast-hfb-below-header-display":"","ast-hfb-mobile-header-display":"","site-post-title":"disabled","ast-breadcrumbs-content":"","ast-featured-img":"disabled","footer-sml-layout":"","theme-transparent-header-meta":"default","adv-header-id-meta":"","stick-header-meta":"","header-above-stick-meta":"","header-main-stick-meta":"","header-below-stick-meta":"","astra-migrate-meta-layouts":"set","ast-page-background-enabled":"default","ast-page-background-meta":{"desktop":{"background-color":"var(--ast-global-color-5)","background-image":"","background-repeat":"repeat","background-position":"center center","background-size":"auto","background-attachment":"scroll","background-type":"","background-media":"","overlay-type":"","overlay-color":"","overlay-opacity":"","overlay-gradient":""},"tablet":{"background-color":"","background-image":"","background-repeat":"repeat","background-position":"center center","background-size":"auto","background-attachment":"scroll","background-type":"","background-media":"","overlay-type":"","overlay-color":"","overlay-opacity":"","overlay-gradient":""},"mobile":{"background-color":"","background-image":"","background-repeat":"repeat","background-position":"center center","background-size":"auto","background-attachment":"scroll","background-type":"","background-media":"","overlay-type":"","overlay-color":"","overlay-opacity":"","overlay-gradient":""}},"ast-content-background-meta":{"desktop":{"background-color":"var(--ast-global-color-4)","background-image":"","background-repeat":"repeat","background-position":"center center","background-size":"auto","background-attachment":"scroll","background-type":"","background-media":"","overlay-type":"","overlay-color":"","overlay-opacity":"","overlay-gradient":""},"tablet":{"background-color":"var(--ast-global-color-4)","background-image":"","background-repeat":"repeat","background-position":"center center","background-size":"auto","background-attachment":"scroll","background-type":"","background-media":"","overlay-type":"","overlay-color":"","overlay-opacity":"","overlay-gradient":""},"mobile":{"background-color":"var(--ast-global-color-4)","background-image":"","background-repeat":"repeat","background-position":"center center","background-size":"auto","background-attachment":"scroll","background-type":"","background-media":"","overlay-type":"","overlay-color":"","overlay-opacity":"","overlay-gradient":""}}},"product_brand":[],"product_cat":[51],"product_tag":[],"class_list":{"0":"post-1260","1":"product","2":"type-product","3":"status-publish","4":"has-post-thumbnail","6":"product_cat-carbon-fiber-products","7":"desktop-align-left","8":"tablet-align-left","9":"mobile-align-left","11":"first","12":"instock","13":"shipping-taxable","14":"product-type-simple"},"acf":[],"yoast_head":"<!-- This site is optimized with the Yoast SEO plugin v25.5 - https:\/\/yoast.com\/wordpress\/plugins\/seo\/ -->\n<title>Carbon Fiber Automotive Parts - China carbon fiber drone products, carbon fiber, aramid fiber products and customized manufacturers<\/title>\n<meta name=\"robots\" content=\"index, follow, max-snippet:-1, max-image-preview:large, max-video-preview:-1\" \/>\n<link rel=\"canonical\" href=\"https:\/\/sinocarbonfibre.com\/pt\/produto\/carbon-fiber-automotive-parts\/\" \/>\n<meta property=\"og:locale\" content=\"pt_PT\" \/>\n<meta property=\"og:type\" content=\"article\" \/>\n<meta property=\"og:title\" content=\"Carbon Fiber Automotive Parts - China carbon fiber drone products, carbon fiber, aramid fiber products and customized manufacturers\" \/>\n<meta property=\"og:description\" content=\"Carbon fiber is a high-strength, high-modulus fiber material composed of carbon elements, usually compounded with resin (such as epoxy resin) to form a carbon fiber composite material (CFRP, Carbon Fiber Reinforced Polymer). This material has high strength, light weight and good corrosion resistance.\" \/>\n<meta property=\"og:url\" content=\"https:\/\/sinocarbonfibre.com\/pt\/produto\/carbon-fiber-automotive-parts\/\" \/>\n<meta property=\"og:site_name\" content=\"China carbon fiber drone products, carbon fiber, aramid fiber products and customized manufacturers\" \/>\n<meta property=\"article:modified_time\" content=\"2025-07-24T01:10:22+00:00\" \/>\n<meta property=\"og:image\" content=\"https:\/\/sinocarbonfibre.com\/wp-content\/uploads\/2025\/07\/Carbon-Fiber-Automotive-Parts1.jpg\" \/>\n\t<meta property=\"og:image:width\" content=\"1000\" \/>\n\t<meta property=\"og:image:height\" content=\"600\" \/>\n\t<meta property=\"og:image:type\" content=\"image\/jpeg\" \/>\n<meta name=\"twitter:card\" content=\"summary_large_image\" \/>\n<script type=\"application\/ld+json\" class=\"yoast-schema-graph\">{\"@context\":\"https:\/\/schema.org\",\"@graph\":[{\"@type\":\"WebPage\",\"@id\":\"https:\/\/sinocarbonfibre.com\/product\/carbon-fiber-automotive-parts\/\",\"url\":\"https:\/\/sinocarbonfibre.com\/product\/carbon-fiber-automotive-parts\/\",\"name\":\"Carbon Fiber Automotive Parts - China carbon fiber drone products, carbon fiber, aramid fiber products and customized manufacturers\",\"isPartOf\":{\"@id\":\"https:\/\/sinocarbonfibre.com\/#website\"},\"primaryImageOfPage\":{\"@id\":\"https:\/\/sinocarbonfibre.com\/product\/carbon-fiber-automotive-parts\/#primaryimage\"},\"image\":{\"@id\":\"https:\/\/sinocarbonfibre.com\/product\/carbon-fiber-automotive-parts\/#primaryimage\"},\"thumbnailUrl\":\"https:\/\/sinocarbonfibre.com\/wp-content\/uploads\/2025\/07\/Carbon-Fiber-Automotive-Parts1.jpg\",\"datePublished\":\"2025-07-17T01:47:08+00:00\",\"dateModified\":\"2025-07-24T01:10:22+00:00\",\"breadcrumb\":{\"@id\":\"https:\/\/sinocarbonfibre.com\/product\/carbon-fiber-automotive-parts\/#breadcrumb\"},\"inLanguage\":\"pt-PT\",\"potentialAction\":[{\"@type\":\"ReadAction\",\"target\":[\"https:\/\/sinocarbonfibre.com\/product\/carbon-fiber-automotive-parts\/\"]}]},{\"@type\":\"ImageObject\",\"inLanguage\":\"pt-PT\",\"@id\":\"https:\/\/sinocarbonfibre.com\/product\/carbon-fiber-automotive-parts\/#primaryimage\",\"url\":\"https:\/\/sinocarbonfibre.com\/wp-content\/uploads\/2025\/07\/Carbon-Fiber-Automotive-Parts1.jpg\",\"contentUrl\":\"https:\/\/sinocarbonfibre.com\/wp-content\/uploads\/2025\/07\/Carbon-Fiber-Automotive-Parts1.jpg\",\"width\":1000,\"height\":600},{\"@type\":\"BreadcrumbList\",\"@id\":\"https:\/\/sinocarbonfibre.com\/product\/carbon-fiber-automotive-parts\/#breadcrumb\",\"itemListElement\":[{\"@type\":\"ListItem\",\"position\":1,\"name\":\"Home\",\"item\":\"https:\/\/sinocarbonfibre.com\/\"},{\"@type\":\"ListItem\",\"position\":2,\"name\":\"Products\",\"item\":\"https:\/\/sinocarbonfibre.com\/shop\/\"},{\"@type\":\"ListItem\",\"position\":3,\"name\":\"Carbon Fiber Automotive Parts\"}]},{\"@type\":\"WebSite\",\"@id\":\"https:\/\/sinocarbonfibre.com\/#website\",\"url\":\"https:\/\/sinocarbonfibre.com\/\",\"name\":\"China carbon fiber drone products, carbon fiber, aramid fiber products and customized manufacturers\",\"description\":\"\",\"publisher\":{\"@id\":\"https:\/\/sinocarbonfibre.com\/#organization\"},\"potentialAction\":[{\"@type\":\"SearchAction\",\"target\":{\"@type\":\"EntryPoint\",\"urlTemplate\":\"https:\/\/sinocarbonfibre.com\/?s={search_term_string}\"},\"query-input\":{\"@type\":\"PropertyValueSpecification\",\"valueRequired\":true,\"valueName\":\"search_term_string\"}}],\"inLanguage\":\"pt-PT\"},{\"@type\":\"Organization\",\"@id\":\"https:\/\/sinocarbonfibre.com\/#organization\",\"name\":\"China carbon fiber drone products, carbon fiber, aramid fiber products and customized manufacturers\",\"url\":\"https:\/\/sinocarbonfibre.com\/\",\"logo\":{\"@type\":\"ImageObject\",\"inLanguage\":\"pt-PT\",\"@id\":\"https:\/\/sinocarbonfibre.com\/#\/schema\/logo\/image\/\",\"url\":\"https:\/\/sinocarbonfibre.com\/wp-content\/uploads\/2025\/03\/logo.png\",\"contentUrl\":\"https:\/\/sinocarbonfibre.com\/wp-content\/uploads\/2025\/03\/logo.png\",\"width\":400,\"height\":80,\"caption\":\"China carbon fiber drone products, carbon fiber, aramid fiber products and customized manufacturers\"},\"image\":{\"@id\":\"https:\/\/sinocarbonfibre.com\/#\/schema\/logo\/image\/\"}}]}<\/script>\n<!-- \/ Yoast SEO plugin. -->","yoast_head_json":{"title":"Carbon Fiber Automotive Parts - China carbon fiber drone products, carbon fiber, aramid fiber products and customized manufacturers","robots":{"index":"index","follow":"follow","max-snippet":"max-snippet:-1","max-image-preview":"max-image-preview:large","max-video-preview":"max-video-preview:-1"},"canonical":"https:\/\/sinocarbonfibre.com\/pt\/produto\/carbon-fiber-automotive-parts\/","og_locale":"pt_PT","og_type":"article","og_title":"Carbon Fiber Automotive Parts - China carbon fiber drone products, carbon fiber, aramid fiber products and customized manufacturers","og_description":"Carbon fiber is a high-strength, high-modulus fiber material composed of carbon elements, usually compounded with resin (such as epoxy resin) to form a carbon fiber composite material (CFRP, Carbon Fiber Reinforced Polymer). This material has high strength, light weight and good corrosion resistance.","og_url":"https:\/\/sinocarbonfibre.com\/pt\/produto\/carbon-fiber-automotive-parts\/","og_site_name":"China carbon fiber drone products, carbon fiber, aramid fiber products and customized manufacturers","article_modified_time":"2025-07-24T01:10:22+00:00","og_image":[{"width":1000,"height":600,"url":"https:\/\/sinocarbonfibre.com\/wp-content\/uploads\/2025\/07\/Carbon-Fiber-Automotive-Parts1.jpg","type":"image\/jpeg"}],"twitter_card":"summary_large_image","schema":{"@context":"https:\/\/schema.org","@graph":[{"@type":"WebPage","@id":"https:\/\/sinocarbonfibre.com\/product\/carbon-fiber-automotive-parts\/","url":"https:\/\/sinocarbonfibre.com\/product\/carbon-fiber-automotive-parts\/","name":"Carbon Fiber Automotive Parts - China carbon fiber drone products, carbon fiber, aramid fiber products and customized manufacturers","isPartOf":{"@id":"https:\/\/sinocarbonfibre.com\/#website"},"primaryImageOfPage":{"@id":"https:\/\/sinocarbonfibre.com\/product\/carbon-fiber-automotive-parts\/#primaryimage"},"image":{"@id":"https:\/\/sinocarbonfibre.com\/product\/carbon-fiber-automotive-parts\/#primaryimage"},"thumbnailUrl":"https:\/\/sinocarbonfibre.com\/wp-content\/uploads\/2025\/07\/Carbon-Fiber-Automotive-Parts1.jpg","datePublished":"2025-07-17T01:47:08+00:00","dateModified":"2025-07-24T01:10:22+00:00","breadcrumb":{"@id":"https:\/\/sinocarbonfibre.com\/product\/carbon-fiber-automotive-parts\/#breadcrumb"},"inLanguage":"pt-PT","potentialAction":[{"@type":"ReadAction","target":["https:\/\/sinocarbonfibre.com\/product\/carbon-fiber-automotive-parts\/"]}]},{"@type":"ImageObject","inLanguage":"pt-PT","@id":"https:\/\/sinocarbonfibre.com\/product\/carbon-fiber-automotive-parts\/#primaryimage","url":"https:\/\/sinocarbonfibre.com\/wp-content\/uploads\/2025\/07\/Carbon-Fiber-Automotive-Parts1.jpg","contentUrl":"https:\/\/sinocarbonfibre.com\/wp-content\/uploads\/2025\/07\/Carbon-Fiber-Automotive-Parts1.jpg","width":1000,"height":600},{"@type":"BreadcrumbList","@id":"https:\/\/sinocarbonfibre.com\/product\/carbon-fiber-automotive-parts\/#breadcrumb","itemListElement":[{"@type":"ListItem","position":1,"name":"Home","item":"https:\/\/sinocarbonfibre.com\/"},{"@type":"ListItem","position":2,"name":"Products","item":"https:\/\/sinocarbonfibre.com\/shop\/"},{"@type":"ListItem","position":3,"name":"Carbon Fiber Automotive Parts"}]},{"@type":"WebSite","@id":"https:\/\/sinocarbonfibre.com\/#website","url":"https:\/\/sinocarbonfibre.com\/","name":"China carbon fiber drone products, carbon fiber, aramid fiber products and customized manufacturers","description":"","publisher":{"@id":"https:\/\/sinocarbonfibre.com\/#organization"},"potentialAction":[{"@type":"SearchAction","target":{"@type":"EntryPoint","urlTemplate":"https:\/\/sinocarbonfibre.com\/?s={search_term_string}"},"query-input":{"@type":"PropertyValueSpecification","valueRequired":true,"valueName":"search_term_string"}}],"inLanguage":"pt-PT"},{"@type":"Organization","@id":"https:\/\/sinocarbonfibre.com\/#organization","name":"China carbon fiber drone products, carbon fiber, aramid fiber products and customized manufacturers","url":"https:\/\/sinocarbonfibre.com\/","logo":{"@type":"ImageObject","inLanguage":"pt-PT","@id":"https:\/\/sinocarbonfibre.com\/#\/schema\/logo\/image\/","url":"https:\/\/sinocarbonfibre.com\/wp-content\/uploads\/2025\/03\/logo.png","contentUrl":"https:\/\/sinocarbonfibre.com\/wp-content\/uploads\/2025\/03\/logo.png","width":400,"height":80,"caption":"China carbon fiber drone products, carbon fiber, aramid fiber products and customized manufacturers"},"image":{"@id":"https:\/\/sinocarbonfibre.com\/#\/schema\/logo\/image\/"}}]}},"_links":{"self":[{"href":"https:\/\/sinocarbonfibre.com\/pt\/wp-json\/wp\/v2\/product\/1260","targetHints":{"allow":["GET"]}}],"collection":[{"href":"https:\/\/sinocarbonfibre.com\/pt\/wp-json\/wp\/v2\/product"}],"about":[{"href":"https:\/\/sinocarbonfibre.com\/pt\/wp-json\/wp\/v2\/types\/product"}],"replies":[{"embeddable":true,"href":"https:\/\/sinocarbonfibre.com\/pt\/wp-json\/wp\/v2\/comments?post=1260"}],"version-history":[{"count":10,"href":"https:\/\/sinocarbonfibre.com\/pt\/wp-json\/wp\/v2\/product\/1260\/revisions"}],"predecessor-version":[{"id":1778,"href":"https:\/\/sinocarbonfibre.com\/pt\/wp-json\/wp\/v2\/product\/1260\/revisions\/1778"}],"wp:featuredmedia":[{"embeddable":true,"href":"https:\/\/sinocarbonfibre.com\/pt\/wp-json\/wp\/v2\/media\/1261"}],"wp:attachment":[{"href":"https:\/\/sinocarbonfibre.com\/pt\/wp-json\/wp\/v2\/media?parent=1260"}],"wp:term":[{"taxonomy":"product_brand","embeddable":true,"href":"https:\/\/sinocarbonfibre.com\/pt\/wp-json\/wp\/v2\/product_brand?post=1260"},{"taxonomy":"product_cat","embeddable":true,"href":"https:\/\/sinocarbonfibre.com\/pt\/wp-json\/wp\/v2\/product_cat?post=1260"},{"taxonomy":"product_tag","embeddable":true,"href":"https:\/\/sinocarbonfibre.com\/pt\/wp-json\/wp\/v2\/product_tag?post=1260"}],"curies":[{"name":"wp","href":"https:\/\/api.w.org\/{rel}","templated":true}]}}