{"id":996,"date":"2025-07-15T09:00:44","date_gmt":"2025-07-15T09:00:44","guid":{"rendered":"https:\/\/sinocarbonfibre.com\/?post_type=product&#038;p=996"},"modified":"2025-07-15T09:07:17","modified_gmt":"2025-07-15T09:07:17","slug":"carbon-basalt-hybrid-fabric","status":"publish","type":"product","link":"https:\/\/sinocarbonfibre.com\/it\/prodotto\/carbon-basalt-hybrid-fabric\/","title":{"rendered":"Tessuto ibrido carbonio-basalto"},"content":{"rendered":"<div data-elementor-type=\"product-post\" data-elementor-id=\"996\" class=\"elementor elementor-996\" data-elementor-post-type=\"product\">\n\t\t\t\t<div class=\"elementor-element elementor-element-ab80dd8 e-flex e-con-boxed e-con e-parent\" data-id=\"ab80dd8\" data-element_type=\"container\">\n\t\t\t\t\t<div class=\"e-con-inner\">\n\t\t\t\t<div class=\"elementor-element elementor-element-a4aadb5 elementor-widget elementor-widget-text-editor\" data-id=\"a4aadb5\" data-element_type=\"widget\" data-widget_type=\"text-editor.default\">\n\t\t\t\t<div class=\"elementor-widget-container\">\n\t\t\t\t\t\t\t\t\t<p>Il tessuto ibrido in fibra di carbonio e fibra di basalto \u00e8 un materiale composito che combina fibra di carbonio e fibra di basalto. Presenta i vantaggi di entrambe le fibre ed \u00e8 in grado di fornire una serie di propriet\u00e0 eccellenti, come l'alta resistenza, la leggerezza, la resistenza alle alte temperature, la resistenza alla corrosione e la resistenza agli urti. Questo tessuto ibrido viene utilizzato in molti campi, soprattutto in quelli che richiedono resistenza alle alte temperature, resistenza agli urti, resistenza alla corrosione e leggerezza.<\/p><p>\u00a0<\/p><p><strong><b>Ingredienti principali<\/b><\/strong><\/p><p><strong><b>Fibra di carbonio: <\/b><\/strong>La fibra di carbonio \u00e8 una fibra composta da elementi di carbonio, che ha una resistenza e una rigidit\u00e0 estremamente elevate ed \u00e8 molto leggera. La fibra di carbonio viene solitamente utilizzata in settori con elevati requisiti di forza, rigidit\u00e0, resistenza alla corrosione e leggerezza. Le sue caratteristiche includono:<\/p><p>\u00a0<\/p><ul><li><b><\/b><strong><b>Elevata resistenza e rigidit\u00e0:<\/b><\/strong>\u00c8 pi\u00f9 forte dell'acciaio, ma molto pi\u00f9 leggero dell'acciaio.<\/li><li><strong><b>Resistenza alla corrosione:<\/b><\/strong>Non \u00e8 facilmente corrodibile dalla maggior parte delle sostanze chimiche.<\/li><li><strong><b>Resistenza alle alte temperature:<\/b><\/strong>Pu\u00f2 rimanere stabile in ambienti ad alta temperatura, particolarmente adatti per applicazioni ad alta temperatura come quelle aerospaziali.<\/li><\/ul><p><strong><b>Fibra di basalto:<\/b><\/strong>\u00a0La fibra di basalto \u00e8 una fibra ricavata dalla roccia vulcanica naturale (basalto) dopo la fusione ad alta temperatura e presenta eccellenti propriet\u00e0 fisiche e chimiche. Le sue caratteristiche includono:<\/p><p>\u00a0<\/p><ul><li><b><\/b><strong><b>Tolleranza alle alte temperature:<\/b><\/strong>La fibra di basalto ha un'elevata resistenza alle alte temperature e pu\u00f2 sopportare temperature elevate di circa 650\u00b0.<\/li><li><strong><b>Resistenza alla corrosione:<\/b><\/strong>Rispetto alla fibra di vetro, la fibra di basalto presenta una maggiore resistenza alla corrosione di sostanze chimiche come acidi e alcali.<\/li><li><strong><b>Buona resistenza agli urti e alla forza:<\/b><\/strong>Ha una buona resistenza agli urti e pu\u00f2 fornire una buona resistenza meccanica.<\/li><li><strong><b>Protezione dell'ambiente:<\/b><\/strong>La fibra di basalto \u00e8 un materiale naturale e il suo processo di produzione ha un basso consumo energetico e soddisfa i requisiti di protezione ambientale.<\/li><\/ul><p><strong><b>Caratteristiche del tessuto misto<\/b><\/strong><\/p><ul><li><b><\/b><strong><b>Ottimizzazione completa delle prestazioni: <\/b><\/strong>La combinazione di fibra di carbonio e fibra di basalto pu\u00f2 sfruttare appieno i vantaggi di entrambe. La fibra di carbonio offre maggiore rigidit\u00e0, forza e resistenza alla temperatura, mentre la fibra di basalto migliora la resistenza agli urti, alla corrosione e l'adattabilit\u00e0 alle alte temperature. Il design del tessuto misto pu\u00f2 soddisfare le esigenze dei diversi settori regolando la proporzione delle diverse fibre.<\/li><li><strong><b>Resistenza alle alte temperature: <\/b><\/strong>Rispetto alla singola fibra di carbonio o di vetro, la fibra di basalto ha prestazioni migliori in ambienti ad alta temperatura e pu\u00f2 mantenere stabili le propriet\u00e0 meccaniche a temperature pi\u00f9 elevate. Pertanto, questo tessuto misto \u00e8 molto adatto per le applicazioni che devono resistere alle alte temperature.<\/li><li><strong><b>Resistenza alla corrosione: <\/b><\/strong>L'eccellente resistenza agli acidi e agli alcali della fibra di basalto fa s\u00ec che il tessuto misto abbia una migliore resistenza alla corrosione in ambienti difficili, soprattutto nell'oceano o nell'industria chimica.<\/li><li><strong><b>Combinazione di elevata resistenza e tenacit\u00e0:<\/b><\/strong>L'alta resistenza e l'elevata rigidit\u00e0 fornite dalla fibra di carbonio, combinate con la buona tenacit\u00e0 della fibra di basalto, possono migliorare la capacit\u00e0 del materiale di resistere ai danni provocati da urti o forze esterne.<\/li><li><strong><b>Protezione dell'ambiente:<\/b><\/strong>Rispetto ad altri materiali compositi, la fibra di basalto \u00e8 pi\u00f9 rispettosa dell'ambiente, soprattutto nel processo di produzione, pu\u00f2 ridurre le emissioni di anidride carbonica e ha un minore impatto sull'ambiente ecologico.<\/li><\/ul><p><strong><b>Aree di applicazione<\/b><\/strong><\/p><ul><li>Industria automobilistica: Il tessuto misto in fibra di carbonio e basalto \u00e8 ampiamente utilizzato nella progettazione leggera di auto da corsa e auto ad alte prestazioni. Pu\u00f2 non solo ridurre il peso della carrozzeria, ma anche migliorarne la forza e la resistenza agli urti e migliorare la sicurezza e le prestazioni di guida del veicolo.<\/li><li>Aerospaziale: Grazie alla sua buona resistenza alle alte temperature, il tessuto misto \u00e8 adatto per parti strutturali, interni, ali e altre parti del settore aerospaziale, soprattutto per le applicazioni che richiedono materiali ad alta resistenza e resistenti alle alte temperature.<\/li><li>Costruzioni navali e ingegneria marina: I tessuti misti sono ampiamente utilizzati anche nelle navi, nelle piattaforme offshore e in altri impianti offshore, grazie alla loro eccellente resistenza alla corrosione e all'adattabilit\u00e0 alle condizioni difficili degli ambienti marini.<\/li><li>Edilizia e ingegneria civile: Questo materiale composito pu\u00f2 essere utilizzato per realizzare materiali da costruzione resistenti al fuoco e alla corrosione, come il rinforzo di ponti, il rivestimento di tunnel, strutture resistenti alle alte temperature, ecc.<\/li><li>Settore militare: I tessuti misti possono essere utilizzati anche per la produzione di equipaggiamenti protettivi militari, come giubbotti antiproiettile, scudi protettivi e cos\u00ec via, grazie alla loro elevata forza e resistenza agli urti.<\/li><li>Generazione di energia eolica: I materiali compositi sono spesso utilizzati nelle pale delle turbine eoliche. I tessuti misti in fibra di carbonio e basalto sono adatti al settore della generazione di energia eolica grazie alla loro forza e resistenza agli agenti atmosferici.<\/li><\/ul><p><strong><b>Processo di produzione<\/b><\/strong><\/p><p>Il processo di produzione dei tessuti misti in fibra di carbonio e basalto comprende solitamente le seguenti fasi:<\/p><p>\u00a0<\/p><ul><li><b><\/b><strong><b>Tessitura o posa in opera:<\/b><\/strong>La fibra di carbonio e la fibra di basalto sono combinate con un certo metodo di tessitura o di impilamento per formare un tessuto misto. In base alle esigenze dell'applicazione finale, la proporzione delle diverse fibre pu\u00f2 essere regolata per formare un tessuto misto con propriet\u00e0 diverse.<\/li><li><strong><b>Impregnazione con resina:<\/b><\/strong>impregnare il tessuto misto con una resina (come la resina epossidica, la resina poliestere, ecc.) per migliorare la resistenza, l'impermeabilit\u00e0 e la resistenza all'usura del materiale.<\/li><li><strong><b>Polimerizzazione e stampaggio: <\/b><\/strong>mettere il tessuto misto impregnato di resina in uno stampo, e polimerizzarlo riscaldandolo e pressurizzandolo per ottenere infine un materiale composito con resistenza e tenacit\u00e0.<\/li><\/ul><p><strong><b>Vantaggi del tessuto ibrido in fibra di carbonio-fibra di basalto<\/b><\/strong><\/p><p>\u00a0<\/p><p><strong><b>Prestazioni complete e solide:<\/b><\/strong>\u00a0la combinazione di fibra di carbonio e fibra di basalto fa s\u00ec che il materiale abbia prestazioni eccellenti in termini di alta resistenza, alta temperatura, resistenza alla corrosione e altri aspetti.<\/p><p>\u00a0<\/p><p><strong><b>Design leggero: <\/b><\/strong>l'aggiunta di fibra di carbonio pu\u00f2 ridurre significativamente il peso del materiale, che \u00e8 adatto alla progettazione leggera.<\/p><p>\u00a0<\/p><p><strong><b>Resistenza alle alte temperature e alla corrosione:<\/b><\/strong>\u00a0La fibra di basalto migliora la tolleranza alle alte temperature e l'adattabilit\u00e0 agli ambienti corrosivi.<\/p><p>\u00a0<\/p><p><strong><b>Specifiche del prodotto<\/b><\/strong><\/p>\t\t\t\t\t\t\t\t<\/div>\n\t\t\t\t<\/div>\n\t\t\t\t<div class=\"elementor-element elementor-element-9868e65 elementor-widget elementor-widget-shortcode\" data-id=\"9868e65\" data-element_type=\"widget\" data-widget_type=\"shortcode.default\">\n\t\t\t\t<div class=\"elementor-widget-container\">\n\t\t\t\t\t\t\t<div class=\"elementor-shortcode\">\n<table id=\"tablepress-5\" class=\"tablepress tablepress-id-5 tbody-has-connected-cells\">\n<tbody>\n<tr class=\"row-1\">\n\t<td rowspan=\"2\" class=\"column-1\">Codice prodotto<\/td><td colspan=\"2\" class=\"column-2\">Specifiche della fibra<\/td><td colspan=\"2\" class=\"column-4\">Colore della fibra<\/td><td colspan=\"2\" class=\"column-6\">Numero di fibre (10 mm)<\/td><td rowspan=\"2\" class=\"column-8\">Trama<\/td><td rowspan=\"2\" class=\"column-9\">Peso (g\/m2)<\/td><td rowspan=\"2\" class=\"column-10\">Spessore (mm)<\/td><td rowspan=\"2\" class=\"column-11\">Larghezza (mm)<\/td>\n<\/tr>\n<tr class=\"row-2\">\n\t<td class=\"column-2\">Ordito<\/td><td class=\"column-3\">Trama<\/td><td class=\"column-4\">Ordito<\/td><td class=\"column-5\">Trama<\/td><td class=\"column-6\">Ordito<\/td><td class=\"column-7\">Trama<\/td>\n<\/tr>\n<tr class=\"row-3\">\n\t<td class=\"column-1\">CBP03300265<\/td><td class=\"column-2\">3K<\/td><td class=\"column-3\">300Tex<\/td><td class=\"column-4\">Nero<\/td><td class=\"column-5\">Verde scuro<\/td><td class=\"column-6\">5<\/td><td class=\"column-7\">5<\/td><td class=\"column-8\">Pianura<\/td><td class=\"column-9\">265<\/td><td class=\"column-10\">0.25<\/td><td class=\"column-11\">100-1500<\/td>\n<\/tr>\n<tr class=\"row-4\">\n\t<td class=\"column-1\">CBT03300265<\/td><td class=\"column-2\">3K<\/td><td class=\"column-3\">300Tex<\/td><td class=\"column-4\">Nero<\/td><td class=\"column-5\">Verde scuro<\/td><td class=\"column-6\">5<\/td><td class=\"column-7\">5<\/td><td class=\"column-8\">Twill<\/td><td class=\"column-9\">265<\/td><td class=\"column-10\">0.25<\/td><td class=\"column-11\">100-1500<\/td>\n<\/tr>\n<tr class=\"row-5\">\n\t<td class=\"column-1\">CBP06800480<\/td><td class=\"column-2\">6K<\/td><td class=\"column-3\">800Tex<\/td><td class=\"column-4\">Nero<\/td><td class=\"column-5\">Verde scuro<\/td><td class=\"column-6\">4<\/td><td class=\"column-7\">4<\/td><td class=\"column-8\">Pianura<\/td><td class=\"column-9\">480<\/td><td class=\"column-10\">0.45<\/td><td class=\"column-11\">100-1500<\/td>\n<\/tr>\n<tr class=\"row-6\">\n\t<td class=\"column-1\">CBT06800480<\/td><td class=\"column-2\">6K<\/td><td class=\"column-3\">800Tex<\/td><td class=\"column-4\">Nero<\/td><td class=\"column-5\">Verde scuro<\/td><td class=\"column-6\">4<\/td><td class=\"column-7\">4<\/td><td class=\"column-8\">Twill<\/td><td class=\"column-9\">480<\/td><td class=\"column-10\">0.45<\/td><td class=\"column-11\">100-1500<\/td>\n<\/tr>\n<\/tbody>\n<\/table>\n<!-- #tablepress-5 from cache --><\/div>\n\t\t\t\t\t\t<\/div>\n\t\t\t\t<\/div>\n\t\t\t\t\t<\/div>\n\t\t\t\t<\/div>\n\t\t\t\t<\/div>","protected":false},"excerpt":{"rendered":"<p>Il tessuto ibrido in fibra di carbonio e fibra di basalto \u00e8 un materiale composito che combina fibra di carbonio e fibra di basalto. Presenta i vantaggi di entrambe le fibre ed \u00e8 in grado di fornire una serie di propriet\u00e0 eccellenti, come l'alta resistenza, la leggerezza, la resistenza alle alte temperature, la resistenza alla corrosione e la resistenza agli urti. Questo tessuto ibrido viene utilizzato in molti campi, soprattutto in quelli che richiedono resistenza alle alte temperature, resistenza agli urti, resistenza alla corrosione e leggerezza.<\/p>","protected":false},"featured_media":968,"comment_status":"open","ping_status":"closed","template":"","meta":{"_acf_changed":false,"site-sidebar-layout":"no-sidebar","site-content-layout":"","ast-site-content-layout":"full-width-container","site-content-style":"default","site-sidebar-style":"default","ast-global-header-display":"","ast-banner-title-visibility":"","ast-main-header-display":"","ast-hfb-above-header-display":"","ast-hfb-below-header-display":"","ast-hfb-mobile-header-display":"","site-post-title":"disabled","ast-breadcrumbs-content":"","ast-featured-img":"disabled","footer-sml-layout":"","theme-transparent-header-meta":"default","adv-header-id-meta":"","stick-header-meta":"","header-above-stick-meta":"","header-main-stick-meta":"","header-below-stick-meta":"","astra-migrate-meta-layouts":"set","ast-page-background-enabled":"default","ast-page-background-meta":{"desktop":{"background-color":"var(--ast-global-color-5)","background-image":"","background-repeat":"repeat","background-position":"center center","background-size":"auto","background-attachment":"scroll","background-type":"","background-media":"","overlay-type":"","overlay-color":"","overlay-opacity":"","overlay-gradient":""},"tablet":{"background-color":"","background-image":"","background-repeat":"repeat","background-position":"center center","background-size":"auto","background-attachment":"scroll","background-type":"","background-media":"","overlay-type":"","overlay-color":"","overlay-opacity":"","overlay-gradient":""},"mobile":{"background-color":"","background-image":"","background-repeat":"repeat","background-position":"center center","background-size":"auto","background-attachment":"scroll","background-type":"","background-media":"","overlay-type":"","overlay-color":"","overlay-opacity":"","overlay-gradient":""}},"ast-content-background-meta":{"desktop":{"background-color":"var(--ast-global-color-4)","background-image":"","background-repeat":"repeat","background-position":"center center","background-size":"auto","background-attachment":"scroll","background-type":"","background-media":"","overlay-type":"","overlay-color":"","overlay-opacity":"","overlay-gradient":""},"tablet":{"background-color":"var(--ast-global-color-4)","background-image":"","background-repeat":"repeat","background-position":"center center","background-size":"auto","background-attachment":"scroll","background-type":"","background-media":"","overlay-type":"","overlay-color":"","overlay-opacity":"","overlay-gradient":""},"mobile":{"background-color":"var(--ast-global-color-4)","background-image":"","background-repeat":"repeat","background-position":"center center","background-size":"auto","background-attachment":"scroll","background-type":"","background-media":"","overlay-type":"","overlay-color":"","overlay-opacity":"","overlay-gradient":""}}},"product_brand":[],"product_cat":[34],"product_tag":[],"class_list":{"0":"post-996","1":"product","2":"type-product","3":"status-publish","4":"has-post-thumbnail","6":"product_cat-woven-products","7":"desktop-align-left","8":"tablet-align-left","9":"mobile-align-left","11":"first","12":"instock","13":"shipping-taxable","14":"product-type-simple"},"acf":[],"yoast_head":"<!-- This site is optimized with the Yoast SEO plugin v25.5 - https:\/\/yoast.com\/wordpress\/plugins\/seo\/ -->\n<title>Carbon-Basalt Hybrid Fabric - China carbon fiber drone products, carbon fiber, aramid fiber products and customized manufacturers<\/title>\n<meta name=\"robots\" content=\"index, follow, max-snippet:-1, max-image-preview:large, max-video-preview:-1\" \/>\n<link rel=\"canonical\" href=\"https:\/\/sinocarbonfibre.com\/it\/prodotto\/carbon-basalt-hybrid-fabric\/\" \/>\n<meta property=\"og:locale\" content=\"it_IT\" \/>\n<meta property=\"og:type\" content=\"article\" \/>\n<meta property=\"og:title\" content=\"Carbon-Basalt Hybrid Fabric - China carbon fiber drone products, carbon fiber, aramid fiber products and customized manufacturers\" \/>\n<meta property=\"og:description\" content=\"Carbon Fiber-Basalt Fiber Hybrid Fabric is a composite material that combines carbon fiber and basalt fiber. It has the advantages of both fibers and can provide a series of excellent properties such as high strength, light weight, high temperature resistance, corrosion resistance, and impact resistance. This hybrid fabric is used in many fields, especially in places that require high temperature resistance, impact resistance, corrosion resistance, and light weight.\" \/>\n<meta property=\"og:url\" content=\"https:\/\/sinocarbonfibre.com\/it\/prodotto\/carbon-basalt-hybrid-fabric\/\" \/>\n<meta property=\"og:site_name\" content=\"China carbon fiber drone products, carbon fiber, aramid fiber products and customized manufacturers\" \/>\n<meta property=\"article:modified_time\" content=\"2025-07-15T09:07:17+00:00\" \/>\n<meta property=\"og:image\" content=\"https:\/\/sinocarbonfibre.com\/wp-content\/uploads\/2025\/07\/Basalt-Fiber-Fabric2.jpg\" \/>\n\t<meta property=\"og:image:width\" content=\"1000\" \/>\n\t<meta property=\"og:image:height\" content=\"600\" \/>\n\t<meta property=\"og:image:type\" content=\"image\/jpeg\" \/>\n<meta name=\"twitter:card\" content=\"summary_large_image\" \/>\n<meta name=\"twitter:label1\" content=\"Tempo di lettura stimato\" \/>\n\t<meta name=\"twitter:data1\" content=\"4 minuti\" \/>\n<script type=\"application\/ld+json\" class=\"yoast-schema-graph\">{\"@context\":\"https:\/\/schema.org\",\"@graph\":[{\"@type\":\"WebPage\",\"@id\":\"https:\/\/sinocarbonfibre.com\/product\/carbon-basalt-hybrid-fabric\/\",\"url\":\"https:\/\/sinocarbonfibre.com\/product\/carbon-basalt-hybrid-fabric\/\",\"name\":\"Carbon-Basalt Hybrid Fabric - China carbon fiber drone products, carbon fiber, aramid fiber products and customized manufacturers\",\"isPartOf\":{\"@id\":\"https:\/\/sinocarbonfibre.com\/#website\"},\"primaryImageOfPage\":{\"@id\":\"https:\/\/sinocarbonfibre.com\/product\/carbon-basalt-hybrid-fabric\/#primaryimage\"},\"image\":{\"@id\":\"https:\/\/sinocarbonfibre.com\/product\/carbon-basalt-hybrid-fabric\/#primaryimage\"},\"thumbnailUrl\":\"https:\/\/sinocarbonfibre.com\/wp-content\/uploads\/2025\/07\/Basalt-Fiber-Fabric2.jpg\",\"datePublished\":\"2025-07-15T09:00:44+00:00\",\"dateModified\":\"2025-07-15T09:07:17+00:00\",\"breadcrumb\":{\"@id\":\"https:\/\/sinocarbonfibre.com\/product\/carbon-basalt-hybrid-fabric\/#breadcrumb\"},\"inLanguage\":\"it-IT\",\"potentialAction\":[{\"@type\":\"ReadAction\",\"target\":[\"https:\/\/sinocarbonfibre.com\/product\/carbon-basalt-hybrid-fabric\/\"]}]},{\"@type\":\"ImageObject\",\"inLanguage\":\"it-IT\",\"@id\":\"https:\/\/sinocarbonfibre.com\/product\/carbon-basalt-hybrid-fabric\/#primaryimage\",\"url\":\"https:\/\/sinocarbonfibre.com\/wp-content\/uploads\/2025\/07\/Basalt-Fiber-Fabric2.jpg\",\"contentUrl\":\"https:\/\/sinocarbonfibre.com\/wp-content\/uploads\/2025\/07\/Basalt-Fiber-Fabric2.jpg\",\"width\":1000,\"height\":600},{\"@type\":\"BreadcrumbList\",\"@id\":\"https:\/\/sinocarbonfibre.com\/product\/carbon-basalt-hybrid-fabric\/#breadcrumb\",\"itemListElement\":[{\"@type\":\"ListItem\",\"position\":1,\"name\":\"Home\",\"item\":\"https:\/\/sinocarbonfibre.com\/\"},{\"@type\":\"ListItem\",\"position\":2,\"name\":\"Products\",\"item\":\"https:\/\/sinocarbonfibre.com\/shop\/\"},{\"@type\":\"ListItem\",\"position\":3,\"name\":\"Carbon-Basalt Hybrid Fabric\"}]},{\"@type\":\"WebSite\",\"@id\":\"https:\/\/sinocarbonfibre.com\/#website\",\"url\":\"https:\/\/sinocarbonfibre.com\/\",\"name\":\"China carbon fiber drone products, carbon fiber, aramid fiber products and customized manufacturers\",\"description\":\"\",\"publisher\":{\"@id\":\"https:\/\/sinocarbonfibre.com\/#organization\"},\"potentialAction\":[{\"@type\":\"SearchAction\",\"target\":{\"@type\":\"EntryPoint\",\"urlTemplate\":\"https:\/\/sinocarbonfibre.com\/?s={search_term_string}\"},\"query-input\":{\"@type\":\"PropertyValueSpecification\",\"valueRequired\":true,\"valueName\":\"search_term_string\"}}],\"inLanguage\":\"it-IT\"},{\"@type\":\"Organization\",\"@id\":\"https:\/\/sinocarbonfibre.com\/#organization\",\"name\":\"China carbon fiber drone products, carbon fiber, aramid fiber products and customized manufacturers\",\"url\":\"https:\/\/sinocarbonfibre.com\/\",\"logo\":{\"@type\":\"ImageObject\",\"inLanguage\":\"it-IT\",\"@id\":\"https:\/\/sinocarbonfibre.com\/#\/schema\/logo\/image\/\",\"url\":\"https:\/\/sinocarbonfibre.com\/wp-content\/uploads\/2025\/03\/logo.png\",\"contentUrl\":\"https:\/\/sinocarbonfibre.com\/wp-content\/uploads\/2025\/03\/logo.png\",\"width\":400,\"height\":80,\"caption\":\"China carbon fiber drone products, carbon fiber, aramid fiber products and customized manufacturers\"},\"image\":{\"@id\":\"https:\/\/sinocarbonfibre.com\/#\/schema\/logo\/image\/\"}}]}<\/script>\n<!-- \/ Yoast SEO plugin. -->","yoast_head_json":{"title":"Carbon-Basalt Hybrid Fabric - China carbon fiber drone products, carbon fiber, aramid fiber products and customized manufacturers","robots":{"index":"index","follow":"follow","max-snippet":"max-snippet:-1","max-image-preview":"max-image-preview:large","max-video-preview":"max-video-preview:-1"},"canonical":"https:\/\/sinocarbonfibre.com\/it\/prodotto\/carbon-basalt-hybrid-fabric\/","og_locale":"it_IT","og_type":"article","og_title":"Carbon-Basalt Hybrid Fabric - China carbon fiber drone products, carbon fiber, aramid fiber products and customized manufacturers","og_description":"Carbon Fiber-Basalt Fiber Hybrid Fabric is a composite material that combines carbon fiber and basalt fiber. It has the advantages of both fibers and can provide a series of excellent properties such as high strength, light weight, high temperature resistance, corrosion resistance, and impact resistance. This hybrid fabric is used in many fields, especially in places that require high temperature resistance, impact resistance, corrosion resistance, and light weight.","og_url":"https:\/\/sinocarbonfibre.com\/it\/prodotto\/carbon-basalt-hybrid-fabric\/","og_site_name":"China carbon fiber drone products, carbon fiber, aramid fiber products and customized manufacturers","article_modified_time":"2025-07-15T09:07:17+00:00","og_image":[{"width":1000,"height":600,"url":"https:\/\/sinocarbonfibre.com\/wp-content\/uploads\/2025\/07\/Basalt-Fiber-Fabric2.jpg","type":"image\/jpeg"}],"twitter_card":"summary_large_image","twitter_misc":{"Tempo di lettura stimato":"4 minuti"},"schema":{"@context":"https:\/\/schema.org","@graph":[{"@type":"WebPage","@id":"https:\/\/sinocarbonfibre.com\/product\/carbon-basalt-hybrid-fabric\/","url":"https:\/\/sinocarbonfibre.com\/product\/carbon-basalt-hybrid-fabric\/","name":"Carbon-Basalt Hybrid Fabric - China carbon fiber drone products, carbon fiber, aramid fiber products and customized manufacturers","isPartOf":{"@id":"https:\/\/sinocarbonfibre.com\/#website"},"primaryImageOfPage":{"@id":"https:\/\/sinocarbonfibre.com\/product\/carbon-basalt-hybrid-fabric\/#primaryimage"},"image":{"@id":"https:\/\/sinocarbonfibre.com\/product\/carbon-basalt-hybrid-fabric\/#primaryimage"},"thumbnailUrl":"https:\/\/sinocarbonfibre.com\/wp-content\/uploads\/2025\/07\/Basalt-Fiber-Fabric2.jpg","datePublished":"2025-07-15T09:00:44+00:00","dateModified":"2025-07-15T09:07:17+00:00","breadcrumb":{"@id":"https:\/\/sinocarbonfibre.com\/product\/carbon-basalt-hybrid-fabric\/#breadcrumb"},"inLanguage":"it-IT","potentialAction":[{"@type":"ReadAction","target":["https:\/\/sinocarbonfibre.com\/product\/carbon-basalt-hybrid-fabric\/"]}]},{"@type":"ImageObject","inLanguage":"it-IT","@id":"https:\/\/sinocarbonfibre.com\/product\/carbon-basalt-hybrid-fabric\/#primaryimage","url":"https:\/\/sinocarbonfibre.com\/wp-content\/uploads\/2025\/07\/Basalt-Fiber-Fabric2.jpg","contentUrl":"https:\/\/sinocarbonfibre.com\/wp-content\/uploads\/2025\/07\/Basalt-Fiber-Fabric2.jpg","width":1000,"height":600},{"@type":"BreadcrumbList","@id":"https:\/\/sinocarbonfibre.com\/product\/carbon-basalt-hybrid-fabric\/#breadcrumb","itemListElement":[{"@type":"ListItem","position":1,"name":"Home","item":"https:\/\/sinocarbonfibre.com\/"},{"@type":"ListItem","position":2,"name":"Products","item":"https:\/\/sinocarbonfibre.com\/shop\/"},{"@type":"ListItem","position":3,"name":"Carbon-Basalt Hybrid Fabric"}]},{"@type":"WebSite","@id":"https:\/\/sinocarbonfibre.com\/#website","url":"https:\/\/sinocarbonfibre.com\/","name":"China carbon fiber drone products, carbon fiber, aramid fiber products and customized manufacturers","description":"","publisher":{"@id":"https:\/\/sinocarbonfibre.com\/#organization"},"potentialAction":[{"@type":"SearchAction","target":{"@type":"EntryPoint","urlTemplate":"https:\/\/sinocarbonfibre.com\/?s={search_term_string}"},"query-input":{"@type":"PropertyValueSpecification","valueRequired":true,"valueName":"search_term_string"}}],"inLanguage":"it-IT"},{"@type":"Organization","@id":"https:\/\/sinocarbonfibre.com\/#organization","name":"China carbon fiber drone products, carbon fiber, aramid fiber products and customized manufacturers","url":"https:\/\/sinocarbonfibre.com\/","logo":{"@type":"ImageObject","inLanguage":"it-IT","@id":"https:\/\/sinocarbonfibre.com\/#\/schema\/logo\/image\/","url":"https:\/\/sinocarbonfibre.com\/wp-content\/uploads\/2025\/03\/logo.png","contentUrl":"https:\/\/sinocarbonfibre.com\/wp-content\/uploads\/2025\/03\/logo.png","width":400,"height":80,"caption":"China carbon fiber drone products, carbon fiber, aramid fiber products and customized manufacturers"},"image":{"@id":"https:\/\/sinocarbonfibre.com\/#\/schema\/logo\/image\/"}}]}},"_links":{"self":[{"href":"https:\/\/sinocarbonfibre.com\/it\/wp-json\/wp\/v2\/product\/996","targetHints":{"allow":["GET"]}}],"collection":[{"href":"https:\/\/sinocarbonfibre.com\/it\/wp-json\/wp\/v2\/product"}],"about":[{"href":"https:\/\/sinocarbonfibre.com\/it\/wp-json\/wp\/v2\/types\/product"}],"replies":[{"embeddable":true,"href":"https:\/\/sinocarbonfibre.com\/it\/wp-json\/wp\/v2\/comments?post=996"}],"version-history":[{"count":7,"href":"https:\/\/sinocarbonfibre.com\/it\/wp-json\/wp\/v2\/product\/996\/revisions"}],"predecessor-version":[{"id":1005,"href":"https:\/\/sinocarbonfibre.com\/it\/wp-json\/wp\/v2\/product\/996\/revisions\/1005"}],"wp:featuredmedia":[{"embeddable":true,"href":"https:\/\/sinocarbonfibre.com\/it\/wp-json\/wp\/v2\/media\/968"}],"wp:attachment":[{"href":"https:\/\/sinocarbonfibre.com\/it\/wp-json\/wp\/v2\/media?parent=996"}],"wp:term":[{"taxonomy":"product_brand","embeddable":true,"href":"https:\/\/sinocarbonfibre.com\/it\/wp-json\/wp\/v2\/product_brand?post=996"},{"taxonomy":"product_cat","embeddable":true,"href":"https:\/\/sinocarbonfibre.com\/it\/wp-json\/wp\/v2\/product_cat?post=996"},{"taxonomy":"product_tag","embeddable":true,"href":"https:\/\/sinocarbonfibre.com\/it\/wp-json\/wp\/v2\/product_tag?post=996"}],"curies":[{"name":"wp","href":"https:\/\/api.w.org\/{rel}","templated":true}]}}