{"id":1211,"date":"2025-07-16T09:10:37","date_gmt":"2025-07-16T09:10:37","guid":{"rendered":"https:\/\/sinocarbonfibre.com\/?post_type=product&#038;p=1211"},"modified":"2025-07-24T01:49:42","modified_gmt":"2025-07-24T01:49:42","slug":"carbon-fiber-drone","status":"publish","type":"product","link":"https:\/\/sinocarbonfibre.com\/it\/prodotto\/carbon-fiber-drone\/","title":{"rendered":"Drone in fibra di carbonio"},"content":{"rendered":"<div data-elementor-type=\"product-post\" data-elementor-id=\"1211\" class=\"elementor elementor-1211\" data-elementor-post-type=\"product\">\n\t\t\t\t<div class=\"elementor-element elementor-element-2cea86b e-flex e-con-boxed e-con e-parent\" data-id=\"2cea86b\" data-element_type=\"container\">\n\t\t\t\t\t<div class=\"e-con-inner\">\n\t\t\t\t<div class=\"elementor-element elementor-element-ef1b3b9 elementor-widget elementor-widget-text-editor\" data-id=\"ef1b3b9\" data-element_type=\"widget\" data-widget_type=\"text-editor.default\">\n\t\t\t\t<div class=\"elementor-widget-container\">\n\t\t\t\t\t\t\t\t\t<h1><img fetchpriority=\"high\" decoding=\"async\" class=\"aligncenter wp-image-1800 size-full\" src=\"https:\/\/sinocarbonfibre.com\/wp-content\/uploads\/2025\/07\/Carbon-Fiber-Drone2-1.jpg\" alt=\"\" width=\"1000\" height=\"750\" srcset=\"https:\/\/sinocarbonfibre.com\/wp-content\/uploads\/2025\/07\/Carbon-Fiber-Drone2-1.jpg 1000w, https:\/\/sinocarbonfibre.com\/wp-content\/uploads\/2025\/07\/Carbon-Fiber-Drone2-1-300x225.jpg 300w, https:\/\/sinocarbonfibre.com\/wp-content\/uploads\/2025\/07\/Carbon-Fiber-Drone2-1-768x576.jpg 768w, https:\/\/sinocarbonfibre.com\/wp-content\/uploads\/2025\/07\/Carbon-Fiber-Drone2-1-600x450.jpg 600w\" sizes=\"(max-width: 1000px) 100vw, 1000px\" \/><\/h1><h1><strong><b>Perch\u00e9 la fibra di carbonio \u00e8 adatta ai droni?<\/b><\/strong><\/h1>\t\t\t\t\t\t\t\t<\/div>\n\t\t\t\t<\/div>\n\t\t\t\t<div class=\"elementor-element elementor-element-b89120f elementor-widget elementor-widget-shortcode\" data-id=\"b89120f\" data-element_type=\"widget\" data-widget_type=\"shortcode.default\">\n\t\t\t\t<div class=\"elementor-widget-container\">\n\t\t\t\t\t\t\t<div class=\"elementor-shortcode\">\n<table id=\"tablepress-17\" class=\"tablepress tablepress-id-17\">\n<tbody>\n<tr class=\"row-1\">\n\t<td class=\"column-1\">Caratteristiche<\/td><td class=\"column-2\">Descrizione<\/td>\n<\/tr>\n<tr class=\"row-2\">\n\t<td class=\"column-1\">Leggero e ad alta resistenza<\/td><td class=\"column-2\">A parit\u00e0 di qualit\u00e0, la resistenza della fibra di carbonio \u00e8 molto pi\u00f9 elevata di quella dell'alluminio e della plastica, e pu\u00f2 ridurre efficacemente il peso dell'aeromobile.<\/td>\n<\/tr>\n<tr class=\"row-3\">\n\t<td class=\"column-1\">Buona rigidit\u00e0<\/td><td class=\"column-2\">Non si deforma facilmente, il che contribuisce a migliorare la stabilit\u00e0 del volo, soprattutto in caso di voli ventosi o sotto carico.<\/td>\n<\/tr>\n<tr class=\"row-4\">\n\t<td class=\"column-1\">Resistenza alla corrosione e alla fatica<\/td><td class=\"column-2\">\u00c8 adatto a vari ambienti esterni complessi e a voli o missioni di lunga durata.<\/td>\n<\/tr>\n<tr class=\"row-5\">\n\t<td class=\"column-1\">Bello e facile da modellare<\/td><td class=\"column-2\">La struttura in fibra di carbonio ha un senso di tecnologia ed \u00e8 facile da personalizzare.<\/td>\n<\/tr>\n<\/tbody>\n<\/table>\n<!-- #tablepress-17 from cache --><\/div>\n\t\t\t\t\t\t<\/div>\n\t\t\t\t<\/div>\n\t\t\t\t<div class=\"elementor-element elementor-element-2beaf2f elementor-widget elementor-widget-text-editor\" data-id=\"2beaf2f\" data-element_type=\"widget\" data-widget_type=\"text-editor.default\">\n\t\t\t\t<div class=\"elementor-widget-container\">\n\t\t\t\t\t\t\t\t\t<h1><img decoding=\"async\" class=\"aligncenter wp-image-1802 size-full\" src=\"https:\/\/sinocarbonfibre.com\/wp-content\/uploads\/2025\/07\/Carbon-Fiber-Drone3-1.jpg\" alt=\"\" width=\"1000\" height=\"750\" srcset=\"https:\/\/sinocarbonfibre.com\/wp-content\/uploads\/2025\/07\/Carbon-Fiber-Drone3-1.jpg 1000w, https:\/\/sinocarbonfibre.com\/wp-content\/uploads\/2025\/07\/Carbon-Fiber-Drone3-1-300x225.jpg 300w, https:\/\/sinocarbonfibre.com\/wp-content\/uploads\/2025\/07\/Carbon-Fiber-Drone3-1-768x576.jpg 768w, https:\/\/sinocarbonfibre.com\/wp-content\/uploads\/2025\/07\/Carbon-Fiber-Drone3-1-600x450.jpg 600w\" sizes=\"(max-width: 1000px) 100vw, 1000px\" \/><\/h1><h1><strong><b>Aree di applicazione tipiche della fibra di carbonio nei droni<\/b><\/strong><\/h1>\t\t\t\t\t\t\t\t<\/div>\n\t\t\t\t<\/div>\n\t\t\t\t<div class=\"elementor-element elementor-element-beeccdd elementor-widget elementor-widget-shortcode\" data-id=\"beeccdd\" data-element_type=\"widget\" data-widget_type=\"shortcode.default\">\n\t\t\t\t<div class=\"elementor-widget-container\">\n\t\t\t\t\t\t\t<div class=\"elementor-shortcode\">\n<table id=\"tablepress-18\" class=\"tablepress tablepress-id-18\">\n<tbody>\n<tr class=\"row-1\">\n\t<td class=\"column-1\">Parti di ricambio<\/td><td class=\"column-2\">Descrizione funzionale<\/td>\n<\/tr>\n<tr class=\"row-2\">\n\t<td class=\"column-1\">Bracci\/staffe<\/td><td class=\"column-2\">Resiste alle vibrazioni di motori ed eliche, richiede leggerezza ed elevata resistenza.<\/td>\n<\/tr>\n<tr class=\"row-3\">\n\t<td class=\"column-1\">Telaio della fusoliera\/centrale<\/td><td class=\"column-2\">Supporta l'intera struttura della macchina, spesso utilizzando il taglio e lo stampaggio di lastre di carbonio a controllo numerico.<\/td>\n<\/tr>\n<tr class=\"row-4\">\n\t<td class=\"column-1\">Eliche<\/td><td class=\"column-2\">Il design ultraleggero pu\u00f2 migliorare l'efficienza energetica ed essere pi\u00f9 reattivo<\/td>\n<\/tr>\n<tr class=\"row-5\">\n\t<td class=\"column-1\">Carrello di atterraggio<\/td><td class=\"column-2\">Fornisce un'ammortizzazione dell'atterraggio e un supporto strutturale<\/td>\n<\/tr>\n<tr class=\"row-6\">\n\t<td class=\"column-1\">Copertura esterna o decorativa<\/td><td class=\"column-2\">Design leggero che tiene conto dell'estetica e della protezione dalla dissipazione del calore<\/td>\n<\/tr>\n<\/tbody>\n<\/table>\n<!-- #tablepress-18 from cache --><\/div>\n\t\t\t\t\t\t<\/div>\n\t\t\t\t<\/div>\n\t\t\t\t<div class=\"elementor-element elementor-element-b888f27 elementor-widget elementor-widget-text-editor\" data-id=\"b888f27\" data-element_type=\"widget\" data-widget_type=\"text-editor.default\">\n\t\t\t\t<div class=\"elementor-widget-container\">\n\t\t\t\t\t\t\t\t\t<h1><img decoding=\"async\" class=\"aligncenter wp-image-1803 size-full\" src=\"https:\/\/sinocarbonfibre.com\/wp-content\/uploads\/2025\/07\/Carbon-Fiber-Drone4-1.jpg\" alt=\"\" width=\"1000\" height=\"750\" srcset=\"https:\/\/sinocarbonfibre.com\/wp-content\/uploads\/2025\/07\/Carbon-Fiber-Drone4-1.jpg 1000w, https:\/\/sinocarbonfibre.com\/wp-content\/uploads\/2025\/07\/Carbon-Fiber-Drone4-1-300x225.jpg 300w, https:\/\/sinocarbonfibre.com\/wp-content\/uploads\/2025\/07\/Carbon-Fiber-Drone4-1-768x576.jpg 768w, https:\/\/sinocarbonfibre.com\/wp-content\/uploads\/2025\/07\/Carbon-Fiber-Drone4-1-600x450.jpg 600w\" sizes=\"(max-width: 1000px) 100vw, 1000px\" \/><\/h1><h1><strong><b>Tipi di materiali in fibra di carbonio (per i droni)<\/b><\/strong><\/h1><h2>Piastra in fibra di carbonio<\/h2><ul><li>Gli spessori pi\u00f9 comuni sono 1 mm, 1,5 mm e 3 mm.<\/li><\/ul><ul><li>Utilizzato per il taglio CNC per realizzare scaffalature, piastre di fondo e altre parti strutturali<\/li><\/ul><h2>Tubo in fibra di carbonio<\/h2><ul><li>Tubi rotondi o quadrati, ampiamente utilizzati nei bracci degli aerei.<\/li><\/ul><ul><li>Design cavo, leggero e resistente alla pressione<\/li><\/ul><h2>Tessuto di carbonio preimpregnato<\/h2><ul><li>Utilizzato per il modellamento di gusci di droni personalizzati avanzati o di strutture di forma speciale<\/li><\/ul><ul><li>Richiede stampi e processi di polimerizzazione con pressatura a caldo<\/li><\/ul><h1><strong><b>Confronto dei vantaggi (con altri materiali)<\/b><\/strong><\/h1>\t\t\t\t\t\t\t\t<\/div>\n\t\t\t\t<\/div>\n\t\t\t\t<div class=\"elementor-element elementor-element-47c54e3 elementor-widget elementor-widget-shortcode\" data-id=\"47c54e3\" data-element_type=\"widget\" data-widget_type=\"shortcode.default\">\n\t\t\t\t<div class=\"elementor-widget-container\">\n\t\t\t\t\t\t\t<div class=\"elementor-shortcode\">\n<table id=\"tablepress-19\" class=\"tablepress tablepress-id-19\">\n<tbody>\n<tr class=\"row-1\">\n\t<td class=\"column-1\">Materiale<\/td><td class=\"column-2\">Peso<\/td><td class=\"column-3\">Rafforzare<\/td><td class=\"column-4\">Costo<\/td><td class=\"column-5\">Applicazione<\/td>\n<\/tr>\n<tr class=\"row-2\">\n\t<td class=\"column-1\">Fibra di carbonio<\/td><td class=\"column-2\">\u2605\u2605\u2605\u2605<\/td><td class=\"column-3\">\u2605\u2605\u2605\u2605<\/td><td class=\"column-4\">\u2605\u2605\u2605\u2605<\/td><td class=\"column-5\">La scelta mainstream di droni ad alte prestazioni<\/td>\n<\/tr>\n<tr class=\"row-3\">\n\t<td class=\"column-1\">Lega di alluminio<\/td><td class=\"column-2\">\u2605\u2605\u2605<\/td><td class=\"column-3\">\u2605\u2605\u2605<\/td><td class=\"column-4\">\u2605\u2605<\/td><td class=\"column-5\">Droni industriali di medie e grandi dimensioni<\/td>\n<\/tr>\n<tr class=\"row-4\">\n\t<td class=\"column-1\">Plastica\/ABS<\/td><td class=\"column-2\">\u2605\u2605<\/td><td class=\"column-3\">\u2605<\/td><td class=\"column-4\">\u2605<\/td><td class=\"column-5\">Droni giocattolo e entry-level<\/td>\n<\/tr>\n<\/tbody>\n<\/table>\n<!-- #tablepress-19 from cache --><\/div>\n\t\t\t\t\t\t<\/div>\n\t\t\t\t<\/div>\n\t\t\t\t<div class=\"elementor-element elementor-element-352f327 elementor-widget elementor-widget-text-editor\" data-id=\"352f327\" data-element_type=\"widget\" data-widget_type=\"text-editor.default\">\n\t\t\t\t<div class=\"elementor-widget-container\">\n\t\t\t\t\t\t\t\t\t<h1><strong><b><img loading=\"lazy\" decoding=\"async\" class=\"aligncenter wp-image-1804 size-full\" src=\"https:\/\/sinocarbonfibre.com\/wp-content\/uploads\/2025\/07\/Carbon-Fiber-Drone5-1.jpg\" alt=\"\" width=\"1000\" height=\"750\" srcset=\"https:\/\/sinocarbonfibre.com\/wp-content\/uploads\/2025\/07\/Carbon-Fiber-Drone5-1.jpg 1000w, https:\/\/sinocarbonfibre.com\/wp-content\/uploads\/2025\/07\/Carbon-Fiber-Drone5-1-300x225.jpg 300w, https:\/\/sinocarbonfibre.com\/wp-content\/uploads\/2025\/07\/Carbon-Fiber-Drone5-1-768x576.jpg 768w, https:\/\/sinocarbonfibre.com\/wp-content\/uploads\/2025\/07\/Carbon-Fiber-Drone5-1-600x450.jpg 600w\" sizes=\"(max-width: 1000px) 100vw, 1000px\" \/><\/b><\/strong><\/h1><h1><strong><b>Esempi di applicazione<\/b><\/strong><\/h1><ul><li>Droni da corsa FPV: perseguono la leggerezza e l'alta velocit\u00e0, di solito l'intera macchina \u00e8 realizzata in fibra di carbonio.<\/li><li>Droni per la protezione delle piante: i grandi bracci sono realizzati con tubi in fibra di carbonio, che hanno resistenza alla corrosione e capacit\u00e0 di carico.<\/li><li>Droni per mappatura\/fotografia: design neutro per garantire resistenza al vento e stabilit\u00e0<\/li><li>Droni militari\/industriali: utilizzo di gusci di stampaggio compositi in fibra di carbonio di alta gamma per soddisfare le esigenze professionali<\/li><\/ul><h1><strong><b>Se siete operatori, sviluppatori o produttori di droni, posso fornirvi quanto segue:<\/b><\/strong><\/h1><ul><li>Suggerimenti per la progettazione del telaio in fibra di carbonio (disegni\/standard CAD)<\/li><li>Raccomandazioni per l'acquisto (produttori, specifiche)<\/li><li>Metodi di lavorazione (CNC, stampaggio, taglio laser)<\/li><\/ul>\t\t\t\t\t\t\t\t<\/div>\n\t\t\t\t<\/div>\n\t\t\t\t\t<\/div>\n\t\t\t\t<\/div>\n\t\t\t\t<\/div>","protected":false},"excerpt":{"rendered":"<p>La \"fibra di carbonio per droni\" si riferisce ai materiali compositi in fibra di carbonio ampiamente utilizzati nelle strutture o nei componenti dei droni. Si tratta di uno dei materiali strutturali pi\u00f9 usati e ideali nel campo dei droni, utilizzato principalmente per migliorare le prestazioni di volo, ridurre il peso, aumentare la resistenza e prolungare il tempo di volo.<\/p>","protected":false},"featured_media":1212,"comment_status":"open","ping_status":"closed","template":"","meta":{"_acf_changed":false,"site-sidebar-layout":"no-sidebar","site-content-layout":"","ast-site-content-layout":"full-width-container","site-content-style":"default","site-sidebar-style":"default","ast-global-header-display":"","ast-banner-title-visibility":"","ast-main-header-display":"","ast-hfb-above-header-display":"","ast-hfb-below-header-display":"","ast-hfb-mobile-header-display":"","site-post-title":"disabled","ast-breadcrumbs-content":"","ast-featured-img":"disabled","footer-sml-layout":"","theme-transparent-header-meta":"default","adv-header-id-meta":"","stick-header-meta":"","header-above-stick-meta":"","header-main-stick-meta":"","header-below-stick-meta":"","astra-migrate-meta-layouts":"set","ast-page-background-enabled":"default","ast-page-background-meta":{"desktop":{"background-color":"var(--ast-global-color-5)","background-image":"","background-repeat":"repeat","background-position":"center center","background-size":"auto","background-attachment":"scroll","background-type":"","background-media":"","overlay-type":"","overlay-color":"","overlay-opacity":"","overlay-gradient":""},"tablet":{"background-color":"","background-image":"","background-repeat":"repeat","background-position":"center center","background-size":"auto","background-attachment":"scroll","background-type":"","background-media":"","overlay-type":"","overlay-color":"","overlay-opacity":"","overlay-gradient":""},"mobile":{"background-color":"","background-image":"","background-repeat":"repeat","background-position":"center center","background-size":"auto","background-attachment":"scroll","background-type":"","background-media":"","overlay-type":"","overlay-color":"","overlay-opacity":"","overlay-gradient":""}},"ast-content-background-meta":{"desktop":{"background-color":"var(--ast-global-color-4)","background-image":"","background-repeat":"repeat","background-position":"center center","background-size":"auto","background-attachment":"scroll","background-type":"","background-media":"","overlay-type":"","overlay-color":"","overlay-opacity":"","overlay-gradient":""},"tablet":{"background-color":"var(--ast-global-color-4)","background-image":"","background-repeat":"repeat","background-position":"center center","background-size":"auto","background-attachment":"scroll","background-type":"","background-media":"","overlay-type":"","overlay-color":"","overlay-opacity":"","overlay-gradient":""},"mobile":{"background-color":"var(--ast-global-color-4)","background-image":"","background-repeat":"repeat","background-position":"center center","background-size":"auto","background-attachment":"scroll","background-type":"","background-media":"","overlay-type":"","overlay-color":"","overlay-opacity":"","overlay-gradient":""}}},"product_brand":[],"product_cat":[51],"product_tag":[],"class_list":{"0":"post-1211","1":"product","2":"type-product","3":"status-publish","4":"has-post-thumbnail","6":"product_cat-carbon-fiber-products","7":"desktop-align-left","8":"tablet-align-left","9":"mobile-align-left","11":"first","12":"instock","13":"shipping-taxable","14":"product-type-simple"},"acf":[],"yoast_head":"<!-- This site is optimized with the Yoast SEO plugin v25.5 - https:\/\/yoast.com\/wordpress\/plugins\/seo\/ -->\n<title>Carbon Fiber Drone - China carbon fiber drone products, carbon fiber, aramid fiber products and customized manufacturers<\/title>\n<meta name=\"robots\" content=\"index, follow, max-snippet:-1, max-image-preview:large, max-video-preview:-1\" \/>\n<link rel=\"canonical\" href=\"https:\/\/sinocarbonfibre.com\/it\/prodotto\/carbon-fiber-drone\/\" \/>\n<meta property=\"og:locale\" content=\"it_IT\" \/>\n<meta property=\"og:type\" content=\"article\" \/>\n<meta property=\"og:title\" content=\"Carbon Fiber Drone - China carbon fiber drone products, carbon fiber, aramid fiber products and customized manufacturers\" \/>\n<meta property=\"og:description\" content=\"Carbon fiber for drones&quot; refers to carbon fiber composite materials widely used in drone structures or components. It is one of the most commonly used and ideal structural materials in the field of drones, mainly used to improve flight performance, reduce weight, increase strength and extend flight time.\" \/>\n<meta property=\"og:url\" content=\"https:\/\/sinocarbonfibre.com\/it\/prodotto\/carbon-fiber-drone\/\" \/>\n<meta property=\"og:site_name\" content=\"China carbon fiber drone products, carbon fiber, aramid fiber products and customized manufacturers\" \/>\n<meta property=\"article:modified_time\" content=\"2025-07-24T01:49:42+00:00\" \/>\n<meta property=\"og:image\" content=\"https:\/\/sinocarbonfibre.com\/wp-content\/uploads\/2025\/07\/Carbon-Fiber-Drone1.jpg\" \/>\n\t<meta property=\"og:image:width\" content=\"1000\" \/>\n\t<meta property=\"og:image:height\" content=\"600\" \/>\n\t<meta property=\"og:image:type\" content=\"image\/jpeg\" \/>\n<meta name=\"twitter:card\" content=\"summary_large_image\" \/>\n<script type=\"application\/ld+json\" class=\"yoast-schema-graph\">{\"@context\":\"https:\/\/schema.org\",\"@graph\":[{\"@type\":\"WebPage\",\"@id\":\"https:\/\/sinocarbonfibre.com\/product\/carbon-fiber-drone\/\",\"url\":\"https:\/\/sinocarbonfibre.com\/product\/carbon-fiber-drone\/\",\"name\":\"Carbon Fiber Drone - China carbon fiber drone products, carbon fiber, aramid fiber products and customized manufacturers\",\"isPartOf\":{\"@id\":\"https:\/\/sinocarbonfibre.com\/#website\"},\"primaryImageOfPage\":{\"@id\":\"https:\/\/sinocarbonfibre.com\/product\/carbon-fiber-drone\/#primaryimage\"},\"image\":{\"@id\":\"https:\/\/sinocarbonfibre.com\/product\/carbon-fiber-drone\/#primaryimage\"},\"thumbnailUrl\":\"https:\/\/sinocarbonfibre.com\/wp-content\/uploads\/2025\/07\/Carbon-Fiber-Drone1.jpg\",\"datePublished\":\"2025-07-16T09:10:37+00:00\",\"dateModified\":\"2025-07-24T01:49:42+00:00\",\"breadcrumb\":{\"@id\":\"https:\/\/sinocarbonfibre.com\/product\/carbon-fiber-drone\/#breadcrumb\"},\"inLanguage\":\"it-IT\",\"potentialAction\":[{\"@type\":\"ReadAction\",\"target\":[\"https:\/\/sinocarbonfibre.com\/product\/carbon-fiber-drone\/\"]}]},{\"@type\":\"ImageObject\",\"inLanguage\":\"it-IT\",\"@id\":\"https:\/\/sinocarbonfibre.com\/product\/carbon-fiber-drone\/#primaryimage\",\"url\":\"https:\/\/sinocarbonfibre.com\/wp-content\/uploads\/2025\/07\/Carbon-Fiber-Drone1.jpg\",\"contentUrl\":\"https:\/\/sinocarbonfibre.com\/wp-content\/uploads\/2025\/07\/Carbon-Fiber-Drone1.jpg\",\"width\":1000,\"height\":600},{\"@type\":\"BreadcrumbList\",\"@id\":\"https:\/\/sinocarbonfibre.com\/product\/carbon-fiber-drone\/#breadcrumb\",\"itemListElement\":[{\"@type\":\"ListItem\",\"position\":1,\"name\":\"Home\",\"item\":\"https:\/\/sinocarbonfibre.com\/\"},{\"@type\":\"ListItem\",\"position\":2,\"name\":\"Products\",\"item\":\"https:\/\/sinocarbonfibre.com\/shop\/\"},{\"@type\":\"ListItem\",\"position\":3,\"name\":\"Carbon Fiber Drone\"}]},{\"@type\":\"WebSite\",\"@id\":\"https:\/\/sinocarbonfibre.com\/#website\",\"url\":\"https:\/\/sinocarbonfibre.com\/\",\"name\":\"China carbon fiber drone products, carbon fiber, aramid fiber products and customized manufacturers\",\"description\":\"\",\"publisher\":{\"@id\":\"https:\/\/sinocarbonfibre.com\/#organization\"},\"potentialAction\":[{\"@type\":\"SearchAction\",\"target\":{\"@type\":\"EntryPoint\",\"urlTemplate\":\"https:\/\/sinocarbonfibre.com\/?s={search_term_string}\"},\"query-input\":{\"@type\":\"PropertyValueSpecification\",\"valueRequired\":true,\"valueName\":\"search_term_string\"}}],\"inLanguage\":\"it-IT\"},{\"@type\":\"Organization\",\"@id\":\"https:\/\/sinocarbonfibre.com\/#organization\",\"name\":\"China carbon fiber drone products, carbon fiber, aramid fiber products and customized manufacturers\",\"url\":\"https:\/\/sinocarbonfibre.com\/\",\"logo\":{\"@type\":\"ImageObject\",\"inLanguage\":\"it-IT\",\"@id\":\"https:\/\/sinocarbonfibre.com\/#\/schema\/logo\/image\/\",\"url\":\"https:\/\/sinocarbonfibre.com\/wp-content\/uploads\/2025\/03\/logo.png\",\"contentUrl\":\"https:\/\/sinocarbonfibre.com\/wp-content\/uploads\/2025\/03\/logo.png\",\"width\":400,\"height\":80,\"caption\":\"China carbon fiber drone products, carbon fiber, aramid fiber products and customized manufacturers\"},\"image\":{\"@id\":\"https:\/\/sinocarbonfibre.com\/#\/schema\/logo\/image\/\"}}]}<\/script>\n<!-- \/ Yoast SEO plugin. -->","yoast_head_json":{"title":"Carbon Fiber Drone - China carbon fiber drone products, carbon fiber, aramid fiber products and customized manufacturers","robots":{"index":"index","follow":"follow","max-snippet":"max-snippet:-1","max-image-preview":"max-image-preview:large","max-video-preview":"max-video-preview:-1"},"canonical":"https:\/\/sinocarbonfibre.com\/it\/prodotto\/carbon-fiber-drone\/","og_locale":"it_IT","og_type":"article","og_title":"Carbon Fiber Drone - China carbon fiber drone products, carbon fiber, aramid fiber products and customized manufacturers","og_description":"Carbon fiber for drones\" refers to carbon fiber composite materials widely used in drone structures or components. It is one of the most commonly used and ideal structural materials in the field of drones, mainly used to improve flight performance, reduce weight, increase strength and extend flight time.","og_url":"https:\/\/sinocarbonfibre.com\/it\/prodotto\/carbon-fiber-drone\/","og_site_name":"China carbon fiber drone products, carbon fiber, aramid fiber products and customized manufacturers","article_modified_time":"2025-07-24T01:49:42+00:00","og_image":[{"width":1000,"height":600,"url":"https:\/\/sinocarbonfibre.com\/wp-content\/uploads\/2025\/07\/Carbon-Fiber-Drone1.jpg","type":"image\/jpeg"}],"twitter_card":"summary_large_image","schema":{"@context":"https:\/\/schema.org","@graph":[{"@type":"WebPage","@id":"https:\/\/sinocarbonfibre.com\/product\/carbon-fiber-drone\/","url":"https:\/\/sinocarbonfibre.com\/product\/carbon-fiber-drone\/","name":"Carbon Fiber Drone - China carbon fiber drone products, carbon fiber, aramid fiber products and customized manufacturers","isPartOf":{"@id":"https:\/\/sinocarbonfibre.com\/#website"},"primaryImageOfPage":{"@id":"https:\/\/sinocarbonfibre.com\/product\/carbon-fiber-drone\/#primaryimage"},"image":{"@id":"https:\/\/sinocarbonfibre.com\/product\/carbon-fiber-drone\/#primaryimage"},"thumbnailUrl":"https:\/\/sinocarbonfibre.com\/wp-content\/uploads\/2025\/07\/Carbon-Fiber-Drone1.jpg","datePublished":"2025-07-16T09:10:37+00:00","dateModified":"2025-07-24T01:49:42+00:00","breadcrumb":{"@id":"https:\/\/sinocarbonfibre.com\/product\/carbon-fiber-drone\/#breadcrumb"},"inLanguage":"it-IT","potentialAction":[{"@type":"ReadAction","target":["https:\/\/sinocarbonfibre.com\/product\/carbon-fiber-drone\/"]}]},{"@type":"ImageObject","inLanguage":"it-IT","@id":"https:\/\/sinocarbonfibre.com\/product\/carbon-fiber-drone\/#primaryimage","url":"https:\/\/sinocarbonfibre.com\/wp-content\/uploads\/2025\/07\/Carbon-Fiber-Drone1.jpg","contentUrl":"https:\/\/sinocarbonfibre.com\/wp-content\/uploads\/2025\/07\/Carbon-Fiber-Drone1.jpg","width":1000,"height":600},{"@type":"BreadcrumbList","@id":"https:\/\/sinocarbonfibre.com\/product\/carbon-fiber-drone\/#breadcrumb","itemListElement":[{"@type":"ListItem","position":1,"name":"Home","item":"https:\/\/sinocarbonfibre.com\/"},{"@type":"ListItem","position":2,"name":"Products","item":"https:\/\/sinocarbonfibre.com\/shop\/"},{"@type":"ListItem","position":3,"name":"Carbon Fiber Drone"}]},{"@type":"WebSite","@id":"https:\/\/sinocarbonfibre.com\/#website","url":"https:\/\/sinocarbonfibre.com\/","name":"China carbon fiber drone products, carbon fiber, aramid fiber products and customized manufacturers","description":"","publisher":{"@id":"https:\/\/sinocarbonfibre.com\/#organization"},"potentialAction":[{"@type":"SearchAction","target":{"@type":"EntryPoint","urlTemplate":"https:\/\/sinocarbonfibre.com\/?s={search_term_string}"},"query-input":{"@type":"PropertyValueSpecification","valueRequired":true,"valueName":"search_term_string"}}],"inLanguage":"it-IT"},{"@type":"Organization","@id":"https:\/\/sinocarbonfibre.com\/#organization","name":"China carbon fiber drone products, carbon fiber, aramid fiber products and customized manufacturers","url":"https:\/\/sinocarbonfibre.com\/","logo":{"@type":"ImageObject","inLanguage":"it-IT","@id":"https:\/\/sinocarbonfibre.com\/#\/schema\/logo\/image\/","url":"https:\/\/sinocarbonfibre.com\/wp-content\/uploads\/2025\/03\/logo.png","contentUrl":"https:\/\/sinocarbonfibre.com\/wp-content\/uploads\/2025\/03\/logo.png","width":400,"height":80,"caption":"China carbon fiber drone products, carbon fiber, aramid fiber products and customized manufacturers"},"image":{"@id":"https:\/\/sinocarbonfibre.com\/#\/schema\/logo\/image\/"}}]}},"_links":{"self":[{"href":"https:\/\/sinocarbonfibre.com\/it\/wp-json\/wp\/v2\/product\/1211","targetHints":{"allow":["GET"]}}],"collection":[{"href":"https:\/\/sinocarbonfibre.com\/it\/wp-json\/wp\/v2\/product"}],"about":[{"href":"https:\/\/sinocarbonfibre.com\/it\/wp-json\/wp\/v2\/types\/product"}],"replies":[{"embeddable":true,"href":"https:\/\/sinocarbonfibre.com\/it\/wp-json\/wp\/v2\/comments?post=1211"}],"version-history":[{"count":19,"href":"https:\/\/sinocarbonfibre.com\/it\/wp-json\/wp\/v2\/product\/1211\/revisions"}],"predecessor-version":[{"id":1807,"href":"https:\/\/sinocarbonfibre.com\/it\/wp-json\/wp\/v2\/product\/1211\/revisions\/1807"}],"wp:featuredmedia":[{"embeddable":true,"href":"https:\/\/sinocarbonfibre.com\/it\/wp-json\/wp\/v2\/media\/1212"}],"wp:attachment":[{"href":"https:\/\/sinocarbonfibre.com\/it\/wp-json\/wp\/v2\/media?parent=1211"}],"wp:term":[{"taxonomy":"product_brand","embeddable":true,"href":"https:\/\/sinocarbonfibre.com\/it\/wp-json\/wp\/v2\/product_brand?post=1211"},{"taxonomy":"product_cat","embeddable":true,"href":"https:\/\/sinocarbonfibre.com\/it\/wp-json\/wp\/v2\/product_cat?post=1211"},{"taxonomy":"product_tag","embeddable":true,"href":"https:\/\/sinocarbonfibre.com\/it\/wp-json\/wp\/v2\/product_tag?post=1211"}],"curies":[{"name":"wp","href":"https:\/\/api.w.org\/{rel}","templated":true}]}}