{"id":1034,"date":"2025-07-16T01:19:08","date_gmt":"2025-07-16T01:19:08","guid":{"rendered":"https:\/\/sinocarbonfibre.com\/?post_type=product&#038;p=1034"},"modified":"2025-07-16T01:41:15","modified_gmt":"2025-07-16T01:41:15","slug":"pbo-filament","status":"publish","type":"product","link":"https:\/\/sinocarbonfibre.com\/it\/prodotto\/pbo-filament\/","title":{"rendered":"Filamento PBO"},"content":{"rendered":"<div data-elementor-type=\"product-post\" data-elementor-id=\"1034\" class=\"elementor elementor-1034\" data-elementor-post-type=\"product\">\n\t\t\t\t<div class=\"elementor-element elementor-element-0e261b5 e-flex e-con-boxed e-con e-parent\" data-id=\"0e261b5\" data-element_type=\"container\">\n\t\t\t\t\t<div class=\"e-con-inner\">\n\t\t\t\t<div class=\"elementor-element elementor-element-226c89a elementor-widget elementor-widget-text-editor\" data-id=\"226c89a\" data-element_type=\"widget\" data-widget_type=\"text-editor.default\">\n\t\t\t\t<div class=\"elementor-widget-container\">\n\t\t\t\t\t\t\t\t\t<p>Il filamento di PBO \u00e8 una fibra eterociclica aromatica composta da unit\u00e0 funzionali rigide e con un grado di orientamento molto elevato lungo l'asse della fibra. Questa struttura le conferisce un modulo ultra-elevato, una forza ultra-elevata e propriet\u00e0 applicative eccellenti come la resistenza alla temperatura, il ritardo di fiamma, la stabilit\u00e0 chimica, la resistenza agli urti, la trasmissione delle onde e l'isolamento. Si tratta di una superfibra di nuova generazione utilizzata nel settore aerospaziale, nella difesa nazionale, nei trasporti ferroviari, nelle comunicazioni elettroniche e in altri campi dopo la fibra aramidica.<\/p><p><img fetchpriority=\"high\" decoding=\"async\" class=\"aligncenter wp-image-1035 size-full\" src=\"https:\/\/sinocarbonfibre.com\/wp-content\/uploads\/2025\/07\/PBO1.jpg\" alt=\"\" width=\"849\" height=\"509\" srcset=\"https:\/\/sinocarbonfibre.com\/wp-content\/uploads\/2025\/07\/PBO1.jpg 849w, https:\/\/sinocarbonfibre.com\/wp-content\/uploads\/2025\/07\/PBO1-300x180.jpg 300w, https:\/\/sinocarbonfibre.com\/wp-content\/uploads\/2025\/07\/PBO1-768x460.jpg 768w, https:\/\/sinocarbonfibre.com\/wp-content\/uploads\/2025\/07\/PBO1-600x360.jpg 600w\" sizes=\"(max-width: 849px) 100vw, 849px\" \/><\/p>\t\t\t\t\t\t\t\t<\/div>\n\t\t\t\t<\/div>\n\t\t\t\t<div class=\"elementor-element elementor-element-6969b91 elementor-widget elementor-widget-shortcode\" data-id=\"6969b91\" data-element_type=\"widget\" data-widget_type=\"shortcode.default\">\n\t\t\t\t<div class=\"elementor-widget-container\">\n\t\t\t\t\t\t\t<div class=\"elementor-shortcode\">\n<table id=\"tablepress-8\" class=\"tablepress tablepress-id-8 tbody-has-connected-cells\">\n<tbody>\n<tr class=\"row-1\">\n\t<td rowspan=\"2\" class=\"column-1\">Fibra di filamento PBO<\/td><td rowspan=\"2\" class=\"column-2\">Unit\u00e0<\/td><td colspan=\"3\" class=\"column-3\">Articolo<\/td>\n<\/tr>\n<tr class=\"row-2\">\n\t<td class=\"column-3\">XCHS-11<\/td><td class=\"column-4\">XCHS -12<\/td><td class=\"column-5\">XCHM<\/td>\n<\/tr>\n<tr class=\"row-3\">\n\t<td class=\"column-1\">Aspetto<\/td><td class=\"column-2\">\/<\/td><td class=\"column-3\">Giallo chiaro<\/td><td class=\"column-4\">Giallo chiaro<\/td><td class=\"column-5\">Giallo scuro<\/td>\n<\/tr>\n<tr class=\"row-4\">\n\t<td class=\"column-1\">Densit\u00e0<\/td><td class=\"column-2\">g\/cm3<\/td><td class=\"column-3\">1.54<\/td><td class=\"column-4\">1.54<\/td><td class=\"column-5\">1.56<\/td>\n<\/tr>\n<tr class=\"row-5\">\n\t<td class=\"column-1\">Densit\u00e0 della linea<\/td><td class=\"column-2\">dtex<\/td><td class=\"column-3\">278  555<br \/>\n1110 1670<\/td><td class=\"column-4\">278 555<br \/>\n1110 1670<\/td><td class=\"column-5\">273 545<br \/>\n1090 1640<\/td>\n<\/tr>\n<tr class=\"row-6\">\n\t<td class=\"column-1\">Recupero dell'umidit\u00e0<\/td><td class=\"column-2\">%<\/td><td class=\"column-3\">4<\/td><td class=\"column-4\">4<\/td><td class=\"column-5\">2<\/td>\n<\/tr>\n<tr class=\"row-7\">\n\t<td class=\"column-1\">Contenuto di olio<\/td><td class=\"column-2\">%<\/td><td class=\"column-3\">0\uff5e2<\/td><td class=\"column-4\">0\uff5e2<\/td><td class=\"column-5\">0\uff5e2<\/td>\n<\/tr>\n<tr class=\"row-8\">\n\t<td rowspan=\"2\" class=\"column-1\">Resistenza alla trazione<\/td><td class=\"column-2\">cN\/dtex<\/td><td class=\"column-3\">\u226536<\/td><td class=\"column-4\">\u226530<\/td><td class=\"column-5\">\u226536<\/td>\n<\/tr>\n<tr class=\"row-9\">\n\t<td class=\"column-2\">GPa<\/td><td class=\"column-3\">\u22655.6<\/td><td class=\"column-4\">\u22654.7<\/td><td class=\"column-5\">\u22655.6<\/td>\n<\/tr>\n<tr class=\"row-10\">\n\t<td rowspan=\"2\" class=\"column-1\">Modulo di trazione<\/td><td class=\"column-2\">cN\/dtex<\/td><td class=\"column-3\">\u22651150<\/td><td class=\"column-4\">\u2265850<\/td><td class=\"column-5\">\u22651720<\/td>\n<\/tr>\n<tr class=\"row-11\">\n\t<td class=\"column-2\">GPa<\/td><td class=\"column-3\">\u2265180<\/td><td class=\"column-4\">\u2265130<\/td><td class=\"column-5\">\u2265270<\/td>\n<\/tr>\n<tr class=\"row-12\">\n\t<td class=\"column-1\">Allungamento a rottura<\/td><td class=\"column-2\">%<\/td><td class=\"column-3\">3.5<\/td><td class=\"column-4\">3.5<\/td><td class=\"column-5\">2.5<\/td>\n<\/tr>\n<tr class=\"row-13\">\n\t<td class=\"column-1\">Temperatura di decomposizione<\/td><td class=\"column-2\">\u00b0C<\/td><td class=\"column-3\">650<\/td><td class=\"column-4\">650<\/td><td class=\"column-5\">650<\/td>\n<\/tr>\n<tr class=\"row-14\">\n\t<td class=\"column-1\">LOI <br \/>\n(Indice di ossigeno limite)<\/td><td class=\"column-2\">%<\/td><td class=\"column-3\">68<\/td><td class=\"column-4\">68<\/td><td class=\"column-5\">68<\/td>\n<\/tr>\n<\/tbody>\n<\/table>\n<!-- #tablepress-8 from cache --><\/div>\n\t\t\t\t\t\t<\/div>\n\t\t\t\t<\/div>\n\t\t\t\t<div class=\"elementor-element elementor-element-59b1edd elementor-widget elementor-widget-text-editor\" data-id=\"59b1edd\" data-element_type=\"widget\" data-widget_type=\"text-editor.default\">\n\t\t\t\t<div class=\"elementor-widget-container\">\n\t\t\t\t\t\t\t\t\t<p><strong><b>PBO fibra corta<\/b><\/strong><\/p><p>Il prodotto \u00e8 costituito da filamenti di PBO, che vengono arricciati, modellati e tagliati da speciali attrezzature. Ha un'elevata forza, resistenza alle alte temperature, ritardabilit\u00e0 alla fiamma, buona filabilit\u00e0 e resistenza al taglio. Ha ampie prospettive di mercato nei settori dei tessuti speciali, delle tute antincendio, dei nastri filtranti per alte temperature, dei nastri resistenti al calore, dei materiali resistenti al calore e agli urti per la lavorazione dell'alluminio e del vetro.<\/p><p><img decoding=\"async\" class=\"aligncenter wp-image-1037 size-full\" src=\"https:\/\/sinocarbonfibre.com\/wp-content\/uploads\/2025\/07\/PBO2.jpg\" alt=\"\" width=\"834\" height=\"500\" srcset=\"https:\/\/sinocarbonfibre.com\/wp-content\/uploads\/2025\/07\/PBO2.jpg 834w, https:\/\/sinocarbonfibre.com\/wp-content\/uploads\/2025\/07\/PBO2-300x180.jpg 300w, https:\/\/sinocarbonfibre.com\/wp-content\/uploads\/2025\/07\/PBO2-768x460.jpg 768w, https:\/\/sinocarbonfibre.com\/wp-content\/uploads\/2025\/07\/PBO2-600x360.jpg 600w\" sizes=\"(max-width: 834px) 100vw, 834px\" \/><\/p>\t\t\t\t\t\t\t\t<\/div>\n\t\t\t\t<\/div>\n\t\t\t\t<div class=\"elementor-element elementor-element-41b8634 elementor-widget elementor-widget-shortcode\" data-id=\"41b8634\" data-element_type=\"widget\" data-widget_type=\"shortcode.default\">\n\t\t\t\t<div class=\"elementor-widget-container\">\n\t\t\t\t\t\t\t<div class=\"elementor-shortcode\">\n<table id=\"tablepress-9\" class=\"tablepress tablepress-id-9 tbody-has-connected-cells\">\n<tbody>\n<tr class=\"row-1\">\n\t<td class=\"column-1\">PBO fibra corta<\/td><td class=\"column-2\">Unit\u00e0<\/td><td class=\"column-3\">Indice<\/td>\n<\/tr>\n<tr class=\"row-2\">\n\t<td class=\"column-1\">Composizione chimica della fibra<\/td><td class=\"column-2\">\/<\/td><td class=\"column-3\">PBO<\/td>\n<\/tr>\n<tr class=\"row-3\">\n\t<td class=\"column-1\">Densit\u00e0 lineare del monofilamento di fibra<\/td><td class=\"column-2\">dtex<\/td><td class=\"column-3\">1.7<\/td>\n<\/tr>\n<tr class=\"row-4\">\n\t<td class=\"column-1\">Lunghezza della fibra<\/td><td class=\"column-2\">mm<\/td><td class=\"column-3\">38\u300151\u300176<\/td>\n<\/tr>\n<tr class=\"row-5\">\n\t<td class=\"column-1\">Contenuto di umidit\u00e0<\/td><td class=\"column-2\">%<\/td><td class=\"column-3\">4<\/td>\n<\/tr>\n<tr class=\"row-6\">\n\t<td class=\"column-1\">Contenuto di olio<\/td><td class=\"column-2\">%<\/td><td class=\"column-3\">0\uff5e2<\/td>\n<\/tr>\n<tr class=\"row-7\">\n\t<td colspan=\"3\" class=\"column-1\">Nota: i prodotti possono essere personalizzati in base alle esigenze del cliente.<\/td>\n<\/tr>\n<\/tbody>\n<\/table>\n<!-- #tablepress-9 from cache --><\/div>\n\t\t\t\t\t\t<\/div>\n\t\t\t\t<\/div>\n\t\t\t\t\t<\/div>\n\t\t\t\t<\/div>\n\t\t<div class=\"elementor-element elementor-element-671c6c8 e-flex e-con-boxed e-con e-parent\" data-id=\"671c6c8\" data-element_type=\"container\">\n\t\t\t\t\t<div class=\"e-con-inner\">\n\t\t\t\t<div class=\"elementor-element elementor-element-e1c23fb elementor-widget elementor-widget-text-editor\" data-id=\"e1c23fb\" data-element_type=\"widget\" data-widget_type=\"text-editor.default\">\n\t\t\t\t<div class=\"elementor-widget-container\">\n\t\t\t\t\t\t\t\t\t<p><strong><b>PBO Ultra Short Cut<\/b><\/strong><\/p><p>Utilizzando il filamento di PBO come materia prima, grazie all'introduzione di attrezzature di prima classe per il taglio corto provenienti dall'estero e all'utilizzo della tecnologia di taglio corto originale dell'azienda, \u00e8 possibile lavorare fibre ultra-corte entro 0,5 mm. Il prodotto ha una lunghezza uniforme, resistenza alle alte temperature, ritardabilit\u00e0 alla fiamma, resistenza all'usura ed eccellenti propriet\u00e0 dielettriche. Pu\u00f2 essere utilizzato per il riempimento e il rinforzo di materiali plastici e per il rinforzo di guarnizioni, ecc.<\/p><p><img decoding=\"async\" class=\"aligncenter wp-image-1036 size-full\" src=\"https:\/\/sinocarbonfibre.com\/wp-content\/uploads\/2025\/07\/PBO3.jpg\" alt=\"\" width=\"834\" height=\"500\" srcset=\"https:\/\/sinocarbonfibre.com\/wp-content\/uploads\/2025\/07\/PBO3.jpg 834w, https:\/\/sinocarbonfibre.com\/wp-content\/uploads\/2025\/07\/PBO3-300x180.jpg 300w, https:\/\/sinocarbonfibre.com\/wp-content\/uploads\/2025\/07\/PBO3-768x460.jpg 768w, https:\/\/sinocarbonfibre.com\/wp-content\/uploads\/2025\/07\/PBO3-600x360.jpg 600w\" sizes=\"(max-width: 834px) 100vw, 834px\" \/><\/p>\t\t\t\t\t\t\t\t<\/div>\n\t\t\t\t<\/div>\n\t\t\t\t<div class=\"elementor-element elementor-element-2c156b6 elementor-widget elementor-widget-shortcode\" data-id=\"2c156b6\" data-element_type=\"widget\" data-widget_type=\"shortcode.default\">\n\t\t\t\t<div class=\"elementor-widget-container\">\n\t\t\t\t\t\t\t<div class=\"elementor-shortcode\">\n<table id=\"tablepress-10\" class=\"tablepress tablepress-id-10 tbody-has-connected-cells\">\n<tbody>\n<tr class=\"row-1\">\n\t<td class=\"column-1\">PBO tritato<\/td><td class=\"column-2\">Unit\u00e0<\/td><td class=\"column-3\">Indice<\/td>\n<\/tr>\n<tr class=\"row-2\">\n\t<td class=\"column-1\">Composizione chimica della fibra<\/td><td class=\"column-2\">\/<\/td><td class=\"column-3\">PBO<\/td>\n<\/tr>\n<tr class=\"row-3\">\n\t<td class=\"column-1\">Densit\u00e0 del monofilamento<\/td><td class=\"column-2\">dtex<\/td><td class=\"column-3\">1.7<\/td>\n<\/tr>\n<tr class=\"row-4\">\n\t<td rowspan=\"2\" class=\"column-1\">Lunghezza della fibra<\/td><td rowspan=\"2\" class=\"column-2\">mm<\/td><td class=\"column-3\">3 o 4<\/td>\n<\/tr>\n<tr class=\"row-5\">\n\t<td class=\"column-3\">Personalizzato<\/td>\n<\/tr>\n<tr class=\"row-6\">\n\t<td class=\"column-1\">Contenuto di umidit\u00e0<\/td><td class=\"column-2\">%<\/td><td class=\"column-3\">4<\/td>\n<\/tr>\n<tr class=\"row-7\">\n\t<td class=\"column-1\">Contenuto di olio<\/td><td class=\"column-2\">%<\/td><td class=\"column-3\">0\uff5e2<\/td>\n<\/tr>\n<tr class=\"row-8\">\n\t<td class=\"column-1\">Dispersione<\/td><td class=\"column-2\">\/<\/td><td class=\"column-3\">Buono<\/td>\n<\/tr>\n<tr class=\"row-9\">\n\t<td colspan=\"3\" class=\"column-1\">Nota: i prodotti possono essere personalizzati in base alle esigenze del cliente.<\/td>\n<\/tr>\n<\/tbody>\n<\/table>\n<!-- #tablepress-10 from cache --><\/div>\n\t\t\t\t\t\t<\/div>\n\t\t\t\t<\/div>\n\t\t\t\t\t<\/div>\n\t\t\t\t<\/div>\n\t\t\t\t<\/div>","protected":false},"excerpt":{"rendered":"<p>Il filamento di PBO \u00e8 una fibra eterociclica aromatica composta da unit\u00e0 funzionali rigide e con un grado di orientamento molto elevato lungo l'asse della fibra. Questa struttura le conferisce un modulo ultra-elevato, una forza ultra-elevata e propriet\u00e0 applicative eccellenti come la resistenza alla temperatura, il ritardo di fiamma, la stabilit\u00e0 chimica, la resistenza agli urti, la trasmissione delle onde e l'isolamento. Si tratta di una superfibra di nuova generazione utilizzata nel settore aerospaziale, nella difesa nazionale, nei trasporti ferroviari, nelle comunicazioni elettroniche e in altri campi dopo la fibra aramidica.<\/p>","protected":false},"featured_media":1035,"comment_status":"open","ping_status":"closed","template":"","meta":{"_acf_changed":false,"site-sidebar-layout":"no-sidebar","site-content-layout":"","ast-site-content-layout":"full-width-container","site-content-style":"default","site-sidebar-style":"default","ast-global-header-display":"","ast-banner-title-visibility":"","ast-main-header-display":"","ast-hfb-above-header-display":"","ast-hfb-below-header-display":"","ast-hfb-mobile-header-display":"","site-post-title":"disabled","ast-breadcrumbs-content":"","ast-featured-img":"disabled","footer-sml-layout":"","theme-transparent-header-meta":"default","adv-header-id-meta":"","stick-header-meta":"","header-above-stick-meta":"","header-main-stick-meta":"","header-below-stick-meta":"","astra-migrate-meta-layouts":"set","ast-page-background-enabled":"default","ast-page-background-meta":{"desktop":{"background-color":"var(--ast-global-color-5)","background-image":"","background-repeat":"repeat","background-position":"center center","background-size":"auto","background-attachment":"scroll","background-type":"","background-media":"","overlay-type":"","overlay-color":"","overlay-opacity":"","overlay-gradient":""},"tablet":{"background-color":"","background-image":"","background-repeat":"repeat","background-position":"center center","background-size":"auto","background-attachment":"scroll","background-type":"","background-media":"","overlay-type":"","overlay-color":"","overlay-opacity":"","overlay-gradient":""},"mobile":{"background-color":"","background-image":"","background-repeat":"repeat","background-position":"center center","background-size":"auto","background-attachment":"scroll","background-type":"","background-media":"","overlay-type":"","overlay-color":"","overlay-opacity":"","overlay-gradient":""}},"ast-content-background-meta":{"desktop":{"background-color":"var(--ast-global-color-4)","background-image":"","background-repeat":"repeat","background-position":"center center","background-size":"auto","background-attachment":"scroll","background-type":"","background-media":"","overlay-type":"","overlay-color":"","overlay-opacity":"","overlay-gradient":""},"tablet":{"background-color":"var(--ast-global-color-4)","background-image":"","background-repeat":"repeat","background-position":"center center","background-size":"auto","background-attachment":"scroll","background-type":"","background-media":"","overlay-type":"","overlay-color":"","overlay-opacity":"","overlay-gradient":""},"mobile":{"background-color":"var(--ast-global-color-4)","background-image":"","background-repeat":"repeat","background-position":"center center","background-size":"auto","background-attachment":"scroll","background-type":"","background-media":"","overlay-type":"","overlay-color":"","overlay-opacity":"","overlay-gradient":""}}},"product_brand":[],"product_cat":[34],"product_tag":[],"class_list":{"0":"post-1034","1":"product","2":"type-product","3":"status-publish","4":"has-post-thumbnail","6":"product_cat-woven-products","7":"desktop-align-left","8":"tablet-align-left","9":"mobile-align-left","11":"first","12":"instock","13":"shipping-taxable","14":"product-type-simple"},"acf":[],"yoast_head":"<!-- This site is optimized with the Yoast SEO plugin v25.5 - https:\/\/yoast.com\/wordpress\/plugins\/seo\/ -->\n<title>PBO filament - China carbon fiber drone products, carbon fiber, aramid fiber products and customized manufacturers<\/title>\n<meta name=\"robots\" content=\"index, follow, max-snippet:-1, max-image-preview:large, max-video-preview:-1\" \/>\n<link rel=\"canonical\" href=\"https:\/\/sinocarbonfibre.com\/it\/prodotto\/pbo-filament\/\" \/>\n<meta property=\"og:locale\" content=\"it_IT\" \/>\n<meta property=\"og:type\" content=\"article\" \/>\n<meta property=\"og:title\" content=\"PBO filament - China carbon fiber drone products, carbon fiber, aramid fiber products and customized manufacturers\" \/>\n<meta property=\"og:description\" content=\"PBO filament is an aromatic heterocyclic fiber composed of rigid functional units and with a very high degree of orientation along the fiber axis. This structure gives it ultra-high modulus, ultra-high strength, and excellent application properties such as temperature resistance, flame retardancy, chemical stability, impact resistance, wave transmission, and insulation. It is a new generation of super fiber used in aerospace, national defense, rail transportation, electronic communications and other fields after aramid fiber.\" \/>\n<meta property=\"og:url\" content=\"https:\/\/sinocarbonfibre.com\/it\/prodotto\/pbo-filament\/\" \/>\n<meta property=\"og:site_name\" content=\"China carbon fiber drone products, carbon fiber, aramid fiber products and customized manufacturers\" \/>\n<meta property=\"article:modified_time\" content=\"2025-07-16T01:41:15+00:00\" \/>\n<meta property=\"og:image\" content=\"https:\/\/sinocarbonfibre.com\/wp-content\/uploads\/2025\/07\/PBO1.jpg\" \/>\n\t<meta property=\"og:image:width\" content=\"849\" \/>\n\t<meta property=\"og:image:height\" content=\"509\" \/>\n\t<meta property=\"og:image:type\" content=\"image\/jpeg\" \/>\n<meta name=\"twitter:card\" content=\"summary_large_image\" \/>\n<meta name=\"twitter:label1\" content=\"Tempo di lettura stimato\" \/>\n\t<meta name=\"twitter:data1\" content=\"1 minuto\" \/>\n<script type=\"application\/ld+json\" class=\"yoast-schema-graph\">{\"@context\":\"https:\/\/schema.org\",\"@graph\":[{\"@type\":\"WebPage\",\"@id\":\"https:\/\/sinocarbonfibre.com\/product\/pbo-filament\/\",\"url\":\"https:\/\/sinocarbonfibre.com\/product\/pbo-filament\/\",\"name\":\"PBO filament - China carbon fiber drone products, carbon fiber, aramid fiber products and customized manufacturers\",\"isPartOf\":{\"@id\":\"https:\/\/sinocarbonfibre.com\/#website\"},\"primaryImageOfPage\":{\"@id\":\"https:\/\/sinocarbonfibre.com\/product\/pbo-filament\/#primaryimage\"},\"image\":{\"@id\":\"https:\/\/sinocarbonfibre.com\/product\/pbo-filament\/#primaryimage\"},\"thumbnailUrl\":\"https:\/\/sinocarbonfibre.com\/wp-content\/uploads\/2025\/07\/PBO1.jpg\",\"datePublished\":\"2025-07-16T01:19:08+00:00\",\"dateModified\":\"2025-07-16T01:41:15+00:00\",\"breadcrumb\":{\"@id\":\"https:\/\/sinocarbonfibre.com\/product\/pbo-filament\/#breadcrumb\"},\"inLanguage\":\"it-IT\",\"potentialAction\":[{\"@type\":\"ReadAction\",\"target\":[\"https:\/\/sinocarbonfibre.com\/product\/pbo-filament\/\"]}]},{\"@type\":\"ImageObject\",\"inLanguage\":\"it-IT\",\"@id\":\"https:\/\/sinocarbonfibre.com\/product\/pbo-filament\/#primaryimage\",\"url\":\"https:\/\/sinocarbonfibre.com\/wp-content\/uploads\/2025\/07\/PBO1.jpg\",\"contentUrl\":\"https:\/\/sinocarbonfibre.com\/wp-content\/uploads\/2025\/07\/PBO1.jpg\",\"width\":849,\"height\":509},{\"@type\":\"BreadcrumbList\",\"@id\":\"https:\/\/sinocarbonfibre.com\/product\/pbo-filament\/#breadcrumb\",\"itemListElement\":[{\"@type\":\"ListItem\",\"position\":1,\"name\":\"Home\",\"item\":\"https:\/\/sinocarbonfibre.com\/\"},{\"@type\":\"ListItem\",\"position\":2,\"name\":\"Products\",\"item\":\"https:\/\/sinocarbonfibre.com\/shop\/\"},{\"@type\":\"ListItem\",\"position\":3,\"name\":\"PBO filament\"}]},{\"@type\":\"WebSite\",\"@id\":\"https:\/\/sinocarbonfibre.com\/#website\",\"url\":\"https:\/\/sinocarbonfibre.com\/\",\"name\":\"China carbon fiber drone products, carbon fiber, aramid fiber products and customized manufacturers\",\"description\":\"\",\"publisher\":{\"@id\":\"https:\/\/sinocarbonfibre.com\/#organization\"},\"potentialAction\":[{\"@type\":\"SearchAction\",\"target\":{\"@type\":\"EntryPoint\",\"urlTemplate\":\"https:\/\/sinocarbonfibre.com\/?s={search_term_string}\"},\"query-input\":{\"@type\":\"PropertyValueSpecification\",\"valueRequired\":true,\"valueName\":\"search_term_string\"}}],\"inLanguage\":\"it-IT\"},{\"@type\":\"Organization\",\"@id\":\"https:\/\/sinocarbonfibre.com\/#organization\",\"name\":\"China carbon fiber drone products, carbon fiber, aramid fiber products and customized manufacturers\",\"url\":\"https:\/\/sinocarbonfibre.com\/\",\"logo\":{\"@type\":\"ImageObject\",\"inLanguage\":\"it-IT\",\"@id\":\"https:\/\/sinocarbonfibre.com\/#\/schema\/logo\/image\/\",\"url\":\"https:\/\/sinocarbonfibre.com\/wp-content\/uploads\/2025\/03\/logo.png\",\"contentUrl\":\"https:\/\/sinocarbonfibre.com\/wp-content\/uploads\/2025\/03\/logo.png\",\"width\":400,\"height\":80,\"caption\":\"China carbon fiber drone products, carbon fiber, aramid fiber products and customized manufacturers\"},\"image\":{\"@id\":\"https:\/\/sinocarbonfibre.com\/#\/schema\/logo\/image\/\"}}]}<\/script>\n<!-- \/ Yoast SEO plugin. -->","yoast_head_json":{"title":"PBO filament - China carbon fiber drone products, carbon fiber, aramid fiber products and customized manufacturers","robots":{"index":"index","follow":"follow","max-snippet":"max-snippet:-1","max-image-preview":"max-image-preview:large","max-video-preview":"max-video-preview:-1"},"canonical":"https:\/\/sinocarbonfibre.com\/it\/prodotto\/pbo-filament\/","og_locale":"it_IT","og_type":"article","og_title":"PBO filament - China carbon fiber drone products, carbon fiber, aramid fiber products and customized manufacturers","og_description":"PBO filament is an aromatic heterocyclic fiber composed of rigid functional units and with a very high degree of orientation along the fiber axis. This structure gives it ultra-high modulus, ultra-high strength, and excellent application properties such as temperature resistance, flame retardancy, chemical stability, impact resistance, wave transmission, and insulation. It is a new generation of super fiber used in aerospace, national defense, rail transportation, electronic communications and other fields after aramid fiber.","og_url":"https:\/\/sinocarbonfibre.com\/it\/prodotto\/pbo-filament\/","og_site_name":"China carbon fiber drone products, carbon fiber, aramid fiber products and customized manufacturers","article_modified_time":"2025-07-16T01:41:15+00:00","og_image":[{"width":849,"height":509,"url":"https:\/\/sinocarbonfibre.com\/wp-content\/uploads\/2025\/07\/PBO1.jpg","type":"image\/jpeg"}],"twitter_card":"summary_large_image","twitter_misc":{"Tempo di lettura stimato":"1 minuto"},"schema":{"@context":"https:\/\/schema.org","@graph":[{"@type":"WebPage","@id":"https:\/\/sinocarbonfibre.com\/product\/pbo-filament\/","url":"https:\/\/sinocarbonfibre.com\/product\/pbo-filament\/","name":"PBO filament - China carbon fiber drone products, carbon fiber, aramid fiber products and customized manufacturers","isPartOf":{"@id":"https:\/\/sinocarbonfibre.com\/#website"},"primaryImageOfPage":{"@id":"https:\/\/sinocarbonfibre.com\/product\/pbo-filament\/#primaryimage"},"image":{"@id":"https:\/\/sinocarbonfibre.com\/product\/pbo-filament\/#primaryimage"},"thumbnailUrl":"https:\/\/sinocarbonfibre.com\/wp-content\/uploads\/2025\/07\/PBO1.jpg","datePublished":"2025-07-16T01:19:08+00:00","dateModified":"2025-07-16T01:41:15+00:00","breadcrumb":{"@id":"https:\/\/sinocarbonfibre.com\/product\/pbo-filament\/#breadcrumb"},"inLanguage":"it-IT","potentialAction":[{"@type":"ReadAction","target":["https:\/\/sinocarbonfibre.com\/product\/pbo-filament\/"]}]},{"@type":"ImageObject","inLanguage":"it-IT","@id":"https:\/\/sinocarbonfibre.com\/product\/pbo-filament\/#primaryimage","url":"https:\/\/sinocarbonfibre.com\/wp-content\/uploads\/2025\/07\/PBO1.jpg","contentUrl":"https:\/\/sinocarbonfibre.com\/wp-content\/uploads\/2025\/07\/PBO1.jpg","width":849,"height":509},{"@type":"BreadcrumbList","@id":"https:\/\/sinocarbonfibre.com\/product\/pbo-filament\/#breadcrumb","itemListElement":[{"@type":"ListItem","position":1,"name":"Home","item":"https:\/\/sinocarbonfibre.com\/"},{"@type":"ListItem","position":2,"name":"Products","item":"https:\/\/sinocarbonfibre.com\/shop\/"},{"@type":"ListItem","position":3,"name":"PBO filament"}]},{"@type":"WebSite","@id":"https:\/\/sinocarbonfibre.com\/#website","url":"https:\/\/sinocarbonfibre.com\/","name":"China carbon fiber drone products, carbon fiber, aramid fiber products and customized manufacturers","description":"","publisher":{"@id":"https:\/\/sinocarbonfibre.com\/#organization"},"potentialAction":[{"@type":"SearchAction","target":{"@type":"EntryPoint","urlTemplate":"https:\/\/sinocarbonfibre.com\/?s={search_term_string}"},"query-input":{"@type":"PropertyValueSpecification","valueRequired":true,"valueName":"search_term_string"}}],"inLanguage":"it-IT"},{"@type":"Organization","@id":"https:\/\/sinocarbonfibre.com\/#organization","name":"China carbon fiber drone products, carbon fiber, aramid fiber products and customized manufacturers","url":"https:\/\/sinocarbonfibre.com\/","logo":{"@type":"ImageObject","inLanguage":"it-IT","@id":"https:\/\/sinocarbonfibre.com\/#\/schema\/logo\/image\/","url":"https:\/\/sinocarbonfibre.com\/wp-content\/uploads\/2025\/03\/logo.png","contentUrl":"https:\/\/sinocarbonfibre.com\/wp-content\/uploads\/2025\/03\/logo.png","width":400,"height":80,"caption":"China carbon fiber drone products, carbon fiber, aramid fiber products and customized manufacturers"},"image":{"@id":"https:\/\/sinocarbonfibre.com\/#\/schema\/logo\/image\/"}}]}},"_links":{"self":[{"href":"https:\/\/sinocarbonfibre.com\/it\/wp-json\/wp\/v2\/product\/1034","targetHints":{"allow":["GET"]}}],"collection":[{"href":"https:\/\/sinocarbonfibre.com\/it\/wp-json\/wp\/v2\/product"}],"about":[{"href":"https:\/\/sinocarbonfibre.com\/it\/wp-json\/wp\/v2\/types\/product"}],"replies":[{"embeddable":true,"href":"https:\/\/sinocarbonfibre.com\/it\/wp-json\/wp\/v2\/comments?post=1034"}],"version-history":[{"count":19,"href":"https:\/\/sinocarbonfibre.com\/it\/wp-json\/wp\/v2\/product\/1034\/revisions"}],"predecessor-version":[{"id":1062,"href":"https:\/\/sinocarbonfibre.com\/it\/wp-json\/wp\/v2\/product\/1034\/revisions\/1062"}],"wp:featuredmedia":[{"embeddable":true,"href":"https:\/\/sinocarbonfibre.com\/it\/wp-json\/wp\/v2\/media\/1035"}],"wp:attachment":[{"href":"https:\/\/sinocarbonfibre.com\/it\/wp-json\/wp\/v2\/media?parent=1034"}],"wp:term":[{"taxonomy":"product_brand","embeddable":true,"href":"https:\/\/sinocarbonfibre.com\/it\/wp-json\/wp\/v2\/product_brand?post=1034"},{"taxonomy":"product_cat","embeddable":true,"href":"https:\/\/sinocarbonfibre.com\/it\/wp-json\/wp\/v2\/product_cat?post=1034"},{"taxonomy":"product_tag","embeddable":true,"href":"https:\/\/sinocarbonfibre.com\/it\/wp-json\/wp\/v2\/product_tag?post=1034"}],"curies":[{"name":"wp","href":"https:\/\/api.w.org\/{rel}","templated":true}]}}