{"id":1412,"date":"2025-07-17T05:05:46","date_gmt":"2025-07-17T05:05:46","guid":{"rendered":"https:\/\/sinocarbonfibre.com\/?post_type=product&#038;p=1412"},"modified":"2025-07-24T00:50:53","modified_gmt":"2025-07-24T00:50:53","slug":"quartz-needle-felt","status":"publish","type":"product","link":"https:\/\/sinocarbonfibre.com\/fr\/produit\/quartz-needle-felt\/","title":{"rendered":"Feutre aiguillet\u00e9 au quartz"},"content":{"rendered":"<div data-elementor-type=\"product-post\" data-elementor-id=\"1412\" class=\"elementor elementor-1412\" data-elementor-post-type=\"product\">\n\t\t\t\t<div class=\"elementor-element elementor-element-c5e8247 e-flex e-con-boxed e-con e-parent\" data-id=\"c5e8247\" data-element_type=\"container\">\n\t\t\t\t\t<div class=\"e-con-inner\">\n\t\t\t\t<div class=\"elementor-element elementor-element-7f2142b elementor-widget elementor-widget-text-editor\" data-id=\"7f2142b\" data-element_type=\"widget\" data-widget_type=\"text-editor.default\">\n\t\t\t\t<div class=\"elementor-widget-container\">\n\t\t\t\t\t\t\t\t\t<p>La pr\u00e9forme aiguillet\u00e9e en fibre de quartz est un tissu tridimensionnel dont la structure globale est constitu\u00e9e d'un feutre \u00e0 mailles en fibre de quartz, d'un tissu en fibre de quartz ou de fibres de quartz combin\u00e9es de mani\u00e8re directionnelle ou non directionnelle. La fibre de quartz est une fibre de verre sp\u00e9ciale dont la teneur en dioxyde de silicium est sup\u00e9rieure \u00e0 99,90% et dont le diam\u00e8tre du fil est de 1`15\u03bcm. Il a une r\u00e9sistance \u00e0 la chaleur \u00e9lev\u00e9e et peut \u00eatre utilis\u00e9 \u00e0 1050\u2103 pendant une longue p\u00e9riode et peut supporter jusqu'\u00e0 1700\u2103 instantan\u00e9ment. En m\u00eame temps, les propri\u00e9t\u00e9s di\u00e9lectriques de la fibre de quartz sont \u00e9galement tr\u00e8s excellentes, ce qui peut atteindre les caract\u00e9ristiques de la transmission d'ondes \u00e0 large bande.<\/p><h1><strong>Domaines d'application :<\/strong><\/h1><ul><li>A\u00e9rospatiale<\/li><li>Industrie militaire<\/li><li>Semi-conducteurs<\/li><li>Isolation \u00e0 haute temp\u00e9rature<\/li><\/ul><p>La pr\u00e9forme aiguillet\u00e9e en fibre de quartz est un tissu tridimensionnel dont la structure globale est constitu\u00e9e d'un feutre \u00e0 mailles en fibre de quartz, d'un tissu en fibre de quartz ou de fibres de quartz combin\u00e9es de mani\u00e8re directionnelle ou non directionnelle. La fibre de quartz est une fibre de verre sp\u00e9ciale dont la teneur en dioxyde de silicium est sup\u00e9rieure \u00e0 99,90% et dont le diam\u00e8tre du fil est de 1`15\u03bcm. Il a une r\u00e9sistance \u00e0 la chaleur \u00e9lev\u00e9e et peut \u00eatre utilis\u00e9 \u00e0 1050\u2103 pendant une longue p\u00e9riode et peut supporter jusqu'\u00e0 1700\u2103 instantan\u00e9ment. En m\u00eame temps, les propri\u00e9t\u00e9s di\u00e9lectriques de la fibre de quartz sont \u00e9galement tr\u00e8s excellentes, ce qui peut atteindre les caract\u00e9ristiques de la transmission d'ondes \u00e0 large bande.<\/p>\t\t\t\t\t\t\t\t<\/div>\n\t\t\t\t<\/div>\n\t\t\t\t\t<\/div>\n\t\t\t\t<\/div>\n\t\t\t\t<\/div>","protected":false},"excerpt":{"rendered":"<p>La pr\u00e9forme aiguillet\u00e9e en fibre de quartz est un tissu tridimensionnel dont la structure globale est constitu\u00e9e d'un feutre \u00e0 mailles en fibre de quartz, d'un tissu en fibre de quartz ou de fibres de quartz combin\u00e9es de mani\u00e8re directionnelle ou non directionnelle. La fibre de quartz est une fibre de verre sp\u00e9ciale dont la teneur en dioxyde de silicium est sup\u00e9rieure \u00e0 99,90% et dont le diam\u00e8tre du fil est de 1`15\u03bcm. Il a une r\u00e9sistance \u00e0 la chaleur \u00e9lev\u00e9e et peut \u00eatre utilis\u00e9 \u00e0 1050\u2103 pendant une longue p\u00e9riode et peut supporter jusqu'\u00e0 1700\u2103 instantan\u00e9ment. En m\u00eame temps, les propri\u00e9t\u00e9s di\u00e9lectriques de la fibre de quartz sont \u00e9galement tr\u00e8s excellentes, ce qui peut atteindre les caract\u00e9ristiques de la transmission d'ondes \u00e0 large bande.<\/p>","protected":false},"featured_media":1406,"comment_status":"open","ping_status":"closed","template":"","meta":{"_acf_changed":false,"site-sidebar-layout":"no-sidebar","site-content-layout":"","ast-site-content-layout":"full-width-container","site-content-style":"default","site-sidebar-style":"default","ast-global-header-display":"","ast-banner-title-visibility":"","ast-main-header-display":"","ast-hfb-above-header-display":"","ast-hfb-below-header-display":"","ast-hfb-mobile-header-display":"","site-post-title":"disabled","ast-breadcrumbs-content":"","ast-featured-img":"disabled","footer-sml-layout":"","theme-transparent-header-meta":"default","adv-header-id-meta":"","stick-header-meta":"","header-above-stick-meta":"","header-main-stick-meta":"","header-below-stick-meta":"","astra-migrate-meta-layouts":"set","ast-page-background-enabled":"default","ast-page-background-meta":{"desktop":{"background-color":"var(--ast-global-color-5)","background-image":"","background-repeat":"repeat","background-position":"center center","background-size":"auto","background-attachment":"scroll","background-type":"","background-media":"","overlay-type":"","overlay-color":"","overlay-opacity":"","overlay-gradient":""},"tablet":{"background-color":"","background-image":"","background-repeat":"repeat","background-position":"center center","background-size":"auto","background-attachment":"scroll","background-type":"","background-media":"","overlay-type":"","overlay-color":"","overlay-opacity":"","overlay-gradient":""},"mobile":{"background-color":"","background-image":"","background-repeat":"repeat","background-position":"center center","background-size":"auto","background-attachment":"scroll","background-type":"","background-media":"","overlay-type":"","overlay-color":"","overlay-opacity":"","overlay-gradient":""}},"ast-content-background-meta":{"desktop":{"background-color":"var(--ast-global-color-4)","background-image":"","background-repeat":"repeat","background-position":"center center","background-size":"auto","background-attachment":"scroll","background-type":"","background-media":"","overlay-type":"","overlay-color":"","overlay-opacity":"","overlay-gradient":""},"tablet":{"background-color":"var(--ast-global-color-4)","background-image":"","background-repeat":"repeat","background-position":"center center","background-size":"auto","background-attachment":"scroll","background-type":"","background-media":"","overlay-type":"","overlay-color":"","overlay-opacity":"","overlay-gradient":""},"mobile":{"background-color":"var(--ast-global-color-4)","background-image":"","background-repeat":"repeat","background-position":"center center","background-size":"auto","background-attachment":"scroll","background-type":"","background-media":"","overlay-type":"","overlay-color":"","overlay-opacity":"","overlay-gradient":""}}},"product_brand":[],"product_cat":[68],"product_tag":[],"class_list":{"0":"post-1412","1":"product","2":"type-product","3":"status-publish","4":"has-post-thumbnail","6":"product_cat-needle-punched-precast","7":"desktop-align-left","8":"tablet-align-left","9":"mobile-align-left","11":"first","12":"instock","13":"shipping-taxable","14":"product-type-simple"},"acf":[],"yoast_head":"<!-- This site is optimized with the Yoast SEO plugin v25.5 - https:\/\/yoast.com\/wordpress\/plugins\/seo\/ -->\n<title>Quartz needle felt - China carbon fiber drone products, carbon fiber, aramid fiber products and customized manufacturers<\/title>\n<meta name=\"robots\" content=\"index, follow, max-snippet:-1, max-image-preview:large, max-video-preview:-1\" \/>\n<link rel=\"canonical\" href=\"https:\/\/sinocarbonfibre.com\/fr\/produit\/quartz-needle-felt\/\" \/>\n<meta property=\"og:locale\" content=\"fr_FR\" \/>\n<meta property=\"og:type\" content=\"article\" \/>\n<meta property=\"og:title\" content=\"Quartz needle felt - China carbon fiber drone products, carbon fiber, aramid fiber products and customized manufacturers\" \/>\n<meta property=\"og:description\" content=\"Quartz fiber needle punched preform is a three-dimensional fabric with an overall structure of quartz fiber mesh felt, quartz fiber cloth or quartz fiber combined in a directional or non-directional manner. Quartz fiber refers to a special glass fiber with a silicon dioxide content of more than 99.90% and a wire diameter of 1`15\u03bcm. It has high heat resistance and can be used at 1050\u2103 for a long time and can withstand up to 1700\u2103 instantly. At the same time, the dielectric properties of quartz fiber are also very excellent, which can achieve the characteristics of broadband wave transmission.\" \/>\n<meta property=\"og:url\" content=\"https:\/\/sinocarbonfibre.com\/fr\/produit\/quartz-needle-felt\/\" \/>\n<meta property=\"og:site_name\" content=\"China carbon fiber drone products, carbon fiber, aramid fiber products and customized manufacturers\" \/>\n<meta property=\"article:modified_time\" content=\"2025-07-24T00:50:53+00:00\" \/>\n<meta property=\"og:image\" content=\"https:\/\/sinocarbonfibre.com\/wp-content\/uploads\/2025\/07\/Needle-Punched-Precast2.jpg\" \/>\n\t<meta property=\"og:image:width\" content=\"1000\" \/>\n\t<meta property=\"og:image:height\" content=\"600\" \/>\n\t<meta property=\"og:image:type\" content=\"image\/jpeg\" \/>\n<meta name=\"twitter:card\" content=\"summary_large_image\" \/>\n<script type=\"application\/ld+json\" class=\"yoast-schema-graph\">{\"@context\":\"https:\/\/schema.org\",\"@graph\":[{\"@type\":\"WebPage\",\"@id\":\"https:\/\/sinocarbonfibre.com\/product\/quartz-needle-felt\/\",\"url\":\"https:\/\/sinocarbonfibre.com\/product\/quartz-needle-felt\/\",\"name\":\"Quartz needle felt - China carbon fiber drone products, carbon fiber, aramid fiber products and customized manufacturers\",\"isPartOf\":{\"@id\":\"https:\/\/sinocarbonfibre.com\/#website\"},\"primaryImageOfPage\":{\"@id\":\"https:\/\/sinocarbonfibre.com\/product\/quartz-needle-felt\/#primaryimage\"},\"image\":{\"@id\":\"https:\/\/sinocarbonfibre.com\/product\/quartz-needle-felt\/#primaryimage\"},\"thumbnailUrl\":\"https:\/\/sinocarbonfibre.com\/wp-content\/uploads\/2025\/07\/Needle-Punched-Precast2.jpg\",\"datePublished\":\"2025-07-17T05:05:46+00:00\",\"dateModified\":\"2025-07-24T00:50:53+00:00\",\"breadcrumb\":{\"@id\":\"https:\/\/sinocarbonfibre.com\/product\/quartz-needle-felt\/#breadcrumb\"},\"inLanguage\":\"fr-FR\",\"potentialAction\":[{\"@type\":\"ReadAction\",\"target\":[\"https:\/\/sinocarbonfibre.com\/product\/quartz-needle-felt\/\"]}]},{\"@type\":\"ImageObject\",\"inLanguage\":\"fr-FR\",\"@id\":\"https:\/\/sinocarbonfibre.com\/product\/quartz-needle-felt\/#primaryimage\",\"url\":\"https:\/\/sinocarbonfibre.com\/wp-content\/uploads\/2025\/07\/Needle-Punched-Precast2.jpg\",\"contentUrl\":\"https:\/\/sinocarbonfibre.com\/wp-content\/uploads\/2025\/07\/Needle-Punched-Precast2.jpg\",\"width\":1000,\"height\":600},{\"@type\":\"BreadcrumbList\",\"@id\":\"https:\/\/sinocarbonfibre.com\/product\/quartz-needle-felt\/#breadcrumb\",\"itemListElement\":[{\"@type\":\"ListItem\",\"position\":1,\"name\":\"Home\",\"item\":\"https:\/\/sinocarbonfibre.com\/\"},{\"@type\":\"ListItem\",\"position\":2,\"name\":\"Products\",\"item\":\"https:\/\/sinocarbonfibre.com\/shop\/\"},{\"@type\":\"ListItem\",\"position\":3,\"name\":\"Quartz needle felt\"}]},{\"@type\":\"WebSite\",\"@id\":\"https:\/\/sinocarbonfibre.com\/#website\",\"url\":\"https:\/\/sinocarbonfibre.com\/\",\"name\":\"China carbon fiber drone products, carbon fiber, aramid fiber products and customized manufacturers\",\"description\":\"\",\"publisher\":{\"@id\":\"https:\/\/sinocarbonfibre.com\/#organization\"},\"potentialAction\":[{\"@type\":\"SearchAction\",\"target\":{\"@type\":\"EntryPoint\",\"urlTemplate\":\"https:\/\/sinocarbonfibre.com\/?s={search_term_string}\"},\"query-input\":{\"@type\":\"PropertyValueSpecification\",\"valueRequired\":true,\"valueName\":\"search_term_string\"}}],\"inLanguage\":\"fr-FR\"},{\"@type\":\"Organization\",\"@id\":\"https:\/\/sinocarbonfibre.com\/#organization\",\"name\":\"China carbon fiber drone products, carbon fiber, aramid fiber products and customized manufacturers\",\"url\":\"https:\/\/sinocarbonfibre.com\/\",\"logo\":{\"@type\":\"ImageObject\",\"inLanguage\":\"fr-FR\",\"@id\":\"https:\/\/sinocarbonfibre.com\/#\/schema\/logo\/image\/\",\"url\":\"https:\/\/sinocarbonfibre.com\/wp-content\/uploads\/2025\/03\/logo.png\",\"contentUrl\":\"https:\/\/sinocarbonfibre.com\/wp-content\/uploads\/2025\/03\/logo.png\",\"width\":400,\"height\":80,\"caption\":\"China carbon fiber drone products, carbon fiber, aramid fiber products and customized manufacturers\"},\"image\":{\"@id\":\"https:\/\/sinocarbonfibre.com\/#\/schema\/logo\/image\/\"}}]}<\/script>\n<!-- \/ Yoast SEO plugin. -->","yoast_head_json":{"title":"Quartz needle felt - China carbon fiber drone products, carbon fiber, aramid fiber products and customized manufacturers","robots":{"index":"index","follow":"follow","max-snippet":"max-snippet:-1","max-image-preview":"max-image-preview:large","max-video-preview":"max-video-preview:-1"},"canonical":"https:\/\/sinocarbonfibre.com\/fr\/produit\/quartz-needle-felt\/","og_locale":"fr_FR","og_type":"article","og_title":"Quartz needle felt - China carbon fiber drone products, carbon fiber, aramid fiber products and customized manufacturers","og_description":"Quartz fiber needle punched preform is a three-dimensional fabric with an overall structure of quartz fiber mesh felt, quartz fiber cloth or quartz fiber combined in a directional or non-directional manner. Quartz fiber refers to a special glass fiber with a silicon dioxide content of more than 99.90% and a wire diameter of 1`15\u03bcm. It has high heat resistance and can be used at 1050\u2103 for a long time and can withstand up to 1700\u2103 instantly. At the same time, the dielectric properties of quartz fiber are also very excellent, which can achieve the characteristics of broadband wave transmission.","og_url":"https:\/\/sinocarbonfibre.com\/fr\/produit\/quartz-needle-felt\/","og_site_name":"China carbon fiber drone products, carbon fiber, aramid fiber products and customized manufacturers","article_modified_time":"2025-07-24T00:50:53+00:00","og_image":[{"width":1000,"height":600,"url":"https:\/\/sinocarbonfibre.com\/wp-content\/uploads\/2025\/07\/Needle-Punched-Precast2.jpg","type":"image\/jpeg"}],"twitter_card":"summary_large_image","schema":{"@context":"https:\/\/schema.org","@graph":[{"@type":"WebPage","@id":"https:\/\/sinocarbonfibre.com\/product\/quartz-needle-felt\/","url":"https:\/\/sinocarbonfibre.com\/product\/quartz-needle-felt\/","name":"Quartz needle felt - China carbon fiber drone products, carbon fiber, aramid fiber products and customized manufacturers","isPartOf":{"@id":"https:\/\/sinocarbonfibre.com\/#website"},"primaryImageOfPage":{"@id":"https:\/\/sinocarbonfibre.com\/product\/quartz-needle-felt\/#primaryimage"},"image":{"@id":"https:\/\/sinocarbonfibre.com\/product\/quartz-needle-felt\/#primaryimage"},"thumbnailUrl":"https:\/\/sinocarbonfibre.com\/wp-content\/uploads\/2025\/07\/Needle-Punched-Precast2.jpg","datePublished":"2025-07-17T05:05:46+00:00","dateModified":"2025-07-24T00:50:53+00:00","breadcrumb":{"@id":"https:\/\/sinocarbonfibre.com\/product\/quartz-needle-felt\/#breadcrumb"},"inLanguage":"fr-FR","potentialAction":[{"@type":"ReadAction","target":["https:\/\/sinocarbonfibre.com\/product\/quartz-needle-felt\/"]}]},{"@type":"ImageObject","inLanguage":"fr-FR","@id":"https:\/\/sinocarbonfibre.com\/product\/quartz-needle-felt\/#primaryimage","url":"https:\/\/sinocarbonfibre.com\/wp-content\/uploads\/2025\/07\/Needle-Punched-Precast2.jpg","contentUrl":"https:\/\/sinocarbonfibre.com\/wp-content\/uploads\/2025\/07\/Needle-Punched-Precast2.jpg","width":1000,"height":600},{"@type":"BreadcrumbList","@id":"https:\/\/sinocarbonfibre.com\/product\/quartz-needle-felt\/#breadcrumb","itemListElement":[{"@type":"ListItem","position":1,"name":"Home","item":"https:\/\/sinocarbonfibre.com\/"},{"@type":"ListItem","position":2,"name":"Products","item":"https:\/\/sinocarbonfibre.com\/shop\/"},{"@type":"ListItem","position":3,"name":"Quartz needle felt"}]},{"@type":"WebSite","@id":"https:\/\/sinocarbonfibre.com\/#website","url":"https:\/\/sinocarbonfibre.com\/","name":"China carbon fiber drone products, carbon fiber, aramid fiber products and customized manufacturers","description":"","publisher":{"@id":"https:\/\/sinocarbonfibre.com\/#organization"},"potentialAction":[{"@type":"SearchAction","target":{"@type":"EntryPoint","urlTemplate":"https:\/\/sinocarbonfibre.com\/?s={search_term_string}"},"query-input":{"@type":"PropertyValueSpecification","valueRequired":true,"valueName":"search_term_string"}}],"inLanguage":"fr-FR"},{"@type":"Organization","@id":"https:\/\/sinocarbonfibre.com\/#organization","name":"China carbon fiber drone products, carbon fiber, aramid fiber products and customized manufacturers","url":"https:\/\/sinocarbonfibre.com\/","logo":{"@type":"ImageObject","inLanguage":"fr-FR","@id":"https:\/\/sinocarbonfibre.com\/#\/schema\/logo\/image\/","url":"https:\/\/sinocarbonfibre.com\/wp-content\/uploads\/2025\/03\/logo.png","contentUrl":"https:\/\/sinocarbonfibre.com\/wp-content\/uploads\/2025\/03\/logo.png","width":400,"height":80,"caption":"China carbon fiber drone products, carbon fiber, aramid fiber products and customized manufacturers"},"image":{"@id":"https:\/\/sinocarbonfibre.com\/#\/schema\/logo\/image\/"}}]}},"_links":{"self":[{"href":"https:\/\/sinocarbonfibre.com\/fr\/wp-json\/wp\/v2\/product\/1412","targetHints":{"allow":["GET"]}}],"collection":[{"href":"https:\/\/sinocarbonfibre.com\/fr\/wp-json\/wp\/v2\/product"}],"about":[{"href":"https:\/\/sinocarbonfibre.com\/fr\/wp-json\/wp\/v2\/types\/product"}],"replies":[{"embeddable":true,"href":"https:\/\/sinocarbonfibre.com\/fr\/wp-json\/wp\/v2\/comments?post=1412"}],"version-history":[{"count":7,"href":"https:\/\/sinocarbonfibre.com\/fr\/wp-json\/wp\/v2\/product\/1412\/revisions"}],"predecessor-version":[{"id":1751,"href":"https:\/\/sinocarbonfibre.com\/fr\/wp-json\/wp\/v2\/product\/1412\/revisions\/1751"}],"wp:featuredmedia":[{"embeddable":true,"href":"https:\/\/sinocarbonfibre.com\/fr\/wp-json\/wp\/v2\/media\/1406"}],"wp:attachment":[{"href":"https:\/\/sinocarbonfibre.com\/fr\/wp-json\/wp\/v2\/media?parent=1412"}],"wp:term":[{"taxonomy":"product_brand","embeddable":true,"href":"https:\/\/sinocarbonfibre.com\/fr\/wp-json\/wp\/v2\/product_brand?post=1412"},{"taxonomy":"product_cat","embeddable":true,"href":"https:\/\/sinocarbonfibre.com\/fr\/wp-json\/wp\/v2\/product_cat?post=1412"},{"taxonomy":"product_tag","embeddable":true,"href":"https:\/\/sinocarbonfibre.com\/fr\/wp-json\/wp\/v2\/product_tag?post=1412"}],"curies":[{"name":"wp","href":"https:\/\/api.w.org\/{rel}","templated":true}]}}