{"id":1396,"date":"2025-07-17T04:59:38","date_gmt":"2025-07-17T04:59:38","guid":{"rendered":"https:\/\/sinocarbonfibre.com\/?post_type=product&#038;p=1396"},"modified":"2025-07-24T00:51:42","modified_gmt":"2025-07-24T00:51:42","slug":"carbon-fiber-needle-felt","status":"publish","type":"product","link":"https:\/\/sinocarbonfibre.com\/fr\/produit\/carbon-fiber-needle-felt\/","title":{"rendered":"Feutre aiguillet\u00e9 en fibre de carbone"},"content":{"rendered":"<div data-elementor-type=\"product-post\" data-elementor-id=\"1396\" class=\"elementor elementor-1396\" data-elementor-post-type=\"product\">\n\t\t\t\t<div class=\"elementor-element elementor-element-10e95ed e-flex e-con-boxed e-con e-parent\" data-id=\"10e95ed\" data-element_type=\"container\">\n\t\t\t\t\t<div class=\"e-con-inner\">\n\t\t\t\t<div class=\"elementor-element elementor-element-a7ecb43 elementor-widget elementor-widget-text-editor\" data-id=\"a7ecb43\" data-element_type=\"widget\" data-widget_type=\"text-editor.default\">\n\t\t\t\t<div class=\"elementor-widget-container\">\n\t\t\t\t\t\t\t\t\t<p>L'aiguilletage du feutre de fibre de carbone consiste \u00e0 ouvrir, peigner et d\u00e9poser des fibres courtes dans un filet de fibres, puis \u00e0 renforcer le filet de fibres en tissu \u00e0 l'aide d'aiguilles. Les aiguilles sont munies de crochets et d'\u00e9pines qui perforent \u00e0 plusieurs reprises le r\u00e9seau de fibres. Les crochets et les fibres sont renforc\u00e9s pour former un feutre de fibre de carbone brut aiguillet\u00e9. La production de feutre de fibres de carbone par aiguilletage consiste \u00e0 renforcer et \u00e0 maintenir le filet de fibres duveteux par l'action de perforation de la machine d'aiguilletage afin d'obtenir une r\u00e9sistance.<\/p><p>Le filet de fibres est perc\u00e9 \u00e0 plusieurs reprises par une aiguille munie d'un ardillon sur le bord d'une section triangulaire (ou d'une autre section). Lorsque l'ardillon traverse le filet de fibres, la surface et les fibres int\u00e9rieures locales du filet de fibres sont forc\u00e9es de p\u00e9n\u00e9trer dans le filet de fibres. En raison de la friction entre les fibres, le filet de fibres pelucheux d'origine est comprim\u00e9. Lorsque l'aiguille se retire du r\u00e9seau de fibres, les faisceaux de fibres ins\u00e9r\u00e9s se d\u00e9tachent de l'ardillon et restent dans le r\u00e9seau de fibres. De cette mani\u00e8re, de nombreux faisceaux de fibres s'enchev\u00eatrent dans le r\u00e9seau de fibres et celui-ci ne peut plus retrouver son \u00e9tat pelucheux d'origine. Apr\u00e8s de nombreux coups d'aiguille, un grand nombre de faisceaux de fibres sont perc\u00e9s dans le filet de fibres, de sorte que les fibres du filet de fibres sont enchev\u00eatr\u00e9es les unes dans les autres, formant ainsi un feutre brut de fibres de carbone d'une certaine r\u00e9sistance et d'une certaine \u00e9paisseur. Le feutre de fibres de carbone original est ensuite pr\u00e9-oxyd\u00e9 et carbonis\u00e9 pour obtenir un feutre de fibres de carbone (processus de production du feutre de fibres de carbone \u00e0 base de PAN).<\/p><p>Le feutre de fibre de carbone pr\u00e9sente une r\u00e9sistance axiale et un module \u00e9lev\u00e9s, une faible densit\u00e9, une r\u00e9sistance aux temp\u00e9ratures tr\u00e8s \u00e9lev\u00e9es dans un environnement non oxydant, une bonne r\u00e9sistance \u00e0 la fatigue, une r\u00e9sistance aux acides et aux alcalis, une r\u00e9sistance aux temp\u00e9ratures \u00e9lev\u00e9es, une bonne transmission des rayons X, une bonne conductivit\u00e9 \u00e9lectrique et thermique, ainsi que de bonnes propri\u00e9t\u00e9s de blindage \u00e9lectromagn\u00e9tique. Il est de plus en plus utilis\u00e9 dans l'industrie, les soins m\u00e9dicaux, la protection de l'environnement et d'autres domaines.<\/p><p>Les pr\u00e9formes aiguillet\u00e9es en fibre de carbone sont fabriqu\u00e9es \u00e0 partir d'un tissu en fibre de carbone dont l'angle de pliage est optimis\u00e9, combin\u00e9es \u00e0 un remplissage en fibres courtes de carbone et reli\u00e9es entre elles par des processus sp\u00e9ciaux. Les mat\u00e9riaux composites C\/C sont fabriqu\u00e9s par d\u00e9p\u00f4t en phase vapeur et par composition, ce qui donne une structure porteuse l\u00e9g\u00e8re, solide et durable. Les sp\u00e9cifications courantes comprennent des pi\u00e8ces r\u00e9guli\u00e8res telles que des plaques plates et des pots, ainsi que des pi\u00e8ces de forme sp\u00e9ciale telles que des tubes de guidage et des creusets.<\/p><p>La pr\u00e9forme aiguillet\u00e9e en fibre de carbone est une sorte de pr\u00e9forme en mat\u00e9riau composite C\/C. Le processus de formation de la pr\u00e9forme aiguillet\u00e9e consiste \u00e0 utiliser une maille de fibre comme mati\u00e8re premi\u00e8re pour l'aiguilletage, et \u00e0 utiliser une aiguille sp\u00e9ciale avec des crochets invers\u00e9s pour l'aiguilletage afin de former un renforcement de structure de maille quasi tridimensionnelle avec une certaine r\u00e9sistance \u00e0 la fois dans le plan et dans l'intercouche. La pr\u00e9forme aiguillet\u00e9e permet de surmonter la faible r\u00e9sistance des couches interm\u00e9diaires de la pr\u00e9forme stratifi\u00e9e 2D et, en m\u00eame temps, de surmonter la faiblesse de la pr\u00e9forme tiss\u00e9e 3D, dont le processus est complexe et le co\u00fbt \u00e9lev\u00e9.<\/p><p>Les pr\u00e9formes en fibre de carbone sont fabriqu\u00e9es en fibre de carbone tr\u00e8s r\u00e9sistante, en tissu de fibre de carbone et en feutre de fibre de carbone par superposition et aiguilletage r\u00e9p\u00e9t\u00e9s. Elles sont remplies de fibres courtes et ont une certaine densit\u00e9 et fermet\u00e9. Les produits comprennent divers creusets pour champs chauds, des tubes de guidage, des creusets, des pr\u00e9formes pour tonneaux d'isolation et des pr\u00e9formes pour plaques plates. Les produits sont transform\u00e9s en composants l\u00e9gers, robustes et durables. Ils peuvent \u00e9galement \u00eatre transform\u00e9s en rails \u00e0 grande vitesse, en disques de frein pour automobiles, en attaches et en produits sp\u00e9ciaux.<\/p><h1><strong>Caract\u00e9ristiques du produit<\/strong><\/h1><p>Densit\u00e9 appropri\u00e9e ; pas facile \u00e0 d\u00e9former ; bonne r\u00e9sistance aux chocs thermiques du produit final ; pas de fissure ni de chute.<\/p><h1><strong>Param\u00e8tres de base<\/strong><\/h1><p>Qualit\u00e9 esth\u00e9tique : aiguilletage uniforme, pas de stratification, pas de durcissement, pas d'enroulement et autres d\u00e9fauts dans l'\u00e9bauche.<\/p><p>Taille : conform\u00e9ment au contrat de commande et \u00e0 l'accord technique entre les parties de l'offre et de la demande.<\/p><p>Densit\u00e9 volumique : 0,55-0,60g\/cm selon les besoins du client<\/p><p>Densit\u00e9 des couches : 6-13 couches\/cm<\/p><p>Pourcentage de masse de fibres longues : 50-85%<\/p>\t\t\t\t\t\t\t\t<\/div>\n\t\t\t\t<\/div>\n\t\t\t\t\t<\/div>\n\t\t\t\t<\/div>\n\t\t\t\t<\/div>","protected":false},"excerpt":{"rendered":"<p>L'aiguilletage du feutre de fibre de carbone consiste \u00e0 ouvrir, peigner et d\u00e9poser des fibres courtes dans un filet de fibres, puis \u00e0 renforcer le filet de fibres en tissu \u00e0 l'aide d'aiguilles. Les aiguilles sont munies de crochets et d'\u00e9pines qui perforent \u00e0 plusieurs reprises le r\u00e9seau de fibres. Les crochets et les fibres sont renforc\u00e9s pour former un feutre de fibre de carbone brut aiguillet\u00e9. La production de feutre de fibres de carbone par aiguilletage consiste \u00e0 renforcer et \u00e0 maintenir le filet de fibres duveteux par l'action de perforation de la machine d'aiguilletage afin d'obtenir une r\u00e9sistance.<\/p>","protected":false},"featured_media":1397,"comment_status":"open","ping_status":"closed","template":"","meta":{"_acf_changed":false,"site-sidebar-layout":"no-sidebar","site-content-layout":"","ast-site-content-layout":"full-width-container","site-content-style":"default","site-sidebar-style":"default","ast-global-header-display":"","ast-banner-title-visibility":"","ast-main-header-display":"","ast-hfb-above-header-display":"","ast-hfb-below-header-display":"","ast-hfb-mobile-header-display":"","site-post-title":"disabled","ast-breadcrumbs-content":"","ast-featured-img":"disabled","footer-sml-layout":"","theme-transparent-header-meta":"default","adv-header-id-meta":"","stick-header-meta":"","header-above-stick-meta":"","header-main-stick-meta":"","header-below-stick-meta":"","astra-migrate-meta-layouts":"set","ast-page-background-enabled":"default","ast-page-background-meta":{"desktop":{"background-color":"var(--ast-global-color-5)","background-image":"","background-repeat":"repeat","background-position":"center center","background-size":"auto","background-attachment":"scroll","background-type":"","background-media":"","overlay-type":"","overlay-color":"","overlay-opacity":"","overlay-gradient":""},"tablet":{"background-color":"","background-image":"","background-repeat":"repeat","background-position":"center center","background-size":"auto","background-attachment":"scroll","background-type":"","background-media":"","overlay-type":"","overlay-color":"","overlay-opacity":"","overlay-gradient":""},"mobile":{"background-color":"","background-image":"","background-repeat":"repeat","background-position":"center center","background-size":"auto","background-attachment":"scroll","background-type":"","background-media":"","overlay-type":"","overlay-color":"","overlay-opacity":"","overlay-gradient":""}},"ast-content-background-meta":{"desktop":{"background-color":"var(--ast-global-color-4)","background-image":"","background-repeat":"repeat","background-position":"center center","background-size":"auto","background-attachment":"scroll","background-type":"","background-media":"","overlay-type":"","overlay-color":"","overlay-opacity":"","overlay-gradient":""},"tablet":{"background-color":"var(--ast-global-color-4)","background-image":"","background-repeat":"repeat","background-position":"center center","background-size":"auto","background-attachment":"scroll","background-type":"","background-media":"","overlay-type":"","overlay-color":"","overlay-opacity":"","overlay-gradient":""},"mobile":{"background-color":"var(--ast-global-color-4)","background-image":"","background-repeat":"repeat","background-position":"center center","background-size":"auto","background-attachment":"scroll","background-type":"","background-media":"","overlay-type":"","overlay-color":"","overlay-opacity":"","overlay-gradient":""}}},"product_brand":[],"product_cat":[68],"product_tag":[],"class_list":{"0":"post-1396","1":"product","2":"type-product","3":"status-publish","4":"has-post-thumbnail","6":"product_cat-needle-punched-precast","7":"desktop-align-left","8":"tablet-align-left","9":"mobile-align-left","11":"first","12":"instock","13":"shipping-taxable","14":"product-type-simple"},"acf":[],"yoast_head":"<!-- This site is optimized with the Yoast SEO plugin v25.5 - https:\/\/yoast.com\/wordpress\/plugins\/seo\/ -->\n<title>Carbon fiber needle felt - China carbon fiber drone products, carbon fiber, aramid fiber products and customized manufacturers<\/title>\n<meta name=\"robots\" content=\"index, follow, max-snippet:-1, max-image-preview:large, max-video-preview:-1\" \/>\n<link rel=\"canonical\" href=\"https:\/\/sinocarbonfibre.com\/fr\/produit\/carbon-fiber-needle-felt\/\" \/>\n<meta property=\"og:locale\" content=\"fr_FR\" \/>\n<meta property=\"og:type\" content=\"article\" \/>\n<meta property=\"og:title\" content=\"Carbon fiber needle felt - China carbon fiber drone products, carbon fiber, aramid fiber products and customized manufacturers\" \/>\n<meta property=\"og:description\" content=\"Carbon fiber felt needle punching is to open, comb and lay short fibers into a fiber net, and then reinforce the fiber net into cloth through needles. The needles have hooks and thorns, which repeatedly puncture the fiber net. The hooks and fibers are reinforced to form needle-punched carbon fiber raw felt. The production of carbon fiber felt by needle punching is to reinforce and hold the fluffy fiber net through the puncture action of the needle punching machine to obtain strength.\" \/>\n<meta property=\"og:url\" content=\"https:\/\/sinocarbonfibre.com\/fr\/produit\/carbon-fiber-needle-felt\/\" \/>\n<meta property=\"og:site_name\" content=\"China carbon fiber drone products, carbon fiber, aramid fiber products and customized manufacturers\" \/>\n<meta property=\"article:modified_time\" content=\"2025-07-24T00:51:42+00:00\" \/>\n<meta property=\"og:image\" content=\"https:\/\/sinocarbonfibre.com\/wp-content\/uploads\/2025\/07\/Needle-Punched-Precast1.jpg\" \/>\n\t<meta property=\"og:image:width\" content=\"1000\" \/>\n\t<meta property=\"og:image:height\" content=\"600\" \/>\n\t<meta property=\"og:image:type\" content=\"image\/jpeg\" \/>\n<meta name=\"twitter:card\" content=\"summary_large_image\" \/>\n<script type=\"application\/ld+json\" class=\"yoast-schema-graph\">{\"@context\":\"https:\/\/schema.org\",\"@graph\":[{\"@type\":\"WebPage\",\"@id\":\"https:\/\/sinocarbonfibre.com\/product\/carbon-fiber-needle-felt\/\",\"url\":\"https:\/\/sinocarbonfibre.com\/product\/carbon-fiber-needle-felt\/\",\"name\":\"Carbon fiber needle felt - China carbon fiber drone products, carbon fiber, aramid fiber products and customized manufacturers\",\"isPartOf\":{\"@id\":\"https:\/\/sinocarbonfibre.com\/#website\"},\"primaryImageOfPage\":{\"@id\":\"https:\/\/sinocarbonfibre.com\/product\/carbon-fiber-needle-felt\/#primaryimage\"},\"image\":{\"@id\":\"https:\/\/sinocarbonfibre.com\/product\/carbon-fiber-needle-felt\/#primaryimage\"},\"thumbnailUrl\":\"https:\/\/sinocarbonfibre.com\/wp-content\/uploads\/2025\/07\/Needle-Punched-Precast1.jpg\",\"datePublished\":\"2025-07-17T04:59:38+00:00\",\"dateModified\":\"2025-07-24T00:51:42+00:00\",\"breadcrumb\":{\"@id\":\"https:\/\/sinocarbonfibre.com\/product\/carbon-fiber-needle-felt\/#breadcrumb\"},\"inLanguage\":\"fr-FR\",\"potentialAction\":[{\"@type\":\"ReadAction\",\"target\":[\"https:\/\/sinocarbonfibre.com\/product\/carbon-fiber-needle-felt\/\"]}]},{\"@type\":\"ImageObject\",\"inLanguage\":\"fr-FR\",\"@id\":\"https:\/\/sinocarbonfibre.com\/product\/carbon-fiber-needle-felt\/#primaryimage\",\"url\":\"https:\/\/sinocarbonfibre.com\/wp-content\/uploads\/2025\/07\/Needle-Punched-Precast1.jpg\",\"contentUrl\":\"https:\/\/sinocarbonfibre.com\/wp-content\/uploads\/2025\/07\/Needle-Punched-Precast1.jpg\",\"width\":1000,\"height\":600},{\"@type\":\"BreadcrumbList\",\"@id\":\"https:\/\/sinocarbonfibre.com\/product\/carbon-fiber-needle-felt\/#breadcrumb\",\"itemListElement\":[{\"@type\":\"ListItem\",\"position\":1,\"name\":\"Home\",\"item\":\"https:\/\/sinocarbonfibre.com\/\"},{\"@type\":\"ListItem\",\"position\":2,\"name\":\"Products\",\"item\":\"https:\/\/sinocarbonfibre.com\/shop\/\"},{\"@type\":\"ListItem\",\"position\":3,\"name\":\"Carbon fiber needle felt\"}]},{\"@type\":\"WebSite\",\"@id\":\"https:\/\/sinocarbonfibre.com\/#website\",\"url\":\"https:\/\/sinocarbonfibre.com\/\",\"name\":\"China carbon fiber drone products, carbon fiber, aramid fiber products and customized manufacturers\",\"description\":\"\",\"publisher\":{\"@id\":\"https:\/\/sinocarbonfibre.com\/#organization\"},\"potentialAction\":[{\"@type\":\"SearchAction\",\"target\":{\"@type\":\"EntryPoint\",\"urlTemplate\":\"https:\/\/sinocarbonfibre.com\/?s={search_term_string}\"},\"query-input\":{\"@type\":\"PropertyValueSpecification\",\"valueRequired\":true,\"valueName\":\"search_term_string\"}}],\"inLanguage\":\"fr-FR\"},{\"@type\":\"Organization\",\"@id\":\"https:\/\/sinocarbonfibre.com\/#organization\",\"name\":\"China carbon fiber drone products, carbon fiber, aramid fiber products and customized manufacturers\",\"url\":\"https:\/\/sinocarbonfibre.com\/\",\"logo\":{\"@type\":\"ImageObject\",\"inLanguage\":\"fr-FR\",\"@id\":\"https:\/\/sinocarbonfibre.com\/#\/schema\/logo\/image\/\",\"url\":\"https:\/\/sinocarbonfibre.com\/wp-content\/uploads\/2025\/03\/logo.png\",\"contentUrl\":\"https:\/\/sinocarbonfibre.com\/wp-content\/uploads\/2025\/03\/logo.png\",\"width\":400,\"height\":80,\"caption\":\"China carbon fiber drone products, carbon fiber, aramid fiber products and customized manufacturers\"},\"image\":{\"@id\":\"https:\/\/sinocarbonfibre.com\/#\/schema\/logo\/image\/\"}}]}<\/script>\n<!-- \/ Yoast SEO plugin. -->","yoast_head_json":{"title":"Carbon fiber needle felt - China carbon fiber drone products, carbon fiber, aramid fiber products and customized manufacturers","robots":{"index":"index","follow":"follow","max-snippet":"max-snippet:-1","max-image-preview":"max-image-preview:large","max-video-preview":"max-video-preview:-1"},"canonical":"https:\/\/sinocarbonfibre.com\/fr\/produit\/carbon-fiber-needle-felt\/","og_locale":"fr_FR","og_type":"article","og_title":"Carbon fiber needle felt - China carbon fiber drone products, carbon fiber, aramid fiber products and customized manufacturers","og_description":"Carbon fiber felt needle punching is to open, comb and lay short fibers into a fiber net, and then reinforce the fiber net into cloth through needles. The needles have hooks and thorns, which repeatedly puncture the fiber net. The hooks and fibers are reinforced to form needle-punched carbon fiber raw felt. The production of carbon fiber felt by needle punching is to reinforce and hold the fluffy fiber net through the puncture action of the needle punching machine to obtain strength.","og_url":"https:\/\/sinocarbonfibre.com\/fr\/produit\/carbon-fiber-needle-felt\/","og_site_name":"China carbon fiber drone products, carbon fiber, aramid fiber products and customized manufacturers","article_modified_time":"2025-07-24T00:51:42+00:00","og_image":[{"width":1000,"height":600,"url":"https:\/\/sinocarbonfibre.com\/wp-content\/uploads\/2025\/07\/Needle-Punched-Precast1.jpg","type":"image\/jpeg"}],"twitter_card":"summary_large_image","schema":{"@context":"https:\/\/schema.org","@graph":[{"@type":"WebPage","@id":"https:\/\/sinocarbonfibre.com\/product\/carbon-fiber-needle-felt\/","url":"https:\/\/sinocarbonfibre.com\/product\/carbon-fiber-needle-felt\/","name":"Carbon fiber needle felt - China carbon fiber drone products, carbon fiber, aramid fiber products and customized manufacturers","isPartOf":{"@id":"https:\/\/sinocarbonfibre.com\/#website"},"primaryImageOfPage":{"@id":"https:\/\/sinocarbonfibre.com\/product\/carbon-fiber-needle-felt\/#primaryimage"},"image":{"@id":"https:\/\/sinocarbonfibre.com\/product\/carbon-fiber-needle-felt\/#primaryimage"},"thumbnailUrl":"https:\/\/sinocarbonfibre.com\/wp-content\/uploads\/2025\/07\/Needle-Punched-Precast1.jpg","datePublished":"2025-07-17T04:59:38+00:00","dateModified":"2025-07-24T00:51:42+00:00","breadcrumb":{"@id":"https:\/\/sinocarbonfibre.com\/product\/carbon-fiber-needle-felt\/#breadcrumb"},"inLanguage":"fr-FR","potentialAction":[{"@type":"ReadAction","target":["https:\/\/sinocarbonfibre.com\/product\/carbon-fiber-needle-felt\/"]}]},{"@type":"ImageObject","inLanguage":"fr-FR","@id":"https:\/\/sinocarbonfibre.com\/product\/carbon-fiber-needle-felt\/#primaryimage","url":"https:\/\/sinocarbonfibre.com\/wp-content\/uploads\/2025\/07\/Needle-Punched-Precast1.jpg","contentUrl":"https:\/\/sinocarbonfibre.com\/wp-content\/uploads\/2025\/07\/Needle-Punched-Precast1.jpg","width":1000,"height":600},{"@type":"BreadcrumbList","@id":"https:\/\/sinocarbonfibre.com\/product\/carbon-fiber-needle-felt\/#breadcrumb","itemListElement":[{"@type":"ListItem","position":1,"name":"Home","item":"https:\/\/sinocarbonfibre.com\/"},{"@type":"ListItem","position":2,"name":"Products","item":"https:\/\/sinocarbonfibre.com\/shop\/"},{"@type":"ListItem","position":3,"name":"Carbon fiber needle felt"}]},{"@type":"WebSite","@id":"https:\/\/sinocarbonfibre.com\/#website","url":"https:\/\/sinocarbonfibre.com\/","name":"China carbon fiber drone products, carbon fiber, aramid fiber products and customized manufacturers","description":"","publisher":{"@id":"https:\/\/sinocarbonfibre.com\/#organization"},"potentialAction":[{"@type":"SearchAction","target":{"@type":"EntryPoint","urlTemplate":"https:\/\/sinocarbonfibre.com\/?s={search_term_string}"},"query-input":{"@type":"PropertyValueSpecification","valueRequired":true,"valueName":"search_term_string"}}],"inLanguage":"fr-FR"},{"@type":"Organization","@id":"https:\/\/sinocarbonfibre.com\/#organization","name":"China carbon fiber drone products, carbon fiber, aramid fiber products and customized manufacturers","url":"https:\/\/sinocarbonfibre.com\/","logo":{"@type":"ImageObject","inLanguage":"fr-FR","@id":"https:\/\/sinocarbonfibre.com\/#\/schema\/logo\/image\/","url":"https:\/\/sinocarbonfibre.com\/wp-content\/uploads\/2025\/03\/logo.png","contentUrl":"https:\/\/sinocarbonfibre.com\/wp-content\/uploads\/2025\/03\/logo.png","width":400,"height":80,"caption":"China carbon fiber drone products, carbon fiber, aramid fiber products and customized manufacturers"},"image":{"@id":"https:\/\/sinocarbonfibre.com\/#\/schema\/logo\/image\/"}}]}},"_links":{"self":[{"href":"https:\/\/sinocarbonfibre.com\/fr\/wp-json\/wp\/v2\/product\/1396","targetHints":{"allow":["GET"]}}],"collection":[{"href":"https:\/\/sinocarbonfibre.com\/fr\/wp-json\/wp\/v2\/product"}],"about":[{"href":"https:\/\/sinocarbonfibre.com\/fr\/wp-json\/wp\/v2\/types\/product"}],"replies":[{"embeddable":true,"href":"https:\/\/sinocarbonfibre.com\/fr\/wp-json\/wp\/v2\/comments?post=1396"}],"version-history":[{"count":7,"href":"https:\/\/sinocarbonfibre.com\/fr\/wp-json\/wp\/v2\/product\/1396\/revisions"}],"predecessor-version":[{"id":1754,"href":"https:\/\/sinocarbonfibre.com\/fr\/wp-json\/wp\/v2\/product\/1396\/revisions\/1754"}],"wp:featuredmedia":[{"embeddable":true,"href":"https:\/\/sinocarbonfibre.com\/fr\/wp-json\/wp\/v2\/media\/1397"}],"wp:attachment":[{"href":"https:\/\/sinocarbonfibre.com\/fr\/wp-json\/wp\/v2\/media?parent=1396"}],"wp:term":[{"taxonomy":"product_brand","embeddable":true,"href":"https:\/\/sinocarbonfibre.com\/fr\/wp-json\/wp\/v2\/product_brand?post=1396"},{"taxonomy":"product_cat","embeddable":true,"href":"https:\/\/sinocarbonfibre.com\/fr\/wp-json\/wp\/v2\/product_cat?post=1396"},{"taxonomy":"product_tag","embeddable":true,"href":"https:\/\/sinocarbonfibre.com\/fr\/wp-json\/wp\/v2\/product_tag?post=1396"}],"curies":[{"name":"wp","href":"https:\/\/api.w.org\/{rel}","templated":true}]}}