{"id":1211,"date":"2025-07-16T09:10:37","date_gmt":"2025-07-16T09:10:37","guid":{"rendered":"https:\/\/sinocarbonfibre.com\/?post_type=product&#038;p=1211"},"modified":"2025-07-24T01:49:42","modified_gmt":"2025-07-24T01:49:42","slug":"carbon-fiber-drone","status":"publish","type":"product","link":"https:\/\/sinocarbonfibre.com\/fr\/produit\/carbon-fiber-drone\/","title":{"rendered":"Drone en fibre de carbone"},"content":{"rendered":"<div data-elementor-type=\"product-post\" data-elementor-id=\"1211\" class=\"elementor elementor-1211\" data-elementor-post-type=\"product\">\n\t\t\t\t<div class=\"elementor-element elementor-element-2cea86b e-flex e-con-boxed e-con e-parent\" data-id=\"2cea86b\" data-element_type=\"container\">\n\t\t\t\t\t<div class=\"e-con-inner\">\n\t\t\t\t<div class=\"elementor-element elementor-element-ef1b3b9 elementor-widget elementor-widget-text-editor\" data-id=\"ef1b3b9\" data-element_type=\"widget\" data-widget_type=\"text-editor.default\">\n\t\t\t\t<div class=\"elementor-widget-container\">\n\t\t\t\t\t\t\t\t\t<h1><img fetchpriority=\"high\" decoding=\"async\" class=\"aligncenter wp-image-1800 size-full\" src=\"https:\/\/sinocarbonfibre.com\/wp-content\/uploads\/2025\/07\/Carbon-Fiber-Drone2-1.jpg\" alt=\"\" width=\"1000\" height=\"750\" srcset=\"https:\/\/sinocarbonfibre.com\/wp-content\/uploads\/2025\/07\/Carbon-Fiber-Drone2-1.jpg 1000w, https:\/\/sinocarbonfibre.com\/wp-content\/uploads\/2025\/07\/Carbon-Fiber-Drone2-1-300x225.jpg 300w, https:\/\/sinocarbonfibre.com\/wp-content\/uploads\/2025\/07\/Carbon-Fiber-Drone2-1-768x576.jpg 768w, https:\/\/sinocarbonfibre.com\/wp-content\/uploads\/2025\/07\/Carbon-Fiber-Drone2-1-600x450.jpg 600w\" sizes=\"(max-width: 1000px) 100vw, 1000px\" \/><\/h1><h1><strong><b>Pourquoi la fibre de carbone est-elle adapt\u00e9e aux drones ?<\/b><\/strong><\/h1>\t\t\t\t\t\t\t\t<\/div>\n\t\t\t\t<\/div>\n\t\t\t\t<div class=\"elementor-element elementor-element-b89120f elementor-widget elementor-widget-shortcode\" data-id=\"b89120f\" data-element_type=\"widget\" data-widget_type=\"shortcode.default\">\n\t\t\t\t<div class=\"elementor-widget-container\">\n\t\t\t\t\t\t\t<div class=\"elementor-shortcode\">\n<table id=\"tablepress-17\" class=\"tablepress tablepress-id-17\">\n<tbody>\n<tr class=\"row-1\">\n\t<td class=\"column-1\">Caract\u00e9ristiques<\/td><td class=\"column-2\">Description<\/td>\n<\/tr>\n<tr class=\"row-2\">\n\t<td class=\"column-1\">L\u00e9ger et tr\u00e8s r\u00e9sistant<\/td><td class=\"column-2\">\u00c0 qualit\u00e9 \u00e9gale, la r\u00e9sistance de la fibre de carbone est bien sup\u00e9rieure \u00e0 celle de l'aluminium et du plastique, ce qui permet de r\u00e9duire efficacement le poids de l'avion.<\/td>\n<\/tr>\n<tr class=\"row-3\">\n\t<td class=\"column-1\">Bonne rigidit\u00e9<\/td><td class=\"column-2\">Il ne se d\u00e9forme pas facilement, ce qui contribue \u00e0 am\u00e9liorer la stabilit\u00e9 du vol, notamment en cas de vent ou de charge.<\/td>\n<\/tr>\n<tr class=\"row-4\">\n\t<td class=\"column-1\">R\u00e9sistance \u00e0 la corrosion et \u00e0 la fatigue<\/td><td class=\"column-2\">Il est adapt\u00e9 \u00e0 divers environnements ext\u00e9rieurs complexes et convient aux vols ou missions de longue dur\u00e9e.<\/td>\n<\/tr>\n<tr class=\"row-5\">\n\t<td class=\"column-1\">Belle et facile \u00e0 fa\u00e7onner<\/td><td class=\"column-2\">La texture de la fibre de carbone a un sens de la technologie et est facile \u00e0 personnaliser.<\/td>\n<\/tr>\n<\/tbody>\n<\/table>\n<!-- #tablepress-17 from cache --><\/div>\n\t\t\t\t\t\t<\/div>\n\t\t\t\t<\/div>\n\t\t\t\t<div class=\"elementor-element elementor-element-2beaf2f elementor-widget elementor-widget-text-editor\" data-id=\"2beaf2f\" data-element_type=\"widget\" data-widget_type=\"text-editor.default\">\n\t\t\t\t<div class=\"elementor-widget-container\">\n\t\t\t\t\t\t\t\t\t<h1><img decoding=\"async\" class=\"aligncenter wp-image-1802 size-full\" src=\"https:\/\/sinocarbonfibre.com\/wp-content\/uploads\/2025\/07\/Carbon-Fiber-Drone3-1.jpg\" alt=\"\" width=\"1000\" height=\"750\" srcset=\"https:\/\/sinocarbonfibre.com\/wp-content\/uploads\/2025\/07\/Carbon-Fiber-Drone3-1.jpg 1000w, https:\/\/sinocarbonfibre.com\/wp-content\/uploads\/2025\/07\/Carbon-Fiber-Drone3-1-300x225.jpg 300w, https:\/\/sinocarbonfibre.com\/wp-content\/uploads\/2025\/07\/Carbon-Fiber-Drone3-1-768x576.jpg 768w, https:\/\/sinocarbonfibre.com\/wp-content\/uploads\/2025\/07\/Carbon-Fiber-Drone3-1-600x450.jpg 600w\" sizes=\"(max-width: 1000px) 100vw, 1000px\" \/><\/h1><h1><strong><b>Domaines d'application typiques de la fibre de carbone dans les drones<\/b><\/strong><\/h1>\t\t\t\t\t\t\t\t<\/div>\n\t\t\t\t<\/div>\n\t\t\t\t<div class=\"elementor-element elementor-element-beeccdd elementor-widget elementor-widget-shortcode\" data-id=\"beeccdd\" data-element_type=\"widget\" data-widget_type=\"shortcode.default\">\n\t\t\t\t<div class=\"elementor-widget-container\">\n\t\t\t\t\t\t\t<div class=\"elementor-shortcode\">\n<table id=\"tablepress-18\" class=\"tablepress tablepress-id-18\">\n<tbody>\n<tr class=\"row-1\">\n\t<td class=\"column-1\">Pi\u00e8ces d\u00e9tach\u00e9es<\/td><td class=\"column-2\">Description fonctionnelle<\/td>\n<\/tr>\n<tr class=\"row-2\">\n\t<td class=\"column-1\">Bras\/supports<\/td><td class=\"column-2\">R\u00e9siste aux vibrations des moteurs et des h\u00e9lices, exige l\u00e9g\u00e8ret\u00e9 et grande r\u00e9sistance.<\/td>\n<\/tr>\n<tr class=\"row-3\">\n\t<td class=\"column-1\">Cadre du fuselage\/carter central<\/td><td class=\"column-2\">Support de la structure compl\u00e8te de la machine, souvent par d\u00e9coupage et moulage CNC de plaques de carbone.<\/td>\n<\/tr>\n<tr class=\"row-4\">\n\t<td class=\"column-1\">H\u00e9lices<\/td><td class=\"column-2\">La conception ultra-l\u00e9g\u00e8re permet d'am\u00e9liorer l'efficacit\u00e9 \u00e9nerg\u00e9tique et la r\u00e9activit\u00e9.<\/td>\n<\/tr>\n<tr class=\"row-5\">\n\t<td class=\"column-1\">Train d'atterrissage<\/td><td class=\"column-2\">Fournit un amortissement de l'atterrissage et un soutien structurel<\/td>\n<\/tr>\n<tr class=\"row-6\">\n\t<td class=\"column-1\">Couvercle ext\u00e9rieur ou d\u00e9coratif<\/td><td class=\"column-2\">Conception l\u00e9g\u00e8re tenant compte de l'esth\u00e9tique et de la protection contre la dissipation de la chaleur<\/td>\n<\/tr>\n<\/tbody>\n<\/table>\n<!-- #tablepress-18 from cache --><\/div>\n\t\t\t\t\t\t<\/div>\n\t\t\t\t<\/div>\n\t\t\t\t<div class=\"elementor-element elementor-element-b888f27 elementor-widget elementor-widget-text-editor\" data-id=\"b888f27\" data-element_type=\"widget\" data-widget_type=\"text-editor.default\">\n\t\t\t\t<div class=\"elementor-widget-container\">\n\t\t\t\t\t\t\t\t\t<h1><img decoding=\"async\" class=\"aligncenter wp-image-1803 size-full\" src=\"https:\/\/sinocarbonfibre.com\/wp-content\/uploads\/2025\/07\/Carbon-Fiber-Drone4-1.jpg\" alt=\"\" width=\"1000\" height=\"750\" srcset=\"https:\/\/sinocarbonfibre.com\/wp-content\/uploads\/2025\/07\/Carbon-Fiber-Drone4-1.jpg 1000w, https:\/\/sinocarbonfibre.com\/wp-content\/uploads\/2025\/07\/Carbon-Fiber-Drone4-1-300x225.jpg 300w, https:\/\/sinocarbonfibre.com\/wp-content\/uploads\/2025\/07\/Carbon-Fiber-Drone4-1-768x576.jpg 768w, https:\/\/sinocarbonfibre.com\/wp-content\/uploads\/2025\/07\/Carbon-Fiber-Drone4-1-600x450.jpg 600w\" sizes=\"(max-width: 1000px) 100vw, 1000px\" \/><\/h1><h1><strong><b>Types de mat\u00e9riaux en fibre de carbone (pour les drones)<\/b><\/strong><\/h1><h2>Plaque en fibre de carbone<\/h2><ul><li>Les \u00e9paisseurs courantes sont de 1 mm, 1,5 mm et 3 mm.<\/li><\/ul><ul><li>Utilis\u00e9 pour la d\u00e9coupe CNC afin de fabriquer des racks, des plaques de fond et d'autres pi\u00e8ces structurelles.<\/li><\/ul><h2>Tube en fibre de carbone<\/h2><ul><li>Tubes ronds ou carr\u00e9s, largement utilis\u00e9s dans les bras d'avions<\/li><\/ul><ul><li>Conception creuse, l\u00e9g\u00e8re et r\u00e9sistante \u00e0 la pression<\/li><\/ul><h2>Tissu de carbone pr\u00e9-impr\u00e9gn\u00e9<\/h2><ul><li>Utilis\u00e9 pour les coques de drone personnalis\u00e9es et avanc\u00e9es ou pour le moulage de structures de forme sp\u00e9ciale<\/li><\/ul><ul><li>N\u00e9cessite des moules et des proc\u00e9d\u00e9s de durcissement par pressage \u00e0 chaud<\/li><\/ul><h1><strong><b>Comparaison des avantages (avec d'autres mat\u00e9riaux)<\/b><\/strong><\/h1>\t\t\t\t\t\t\t\t<\/div>\n\t\t\t\t<\/div>\n\t\t\t\t<div class=\"elementor-element elementor-element-47c54e3 elementor-widget elementor-widget-shortcode\" data-id=\"47c54e3\" data-element_type=\"widget\" data-widget_type=\"shortcode.default\">\n\t\t\t\t<div class=\"elementor-widget-container\">\n\t\t\t\t\t\t\t<div class=\"elementor-shortcode\">\n<table id=\"tablepress-19\" class=\"tablepress tablepress-id-19\">\n<tbody>\n<tr class=\"row-1\">\n\t<td class=\"column-1\">Mat\u00e9riau<\/td><td class=\"column-2\">Poids<\/td><td class=\"column-3\">Renforcer<\/td><td class=\"column-4\">Co\u00fbt<\/td><td class=\"column-5\">Application<\/td>\n<\/tr>\n<tr class=\"row-2\">\n\t<td class=\"column-1\">Fibre de carbone<\/td><td class=\"column-2\">\u2605\u2605\u2605\u2605<\/td><td class=\"column-3\">\u2605\u2605\u2605\u2605<\/td><td class=\"column-4\">\u2605\u2605\u2605\u2605<\/td><td class=\"column-5\">Le choix du grand public pour les drones de haute performance<\/td>\n<\/tr>\n<tr class=\"row-3\">\n\t<td class=\"column-1\">Alliage d'aluminium<\/td><td class=\"column-2\">\u2605\u2605\u2605<\/td><td class=\"column-3\">\u2605\u2605\u2605<\/td><td class=\"column-4\">\u2605\u2605<\/td><td class=\"column-5\">Drones de moyenne et grande taille de qualit\u00e9 industrielle<\/td>\n<\/tr>\n<tr class=\"row-4\">\n\t<td class=\"column-1\">Plastique\/ABS<\/td><td class=\"column-2\">\u2605\u2605<\/td><td class=\"column-3\">\u2605<\/td><td class=\"column-4\">\u2605<\/td><td class=\"column-5\">Drones jouets et d'entr\u00e9e de gamme<\/td>\n<\/tr>\n<\/tbody>\n<\/table>\n<!-- #tablepress-19 from cache --><\/div>\n\t\t\t\t\t\t<\/div>\n\t\t\t\t<\/div>\n\t\t\t\t<div class=\"elementor-element elementor-element-352f327 elementor-widget elementor-widget-text-editor\" data-id=\"352f327\" data-element_type=\"widget\" data-widget_type=\"text-editor.default\">\n\t\t\t\t<div class=\"elementor-widget-container\">\n\t\t\t\t\t\t\t\t\t<h1><strong><b><img loading=\"lazy\" decoding=\"async\" class=\"aligncenter wp-image-1804 size-full\" src=\"https:\/\/sinocarbonfibre.com\/wp-content\/uploads\/2025\/07\/Carbon-Fiber-Drone5-1.jpg\" alt=\"\" width=\"1000\" height=\"750\" srcset=\"https:\/\/sinocarbonfibre.com\/wp-content\/uploads\/2025\/07\/Carbon-Fiber-Drone5-1.jpg 1000w, https:\/\/sinocarbonfibre.com\/wp-content\/uploads\/2025\/07\/Carbon-Fiber-Drone5-1-300x225.jpg 300w, https:\/\/sinocarbonfibre.com\/wp-content\/uploads\/2025\/07\/Carbon-Fiber-Drone5-1-768x576.jpg 768w, https:\/\/sinocarbonfibre.com\/wp-content\/uploads\/2025\/07\/Carbon-Fiber-Drone5-1-600x450.jpg 600w\" sizes=\"(max-width: 1000px) 100vw, 1000px\" \/><\/b><\/strong><\/h1><h1><strong><b>Exemples d'application<\/b><\/strong><\/h1><ul><li>Drones de course FPV : l\u00e9gers et rapides, ils sont g\u00e9n\u00e9ralement fabriqu\u00e9s \u00e0 partir d'une structure en fibre de carbone.<\/li><li>Drones de protection des plantes : les grands bras sont constitu\u00e9s de tuyaux en fibre de carbone, qui r\u00e9sistent \u00e0 la corrosion et ont une capacit\u00e9 de charge.<\/li><li>Drones de cartographie\/photographie : conception neutre pour assurer la r\u00e9sistance au vent et la stabilit\u00e9<\/li><li>Drones militaires\/industriels : utilisation de coques de moulage composites en fibre de carbone haut de gamme pour r\u00e9pondre aux besoins des professionnels.<\/li><\/ul><h1><strong><b>Si vous \u00eates un acteur, un d\u00e9veloppeur ou un fabricant de drones, je peux vous fournir les services suivants :<\/b><\/strong><\/h1><ul><li>Suggestions de conception de cadres en fibre de carbone (dessins\/standards CAO)<\/li><li>Recommandations d'achat (fabricants, sp\u00e9cifications)<\/li><li>M\u00e9thodes de traitement (CNC, moulage, d\u00e9coupe au laser)<\/li><\/ul>\t\t\t\t\t\t\t\t<\/div>\n\t\t\t\t<\/div>\n\t\t\t\t\t<\/div>\n\t\t\t\t<\/div>\n\t\t\t\t<\/div>","protected":false},"excerpt":{"rendered":"<p>La \"fibre de carbone pour drones\" d\u00e9signe les mat\u00e9riaux composites en fibre de carbone largement utilis\u00e9s dans les structures ou les composants des drones. Il s'agit de l'un des mat\u00e9riaux structurels les plus couramment utilis\u00e9s et id\u00e9aux dans le domaine des drones, principalement pour am\u00e9liorer les performances de vol, r\u00e9duire le poids, augmenter la r\u00e9sistance et prolonger le temps de vol.<\/p>","protected":false},"featured_media":1212,"comment_status":"open","ping_status":"closed","template":"","meta":{"_acf_changed":false,"site-sidebar-layout":"no-sidebar","site-content-layout":"","ast-site-content-layout":"full-width-container","site-content-style":"default","site-sidebar-style":"default","ast-global-header-display":"","ast-banner-title-visibility":"","ast-main-header-display":"","ast-hfb-above-header-display":"","ast-hfb-below-header-display":"","ast-hfb-mobile-header-display":"","site-post-title":"disabled","ast-breadcrumbs-content":"","ast-featured-img":"disabled","footer-sml-layout":"","theme-transparent-header-meta":"default","adv-header-id-meta":"","stick-header-meta":"","header-above-stick-meta":"","header-main-stick-meta":"","header-below-stick-meta":"","astra-migrate-meta-layouts":"set","ast-page-background-enabled":"default","ast-page-background-meta":{"desktop":{"background-color":"var(--ast-global-color-5)","background-image":"","background-repeat":"repeat","background-position":"center center","background-size":"auto","background-attachment":"scroll","background-type":"","background-media":"","overlay-type":"","overlay-color":"","overlay-opacity":"","overlay-gradient":""},"tablet":{"background-color":"","background-image":"","background-repeat":"repeat","background-position":"center center","background-size":"auto","background-attachment":"scroll","background-type":"","background-media":"","overlay-type":"","overlay-color":"","overlay-opacity":"","overlay-gradient":""},"mobile":{"background-color":"","background-image":"","background-repeat":"repeat","background-position":"center center","background-size":"auto","background-attachment":"scroll","background-type":"","background-media":"","overlay-type":"","overlay-color":"","overlay-opacity":"","overlay-gradient":""}},"ast-content-background-meta":{"desktop":{"background-color":"var(--ast-global-color-4)","background-image":"","background-repeat":"repeat","background-position":"center center","background-size":"auto","background-attachment":"scroll","background-type":"","background-media":"","overlay-type":"","overlay-color":"","overlay-opacity":"","overlay-gradient":""},"tablet":{"background-color":"var(--ast-global-color-4)","background-image":"","background-repeat":"repeat","background-position":"center center","background-size":"auto","background-attachment":"scroll","background-type":"","background-media":"","overlay-type":"","overlay-color":"","overlay-opacity":"","overlay-gradient":""},"mobile":{"background-color":"var(--ast-global-color-4)","background-image":"","background-repeat":"repeat","background-position":"center center","background-size":"auto","background-attachment":"scroll","background-type":"","background-media":"","overlay-type":"","overlay-color":"","overlay-opacity":"","overlay-gradient":""}}},"product_brand":[],"product_cat":[51],"product_tag":[],"class_list":{"0":"post-1211","1":"product","2":"type-product","3":"status-publish","4":"has-post-thumbnail","6":"product_cat-carbon-fiber-products","7":"desktop-align-left","8":"tablet-align-left","9":"mobile-align-left","11":"first","12":"instock","13":"shipping-taxable","14":"product-type-simple"},"acf":[],"yoast_head":"<!-- This site is optimized with the Yoast SEO plugin v25.5 - https:\/\/yoast.com\/wordpress\/plugins\/seo\/ -->\n<title>Carbon Fiber Drone - China carbon fiber drone products, carbon fiber, aramid fiber products and customized manufacturers<\/title>\n<meta name=\"robots\" content=\"index, follow, max-snippet:-1, max-image-preview:large, max-video-preview:-1\" \/>\n<link rel=\"canonical\" href=\"https:\/\/sinocarbonfibre.com\/fr\/produit\/carbon-fiber-drone\/\" \/>\n<meta property=\"og:locale\" content=\"fr_FR\" \/>\n<meta property=\"og:type\" content=\"article\" \/>\n<meta property=\"og:title\" content=\"Carbon Fiber Drone - China carbon fiber drone products, carbon fiber, aramid fiber products and customized manufacturers\" \/>\n<meta property=\"og:description\" content=\"Carbon fiber for drones&quot; refers to carbon fiber composite materials widely used in drone structures or components. It is one of the most commonly used and ideal structural materials in the field of drones, mainly used to improve flight performance, reduce weight, increase strength and extend flight time.\" \/>\n<meta property=\"og:url\" content=\"https:\/\/sinocarbonfibre.com\/fr\/produit\/carbon-fiber-drone\/\" \/>\n<meta property=\"og:site_name\" content=\"China carbon fiber drone products, carbon fiber, aramid fiber products and customized manufacturers\" \/>\n<meta property=\"article:modified_time\" content=\"2025-07-24T01:49:42+00:00\" \/>\n<meta property=\"og:image\" content=\"https:\/\/sinocarbonfibre.com\/wp-content\/uploads\/2025\/07\/Carbon-Fiber-Drone1.jpg\" \/>\n\t<meta property=\"og:image:width\" content=\"1000\" \/>\n\t<meta property=\"og:image:height\" content=\"600\" \/>\n\t<meta property=\"og:image:type\" content=\"image\/jpeg\" \/>\n<meta name=\"twitter:card\" content=\"summary_large_image\" \/>\n<script type=\"application\/ld+json\" class=\"yoast-schema-graph\">{\"@context\":\"https:\/\/schema.org\",\"@graph\":[{\"@type\":\"WebPage\",\"@id\":\"https:\/\/sinocarbonfibre.com\/product\/carbon-fiber-drone\/\",\"url\":\"https:\/\/sinocarbonfibre.com\/product\/carbon-fiber-drone\/\",\"name\":\"Carbon Fiber Drone - China carbon fiber drone products, carbon fiber, aramid fiber products and customized manufacturers\",\"isPartOf\":{\"@id\":\"https:\/\/sinocarbonfibre.com\/#website\"},\"primaryImageOfPage\":{\"@id\":\"https:\/\/sinocarbonfibre.com\/product\/carbon-fiber-drone\/#primaryimage\"},\"image\":{\"@id\":\"https:\/\/sinocarbonfibre.com\/product\/carbon-fiber-drone\/#primaryimage\"},\"thumbnailUrl\":\"https:\/\/sinocarbonfibre.com\/wp-content\/uploads\/2025\/07\/Carbon-Fiber-Drone1.jpg\",\"datePublished\":\"2025-07-16T09:10:37+00:00\",\"dateModified\":\"2025-07-24T01:49:42+00:00\",\"breadcrumb\":{\"@id\":\"https:\/\/sinocarbonfibre.com\/product\/carbon-fiber-drone\/#breadcrumb\"},\"inLanguage\":\"fr-FR\",\"potentialAction\":[{\"@type\":\"ReadAction\",\"target\":[\"https:\/\/sinocarbonfibre.com\/product\/carbon-fiber-drone\/\"]}]},{\"@type\":\"ImageObject\",\"inLanguage\":\"fr-FR\",\"@id\":\"https:\/\/sinocarbonfibre.com\/product\/carbon-fiber-drone\/#primaryimage\",\"url\":\"https:\/\/sinocarbonfibre.com\/wp-content\/uploads\/2025\/07\/Carbon-Fiber-Drone1.jpg\",\"contentUrl\":\"https:\/\/sinocarbonfibre.com\/wp-content\/uploads\/2025\/07\/Carbon-Fiber-Drone1.jpg\",\"width\":1000,\"height\":600},{\"@type\":\"BreadcrumbList\",\"@id\":\"https:\/\/sinocarbonfibre.com\/product\/carbon-fiber-drone\/#breadcrumb\",\"itemListElement\":[{\"@type\":\"ListItem\",\"position\":1,\"name\":\"Home\",\"item\":\"https:\/\/sinocarbonfibre.com\/\"},{\"@type\":\"ListItem\",\"position\":2,\"name\":\"Products\",\"item\":\"https:\/\/sinocarbonfibre.com\/shop\/\"},{\"@type\":\"ListItem\",\"position\":3,\"name\":\"Carbon Fiber Drone\"}]},{\"@type\":\"WebSite\",\"@id\":\"https:\/\/sinocarbonfibre.com\/#website\",\"url\":\"https:\/\/sinocarbonfibre.com\/\",\"name\":\"China carbon fiber drone products, carbon fiber, aramid fiber products and customized manufacturers\",\"description\":\"\",\"publisher\":{\"@id\":\"https:\/\/sinocarbonfibre.com\/#organization\"},\"potentialAction\":[{\"@type\":\"SearchAction\",\"target\":{\"@type\":\"EntryPoint\",\"urlTemplate\":\"https:\/\/sinocarbonfibre.com\/?s={search_term_string}\"},\"query-input\":{\"@type\":\"PropertyValueSpecification\",\"valueRequired\":true,\"valueName\":\"search_term_string\"}}],\"inLanguage\":\"fr-FR\"},{\"@type\":\"Organization\",\"@id\":\"https:\/\/sinocarbonfibre.com\/#organization\",\"name\":\"China carbon fiber drone products, carbon fiber, aramid fiber products and customized manufacturers\",\"url\":\"https:\/\/sinocarbonfibre.com\/\",\"logo\":{\"@type\":\"ImageObject\",\"inLanguage\":\"fr-FR\",\"@id\":\"https:\/\/sinocarbonfibre.com\/#\/schema\/logo\/image\/\",\"url\":\"https:\/\/sinocarbonfibre.com\/wp-content\/uploads\/2025\/03\/logo.png\",\"contentUrl\":\"https:\/\/sinocarbonfibre.com\/wp-content\/uploads\/2025\/03\/logo.png\",\"width\":400,\"height\":80,\"caption\":\"China carbon fiber drone products, carbon fiber, aramid fiber products and customized manufacturers\"},\"image\":{\"@id\":\"https:\/\/sinocarbonfibre.com\/#\/schema\/logo\/image\/\"}}]}<\/script>\n<!-- \/ Yoast SEO plugin. -->","yoast_head_json":{"title":"Carbon Fiber Drone - China carbon fiber drone products, carbon fiber, aramid fiber products and customized manufacturers","robots":{"index":"index","follow":"follow","max-snippet":"max-snippet:-1","max-image-preview":"max-image-preview:large","max-video-preview":"max-video-preview:-1"},"canonical":"https:\/\/sinocarbonfibre.com\/fr\/produit\/carbon-fiber-drone\/","og_locale":"fr_FR","og_type":"article","og_title":"Carbon Fiber Drone - China carbon fiber drone products, carbon fiber, aramid fiber products and customized manufacturers","og_description":"Carbon fiber for drones\" refers to carbon fiber composite materials widely used in drone structures or components. It is one of the most commonly used and ideal structural materials in the field of drones, mainly used to improve flight performance, reduce weight, increase strength and extend flight time.","og_url":"https:\/\/sinocarbonfibre.com\/fr\/produit\/carbon-fiber-drone\/","og_site_name":"China carbon fiber drone products, carbon fiber, aramid fiber products and customized manufacturers","article_modified_time":"2025-07-24T01:49:42+00:00","og_image":[{"width":1000,"height":600,"url":"https:\/\/sinocarbonfibre.com\/wp-content\/uploads\/2025\/07\/Carbon-Fiber-Drone1.jpg","type":"image\/jpeg"}],"twitter_card":"summary_large_image","schema":{"@context":"https:\/\/schema.org","@graph":[{"@type":"WebPage","@id":"https:\/\/sinocarbonfibre.com\/product\/carbon-fiber-drone\/","url":"https:\/\/sinocarbonfibre.com\/product\/carbon-fiber-drone\/","name":"Carbon Fiber Drone - China carbon fiber drone products, carbon fiber, aramid fiber products and customized manufacturers","isPartOf":{"@id":"https:\/\/sinocarbonfibre.com\/#website"},"primaryImageOfPage":{"@id":"https:\/\/sinocarbonfibre.com\/product\/carbon-fiber-drone\/#primaryimage"},"image":{"@id":"https:\/\/sinocarbonfibre.com\/product\/carbon-fiber-drone\/#primaryimage"},"thumbnailUrl":"https:\/\/sinocarbonfibre.com\/wp-content\/uploads\/2025\/07\/Carbon-Fiber-Drone1.jpg","datePublished":"2025-07-16T09:10:37+00:00","dateModified":"2025-07-24T01:49:42+00:00","breadcrumb":{"@id":"https:\/\/sinocarbonfibre.com\/product\/carbon-fiber-drone\/#breadcrumb"},"inLanguage":"fr-FR","potentialAction":[{"@type":"ReadAction","target":["https:\/\/sinocarbonfibre.com\/product\/carbon-fiber-drone\/"]}]},{"@type":"ImageObject","inLanguage":"fr-FR","@id":"https:\/\/sinocarbonfibre.com\/product\/carbon-fiber-drone\/#primaryimage","url":"https:\/\/sinocarbonfibre.com\/wp-content\/uploads\/2025\/07\/Carbon-Fiber-Drone1.jpg","contentUrl":"https:\/\/sinocarbonfibre.com\/wp-content\/uploads\/2025\/07\/Carbon-Fiber-Drone1.jpg","width":1000,"height":600},{"@type":"BreadcrumbList","@id":"https:\/\/sinocarbonfibre.com\/product\/carbon-fiber-drone\/#breadcrumb","itemListElement":[{"@type":"ListItem","position":1,"name":"Home","item":"https:\/\/sinocarbonfibre.com\/"},{"@type":"ListItem","position":2,"name":"Products","item":"https:\/\/sinocarbonfibre.com\/shop\/"},{"@type":"ListItem","position":3,"name":"Carbon Fiber Drone"}]},{"@type":"WebSite","@id":"https:\/\/sinocarbonfibre.com\/#website","url":"https:\/\/sinocarbonfibre.com\/","name":"China carbon fiber drone products, carbon fiber, aramid fiber products and customized manufacturers","description":"","publisher":{"@id":"https:\/\/sinocarbonfibre.com\/#organization"},"potentialAction":[{"@type":"SearchAction","target":{"@type":"EntryPoint","urlTemplate":"https:\/\/sinocarbonfibre.com\/?s={search_term_string}"},"query-input":{"@type":"PropertyValueSpecification","valueRequired":true,"valueName":"search_term_string"}}],"inLanguage":"fr-FR"},{"@type":"Organization","@id":"https:\/\/sinocarbonfibre.com\/#organization","name":"China carbon fiber drone products, carbon fiber, aramid fiber products and customized manufacturers","url":"https:\/\/sinocarbonfibre.com\/","logo":{"@type":"ImageObject","inLanguage":"fr-FR","@id":"https:\/\/sinocarbonfibre.com\/#\/schema\/logo\/image\/","url":"https:\/\/sinocarbonfibre.com\/wp-content\/uploads\/2025\/03\/logo.png","contentUrl":"https:\/\/sinocarbonfibre.com\/wp-content\/uploads\/2025\/03\/logo.png","width":400,"height":80,"caption":"China carbon fiber drone products, carbon fiber, aramid fiber products and customized manufacturers"},"image":{"@id":"https:\/\/sinocarbonfibre.com\/#\/schema\/logo\/image\/"}}]}},"_links":{"self":[{"href":"https:\/\/sinocarbonfibre.com\/fr\/wp-json\/wp\/v2\/product\/1211","targetHints":{"allow":["GET"]}}],"collection":[{"href":"https:\/\/sinocarbonfibre.com\/fr\/wp-json\/wp\/v2\/product"}],"about":[{"href":"https:\/\/sinocarbonfibre.com\/fr\/wp-json\/wp\/v2\/types\/product"}],"replies":[{"embeddable":true,"href":"https:\/\/sinocarbonfibre.com\/fr\/wp-json\/wp\/v2\/comments?post=1211"}],"version-history":[{"count":19,"href":"https:\/\/sinocarbonfibre.com\/fr\/wp-json\/wp\/v2\/product\/1211\/revisions"}],"predecessor-version":[{"id":1807,"href":"https:\/\/sinocarbonfibre.com\/fr\/wp-json\/wp\/v2\/product\/1211\/revisions\/1807"}],"wp:featuredmedia":[{"embeddable":true,"href":"https:\/\/sinocarbonfibre.com\/fr\/wp-json\/wp\/v2\/media\/1212"}],"wp:attachment":[{"href":"https:\/\/sinocarbonfibre.com\/fr\/wp-json\/wp\/v2\/media?parent=1211"}],"wp:term":[{"taxonomy":"product_brand","embeddable":true,"href":"https:\/\/sinocarbonfibre.com\/fr\/wp-json\/wp\/v2\/product_brand?post=1211"},{"taxonomy":"product_cat","embeddable":true,"href":"https:\/\/sinocarbonfibre.com\/fr\/wp-json\/wp\/v2\/product_cat?post=1211"},{"taxonomy":"product_tag","embeddable":true,"href":"https:\/\/sinocarbonfibre.com\/fr\/wp-json\/wp\/v2\/product_tag?post=1211"}],"curies":[{"name":"wp","href":"https:\/\/api.w.org\/{rel}","templated":true}]}}