{"id":1159,"date":"2025-07-16T06:20:56","date_gmt":"2025-07-16T06:20:56","guid":{"rendered":"https:\/\/sinocarbonfibre.com\/?post_type=product&#038;p=1159"},"modified":"2025-07-24T01:19:34","modified_gmt":"2025-07-24T01:19:34","slug":"carbon-fiber-leather","status":"publish","type":"product","link":"https:\/\/sinocarbonfibre.com\/fr\/produit\/carbon-fiber-leather\/","title":{"rendered":"Cuir en fibre de carbone"},"content":{"rendered":"<div data-elementor-type=\"product-post\" data-elementor-id=\"1159\" class=\"elementor elementor-1159\" data-elementor-post-type=\"product\">\n\t\t\t\t<div class=\"elementor-element elementor-element-4f0ca986 e-flex e-con-boxed e-con e-parent\" data-id=\"4f0ca986\" data-element_type=\"container\">\n\t\t\t\t\t<div class=\"e-con-inner\">\n\t\t\t\t<div class=\"elementor-element elementor-element-566e2b8d elementor-widget elementor-widget-text-editor\" data-id=\"566e2b8d\" data-element_type=\"widget\" data-widget_type=\"text-editor.default\">\n\t\t\t\t<div class=\"elementor-widget-container\">\n\t\t\t\t\t\t\t\t\t<p>Le cuir en fibre de carbone est un nouveau type de mat\u00e9riau composite qui associe la texture de la fibre de carbone au cuir synth\u00e9tique (TPU, PU ou PVC), combinant un aspect technologique avec des propri\u00e9t\u00e9s physiques sup\u00e9rieures. Il conserve non seulement les caract\u00e9ristiques de haute r\u00e9sistance, de r\u00e9sistance \u00e0 l'usure et de l\u00e9g\u00e8ret\u00e9 des mat\u00e9riaux en fibre de carbone, mais aussi la douceur, le confort et la facilit\u00e9 de traitement du cuir. Il est largement utilis\u00e9 dans l'automobile, les produits \u00e9lectroniques, le mobilier, les \u00e9quipements sportifs et d'autres domaines.<\/p><p>\u00a0<\/p><h1><strong><b>Caract\u00e9ristiques du cuir en fibre de carbone<\/b><\/strong><\/h1><ul><li><strong>Un sens aigu de la technologie dans l'apparence<\/strong><\/li><\/ul><p>La surface du cuir en fibre de carbone pr\u00e9sente g\u00e9n\u00e9ralement une texture tiss\u00e9e classique en fibre de carbone, avec un style haut de gamme, moderne et sportif, et est largement utilis\u00e9e dans la conception de produits de luxe.<\/p><ul><li><strong>L\u00e9ger et tr\u00e8s r\u00e9sistant<\/strong><\/li><\/ul><p>Compar\u00e9 au cuir traditionnel, le cuir en fibre de carbone est plus l\u00e9ger et pr\u00e9sente une excellente r\u00e9sistance \u00e0 la traction et \u00e0 l'usure, ce qui le rend adapt\u00e9 \u00e0 des sc\u00e9narios d'application de haute performance.<\/p><p>Bien qu'elle ne soit pas aussi dure que la vraie fibre de carbone, sa couche de renforcement peut am\u00e9liorer la durabilit\u00e9.<\/p><ul><li><strong>R\u00e9sistant \u00e0 l'usure, imperm\u00e9able et antisalissure<\/strong><\/li><\/ul><p>La surface pr\u00e9sente une excellente r\u00e9sistance \u00e0 l'usure et convient mieux \u00e0 une utilisation quotidienne \u00e0 haute fr\u00e9quence.<\/p><p>Il poss\u00e8de de fortes propri\u00e9t\u00e9s imperm\u00e9ables et antisalissures, n'est pas facile \u00e0 p\u00e9n\u00e9trer dans les liquides et est facile \u00e0 nettoyer et \u00e0 entretenir.<\/p><ul><li><strong>Forte r\u00e9sistance aux intemp\u00e9ries<\/strong><\/li><\/ul><p>R\u00e9sistance aux temp\u00e9ratures \u00e9lev\u00e9es, r\u00e9sistance aux basses temp\u00e9ratures, r\u00e9sistance au vieillissement par UV, pas facile \u00e0 fissurer ou \u00e0 d\u00e9former dans des environnements extr\u00eames.<\/p><p>Convient pour une utilisation en ext\u00e9rieur, comme l'int\u00e9rieur des voitures, les \u00e9quipements sportifs, etc.<\/p><ul><li><strong>Respectueux de l'environnement, alternative au cuir v\u00e9ritable<\/strong><\/li><\/ul><p>N'utilise pas de cuir animal, r\u00e9duit la d\u00e9pendance \u00e0 l'\u00e9gard des ressources animales et se conforme au concept de protection de l'environnement.<\/p><p>Gr\u00e2ce \u00e0 l'utilisation de cuir synth\u00e9tique haute performance, certains produits sont m\u00eame plus durables que le cuir v\u00e9ritable.<\/p><p>\u00a0<\/p><h1><strong><b>Domaines d'application du cuir en fibre de carbone<\/b><\/strong><\/h1><ul><li><b><\/b><strong>Domaine de l'automobile<\/strong><\/li><\/ul><p>Int\u00e9rieurs de voitures de luxe (volants, si\u00e8ges, tableaux de bord, panneaux de porte, etc.)<\/p><p>D\u00e9coration int\u00e9rieure et ext\u00e9rieure des voitures de sport et de course<\/p><p>Si\u00e8ges de moto, autocollants de r\u00e9servoir, etc.<\/p><ul><li><b><\/b><strong><b>Produits \u00e9lectroniques<\/b><\/strong><\/li><\/ul><p>Sacs pour ordinateurs portables haut de gamme<\/p><p>\u00c9tuis pour t\u00e9l\u00e9phones portables, \u00e9tuis de protection pour tablettes<\/p><p>Casques, bracelets de montres intelligentes et autres accessoires num\u00e9riques<\/p><ul><li><b><\/b><strong><b>\u00c9quipements de sport et de plein air<\/b><\/strong><\/li><\/ul><p>Coussins de si\u00e8ge de bicyclette, \u00e9quipement de protection<\/p><p>Mat\u00e9riaux d\u00e9coratifs pour v\u00eatements de ski et de course<\/p><p>Chaussures de sport (telles que les tiges et les languettes textur\u00e9es en fibre de carbone)<\/p><ul><li><b><\/b><strong><b>Maison et mode<\/b><\/strong><\/li><\/ul><p>D\u00e9coration de la surface des meubles de luxe<\/p><p>Sacs, portefeuilles, sacs \u00e0 main et ceintures en cuir haut de gamme<\/p><p>Bagages, sacs de voyage<\/p><p>\u00a0<\/p><h1><strong><b>Comparaison entre le cuir en fibre de carbone et d'autres mat\u00e9riaux<\/b><\/strong><\/h1>\t\t\t\t\t\t\t\t<\/div>\n\t\t\t\t<\/div>\n\t\t\t\t<div class=\"elementor-element elementor-element-1f31bd8 elementor-widget elementor-widget-shortcode\" data-id=\"1f31bd8\" data-element_type=\"widget\" data-widget_type=\"shortcode.default\">\n\t\t\t\t<div class=\"elementor-widget-container\">\n\t\t\t\t\t\t\t<div class=\"elementor-shortcode\">\n<table id=\"tablepress-16\" class=\"tablepress tablepress-id-16\">\n<tbody>\n<tr class=\"row-1\">\n\t<td class=\"column-1\">Caract\u00e9ristiques<\/td><td class=\"column-2\">Cuir en fibre de carbone<\/td><td class=\"column-3\">Cuir v\u00e9ritable<\/td><td class=\"column-4\">Cuir ordinaire PU\/PVC<\/td><td class=\"column-5\">Fibre de carbone (dure)<\/td>\n<\/tr>\n<tr class=\"row-2\">\n\t<td class=\"column-1\">Apparence<\/td><td class=\"column-2\">Moderne et technologique<\/td><td class=\"column-3\">Luxe classique<\/td><td class=\"column-4\">Effet simili-cuir ordinaire<\/td><td class=\"column-5\">Brillant, tiss\u00e9<\/td>\n<\/tr>\n<tr class=\"row-3\">\n\t<td class=\"column-1\">Poids<\/td><td class=\"column-2\">Lumi\u00e8re<\/td><td class=\"column-3\">Plus lourd<\/td><td class=\"column-4\">Lumi\u00e8re<\/td><td class=\"column-5\">Tr\u00e8s l\u00e9ger<\/td>\n<\/tr>\n<tr class=\"row-4\">\n\t<td class=\"column-1\">R\u00e9sistance \u00e0 l'abrasion<\/td><td class=\"column-2\">Haut<\/td><td class=\"column-3\">Moyenne<\/td><td class=\"column-4\">Faible<\/td><td class=\"column-5\">Tr\u00e8s \u00e9lev\u00e9<\/td>\n<\/tr>\n<tr class=\"row-5\">\n\t<td class=\"column-1\">Imperm\u00e9able \u00e0 l'eau<\/td><td class=\"column-2\">Haut<\/td><td class=\"column-3\">Faible<\/td><td class=\"column-4\">Moyen<\/td><td class=\"column-5\">Haut<\/td>\n<\/tr>\n<tr class=\"row-6\">\n\t<td class=\"column-1\">Protection de l'environnement<\/td><td class=\"column-2\">Excellent<\/td><td class=\"column-3\">D\u00e9pendance \u00e0 l'\u00e9gard des ressources animales<\/td><td class=\"column-4\">Excellent<\/td><td class=\"column-5\">Co\u00fbt de production plus \u00e9lev\u00e9<\/td>\n<\/tr>\n<tr class=\"row-7\">\n\t<td class=\"column-1\">Douceur<\/td><td class=\"column-2\">Mod\u00e9r\u00e9<\/td><td class=\"column-3\">Douceur<\/td><td class=\"column-4\">Mod\u00e9r\u00e9<\/td><td class=\"column-5\">Dur<\/td>\n<\/tr>\n<\/tbody>\n<\/table>\n<!-- #tablepress-16 from cache --><\/div>\n\t\t\t\t\t\t<\/div>\n\t\t\t\t<\/div>\n\t\t\t\t<div class=\"elementor-element elementor-element-693f0a3 elementor-widget elementor-widget-text-editor\" data-id=\"693f0a3\" data-element_type=\"widget\" data-widget_type=\"text-editor.default\">\n\t\t\t\t<div class=\"elementor-widget-container\">\n\t\t\t\t\t\t\t\t\t<h1><strong><b>Entretien du cuir en fibre de carbone<\/b><\/strong><\/h1><ul><li>Nettoyage quotidien : Essuyer avec un chiffon humide, \u00e9viter d'utiliser de l'alcool ou des nettoyants acides ou alcalins forts.<\/li><\/ul><ul><li>\u00c9viter l'exposition \u00e0 des temp\u00e9ratures \u00e9lev\u00e9es : Bien qu'il soit r\u00e9sistant aux intemp\u00e9ries, une exposition prolong\u00e9e \u00e0 la lumi\u00e8re du soleil peut affecter sa dur\u00e9e de vie.<\/li><\/ul><ul><li>\u00c9vitez les rayures caus\u00e9es par des objets tranchants : Bien qu'il soit r\u00e9sistant \u00e0 l'usure, \u00e9vitez tout contact direct avec des objets pointus tels que le m\u00e9tal.<\/li><\/ul>\t\t\t\t\t\t\t\t<\/div>\n\t\t\t\t<\/div>\n\t\t\t\t\t<\/div>\n\t\t\t\t<\/div>\n\t\t\t\t<\/div>","protected":false},"excerpt":{"rendered":"<p>Le cuir en fibre de carbone est un nouveau type de mat\u00e9riau composite qui associe la texture de la fibre de carbone au cuir synth\u00e9tique (TPU, PU ou PVC), combinant un aspect technologique avec des propri\u00e9t\u00e9s physiques sup\u00e9rieures. Il conserve non seulement les caract\u00e9ristiques de haute r\u00e9sistance, de r\u00e9sistance \u00e0 l'usure et de l\u00e9g\u00e8ret\u00e9 des mat\u00e9riaux en fibre de carbone, mais aussi la douceur, le confort et la facilit\u00e9 de traitement du cuir. Il est largement utilis\u00e9 dans l'automobile, les produits \u00e9lectroniques, le mobilier, les \u00e9quipements sportifs et d'autres domaines.<\/p>","protected":false},"featured_media":1161,"comment_status":"open","ping_status":"closed","template":"","meta":{"_acf_changed":false,"site-sidebar-layout":"default","site-content-layout":"","ast-site-content-layout":"default","site-content-style":"default","site-sidebar-style":"default","ast-global-header-display":"","ast-banner-title-visibility":"","ast-main-header-display":"","ast-hfb-above-header-display":"","ast-hfb-below-header-display":"","ast-hfb-mobile-header-display":"","site-post-title":"","ast-breadcrumbs-content":"","ast-featured-img":"","footer-sml-layout":"","theme-transparent-header-meta":"default","adv-header-id-meta":"","stick-header-meta":"","header-above-stick-meta":"","header-main-stick-meta":"","header-below-stick-meta":"","astra-migrate-meta-layouts":"set","ast-page-background-enabled":"default","ast-page-background-meta":{"desktop":{"background-color":"var(--ast-global-color-5)","background-image":"","background-repeat":"repeat","background-position":"center center","background-size":"auto","background-attachment":"scroll","background-type":"","background-media":"","overlay-type":"","overlay-color":"","overlay-opacity":"","overlay-gradient":""},"tablet":{"background-color":"","background-image":"","background-repeat":"repeat","background-position":"center center","background-size":"auto","background-attachment":"scroll","background-type":"","background-media":"","overlay-type":"","overlay-color":"","overlay-opacity":"","overlay-gradient":""},"mobile":{"background-color":"","background-image":"","background-repeat":"repeat","background-position":"center center","background-size":"auto","background-attachment":"scroll","background-type":"","background-media":"","overlay-type":"","overlay-color":"","overlay-opacity":"","overlay-gradient":""}},"ast-content-background-meta":{"desktop":{"background-color":"var(--ast-global-color-4)","background-image":"","background-repeat":"repeat","background-position":"center center","background-size":"auto","background-attachment":"scroll","background-type":"","background-media":"","overlay-type":"","overlay-color":"","overlay-opacity":"","overlay-gradient":""},"tablet":{"background-color":"var(--ast-global-color-4)","background-image":"","background-repeat":"repeat","background-position":"center center","background-size":"auto","background-attachment":"scroll","background-type":"","background-media":"","overlay-type":"","overlay-color":"","overlay-opacity":"","overlay-gradient":""},"mobile":{"background-color":"var(--ast-global-color-4)","background-image":"","background-repeat":"repeat","background-position":"center center","background-size":"auto","background-attachment":"scroll","background-type":"","background-media":"","overlay-type":"","overlay-color":"","overlay-opacity":"","overlay-gradient":""}}},"product_brand":[],"product_cat":[50],"product_tag":[],"class_list":{"0":"post-1159","1":"product","2":"type-product","3":"status-publish","4":"has-post-thumbnail","6":"product_cat-carbon-fiber-leather","7":"desktop-align-left","8":"tablet-align-left","9":"mobile-align-left","11":"first","12":"instock","13":"shipping-taxable","14":"product-type-simple"},"acf":[],"yoast_head":"<!-- This site is optimized with the Yoast SEO plugin v25.5 - https:\/\/yoast.com\/wordpress\/plugins\/seo\/ -->\n<title>Carbon Fiber Leather - China carbon fiber drone products, carbon fiber, aramid fiber products and customized manufacturers<\/title>\n<meta name=\"robots\" content=\"index, follow, max-snippet:-1, max-image-preview:large, max-video-preview:-1\" \/>\n<link rel=\"canonical\" href=\"https:\/\/sinocarbonfibre.com\/fr\/produit\/carbon-fiber-leather\/\" \/>\n<meta property=\"og:locale\" content=\"fr_FR\" \/>\n<meta property=\"og:type\" content=\"article\" \/>\n<meta property=\"og:title\" content=\"Carbon Fiber Leather - China carbon fiber drone products, carbon fiber, aramid fiber products and customized manufacturers\" \/>\n<meta property=\"og:description\" content=\"Carbon fiber leather is a new type of composite material that combines carbon fiber texture with synthetic leather (TPU, PU or PVC), combining a technological appearance with superior physical properties. It not only retains the high strength, wear resistance and lightweight characteristics of carbon fiber materials, but also has the softness, comfort and easy processing of leather. It is widely used in automobiles, electronic products, furniture, sports equipment and other fields.\" \/>\n<meta property=\"og:url\" content=\"https:\/\/sinocarbonfibre.com\/fr\/produit\/carbon-fiber-leather\/\" \/>\n<meta property=\"og:site_name\" content=\"China carbon fiber drone products, carbon fiber, aramid fiber products and customized manufacturers\" \/>\n<meta property=\"article:modified_time\" content=\"2025-07-24T01:19:34+00:00\" \/>\n<meta property=\"og:image\" content=\"https:\/\/sinocarbonfibre.com\/wp-content\/uploads\/2025\/07\/Carbon-Fiber-Leather3.jpg\" \/>\n\t<meta property=\"og:image:width\" content=\"1000\" \/>\n\t<meta property=\"og:image:height\" content=\"600\" \/>\n\t<meta property=\"og:image:type\" content=\"image\/jpeg\" \/>\n<meta name=\"twitter:card\" content=\"summary_large_image\" \/>\n<script type=\"application\/ld+json\" class=\"yoast-schema-graph\">{\"@context\":\"https:\/\/schema.org\",\"@graph\":[{\"@type\":\"WebPage\",\"@id\":\"https:\/\/sinocarbonfibre.com\/product\/carbon-fiber-leather\/\",\"url\":\"https:\/\/sinocarbonfibre.com\/product\/carbon-fiber-leather\/\",\"name\":\"Carbon Fiber Leather - China carbon fiber drone products, carbon fiber, aramid fiber products and customized manufacturers\",\"isPartOf\":{\"@id\":\"https:\/\/sinocarbonfibre.com\/#website\"},\"primaryImageOfPage\":{\"@id\":\"https:\/\/sinocarbonfibre.com\/product\/carbon-fiber-leather\/#primaryimage\"},\"image\":{\"@id\":\"https:\/\/sinocarbonfibre.com\/product\/carbon-fiber-leather\/#primaryimage\"},\"thumbnailUrl\":\"https:\/\/sinocarbonfibre.com\/wp-content\/uploads\/2025\/07\/Carbon-Fiber-Leather3.jpg\",\"datePublished\":\"2025-07-16T06:20:56+00:00\",\"dateModified\":\"2025-07-24T01:19:34+00:00\",\"breadcrumb\":{\"@id\":\"https:\/\/sinocarbonfibre.com\/product\/carbon-fiber-leather\/#breadcrumb\"},\"inLanguage\":\"fr-FR\",\"potentialAction\":[{\"@type\":\"ReadAction\",\"target\":[\"https:\/\/sinocarbonfibre.com\/product\/carbon-fiber-leather\/\"]}]},{\"@type\":\"ImageObject\",\"inLanguage\":\"fr-FR\",\"@id\":\"https:\/\/sinocarbonfibre.com\/product\/carbon-fiber-leather\/#primaryimage\",\"url\":\"https:\/\/sinocarbonfibre.com\/wp-content\/uploads\/2025\/07\/Carbon-Fiber-Leather3.jpg\",\"contentUrl\":\"https:\/\/sinocarbonfibre.com\/wp-content\/uploads\/2025\/07\/Carbon-Fiber-Leather3.jpg\",\"width\":1000,\"height\":600},{\"@type\":\"BreadcrumbList\",\"@id\":\"https:\/\/sinocarbonfibre.com\/product\/carbon-fiber-leather\/#breadcrumb\",\"itemListElement\":[{\"@type\":\"ListItem\",\"position\":1,\"name\":\"Home\",\"item\":\"https:\/\/sinocarbonfibre.com\/\"},{\"@type\":\"ListItem\",\"position\":2,\"name\":\"Products\",\"item\":\"https:\/\/sinocarbonfibre.com\/shop\/\"},{\"@type\":\"ListItem\",\"position\":3,\"name\":\"Carbon Fiber Leather\"}]},{\"@type\":\"WebSite\",\"@id\":\"https:\/\/sinocarbonfibre.com\/#website\",\"url\":\"https:\/\/sinocarbonfibre.com\/\",\"name\":\"China carbon fiber drone products, carbon fiber, aramid fiber products and customized manufacturers\",\"description\":\"\",\"publisher\":{\"@id\":\"https:\/\/sinocarbonfibre.com\/#organization\"},\"potentialAction\":[{\"@type\":\"SearchAction\",\"target\":{\"@type\":\"EntryPoint\",\"urlTemplate\":\"https:\/\/sinocarbonfibre.com\/?s={search_term_string}\"},\"query-input\":{\"@type\":\"PropertyValueSpecification\",\"valueRequired\":true,\"valueName\":\"search_term_string\"}}],\"inLanguage\":\"fr-FR\"},{\"@type\":\"Organization\",\"@id\":\"https:\/\/sinocarbonfibre.com\/#organization\",\"name\":\"China carbon fiber drone products, carbon fiber, aramid fiber products and customized manufacturers\",\"url\":\"https:\/\/sinocarbonfibre.com\/\",\"logo\":{\"@type\":\"ImageObject\",\"inLanguage\":\"fr-FR\",\"@id\":\"https:\/\/sinocarbonfibre.com\/#\/schema\/logo\/image\/\",\"url\":\"https:\/\/sinocarbonfibre.com\/wp-content\/uploads\/2025\/03\/logo.png\",\"contentUrl\":\"https:\/\/sinocarbonfibre.com\/wp-content\/uploads\/2025\/03\/logo.png\",\"width\":400,\"height\":80,\"caption\":\"China carbon fiber drone products, carbon fiber, aramid fiber products and customized manufacturers\"},\"image\":{\"@id\":\"https:\/\/sinocarbonfibre.com\/#\/schema\/logo\/image\/\"}}]}<\/script>\n<!-- \/ Yoast SEO plugin. -->","yoast_head_json":{"title":"Carbon Fiber Leather - China carbon fiber drone products, carbon fiber, aramid fiber products and customized manufacturers","robots":{"index":"index","follow":"follow","max-snippet":"max-snippet:-1","max-image-preview":"max-image-preview:large","max-video-preview":"max-video-preview:-1"},"canonical":"https:\/\/sinocarbonfibre.com\/fr\/produit\/carbon-fiber-leather\/","og_locale":"fr_FR","og_type":"article","og_title":"Carbon Fiber Leather - China carbon fiber drone products, carbon fiber, aramid fiber products and customized manufacturers","og_description":"Carbon fiber leather is a new type of composite material that combines carbon fiber texture with synthetic leather (TPU, PU or PVC), combining a technological appearance with superior physical properties. It not only retains the high strength, wear resistance and lightweight characteristics of carbon fiber materials, but also has the softness, comfort and easy processing of leather. It is widely used in automobiles, electronic products, furniture, sports equipment and other fields.","og_url":"https:\/\/sinocarbonfibre.com\/fr\/produit\/carbon-fiber-leather\/","og_site_name":"China carbon fiber drone products, carbon fiber, aramid fiber products and customized manufacturers","article_modified_time":"2025-07-24T01:19:34+00:00","og_image":[{"width":1000,"height":600,"url":"https:\/\/sinocarbonfibre.com\/wp-content\/uploads\/2025\/07\/Carbon-Fiber-Leather3.jpg","type":"image\/jpeg"}],"twitter_card":"summary_large_image","schema":{"@context":"https:\/\/schema.org","@graph":[{"@type":"WebPage","@id":"https:\/\/sinocarbonfibre.com\/product\/carbon-fiber-leather\/","url":"https:\/\/sinocarbonfibre.com\/product\/carbon-fiber-leather\/","name":"Carbon Fiber Leather - China carbon fiber drone products, carbon fiber, aramid fiber products and customized manufacturers","isPartOf":{"@id":"https:\/\/sinocarbonfibre.com\/#website"},"primaryImageOfPage":{"@id":"https:\/\/sinocarbonfibre.com\/product\/carbon-fiber-leather\/#primaryimage"},"image":{"@id":"https:\/\/sinocarbonfibre.com\/product\/carbon-fiber-leather\/#primaryimage"},"thumbnailUrl":"https:\/\/sinocarbonfibre.com\/wp-content\/uploads\/2025\/07\/Carbon-Fiber-Leather3.jpg","datePublished":"2025-07-16T06:20:56+00:00","dateModified":"2025-07-24T01:19:34+00:00","breadcrumb":{"@id":"https:\/\/sinocarbonfibre.com\/product\/carbon-fiber-leather\/#breadcrumb"},"inLanguage":"fr-FR","potentialAction":[{"@type":"ReadAction","target":["https:\/\/sinocarbonfibre.com\/product\/carbon-fiber-leather\/"]}]},{"@type":"ImageObject","inLanguage":"fr-FR","@id":"https:\/\/sinocarbonfibre.com\/product\/carbon-fiber-leather\/#primaryimage","url":"https:\/\/sinocarbonfibre.com\/wp-content\/uploads\/2025\/07\/Carbon-Fiber-Leather3.jpg","contentUrl":"https:\/\/sinocarbonfibre.com\/wp-content\/uploads\/2025\/07\/Carbon-Fiber-Leather3.jpg","width":1000,"height":600},{"@type":"BreadcrumbList","@id":"https:\/\/sinocarbonfibre.com\/product\/carbon-fiber-leather\/#breadcrumb","itemListElement":[{"@type":"ListItem","position":1,"name":"Home","item":"https:\/\/sinocarbonfibre.com\/"},{"@type":"ListItem","position":2,"name":"Products","item":"https:\/\/sinocarbonfibre.com\/shop\/"},{"@type":"ListItem","position":3,"name":"Carbon Fiber Leather"}]},{"@type":"WebSite","@id":"https:\/\/sinocarbonfibre.com\/#website","url":"https:\/\/sinocarbonfibre.com\/","name":"China carbon fiber drone products, carbon fiber, aramid fiber products and customized manufacturers","description":"","publisher":{"@id":"https:\/\/sinocarbonfibre.com\/#organization"},"potentialAction":[{"@type":"SearchAction","target":{"@type":"EntryPoint","urlTemplate":"https:\/\/sinocarbonfibre.com\/?s={search_term_string}"},"query-input":{"@type":"PropertyValueSpecification","valueRequired":true,"valueName":"search_term_string"}}],"inLanguage":"fr-FR"},{"@type":"Organization","@id":"https:\/\/sinocarbonfibre.com\/#organization","name":"China carbon fiber drone products, carbon fiber, aramid fiber products and customized manufacturers","url":"https:\/\/sinocarbonfibre.com\/","logo":{"@type":"ImageObject","inLanguage":"fr-FR","@id":"https:\/\/sinocarbonfibre.com\/#\/schema\/logo\/image\/","url":"https:\/\/sinocarbonfibre.com\/wp-content\/uploads\/2025\/03\/logo.png","contentUrl":"https:\/\/sinocarbonfibre.com\/wp-content\/uploads\/2025\/03\/logo.png","width":400,"height":80,"caption":"China carbon fiber drone products, carbon fiber, aramid fiber products and customized manufacturers"},"image":{"@id":"https:\/\/sinocarbonfibre.com\/#\/schema\/logo\/image\/"}}]}},"_links":{"self":[{"href":"https:\/\/sinocarbonfibre.com\/fr\/wp-json\/wp\/v2\/product\/1159","targetHints":{"allow":["GET"]}}],"collection":[{"href":"https:\/\/sinocarbonfibre.com\/fr\/wp-json\/wp\/v2\/product"}],"about":[{"href":"https:\/\/sinocarbonfibre.com\/fr\/wp-json\/wp\/v2\/types\/product"}],"replies":[{"embeddable":true,"href":"https:\/\/sinocarbonfibre.com\/fr\/wp-json\/wp\/v2\/comments?post=1159"}],"version-history":[{"count":7,"href":"https:\/\/sinocarbonfibre.com\/fr\/wp-json\/wp\/v2\/product\/1159\/revisions"}],"predecessor-version":[{"id":1787,"href":"https:\/\/sinocarbonfibre.com\/fr\/wp-json\/wp\/v2\/product\/1159\/revisions\/1787"}],"wp:featuredmedia":[{"embeddable":true,"href":"https:\/\/sinocarbonfibre.com\/fr\/wp-json\/wp\/v2\/media\/1161"}],"wp:attachment":[{"href":"https:\/\/sinocarbonfibre.com\/fr\/wp-json\/wp\/v2\/media?parent=1159"}],"wp:term":[{"taxonomy":"product_brand","embeddable":true,"href":"https:\/\/sinocarbonfibre.com\/fr\/wp-json\/wp\/v2\/product_brand?post=1159"},{"taxonomy":"product_cat","embeddable":true,"href":"https:\/\/sinocarbonfibre.com\/fr\/wp-json\/wp\/v2\/product_cat?post=1159"},{"taxonomy":"product_tag","embeddable":true,"href":"https:\/\/sinocarbonfibre.com\/fr\/wp-json\/wp\/v2\/product_tag?post=1159"}],"curies":[{"name":"wp","href":"https:\/\/api.w.org\/{rel}","templated":true}]}}