{"id":1106,"date":"2025-07-16T03:13:48","date_gmt":"2025-07-16T03:13:48","guid":{"rendered":"https:\/\/sinocarbonfibre.com\/?post_type=product&#038;p=1106"},"modified":"2025-07-16T03:22:45","modified_gmt":"2025-07-16T03:22:45","slug":"jacquard-fabric","status":"publish","type":"product","link":"https:\/\/sinocarbonfibre.com\/fr\/produit\/jacquard-fabric\/","title":{"rendered":"Tissu Jacquard"},"content":{"rendered":"<div data-elementor-type=\"product-post\" data-elementor-id=\"1106\" class=\"elementor elementor-1106\" data-elementor-post-type=\"product\">\n\t\t\t\t<div class=\"elementor-element elementor-element-9916f70 e-flex e-con-boxed e-con e-parent\" data-id=\"9916f70\" data-element_type=\"container\">\n\t\t\t\t\t<div class=\"e-con-inner\">\n\t\t\t\t<div class=\"elementor-element elementor-element-3a67dc7 elementor-widget elementor-widget-shortcode\" data-id=\"3a67dc7\" data-element_type=\"widget\" data-widget_type=\"shortcode.default\">\n\t\t\t\t<div class=\"elementor-widget-container\">\n\t\t\t\t\t\t\t<div class=\"elementor-shortcode\">\n<table id=\"tablepress-14\" class=\"tablepress tablepress-id-14 tbody-has-connected-cells\">\n<tbody>\n<tr class=\"row-1\">\n\t<td rowspan=\"2\" class=\"column-1\">Type<\/td><td colspan=\"2\" class=\"column-2\">Fil<\/td><td rowspan=\"2\" class=\"column-4\">Tissage<\/td><td colspan=\"2\" class=\"column-5\">Nombre de fibres (10 mm)<\/td><td rowspan=\"2\" class=\"column-7\">Largeur (mm)<\/td><td rowspan=\"2\" class=\"column-8\">\u00c9paisseur (mm)<\/td><td rowspan=\"2\" class=\"column-9\">Poids (g\/m2)<\/td>\n<\/tr>\n<tr class=\"row-2\">\n\t<td class=\"column-2\">Distorsion<\/td><td class=\"column-3\">Trame<\/td><td class=\"column-5\">Distorsion<\/td><td class=\"column-6\">Trame<\/td>\n<\/tr>\n<tr class=\"row-3\">\n\t<td class=\"column-1\">H3K-CJ220(F)<\/td><td class=\"column-2\">3K<\/td><td class=\"column-3\">3K<\/td><td rowspan=\"8\" class=\"column-4\">Jacquard<\/td><td class=\"column-5\">5<\/td><td class=\"column-6\">6<\/td><td class=\"column-7\">100-3000<\/td><td class=\"column-8\">0.30<\/td><td class=\"column-9\">220<\/td>\n<\/tr>\n<tr class=\"row-4\">\n\t<td class=\"column-1\">H3K-CAJ220(F)<\/td><td class=\"column-2\">3K<\/td><td class=\"column-3\">1500D<\/td><td class=\"column-5\">5<\/td><td class=\"column-6\">6<\/td><td class=\"column-7\">100-3000<\/td><td class=\"column-8\">0.30<\/td><td class=\"column-9\">220<\/td>\n<\/tr>\n<tr class=\"row-5\">\n\t<td class=\"column-1\">H3K-CJ220(G)<\/td><td class=\"column-2\">3K<\/td><td class=\"column-3\">3K<\/td><td class=\"column-5\">5<\/td><td class=\"column-6\">5<\/td><td class=\"column-7\">100-3000<\/td><td class=\"column-8\">0.28<\/td><td class=\"column-9\">200<\/td>\n<\/tr>\n<tr class=\"row-6\">\n\t<td class=\"column-1\">H3K-CA220(F)<\/td><td class=\"column-2\">3K<\/td><td class=\"column-3\">1500D<\/td><td class=\"column-5\">5<\/td><td class=\"column-6\">5<\/td><td class=\"column-7\">100-3000<\/td><td class=\"column-8\">0.28<\/td><td class=\"column-9\">200<\/td>\n<\/tr>\n<tr class=\"row-7\">\n\t<td class=\"column-1\">H3K-CJ220(X)<\/td><td class=\"column-2\">3K<\/td><td class=\"column-3\">3K<\/td><td class=\"column-5\">5<\/td><td class=\"column-6\">5<\/td><td class=\"column-7\">100-3000<\/td><td class=\"column-8\">0.28<\/td><td class=\"column-9\">200<\/td>\n<\/tr>\n<tr class=\"row-8\">\n\t<td class=\"column-1\">H3K-CAJ220(F)<\/td><td class=\"column-2\">3K<\/td><td class=\"column-3\">1500D<\/td><td class=\"column-5\">5<\/td><td class=\"column-6\">5<\/td><td class=\"column-7\">100-3000<\/td><td class=\"column-8\">0.28<\/td><td class=\"column-9\">200<\/td>\n<\/tr>\n<tr class=\"row-9\">\n\t<td class=\"column-1\">H3K-CJ220(L)<\/td><td class=\"column-2\">3K<\/td><td class=\"column-3\">3K<\/td><td class=\"column-5\">5<\/td><td class=\"column-6\">5<\/td><td class=\"column-7\">100-3000<\/td><td class=\"column-8\">0.28<\/td><td class=\"column-9\">200<\/td>\n<\/tr>\n<tr class=\"row-10\">\n\t<td class=\"column-1\">H3K-CAJ220(F)<\/td><td class=\"column-2\">3K<\/td><td class=\"column-3\">1500D<\/td><td class=\"column-5\">5<\/td><td class=\"column-6\">5<\/td><td class=\"column-7\">100-3000<\/td><td class=\"column-8\">0.28<\/td><td class=\"column-9\">200<\/td>\n<\/tr>\n<\/tbody>\n<\/table>\n<!-- #tablepress-14 from cache --><\/div>\n\t\t\t\t\t\t<\/div>\n\t\t\t\t<\/div>\n\t\t\t\t\t<\/div>\n\t\t\t\t<\/div>\n\t\t\t\t<\/div>","protected":false},"excerpt":{"rendered":"<p>L'utilisation d'id\u00e9es novatrices en mati\u00e8re de conception permet aux mat\u00e9riaux composites bien connus de se montrer sous un jour diff\u00e9rent. L'utilisation de ses caract\u00e9ristiques en mati\u00e8re de performance permet en m\u00eame temps d'accro\u00eetre la vari\u00e9t\u00e9 et l'esth\u00e9tique de son apparence.<\/p>","protected":false},"featured_media":1107,"comment_status":"open","ping_status":"closed","template":"","meta":{"_acf_changed":false,"site-sidebar-layout":"no-sidebar","site-content-layout":"","ast-site-content-layout":"full-width-container","site-content-style":"default","site-sidebar-style":"default","ast-global-header-display":"","ast-banner-title-visibility":"","ast-main-header-display":"","ast-hfb-above-header-display":"","ast-hfb-below-header-display":"","ast-hfb-mobile-header-display":"","site-post-title":"disabled","ast-breadcrumbs-content":"","ast-featured-img":"disabled","footer-sml-layout":"","theme-transparent-header-meta":"default","adv-header-id-meta":"","stick-header-meta":"","header-above-stick-meta":"","header-main-stick-meta":"","header-below-stick-meta":"","astra-migrate-meta-layouts":"set","ast-page-background-enabled":"default","ast-page-background-meta":{"desktop":{"background-color":"var(--ast-global-color-5)","background-image":"","background-repeat":"repeat","background-position":"center center","background-size":"auto","background-attachment":"scroll","background-type":"","background-media":"","overlay-type":"","overlay-color":"","overlay-opacity":"","overlay-gradient":""},"tablet":{"background-color":"","background-image":"","background-repeat":"repeat","background-position":"center center","background-size":"auto","background-attachment":"scroll","background-type":"","background-media":"","overlay-type":"","overlay-color":"","overlay-opacity":"","overlay-gradient":""},"mobile":{"background-color":"","background-image":"","background-repeat":"repeat","background-position":"center center","background-size":"auto","background-attachment":"scroll","background-type":"","background-media":"","overlay-type":"","overlay-color":"","overlay-opacity":"","overlay-gradient":""}},"ast-content-background-meta":{"desktop":{"background-color":"var(--ast-global-color-4)","background-image":"","background-repeat":"repeat","background-position":"center center","background-size":"auto","background-attachment":"scroll","background-type":"","background-media":"","overlay-type":"","overlay-color":"","overlay-opacity":"","overlay-gradient":""},"tablet":{"background-color":"var(--ast-global-color-4)","background-image":"","background-repeat":"repeat","background-position":"center center","background-size":"auto","background-attachment":"scroll","background-type":"","background-media":"","overlay-type":"","overlay-color":"","overlay-opacity":"","overlay-gradient":""},"mobile":{"background-color":"var(--ast-global-color-4)","background-image":"","background-repeat":"repeat","background-position":"center center","background-size":"auto","background-attachment":"scroll","background-type":"","background-media":"","overlay-type":"","overlay-color":"","overlay-opacity":"","overlay-gradient":""}}},"product_brand":[],"product_cat":[34],"product_tag":[],"class_list":{"0":"post-1106","1":"product","2":"type-product","3":"status-publish","4":"has-post-thumbnail","6":"product_cat-woven-products","7":"desktop-align-left","8":"tablet-align-left","9":"mobile-align-left","11":"first","12":"instock","13":"shipping-taxable","14":"product-type-simple"},"acf":[],"yoast_head":"<!-- This site is optimized with the Yoast SEO plugin v25.5 - https:\/\/yoast.com\/wordpress\/plugins\/seo\/ -->\n<title>Jacquard Fabric - China carbon fiber drone products, carbon fiber, aramid fiber products and customized manufacturers<\/title>\n<meta name=\"robots\" content=\"index, follow, max-snippet:-1, max-image-preview:large, max-video-preview:-1\" \/>\n<link rel=\"canonical\" href=\"https:\/\/sinocarbonfibre.com\/fr\/produit\/jacquard-fabric\/\" \/>\n<meta property=\"og:locale\" content=\"fr_FR\" \/>\n<meta property=\"og:type\" content=\"article\" \/>\n<meta property=\"og:title\" content=\"Jacquard Fabric - China carbon fiber drone products, carbon fiber, aramid fiber products and customized manufacturers\" \/>\n<meta property=\"og:description\" content=\"Using innovative design ideas in order to make the well-known composite materials showing different side. Using of its characteristics on performance at the same time, increase its appearance variety and aesthetics.\" \/>\n<meta property=\"og:url\" content=\"https:\/\/sinocarbonfibre.com\/fr\/produit\/jacquard-fabric\/\" \/>\n<meta property=\"og:site_name\" content=\"China carbon fiber drone products, carbon fiber, aramid fiber products and customized manufacturers\" \/>\n<meta property=\"article:modified_time\" content=\"2025-07-16T03:22:45+00:00\" \/>\n<meta property=\"og:image\" content=\"https:\/\/sinocarbonfibre.com\/wp-content\/uploads\/2025\/07\/Jacquard-Fabric1.jpg\" \/>\n\t<meta property=\"og:image:width\" content=\"1000\" \/>\n\t<meta property=\"og:image:height\" content=\"600\" \/>\n\t<meta property=\"og:image:type\" content=\"image\/jpeg\" \/>\n<meta name=\"twitter:card\" content=\"summary_large_image\" \/>\n<script type=\"application\/ld+json\" class=\"yoast-schema-graph\">{\"@context\":\"https:\/\/schema.org\",\"@graph\":[{\"@type\":\"WebPage\",\"@id\":\"https:\/\/sinocarbonfibre.com\/product\/jacquard-fabric\/\",\"url\":\"https:\/\/sinocarbonfibre.com\/product\/jacquard-fabric\/\",\"name\":\"Jacquard Fabric - China carbon fiber drone products, carbon fiber, aramid fiber products and customized manufacturers\",\"isPartOf\":{\"@id\":\"https:\/\/sinocarbonfibre.com\/#website\"},\"primaryImageOfPage\":{\"@id\":\"https:\/\/sinocarbonfibre.com\/product\/jacquard-fabric\/#primaryimage\"},\"image\":{\"@id\":\"https:\/\/sinocarbonfibre.com\/product\/jacquard-fabric\/#primaryimage\"},\"thumbnailUrl\":\"https:\/\/sinocarbonfibre.com\/wp-content\/uploads\/2025\/07\/Jacquard-Fabric1.jpg\",\"datePublished\":\"2025-07-16T03:13:48+00:00\",\"dateModified\":\"2025-07-16T03:22:45+00:00\",\"breadcrumb\":{\"@id\":\"https:\/\/sinocarbonfibre.com\/product\/jacquard-fabric\/#breadcrumb\"},\"inLanguage\":\"fr-FR\",\"potentialAction\":[{\"@type\":\"ReadAction\",\"target\":[\"https:\/\/sinocarbonfibre.com\/product\/jacquard-fabric\/\"]}]},{\"@type\":\"ImageObject\",\"inLanguage\":\"fr-FR\",\"@id\":\"https:\/\/sinocarbonfibre.com\/product\/jacquard-fabric\/#primaryimage\",\"url\":\"https:\/\/sinocarbonfibre.com\/wp-content\/uploads\/2025\/07\/Jacquard-Fabric1.jpg\",\"contentUrl\":\"https:\/\/sinocarbonfibre.com\/wp-content\/uploads\/2025\/07\/Jacquard-Fabric1.jpg\",\"width\":1000,\"height\":600},{\"@type\":\"BreadcrumbList\",\"@id\":\"https:\/\/sinocarbonfibre.com\/product\/jacquard-fabric\/#breadcrumb\",\"itemListElement\":[{\"@type\":\"ListItem\",\"position\":1,\"name\":\"Home\",\"item\":\"https:\/\/sinocarbonfibre.com\/\"},{\"@type\":\"ListItem\",\"position\":2,\"name\":\"Products\",\"item\":\"https:\/\/sinocarbonfibre.com\/shop\/\"},{\"@type\":\"ListItem\",\"position\":3,\"name\":\"Jacquard Fabric\"}]},{\"@type\":\"WebSite\",\"@id\":\"https:\/\/sinocarbonfibre.com\/#website\",\"url\":\"https:\/\/sinocarbonfibre.com\/\",\"name\":\"China carbon fiber drone products, carbon fiber, aramid fiber products and customized manufacturers\",\"description\":\"\",\"publisher\":{\"@id\":\"https:\/\/sinocarbonfibre.com\/#organization\"},\"potentialAction\":[{\"@type\":\"SearchAction\",\"target\":{\"@type\":\"EntryPoint\",\"urlTemplate\":\"https:\/\/sinocarbonfibre.com\/?s={search_term_string}\"},\"query-input\":{\"@type\":\"PropertyValueSpecification\",\"valueRequired\":true,\"valueName\":\"search_term_string\"}}],\"inLanguage\":\"fr-FR\"},{\"@type\":\"Organization\",\"@id\":\"https:\/\/sinocarbonfibre.com\/#organization\",\"name\":\"China carbon fiber drone products, carbon fiber, aramid fiber products and customized manufacturers\",\"url\":\"https:\/\/sinocarbonfibre.com\/\",\"logo\":{\"@type\":\"ImageObject\",\"inLanguage\":\"fr-FR\",\"@id\":\"https:\/\/sinocarbonfibre.com\/#\/schema\/logo\/image\/\",\"url\":\"https:\/\/sinocarbonfibre.com\/wp-content\/uploads\/2025\/03\/logo.png\",\"contentUrl\":\"https:\/\/sinocarbonfibre.com\/wp-content\/uploads\/2025\/03\/logo.png\",\"width\":400,\"height\":80,\"caption\":\"China carbon fiber drone products, carbon fiber, aramid fiber products and customized manufacturers\"},\"image\":{\"@id\":\"https:\/\/sinocarbonfibre.com\/#\/schema\/logo\/image\/\"}}]}<\/script>\n<!-- \/ Yoast SEO plugin. -->","yoast_head_json":{"title":"Jacquard Fabric - China carbon fiber drone products, carbon fiber, aramid fiber products and customized manufacturers","robots":{"index":"index","follow":"follow","max-snippet":"max-snippet:-1","max-image-preview":"max-image-preview:large","max-video-preview":"max-video-preview:-1"},"canonical":"https:\/\/sinocarbonfibre.com\/fr\/produit\/jacquard-fabric\/","og_locale":"fr_FR","og_type":"article","og_title":"Jacquard Fabric - China carbon fiber drone products, carbon fiber, aramid fiber products and customized manufacturers","og_description":"Using innovative design ideas in order to make the well-known composite materials showing different side. Using of its characteristics on performance at the same time, increase its appearance variety and aesthetics.","og_url":"https:\/\/sinocarbonfibre.com\/fr\/produit\/jacquard-fabric\/","og_site_name":"China carbon fiber drone products, carbon fiber, aramid fiber products and customized manufacturers","article_modified_time":"2025-07-16T03:22:45+00:00","og_image":[{"width":1000,"height":600,"url":"https:\/\/sinocarbonfibre.com\/wp-content\/uploads\/2025\/07\/Jacquard-Fabric1.jpg","type":"image\/jpeg"}],"twitter_card":"summary_large_image","schema":{"@context":"https:\/\/schema.org","@graph":[{"@type":"WebPage","@id":"https:\/\/sinocarbonfibre.com\/product\/jacquard-fabric\/","url":"https:\/\/sinocarbonfibre.com\/product\/jacquard-fabric\/","name":"Jacquard Fabric - China carbon fiber drone products, carbon fiber, aramid fiber products and customized manufacturers","isPartOf":{"@id":"https:\/\/sinocarbonfibre.com\/#website"},"primaryImageOfPage":{"@id":"https:\/\/sinocarbonfibre.com\/product\/jacquard-fabric\/#primaryimage"},"image":{"@id":"https:\/\/sinocarbonfibre.com\/product\/jacquard-fabric\/#primaryimage"},"thumbnailUrl":"https:\/\/sinocarbonfibre.com\/wp-content\/uploads\/2025\/07\/Jacquard-Fabric1.jpg","datePublished":"2025-07-16T03:13:48+00:00","dateModified":"2025-07-16T03:22:45+00:00","breadcrumb":{"@id":"https:\/\/sinocarbonfibre.com\/product\/jacquard-fabric\/#breadcrumb"},"inLanguage":"fr-FR","potentialAction":[{"@type":"ReadAction","target":["https:\/\/sinocarbonfibre.com\/product\/jacquard-fabric\/"]}]},{"@type":"ImageObject","inLanguage":"fr-FR","@id":"https:\/\/sinocarbonfibre.com\/product\/jacquard-fabric\/#primaryimage","url":"https:\/\/sinocarbonfibre.com\/wp-content\/uploads\/2025\/07\/Jacquard-Fabric1.jpg","contentUrl":"https:\/\/sinocarbonfibre.com\/wp-content\/uploads\/2025\/07\/Jacquard-Fabric1.jpg","width":1000,"height":600},{"@type":"BreadcrumbList","@id":"https:\/\/sinocarbonfibre.com\/product\/jacquard-fabric\/#breadcrumb","itemListElement":[{"@type":"ListItem","position":1,"name":"Home","item":"https:\/\/sinocarbonfibre.com\/"},{"@type":"ListItem","position":2,"name":"Products","item":"https:\/\/sinocarbonfibre.com\/shop\/"},{"@type":"ListItem","position":3,"name":"Jacquard Fabric"}]},{"@type":"WebSite","@id":"https:\/\/sinocarbonfibre.com\/#website","url":"https:\/\/sinocarbonfibre.com\/","name":"China carbon fiber drone products, carbon fiber, aramid fiber products and customized manufacturers","description":"","publisher":{"@id":"https:\/\/sinocarbonfibre.com\/#organization"},"potentialAction":[{"@type":"SearchAction","target":{"@type":"EntryPoint","urlTemplate":"https:\/\/sinocarbonfibre.com\/?s={search_term_string}"},"query-input":{"@type":"PropertyValueSpecification","valueRequired":true,"valueName":"search_term_string"}}],"inLanguage":"fr-FR"},{"@type":"Organization","@id":"https:\/\/sinocarbonfibre.com\/#organization","name":"China carbon fiber drone products, carbon fiber, aramid fiber products and customized manufacturers","url":"https:\/\/sinocarbonfibre.com\/","logo":{"@type":"ImageObject","inLanguage":"fr-FR","@id":"https:\/\/sinocarbonfibre.com\/#\/schema\/logo\/image\/","url":"https:\/\/sinocarbonfibre.com\/wp-content\/uploads\/2025\/03\/logo.png","contentUrl":"https:\/\/sinocarbonfibre.com\/wp-content\/uploads\/2025\/03\/logo.png","width":400,"height":80,"caption":"China carbon fiber drone products, carbon fiber, aramid fiber products and customized manufacturers"},"image":{"@id":"https:\/\/sinocarbonfibre.com\/#\/schema\/logo\/image\/"}}]}},"_links":{"self":[{"href":"https:\/\/sinocarbonfibre.com\/fr\/wp-json\/wp\/v2\/product\/1106","targetHints":{"allow":["GET"]}}],"collection":[{"href":"https:\/\/sinocarbonfibre.com\/fr\/wp-json\/wp\/v2\/product"}],"about":[{"href":"https:\/\/sinocarbonfibre.com\/fr\/wp-json\/wp\/v2\/types\/product"}],"replies":[{"embeddable":true,"href":"https:\/\/sinocarbonfibre.com\/fr\/wp-json\/wp\/v2\/comments?post=1106"}],"version-history":[{"count":4,"href":"https:\/\/sinocarbonfibre.com\/fr\/wp-json\/wp\/v2\/product\/1106\/revisions"}],"predecessor-version":[{"id":1115,"href":"https:\/\/sinocarbonfibre.com\/fr\/wp-json\/wp\/v2\/product\/1106\/revisions\/1115"}],"wp:featuredmedia":[{"embeddable":true,"href":"https:\/\/sinocarbonfibre.com\/fr\/wp-json\/wp\/v2\/media\/1107"}],"wp:attachment":[{"href":"https:\/\/sinocarbonfibre.com\/fr\/wp-json\/wp\/v2\/media?parent=1106"}],"wp:term":[{"taxonomy":"product_brand","embeddable":true,"href":"https:\/\/sinocarbonfibre.com\/fr\/wp-json\/wp\/v2\/product_brand?post=1106"},{"taxonomy":"product_cat","embeddable":true,"href":"https:\/\/sinocarbonfibre.com\/fr\/wp-json\/wp\/v2\/product_cat?post=1106"},{"taxonomy":"product_tag","embeddable":true,"href":"https:\/\/sinocarbonfibre.com\/fr\/wp-json\/wp\/v2\/product_tag?post=1106"}],"curies":[{"name":"wp","href":"https:\/\/api.w.org\/{rel}","templated":true}]}}