{"id":1396,"date":"2025-07-17T04:59:38","date_gmt":"2025-07-17T04:59:38","guid":{"rendered":"https:\/\/sinocarbonfibre.com\/?post_type=product&#038;p=1396"},"modified":"2025-07-24T00:51:42","modified_gmt":"2025-07-24T00:51:42","slug":"carbon-fiber-needle-felt","status":"publish","type":"product","link":"https:\/\/sinocarbonfibre.com\/es\/producto\/carbon-fiber-needle-felt\/","title":{"rendered":"Fieltro de aguja de fibra de carbono"},"content":{"rendered":"<div data-elementor-type=\"product-post\" data-elementor-id=\"1396\" class=\"elementor elementor-1396\" data-elementor-post-type=\"product\">\n\t\t\t\t<div class=\"elementor-element elementor-element-10e95ed e-flex e-con-boxed e-con e-parent\" data-id=\"10e95ed\" data-element_type=\"container\">\n\t\t\t\t\t<div class=\"e-con-inner\">\n\t\t\t\t<div class=\"elementor-element elementor-element-a7ecb43 elementor-widget elementor-widget-text-editor\" data-id=\"a7ecb43\" data-element_type=\"widget\" data-widget_type=\"text-editor.default\">\n\t\t\t\t<div class=\"elementor-widget-container\">\n\t\t\t\t\t\t\t\t\t<p>El punzonado con agujas de fieltro de fibra de carbono consiste en abrir, peinar y colocar fibras cortas en una red de fibras y, a continuaci\u00f3n, reforzar la red de fibras en tela mediante agujas. Las agujas tienen ganchos y espinas que perforan repetidamente la red de fibras. Los ganchos y las fibras se refuerzan para formar fieltro crudo de fibra de carbono perforado con agujas. La producci\u00f3n de fieltro de fibra de carbono por punzonado con aguja consiste en reforzar y sujetar la red de fibra esponjosa mediante la acci\u00f3n de punci\u00f3n de la m\u00e1quina de punzonado con aguja para obtener resistencia.<\/p><p>La red de fibras es perforada repetidamente por una aguja con una p\u00faa en el borde de una secci\u00f3n transversal triangular (u otra secci\u00f3n transversal). Cuando la p\u00faa atraviesa la red de fibras, la superficie y las fibras interiores locales de la red de fibras se ven forzadas a penetrar en la red de fibras. Debido a la fricci\u00f3n entre las fibras, la red de fibras esponjosa original se comprime. Cuando la aguja se retira de la red de fibras, los haces de fibras insertados se desprenden de la p\u00faa y permanecen en la red de fibras. De este modo, muchos haces de fibras enredan la red de fibras de modo que ya no puede recuperar su estado esponjoso original. Despu\u00e9s de perforar muchas veces con la aguja, se perfora un gran n\u00famero de haces de fibras en la red de fibras, de modo que las fibras de la red de fibras se enredan entre s\u00ed, formando as\u00ed un fieltro de fibra de carbono en bruto con una cierta resistencia y grosor. A continuaci\u00f3n, el fieltro de fibra de carbono original se oxida previamente y se carboniza para obtener el fieltro de fibra de carbono (proceso de producci\u00f3n del fieltro de fibra de carbono a base de PAN).<\/p><p>El fieltro de fibra de carbono tiene una alta resistencia axial y m\u00f3dulo, baja densidad, resistencia a temperaturas ultra altas en entornos no oxidantes, buena resistencia a la fatiga, resistencia a \u00e1cidos y \u00e1lcalis, resistencia a altas temperaturas, buena transmitancia de rayos X, buena conductividad el\u00e9ctrica y t\u00e9rmica, y buenas propiedades de blindaje electromagn\u00e9tico. Se utiliza cada vez m\u00e1s en la industria, la atenci\u00f3n m\u00e9dica, la protecci\u00f3n del medio ambiente y otros campos.<\/p><p>Las preformas punzonadas de fibra de carbono est\u00e1n hechas de tela de fibra de carbono con un \u00e1ngulo de plegado optimizado, combinadas con relleno de fibra corta de carbono y conectadas como un todo mediante procesos especiales. Los materiales compuestos de C\/C se fabrican mediante deposici\u00f3n de vapor y compounding, lo que constituye una estructura portante ligera, resistente y duradera. Las especificaciones habituales incluyen piezas normales, como placas planas y ollas, as\u00ed como piezas de formas especiales, como tubos gu\u00eda y crisoles.<\/p><p>La preforma punzonada de fibra de carbono es un tipo de preforma de material compuesto de C\/C. El proceso de formaci\u00f3n de la preforma punzonada con aguja consiste en utilizar malla de fibra como materia prima para el punzonado con aguja, y utilizar una aguja especial con ganchos invertidos para el punzonado con aguja a fin de formar un refuerzo de estructura de malla casi tridimensional con cierta resistencia tanto en el plano como entre las capas. La preforma punzonada con aguja supera la d\u00e9bil resistencia entre capas de la preforma laminada en 2D, y al mismo tiempo supera la debilidad de la preforma tejida en 3D, que es un proceso complejo y de alto coste.<\/p><p>Las preformas de fibra de carbono se fabrican con fibra de carbono de alta resistencia, tela de fibra de carbono y fieltro de fibra de carbono mediante estratificaci\u00f3n repetida y punzonado. Est\u00e1n rellenas de fibras cortas y tienen cierta densidad y firmeza. Los productos incluyen varios crisoles de campo caliente, tubos gu\u00eda, crisoles, preformas de barril de aislamiento y preformas de placa plana. Los productos se componen con valor C\/C en componentes de campo caliente ligeros, resistentes y duraderos. Tambi\u00e9n pueden transformarse en carriles de alta velocidad, discos de freno para autom\u00f3viles, elementos de fijaci\u00f3n y productos especiales.<\/p><h1><strong>Caracter\u00edsticas del producto<\/strong><\/h1><p>Densidad adecuada; no es f\u00e1cil de deformar; buena resistencia al choque t\u00e9rmico del producto final; no se agrieta ni se cae.<\/p><h1><strong>Par\u00e1metros b\u00e1sicos<\/strong><\/h1><p>Calidad de aspecto: punzonado uniforme de la aguja, sin estratificaci\u00f3n, sin endurecimiento, sin curvatura y otros defectos en la pieza en bruto.<\/p><p>Tama\u00f1o: de acuerdo con el contrato de pedido y el acuerdo t\u00e9cnico entre las partes suministradora y demandante.<\/p><p>Densidad volum\u00e9trica: 0,55-0,60 g\/cm seg\u00fan los requisitos del cliente<\/p><p>Densidad de capas: 6-13 capas\/cm<\/p><p>Porcentaje de masa de fibra larga: 50-85%<\/p>\t\t\t\t\t\t\t\t<\/div>\n\t\t\t\t<\/div>\n\t\t\t\t\t<\/div>\n\t\t\t\t<\/div>\n\t\t\t\t<\/div>","protected":false},"excerpt":{"rendered":"<p>El punzonado con agujas de fieltro de fibra de carbono consiste en abrir, peinar y colocar fibras cortas en una red de fibras y, a continuaci\u00f3n, reforzar la red de fibras en tela mediante agujas. Las agujas tienen ganchos y espinas que perforan repetidamente la red de fibras. Los ganchos y las fibras se refuerzan para formar fieltro crudo de fibra de carbono perforado con agujas. La producci\u00f3n de fieltro de fibra de carbono por punzonado con aguja consiste en reforzar y sujetar la red de fibra esponjosa mediante la acci\u00f3n de punci\u00f3n de la m\u00e1quina de punzonado con aguja para obtener resistencia.<\/p>","protected":false},"featured_media":1397,"comment_status":"open","ping_status":"closed","template":"","meta":{"_acf_changed":false,"site-sidebar-layout":"no-sidebar","site-content-layout":"","ast-site-content-layout":"full-width-container","site-content-style":"default","site-sidebar-style":"default","ast-global-header-display":"","ast-banner-title-visibility":"","ast-main-header-display":"","ast-hfb-above-header-display":"","ast-hfb-below-header-display":"","ast-hfb-mobile-header-display":"","site-post-title":"disabled","ast-breadcrumbs-content":"","ast-featured-img":"disabled","footer-sml-layout":"","theme-transparent-header-meta":"default","adv-header-id-meta":"","stick-header-meta":"","header-above-stick-meta":"","header-main-stick-meta":"","header-below-stick-meta":"","astra-migrate-meta-layouts":"set","ast-page-background-enabled":"default","ast-page-background-meta":{"desktop":{"background-color":"var(--ast-global-color-5)","background-image":"","background-repeat":"repeat","background-position":"center center","background-size":"auto","background-attachment":"scroll","background-type":"","background-media":"","overlay-type":"","overlay-color":"","overlay-opacity":"","overlay-gradient":""},"tablet":{"background-color":"","background-image":"","background-repeat":"repeat","background-position":"center center","background-size":"auto","background-attachment":"scroll","background-type":"","background-media":"","overlay-type":"","overlay-color":"","overlay-opacity":"","overlay-gradient":""},"mobile":{"background-color":"","background-image":"","background-repeat":"repeat","background-position":"center center","background-size":"auto","background-attachment":"scroll","background-type":"","background-media":"","overlay-type":"","overlay-color":"","overlay-opacity":"","overlay-gradient":""}},"ast-content-background-meta":{"desktop":{"background-color":"var(--ast-global-color-4)","background-image":"","background-repeat":"repeat","background-position":"center center","background-size":"auto","background-attachment":"scroll","background-type":"","background-media":"","overlay-type":"","overlay-color":"","overlay-opacity":"","overlay-gradient":""},"tablet":{"background-color":"var(--ast-global-color-4)","background-image":"","background-repeat":"repeat","background-position":"center center","background-size":"auto","background-attachment":"scroll","background-type":"","background-media":"","overlay-type":"","overlay-color":"","overlay-opacity":"","overlay-gradient":""},"mobile":{"background-color":"var(--ast-global-color-4)","background-image":"","background-repeat":"repeat","background-position":"center center","background-size":"auto","background-attachment":"scroll","background-type":"","background-media":"","overlay-type":"","overlay-color":"","overlay-opacity":"","overlay-gradient":""}}},"product_brand":[],"product_cat":[68],"product_tag":[],"class_list":{"0":"post-1396","1":"product","2":"type-product","3":"status-publish","4":"has-post-thumbnail","6":"product_cat-needle-punched-precast","7":"desktop-align-left","8":"tablet-align-left","9":"mobile-align-left","11":"first","12":"instock","13":"shipping-taxable","14":"product-type-simple"},"acf":[],"yoast_head":"<!-- This site is optimized with the Yoast SEO plugin v25.5 - https:\/\/yoast.com\/wordpress\/plugins\/seo\/ -->\n<title>Carbon fiber needle felt - China carbon fiber drone products, carbon fiber, aramid fiber products and customized manufacturers<\/title>\n<meta name=\"robots\" content=\"index, follow, max-snippet:-1, max-image-preview:large, max-video-preview:-1\" \/>\n<link rel=\"canonical\" href=\"https:\/\/sinocarbonfibre.com\/es\/producto\/carbon-fiber-needle-felt\/\" \/>\n<meta property=\"og:locale\" content=\"es_ES\" \/>\n<meta property=\"og:type\" content=\"article\" \/>\n<meta property=\"og:title\" content=\"Carbon fiber needle felt - China carbon fiber drone products, carbon fiber, aramid fiber products and customized manufacturers\" \/>\n<meta property=\"og:description\" content=\"Carbon fiber felt needle punching is to open, comb and lay short fibers into a fiber net, and then reinforce the fiber net into cloth through needles. The needles have hooks and thorns, which repeatedly puncture the fiber net. The hooks and fibers are reinforced to form needle-punched carbon fiber raw felt. The production of carbon fiber felt by needle punching is to reinforce and hold the fluffy fiber net through the puncture action of the needle punching machine to obtain strength.\" \/>\n<meta property=\"og:url\" content=\"https:\/\/sinocarbonfibre.com\/es\/producto\/carbon-fiber-needle-felt\/\" \/>\n<meta property=\"og:site_name\" content=\"China carbon fiber drone products, carbon fiber, aramid fiber products and customized manufacturers\" \/>\n<meta property=\"article:modified_time\" content=\"2025-07-24T00:51:42+00:00\" \/>\n<meta property=\"og:image\" content=\"https:\/\/sinocarbonfibre.com\/wp-content\/uploads\/2025\/07\/Needle-Punched-Precast1.jpg\" \/>\n\t<meta property=\"og:image:width\" content=\"1000\" \/>\n\t<meta property=\"og:image:height\" content=\"600\" \/>\n\t<meta property=\"og:image:type\" content=\"image\/jpeg\" \/>\n<meta name=\"twitter:card\" content=\"summary_large_image\" \/>\n<script type=\"application\/ld+json\" class=\"yoast-schema-graph\">{\"@context\":\"https:\/\/schema.org\",\"@graph\":[{\"@type\":\"WebPage\",\"@id\":\"https:\/\/sinocarbonfibre.com\/product\/carbon-fiber-needle-felt\/\",\"url\":\"https:\/\/sinocarbonfibre.com\/product\/carbon-fiber-needle-felt\/\",\"name\":\"Carbon fiber needle felt - China carbon fiber drone products, carbon fiber, aramid fiber products and customized manufacturers\",\"isPartOf\":{\"@id\":\"https:\/\/sinocarbonfibre.com\/#website\"},\"primaryImageOfPage\":{\"@id\":\"https:\/\/sinocarbonfibre.com\/product\/carbon-fiber-needle-felt\/#primaryimage\"},\"image\":{\"@id\":\"https:\/\/sinocarbonfibre.com\/product\/carbon-fiber-needle-felt\/#primaryimage\"},\"thumbnailUrl\":\"https:\/\/sinocarbonfibre.com\/wp-content\/uploads\/2025\/07\/Needle-Punched-Precast1.jpg\",\"datePublished\":\"2025-07-17T04:59:38+00:00\",\"dateModified\":\"2025-07-24T00:51:42+00:00\",\"breadcrumb\":{\"@id\":\"https:\/\/sinocarbonfibre.com\/product\/carbon-fiber-needle-felt\/#breadcrumb\"},\"inLanguage\":\"es\",\"potentialAction\":[{\"@type\":\"ReadAction\",\"target\":[\"https:\/\/sinocarbonfibre.com\/product\/carbon-fiber-needle-felt\/\"]}]},{\"@type\":\"ImageObject\",\"inLanguage\":\"es\",\"@id\":\"https:\/\/sinocarbonfibre.com\/product\/carbon-fiber-needle-felt\/#primaryimage\",\"url\":\"https:\/\/sinocarbonfibre.com\/wp-content\/uploads\/2025\/07\/Needle-Punched-Precast1.jpg\",\"contentUrl\":\"https:\/\/sinocarbonfibre.com\/wp-content\/uploads\/2025\/07\/Needle-Punched-Precast1.jpg\",\"width\":1000,\"height\":600},{\"@type\":\"BreadcrumbList\",\"@id\":\"https:\/\/sinocarbonfibre.com\/product\/carbon-fiber-needle-felt\/#breadcrumb\",\"itemListElement\":[{\"@type\":\"ListItem\",\"position\":1,\"name\":\"Home\",\"item\":\"https:\/\/sinocarbonfibre.com\/\"},{\"@type\":\"ListItem\",\"position\":2,\"name\":\"Products\",\"item\":\"https:\/\/sinocarbonfibre.com\/shop\/\"},{\"@type\":\"ListItem\",\"position\":3,\"name\":\"Carbon fiber needle felt\"}]},{\"@type\":\"WebSite\",\"@id\":\"https:\/\/sinocarbonfibre.com\/#website\",\"url\":\"https:\/\/sinocarbonfibre.com\/\",\"name\":\"China carbon fiber drone products, carbon fiber, aramid fiber products and customized manufacturers\",\"description\":\"\",\"publisher\":{\"@id\":\"https:\/\/sinocarbonfibre.com\/#organization\"},\"potentialAction\":[{\"@type\":\"SearchAction\",\"target\":{\"@type\":\"EntryPoint\",\"urlTemplate\":\"https:\/\/sinocarbonfibre.com\/?s={search_term_string}\"},\"query-input\":{\"@type\":\"PropertyValueSpecification\",\"valueRequired\":true,\"valueName\":\"search_term_string\"}}],\"inLanguage\":\"es\"},{\"@type\":\"Organization\",\"@id\":\"https:\/\/sinocarbonfibre.com\/#organization\",\"name\":\"China carbon fiber drone products, carbon fiber, aramid fiber products and customized manufacturers\",\"url\":\"https:\/\/sinocarbonfibre.com\/\",\"logo\":{\"@type\":\"ImageObject\",\"inLanguage\":\"es\",\"@id\":\"https:\/\/sinocarbonfibre.com\/#\/schema\/logo\/image\/\",\"url\":\"https:\/\/sinocarbonfibre.com\/wp-content\/uploads\/2025\/03\/logo.png\",\"contentUrl\":\"https:\/\/sinocarbonfibre.com\/wp-content\/uploads\/2025\/03\/logo.png\",\"width\":400,\"height\":80,\"caption\":\"China carbon fiber drone products, carbon fiber, aramid fiber products and customized manufacturers\"},\"image\":{\"@id\":\"https:\/\/sinocarbonfibre.com\/#\/schema\/logo\/image\/\"}}]}<\/script>\n<!-- \/ Yoast SEO plugin. -->","yoast_head_json":{"title":"Carbon fiber needle felt - China carbon fiber drone products, carbon fiber, aramid fiber products and customized manufacturers","robots":{"index":"index","follow":"follow","max-snippet":"max-snippet:-1","max-image-preview":"max-image-preview:large","max-video-preview":"max-video-preview:-1"},"canonical":"https:\/\/sinocarbonfibre.com\/es\/producto\/carbon-fiber-needle-felt\/","og_locale":"es_ES","og_type":"article","og_title":"Carbon fiber needle felt - China carbon fiber drone products, carbon fiber, aramid fiber products and customized manufacturers","og_description":"Carbon fiber felt needle punching is to open, comb and lay short fibers into a fiber net, and then reinforce the fiber net into cloth through needles. The needles have hooks and thorns, which repeatedly puncture the fiber net. The hooks and fibers are reinforced to form needle-punched carbon fiber raw felt. The production of carbon fiber felt by needle punching is to reinforce and hold the fluffy fiber net through the puncture action of the needle punching machine to obtain strength.","og_url":"https:\/\/sinocarbonfibre.com\/es\/producto\/carbon-fiber-needle-felt\/","og_site_name":"China carbon fiber drone products, carbon fiber, aramid fiber products and customized manufacturers","article_modified_time":"2025-07-24T00:51:42+00:00","og_image":[{"width":1000,"height":600,"url":"https:\/\/sinocarbonfibre.com\/wp-content\/uploads\/2025\/07\/Needle-Punched-Precast1.jpg","type":"image\/jpeg"}],"twitter_card":"summary_large_image","schema":{"@context":"https:\/\/schema.org","@graph":[{"@type":"WebPage","@id":"https:\/\/sinocarbonfibre.com\/product\/carbon-fiber-needle-felt\/","url":"https:\/\/sinocarbonfibre.com\/product\/carbon-fiber-needle-felt\/","name":"Carbon fiber needle felt - China carbon fiber drone products, carbon fiber, aramid fiber products and customized manufacturers","isPartOf":{"@id":"https:\/\/sinocarbonfibre.com\/#website"},"primaryImageOfPage":{"@id":"https:\/\/sinocarbonfibre.com\/product\/carbon-fiber-needle-felt\/#primaryimage"},"image":{"@id":"https:\/\/sinocarbonfibre.com\/product\/carbon-fiber-needle-felt\/#primaryimage"},"thumbnailUrl":"https:\/\/sinocarbonfibre.com\/wp-content\/uploads\/2025\/07\/Needle-Punched-Precast1.jpg","datePublished":"2025-07-17T04:59:38+00:00","dateModified":"2025-07-24T00:51:42+00:00","breadcrumb":{"@id":"https:\/\/sinocarbonfibre.com\/product\/carbon-fiber-needle-felt\/#breadcrumb"},"inLanguage":"es","potentialAction":[{"@type":"ReadAction","target":["https:\/\/sinocarbonfibre.com\/product\/carbon-fiber-needle-felt\/"]}]},{"@type":"ImageObject","inLanguage":"es","@id":"https:\/\/sinocarbonfibre.com\/product\/carbon-fiber-needle-felt\/#primaryimage","url":"https:\/\/sinocarbonfibre.com\/wp-content\/uploads\/2025\/07\/Needle-Punched-Precast1.jpg","contentUrl":"https:\/\/sinocarbonfibre.com\/wp-content\/uploads\/2025\/07\/Needle-Punched-Precast1.jpg","width":1000,"height":600},{"@type":"BreadcrumbList","@id":"https:\/\/sinocarbonfibre.com\/product\/carbon-fiber-needle-felt\/#breadcrumb","itemListElement":[{"@type":"ListItem","position":1,"name":"Home","item":"https:\/\/sinocarbonfibre.com\/"},{"@type":"ListItem","position":2,"name":"Products","item":"https:\/\/sinocarbonfibre.com\/shop\/"},{"@type":"ListItem","position":3,"name":"Carbon fiber needle felt"}]},{"@type":"WebSite","@id":"https:\/\/sinocarbonfibre.com\/#website","url":"https:\/\/sinocarbonfibre.com\/","name":"China carbon fiber drone products, carbon fiber, aramid fiber products and customized manufacturers","description":"","publisher":{"@id":"https:\/\/sinocarbonfibre.com\/#organization"},"potentialAction":[{"@type":"SearchAction","target":{"@type":"EntryPoint","urlTemplate":"https:\/\/sinocarbonfibre.com\/?s={search_term_string}"},"query-input":{"@type":"PropertyValueSpecification","valueRequired":true,"valueName":"search_term_string"}}],"inLanguage":"es"},{"@type":"Organization","@id":"https:\/\/sinocarbonfibre.com\/#organization","name":"China carbon fiber drone products, carbon fiber, aramid fiber products and customized manufacturers","url":"https:\/\/sinocarbonfibre.com\/","logo":{"@type":"ImageObject","inLanguage":"es","@id":"https:\/\/sinocarbonfibre.com\/#\/schema\/logo\/image\/","url":"https:\/\/sinocarbonfibre.com\/wp-content\/uploads\/2025\/03\/logo.png","contentUrl":"https:\/\/sinocarbonfibre.com\/wp-content\/uploads\/2025\/03\/logo.png","width":400,"height":80,"caption":"China carbon fiber drone products, carbon fiber, aramid fiber products and customized manufacturers"},"image":{"@id":"https:\/\/sinocarbonfibre.com\/#\/schema\/logo\/image\/"}}]}},"_links":{"self":[{"href":"https:\/\/sinocarbonfibre.com\/es\/wp-json\/wp\/v2\/product\/1396","targetHints":{"allow":["GET"]}}],"collection":[{"href":"https:\/\/sinocarbonfibre.com\/es\/wp-json\/wp\/v2\/product"}],"about":[{"href":"https:\/\/sinocarbonfibre.com\/es\/wp-json\/wp\/v2\/types\/product"}],"replies":[{"embeddable":true,"href":"https:\/\/sinocarbonfibre.com\/es\/wp-json\/wp\/v2\/comments?post=1396"}],"version-history":[{"count":7,"href":"https:\/\/sinocarbonfibre.com\/es\/wp-json\/wp\/v2\/product\/1396\/revisions"}],"predecessor-version":[{"id":1754,"href":"https:\/\/sinocarbonfibre.com\/es\/wp-json\/wp\/v2\/product\/1396\/revisions\/1754"}],"wp:featuredmedia":[{"embeddable":true,"href":"https:\/\/sinocarbonfibre.com\/es\/wp-json\/wp\/v2\/media\/1397"}],"wp:attachment":[{"href":"https:\/\/sinocarbonfibre.com\/es\/wp-json\/wp\/v2\/media?parent=1396"}],"wp:term":[{"taxonomy":"product_brand","embeddable":true,"href":"https:\/\/sinocarbonfibre.com\/es\/wp-json\/wp\/v2\/product_brand?post=1396"},{"taxonomy":"product_cat","embeddable":true,"href":"https:\/\/sinocarbonfibre.com\/es\/wp-json\/wp\/v2\/product_cat?post=1396"},{"taxonomy":"product_tag","embeddable":true,"href":"https:\/\/sinocarbonfibre.com\/es\/wp-json\/wp\/v2\/product_tag?post=1396"}],"curies":[{"name":"wp","href":"https:\/\/api.w.org\/{rel}","templated":true}]}}