{"id":1151,"date":"2025-07-16T05:17:48","date_gmt":"2025-07-16T05:17:48","guid":{"rendered":"https:\/\/sinocarbonfibre.com\/?post_type=product&#038;p=1151"},"modified":"2025-07-24T01:20:25","modified_gmt":"2025-07-24T01:20:25","slug":"bidirectional-prepreg","status":"publish","type":"product","link":"https:\/\/sinocarbonfibre.com\/es\/producto\/bidirectional-prepreg\/","title":{"rendered":"Preimpregnado bidireccional"},"content":{"rendered":"<div data-elementor-type=\"product-post\" data-elementor-id=\"1151\" class=\"elementor elementor-1151\" data-elementor-post-type=\"product\">\n\t\t\t\t<div class=\"elementor-element elementor-element-a578929 e-flex e-con-boxed e-con e-parent\" data-id=\"a578929\" data-element_type=\"container\">\n\t\t\t\t\t<div class=\"e-con-inner\">\n\t\t\t\t<div class=\"elementor-element elementor-element-3e5ac1f elementor-widget elementor-widget-text-editor\" data-id=\"3e5ac1f\" data-element_type=\"widget\" data-widget_type=\"text-editor.default\">\n\t\t\t\t<div class=\"elementor-widget-container\">\n\t\t\t\t\t\t\t\t\t<p>El preimpregnado de fibra de carbono es un material compuesto de alto rendimiento formado por fibra de carbono y un sistema de resina preimpregnada. Es un material intermedio clave en el proceso de fabricaci\u00f3n de materiales compuestos de fibra de carbono y se utiliza ampliamente en la industria aeroespacial, la automoci\u00f3n, la energ\u00eda e\u00f3lica, los equipos deportivos y otros campos con requisitos de alto rendimiento.<\/p><h1><strong><b>Composici\u00f3n b\u00e1sica<\/b><\/strong><\/h1><p>El preimpregnado de fibra de carbono se compone principalmente de dos partes:<\/p><p><strong><b>Refuerzo de fibra de carbono:<\/b><\/strong>\u00a0Normalmente se utiliza fibra de carbono de alta resistencia y alto m\u00f3dulo como refuerzo en una disposici\u00f3n determinada (disposici\u00f3n unidireccional o forma de tejido).<\/p><p><strong><b>Sistema de resina preimpregnada:<\/b><\/strong>\u00a0incluyendo materiales de matriz como resina epoxi, resina fen\u00f3lica, resina de poliimida, y pueden contener aditivos como agente de curado, agente endurecedor, retardante de llama, etc.<\/p><h1><strong><b>Proceso de fabricaci\u00f3n<\/b><\/strong><\/h1><p>El proceso de producci\u00f3n del preimpregnado de fibra de carbono incluye los siguientes pasos:<\/p><ul><li>Preparaci\u00f3n de la tela\/hilo de fibra de carbono: seleccionar los materiales de fibra de carbono adecuados y ajustar su disposici\u00f3n en funci\u00f3n del uso final.<\/li><li>Preparaci\u00f3n del sistema de resina: preparar la matriz de resina adecuada seg\u00fan los requisitos de rendimiento y ajustar su viscosidad, temperatura de curado y otros par\u00e1metros.<\/li><li>Proceso de impregnaci\u00f3n: La fibra de carbono se impregna uniformemente con resina mediante procesos como el revestimiento, la fusi\u00f3n en caliente o la impregnaci\u00f3n con disolventes.<\/li><li>Tratamiento de semicurado: Mediante el control de la temperatura y el tiempo, la resina alcanza el estado \"fase B\" adecuado, es decir, el estado semicurado, que es conveniente para el almacenamiento y el procesamiento posterior.<\/li><li>Enrollado\/corte: El preimpregnado se enrolla o corta en tama\u00f1os adecuados para su posterior moldeo.<\/li><\/ul><h1><strong><b>Caracter\u00edsticas<\/b><\/strong><\/h1><p>El preimpregnado de fibra de carbono tiene las siguientes caracter\u00edsticas principales:<\/p><ul><li>Alta resistencia espec\u00edfica y alto m\u00f3dulo espec\u00edfico: La resistencia espec\u00edfica y el m\u00f3dulo espec\u00edfico superan con creces los de materiales met\u00e1licos como el acero y las aleaciones de aluminio.<\/li><li>Excelente resistencia a la corrosi\u00f3n: No le afectan los factores ambientales generales (como el agua, el \u00e1cido y el \u00e1lcali).<\/li><li>Buena capacidad de dise\u00f1o: El rendimiento puede optimizarse ajustando el \u00e1ngulo de colocaci\u00f3n, el n\u00famero de capas y el sistema de resina.<\/li><li>Ligereza: La baja densidad puede reducir significativamente el peso de la estructura, especialmente adecuada para las industrias aeroespacial y automovil\u00edstica.<\/li><li>Conveniente procesamiento: Tiene una fuerte plasticidad bajo condiciones de calentamiento y curado, y es adecuado para una variedad de procesos de moldeo como la colocaci\u00f3n autom\u00e1tica de fibras, la colocaci\u00f3n manual y el autoclave.<\/li><\/ul><h1><strong><b>Campos de aplicaci\u00f3n<\/b><\/strong><\/h1><p>El preimpregnado de fibra de carbono se utiliza ampliamente en los siguientes campos debido a sus excelentes propiedades mec\u00e1nicas y ventajas de ligereza:<\/p><ul><li>Aeroespacial: fuselaje de aviones, alas, cap\u00f3 de motores, piezas de cohetes, etc.<\/li><li>Fabricaci\u00f3n de autom\u00f3viles: carrocer\u00eda de coches deportivos de gama alta, bastidor, eje de transmisi\u00f3n, etc.<\/li><li>Industria e\u00f3lica: palas de aerogeneradores, especialmente palas grandes.<\/li><li>Art\u00edculos deportivos: raquetas de tenis, cuadros de bicicleta, esqu\u00eds, palos de golf, etc.<\/li><li>Equipos m\u00e9dicos: Camillas de rayos X, pr\u00f3tesis, etc.<\/li><\/ul><h1><strong><b>Precauciones de almacenamiento y uso<\/b><\/strong><\/h1><ul><li>Almacenamiento a baja temperatura: generalmente se almacena por debajo de -18\u00b0C para evitar el endurecimiento prematuro de la resina.<\/li><li>Vida \u00fatil limitada: el rendimiento suele degradarse tras unas semanas de almacenamiento a temperatura ambiente.<\/li><li>Evite la humedad: la fibra de carbono es sensible a la humedad, y la absorci\u00f3n de humedad puede afectar al rendimiento del producto final.<\/li><\/ul><h1><strong><b>Tendencia de desarrollo<\/b><\/strong><\/h1><ul><li>Prepreg respetuoso con el medio ambiente: desarrollo de sistemas de resina ecol\u00f3gicos con bajos compuestos org\u00e1nicos vol\u00e1tiles (COV).<\/li><li>Sistemas de resina de alto rendimiento: mejoran la resistencia a altas temperaturas, la tenacidad y la capacidad de autocuraci\u00f3n.<\/li><li>Fabricaci\u00f3n inteligente: Combinada con tecnolog\u00eda de estratificaci\u00f3n automatizada para mejorar la eficiencia de la producci\u00f3n y el control de calidad.<\/li><\/ul>\t\t\t\t\t\t\t\t<\/div>\n\t\t\t\t<\/div>\n\t\t\t\t\t<\/div>\n\t\t\t\t<\/div>\n\t\t<div class=\"elementor-element elementor-element-6ea5726 e-flex e-con-boxed e-con e-parent\" data-id=\"6ea5726\" data-element_type=\"container\">\n\t\t\t\t\t<div class=\"e-con-inner\">\n\t\t\t\t<div class=\"elementor-element elementor-element-6ede129 elementor-widget elementor-widget-shortcode\" data-id=\"6ede129\" data-element_type=\"widget\" data-widget_type=\"shortcode.default\">\n\t\t\t\t<div class=\"elementor-widget-container\">\n\t\t\t\t\t\t\t<div class=\"elementor-shortcode\">\n<table id=\"tablepress-15\" class=\"tablepress tablepress-id-15 tbody-has-connected-cells\">\n<tbody>\n<tr class=\"row-1\">\n\t<td rowspan=\"2\" class=\"column-1\">N\u00ba de pieza<\/td><td colspan=\"2\" class=\"column-2\">Especificaci\u00f3n de la fibra<\/td><td rowspan=\"2\" class=\"column-4\">M\u00e9todo de tejido<\/td><td rowspan=\"2\" class=\"column-5\">Peso de la fibra (g\/m\u00b2)<\/td><td rowspan=\"2\" class=\"column-6\">Contenido de resina (%)<\/td><td rowspan=\"2\" class=\"column-7\">Peso total del preimpregnado (g\/m\u00b2)<\/td><td rowspan=\"2\" class=\"column-8\">Espesor (mm)<\/td><td rowspan=\"2\" class=\"column-9\">Anchura (mm)<\/td>\n<\/tr>\n<tr class=\"row-2\">\n\t<td class=\"column-2\">Warp<\/td><td class=\"column-3\">Trama<\/td>\n<\/tr>\n<tr class=\"row-3\">\n\t<td class=\"column-1\">H-CP1120<\/td><td class=\"column-2\">1K<\/td><td class=\"column-3\">1K<\/td><td class=\"column-4\">tejido liso<\/td><td class=\"column-5\">120<\/td><td class=\"column-6\">40<\/td><td class=\"column-7\">205<\/td><td class=\"column-8\">0.16<\/td><td class=\"column-9\">1000<\/td>\n<\/tr>\n<tr class=\"row-4\">\n\t<td class=\"column-1\">H-CT1120<\/td><td class=\"column-2\">1K<\/td><td class=\"column-3\">1K<\/td><td class=\"column-4\">sarga<\/td><td class=\"column-5\">120<\/td><td class=\"column-6\">40<\/td><td class=\"column-7\">205<\/td><td class=\"column-8\">0.16<\/td><td class=\"column-9\">1000<\/td>\n<\/tr>\n<tr class=\"row-5\">\n\t<td class=\"column-1\">H-CP3200<\/td><td class=\"column-2\">3K<\/td><td class=\"column-3\">3K<\/td><td class=\"column-4\">tejido liso<\/td><td class=\"column-5\">200<\/td><td class=\"column-6\">40<\/td><td class=\"column-7\">330<\/td><td class=\"column-8\">0.28<\/td><td class=\"column-9\">1000<\/td>\n<\/tr>\n<tr class=\"row-6\">\n\t<td class=\"column-1\">H-CT3200<\/td><td class=\"column-2\">3K<\/td><td class=\"column-3\">3K<\/td><td class=\"column-4\">sarga<\/td><td class=\"column-5\">200<\/td><td class=\"column-6\">40<\/td><td class=\"column-7\">330<\/td><td class=\"column-8\">0.28<\/td><td class=\"column-9\">1000<\/td>\n<\/tr>\n<tr class=\"row-7\">\n\t<td class=\"column-1\">H-CS3240<\/td><td class=\"column-2\">3K<\/td><td class=\"column-3\">3K<\/td><td class=\"column-4\">tejido de sat\u00e9n<\/td><td class=\"column-5\">240<\/td><td class=\"column-6\">40<\/td><td class=\"column-7\">405<\/td><td class=\"column-8\">0.30<\/td><td class=\"column-9\">1000<\/td>\n<\/tr>\n<tr class=\"row-8\">\n\t<td class=\"column-1\">H-CP6320<\/td><td class=\"column-2\">6K<\/td><td class=\"column-3\">6K<\/td><td class=\"column-4\">tejido liso<\/td><td class=\"column-5\">320<\/td><td class=\"column-6\">40<\/td><td class=\"column-7\">530<\/td><td class=\"column-8\">0.40<\/td><td class=\"column-9\">1000<\/td>\n<\/tr>\n<tr class=\"row-9\">\n\t<td class=\"column-1\">H-CT6320<\/td><td class=\"column-2\">6K<\/td><td class=\"column-3\">6K<\/td><td class=\"column-4\">sarga<\/td><td class=\"column-5\">320<\/td><td class=\"column-6\">40<\/td><td class=\"column-7\">530<\/td><td class=\"column-8\">0.40<\/td><td class=\"column-9\">1000<\/td>\n<\/tr>\n<tr class=\"row-10\">\n\t<td class=\"column-1\">H-CS6400<\/td><td class=\"column-2\">6K<\/td><td class=\"column-3\">6K<\/td><td class=\"column-4\">tejido de sat\u00e9n<\/td><td class=\"column-5\">400<\/td><td class=\"column-6\">40<\/td><td class=\"column-7\">665<\/td><td class=\"column-8\">0.40<\/td><td class=\"column-9\">1000<\/td>\n<\/tr>\n<tr class=\"row-11\">\n\t<td class=\"column-1\">H-CP12400<\/td><td class=\"column-2\">12K<\/td><td class=\"column-3\">12K<\/td><td class=\"column-4\">tejido liso<\/td><td class=\"column-5\">400<\/td><td class=\"column-6\">40<\/td><td class=\"column-7\">670<\/td><td class=\"column-8\">0.50<\/td><td class=\"column-9\">1000<\/td>\n<\/tr>\n<tr class=\"row-12\">\n\t<td class=\"column-1\">H-CT12480<\/td><td class=\"column-2\">12K<\/td><td class=\"column-3\">12K<\/td><td class=\"column-4\">sarga<\/td><td class=\"column-5\">400<\/td><td class=\"column-6\">40<\/td><td class=\"column-7\">800<\/td><td class=\"column-8\">0.55<\/td><td class=\"column-9\">1000<\/td>\n<\/tr>\n<\/tbody>\n<\/table>\n<!-- #tablepress-15 from cache --><\/div>\n\t\t\t\t\t\t<\/div>\n\t\t\t\t<\/div>\n\t\t\t\t\t<\/div>\n\t\t\t\t<\/div>\n\t\t\t\t<\/div>","protected":false},"excerpt":{"rendered":"<p>El preimpregnado de fibra de carbono es un material compuesto de alto rendimiento formado por fibra de carbono y un sistema de resina preimpregnada. Es un material intermedio clave en el proceso de fabricaci\u00f3n de materiales compuestos de fibra de carbono y se utiliza ampliamente en la industria aeroespacial, la automoci\u00f3n, la energ\u00eda e\u00f3lica, los equipos deportivos y otros campos con requisitos de alto rendimiento. <\/p>","protected":false},"featured_media":1131,"comment_status":"open","ping_status":"closed","template":"","meta":{"_acf_changed":false,"site-sidebar-layout":"no-sidebar","site-content-layout":"","ast-site-content-layout":"full-width-container","site-content-style":"default","site-sidebar-style":"default","ast-global-header-display":"","ast-banner-title-visibility":"","ast-main-header-display":"","ast-hfb-above-header-display":"","ast-hfb-below-header-display":"","ast-hfb-mobile-header-display":"","site-post-title":"disabled","ast-breadcrumbs-content":"","ast-featured-img":"disabled","footer-sml-layout":"","theme-transparent-header-meta":"default","adv-header-id-meta":"","stick-header-meta":"","header-above-stick-meta":"","header-main-stick-meta":"","header-below-stick-meta":"","astra-migrate-meta-layouts":"set","ast-page-background-enabled":"default","ast-page-background-meta":{"desktop":{"background-color":"var(--ast-global-color-5)","background-image":"","background-repeat":"repeat","background-position":"center center","background-size":"auto","background-attachment":"scroll","background-type":"","background-media":"","overlay-type":"","overlay-color":"","overlay-opacity":"","overlay-gradient":""},"tablet":{"background-color":"","background-image":"","background-repeat":"repeat","background-position":"center center","background-size":"auto","background-attachment":"scroll","background-type":"","background-media":"","overlay-type":"","overlay-color":"","overlay-opacity":"","overlay-gradient":""},"mobile":{"background-color":"","background-image":"","background-repeat":"repeat","background-position":"center center","background-size":"auto","background-attachment":"scroll","background-type":"","background-media":"","overlay-type":"","overlay-color":"","overlay-opacity":"","overlay-gradient":""}},"ast-content-background-meta":{"desktop":{"background-color":"var(--ast-global-color-4)","background-image":"","background-repeat":"repeat","background-position":"center center","background-size":"auto","background-attachment":"scroll","background-type":"","background-media":"","overlay-type":"","overlay-color":"","overlay-opacity":"","overlay-gradient":""},"tablet":{"background-color":"var(--ast-global-color-4)","background-image":"","background-repeat":"repeat","background-position":"center center","background-size":"auto","background-attachment":"scroll","background-type":"","background-media":"","overlay-type":"","overlay-color":"","overlay-opacity":"","overlay-gradient":""},"mobile":{"background-color":"var(--ast-global-color-4)","background-image":"","background-repeat":"repeat","background-position":"center center","background-size":"auto","background-attachment":"scroll","background-type":"","background-media":"","overlay-type":"","overlay-color":"","overlay-opacity":"","overlay-gradient":""}}},"product_brand":[],"product_cat":[47],"product_tag":[],"class_list":{"0":"post-1151","1":"product","2":"type-product","3":"status-publish","4":"has-post-thumbnail","6":"product_cat-carbon-fiber-prepreg","7":"desktop-align-left","8":"tablet-align-left","9":"mobile-align-left","11":"first","12":"instock","13":"shipping-taxable","14":"product-type-simple"},"acf":[],"yoast_head":"<!-- This site is optimized with the Yoast SEO plugin v25.5 - https:\/\/yoast.com\/wordpress\/plugins\/seo\/ -->\n<title>Bidirectional prepreg - China carbon fiber drone products, carbon fiber, aramid fiber products and customized manufacturers<\/title>\n<meta name=\"robots\" content=\"index, follow, max-snippet:-1, max-image-preview:large, max-video-preview:-1\" \/>\n<link rel=\"canonical\" href=\"https:\/\/sinocarbonfibre.com\/es\/producto\/bidirectional-prepreg\/\" \/>\n<meta property=\"og:locale\" content=\"es_ES\" \/>\n<meta property=\"og:type\" content=\"article\" \/>\n<meta property=\"og:title\" content=\"Bidirectional prepreg - China carbon fiber drone products, carbon fiber, aramid fiber products and customized manufacturers\" \/>\n<meta property=\"og:description\" content=\"Carbon fiber prepreg is a high-performance composite material composed of carbon fiber and prepreg resin system. It is a key intermediate material in the manufacturing process of carbon fiber composite materials and is widely used in aerospace, automobile, wind energy, sports equipment and other fields with high performance requirements.\" \/>\n<meta property=\"og:url\" content=\"https:\/\/sinocarbonfibre.com\/es\/producto\/bidirectional-prepreg\/\" \/>\n<meta property=\"og:site_name\" content=\"China carbon fiber drone products, carbon fiber, aramid fiber products and customized manufacturers\" \/>\n<meta property=\"article:modified_time\" content=\"2025-07-24T01:20:25+00:00\" \/>\n<meta property=\"og:image\" content=\"https:\/\/sinocarbonfibre.com\/wp-content\/uploads\/2025\/07\/Unidirectional-prepreg3.jpg\" \/>\n\t<meta property=\"og:image:width\" content=\"1000\" \/>\n\t<meta property=\"og:image:height\" content=\"600\" \/>\n\t<meta property=\"og:image:type\" content=\"image\/jpeg\" \/>\n<meta name=\"twitter:card\" content=\"summary_large_image\" \/>\n<script type=\"application\/ld+json\" class=\"yoast-schema-graph\">{\"@context\":\"https:\/\/schema.org\",\"@graph\":[{\"@type\":\"WebPage\",\"@id\":\"https:\/\/sinocarbonfibre.com\/product\/bidirectional-prepreg\/\",\"url\":\"https:\/\/sinocarbonfibre.com\/product\/bidirectional-prepreg\/\",\"name\":\"Bidirectional prepreg - China carbon fiber drone products, carbon fiber, aramid fiber products and customized manufacturers\",\"isPartOf\":{\"@id\":\"https:\/\/sinocarbonfibre.com\/#website\"},\"primaryImageOfPage\":{\"@id\":\"https:\/\/sinocarbonfibre.com\/product\/bidirectional-prepreg\/#primaryimage\"},\"image\":{\"@id\":\"https:\/\/sinocarbonfibre.com\/product\/bidirectional-prepreg\/#primaryimage\"},\"thumbnailUrl\":\"https:\/\/sinocarbonfibre.com\/wp-content\/uploads\/2025\/07\/Unidirectional-prepreg3.jpg\",\"datePublished\":\"2025-07-16T05:17:48+00:00\",\"dateModified\":\"2025-07-24T01:20:25+00:00\",\"breadcrumb\":{\"@id\":\"https:\/\/sinocarbonfibre.com\/product\/bidirectional-prepreg\/#breadcrumb\"},\"inLanguage\":\"es\",\"potentialAction\":[{\"@type\":\"ReadAction\",\"target\":[\"https:\/\/sinocarbonfibre.com\/product\/bidirectional-prepreg\/\"]}]},{\"@type\":\"ImageObject\",\"inLanguage\":\"es\",\"@id\":\"https:\/\/sinocarbonfibre.com\/product\/bidirectional-prepreg\/#primaryimage\",\"url\":\"https:\/\/sinocarbonfibre.com\/wp-content\/uploads\/2025\/07\/Unidirectional-prepreg3.jpg\",\"contentUrl\":\"https:\/\/sinocarbonfibre.com\/wp-content\/uploads\/2025\/07\/Unidirectional-prepreg3.jpg\",\"width\":1000,\"height\":600},{\"@type\":\"BreadcrumbList\",\"@id\":\"https:\/\/sinocarbonfibre.com\/product\/bidirectional-prepreg\/#breadcrumb\",\"itemListElement\":[{\"@type\":\"ListItem\",\"position\":1,\"name\":\"Home\",\"item\":\"https:\/\/sinocarbonfibre.com\/\"},{\"@type\":\"ListItem\",\"position\":2,\"name\":\"Products\",\"item\":\"https:\/\/sinocarbonfibre.com\/shop\/\"},{\"@type\":\"ListItem\",\"position\":3,\"name\":\"Bidirectional prepreg\"}]},{\"@type\":\"WebSite\",\"@id\":\"https:\/\/sinocarbonfibre.com\/#website\",\"url\":\"https:\/\/sinocarbonfibre.com\/\",\"name\":\"China carbon fiber drone products, carbon fiber, aramid fiber products and customized manufacturers\",\"description\":\"\",\"publisher\":{\"@id\":\"https:\/\/sinocarbonfibre.com\/#organization\"},\"potentialAction\":[{\"@type\":\"SearchAction\",\"target\":{\"@type\":\"EntryPoint\",\"urlTemplate\":\"https:\/\/sinocarbonfibre.com\/?s={search_term_string}\"},\"query-input\":{\"@type\":\"PropertyValueSpecification\",\"valueRequired\":true,\"valueName\":\"search_term_string\"}}],\"inLanguage\":\"es\"},{\"@type\":\"Organization\",\"@id\":\"https:\/\/sinocarbonfibre.com\/#organization\",\"name\":\"China carbon fiber drone products, carbon fiber, aramid fiber products and customized manufacturers\",\"url\":\"https:\/\/sinocarbonfibre.com\/\",\"logo\":{\"@type\":\"ImageObject\",\"inLanguage\":\"es\",\"@id\":\"https:\/\/sinocarbonfibre.com\/#\/schema\/logo\/image\/\",\"url\":\"https:\/\/sinocarbonfibre.com\/wp-content\/uploads\/2025\/03\/logo.png\",\"contentUrl\":\"https:\/\/sinocarbonfibre.com\/wp-content\/uploads\/2025\/03\/logo.png\",\"width\":400,\"height\":80,\"caption\":\"China carbon fiber drone products, carbon fiber, aramid fiber products and customized manufacturers\"},\"image\":{\"@id\":\"https:\/\/sinocarbonfibre.com\/#\/schema\/logo\/image\/\"}}]}<\/script>\n<!-- \/ Yoast SEO plugin. -->","yoast_head_json":{"title":"Bidirectional prepreg - China carbon fiber drone products, carbon fiber, aramid fiber products and customized manufacturers","robots":{"index":"index","follow":"follow","max-snippet":"max-snippet:-1","max-image-preview":"max-image-preview:large","max-video-preview":"max-video-preview:-1"},"canonical":"https:\/\/sinocarbonfibre.com\/es\/producto\/bidirectional-prepreg\/","og_locale":"es_ES","og_type":"article","og_title":"Bidirectional prepreg - China carbon fiber drone products, carbon fiber, aramid fiber products and customized manufacturers","og_description":"Carbon fiber prepreg is a high-performance composite material composed of carbon fiber and prepreg resin system. It is a key intermediate material in the manufacturing process of carbon fiber composite materials and is widely used in aerospace, automobile, wind energy, sports equipment and other fields with high performance requirements.","og_url":"https:\/\/sinocarbonfibre.com\/es\/producto\/bidirectional-prepreg\/","og_site_name":"China carbon fiber drone products, carbon fiber, aramid fiber products and customized manufacturers","article_modified_time":"2025-07-24T01:20:25+00:00","og_image":[{"width":1000,"height":600,"url":"https:\/\/sinocarbonfibre.com\/wp-content\/uploads\/2025\/07\/Unidirectional-prepreg3.jpg","type":"image\/jpeg"}],"twitter_card":"summary_large_image","schema":{"@context":"https:\/\/schema.org","@graph":[{"@type":"WebPage","@id":"https:\/\/sinocarbonfibre.com\/product\/bidirectional-prepreg\/","url":"https:\/\/sinocarbonfibre.com\/product\/bidirectional-prepreg\/","name":"Bidirectional prepreg - China carbon fiber drone products, carbon fiber, aramid fiber products and customized manufacturers","isPartOf":{"@id":"https:\/\/sinocarbonfibre.com\/#website"},"primaryImageOfPage":{"@id":"https:\/\/sinocarbonfibre.com\/product\/bidirectional-prepreg\/#primaryimage"},"image":{"@id":"https:\/\/sinocarbonfibre.com\/product\/bidirectional-prepreg\/#primaryimage"},"thumbnailUrl":"https:\/\/sinocarbonfibre.com\/wp-content\/uploads\/2025\/07\/Unidirectional-prepreg3.jpg","datePublished":"2025-07-16T05:17:48+00:00","dateModified":"2025-07-24T01:20:25+00:00","breadcrumb":{"@id":"https:\/\/sinocarbonfibre.com\/product\/bidirectional-prepreg\/#breadcrumb"},"inLanguage":"es","potentialAction":[{"@type":"ReadAction","target":["https:\/\/sinocarbonfibre.com\/product\/bidirectional-prepreg\/"]}]},{"@type":"ImageObject","inLanguage":"es","@id":"https:\/\/sinocarbonfibre.com\/product\/bidirectional-prepreg\/#primaryimage","url":"https:\/\/sinocarbonfibre.com\/wp-content\/uploads\/2025\/07\/Unidirectional-prepreg3.jpg","contentUrl":"https:\/\/sinocarbonfibre.com\/wp-content\/uploads\/2025\/07\/Unidirectional-prepreg3.jpg","width":1000,"height":600},{"@type":"BreadcrumbList","@id":"https:\/\/sinocarbonfibre.com\/product\/bidirectional-prepreg\/#breadcrumb","itemListElement":[{"@type":"ListItem","position":1,"name":"Home","item":"https:\/\/sinocarbonfibre.com\/"},{"@type":"ListItem","position":2,"name":"Products","item":"https:\/\/sinocarbonfibre.com\/shop\/"},{"@type":"ListItem","position":3,"name":"Bidirectional prepreg"}]},{"@type":"WebSite","@id":"https:\/\/sinocarbonfibre.com\/#website","url":"https:\/\/sinocarbonfibre.com\/","name":"China carbon fiber drone products, carbon fiber, aramid fiber products and customized manufacturers","description":"","publisher":{"@id":"https:\/\/sinocarbonfibre.com\/#organization"},"potentialAction":[{"@type":"SearchAction","target":{"@type":"EntryPoint","urlTemplate":"https:\/\/sinocarbonfibre.com\/?s={search_term_string}"},"query-input":{"@type":"PropertyValueSpecification","valueRequired":true,"valueName":"search_term_string"}}],"inLanguage":"es"},{"@type":"Organization","@id":"https:\/\/sinocarbonfibre.com\/#organization","name":"China carbon fiber drone products, carbon fiber, aramid fiber products and customized manufacturers","url":"https:\/\/sinocarbonfibre.com\/","logo":{"@type":"ImageObject","inLanguage":"es","@id":"https:\/\/sinocarbonfibre.com\/#\/schema\/logo\/image\/","url":"https:\/\/sinocarbonfibre.com\/wp-content\/uploads\/2025\/03\/logo.png","contentUrl":"https:\/\/sinocarbonfibre.com\/wp-content\/uploads\/2025\/03\/logo.png","width":400,"height":80,"caption":"China carbon fiber drone products, carbon fiber, aramid fiber products and customized manufacturers"},"image":{"@id":"https:\/\/sinocarbonfibre.com\/#\/schema\/logo\/image\/"}}]}},"_links":{"self":[{"href":"https:\/\/sinocarbonfibre.com\/es\/wp-json\/wp\/v2\/product\/1151","targetHints":{"allow":["GET"]}}],"collection":[{"href":"https:\/\/sinocarbonfibre.com\/es\/wp-json\/wp\/v2\/product"}],"about":[{"href":"https:\/\/sinocarbonfibre.com\/es\/wp-json\/wp\/v2\/types\/product"}],"replies":[{"embeddable":true,"href":"https:\/\/sinocarbonfibre.com\/es\/wp-json\/wp\/v2\/comments?post=1151"}],"version-history":[{"count":7,"href":"https:\/\/sinocarbonfibre.com\/es\/wp-json\/wp\/v2\/product\/1151\/revisions"}],"predecessor-version":[{"id":1790,"href":"https:\/\/sinocarbonfibre.com\/es\/wp-json\/wp\/v2\/product\/1151\/revisions\/1790"}],"wp:featuredmedia":[{"embeddable":true,"href":"https:\/\/sinocarbonfibre.com\/es\/wp-json\/wp\/v2\/media\/1131"}],"wp:attachment":[{"href":"https:\/\/sinocarbonfibre.com\/es\/wp-json\/wp\/v2\/media?parent=1151"}],"wp:term":[{"taxonomy":"product_brand","embeddable":true,"href":"https:\/\/sinocarbonfibre.com\/es\/wp-json\/wp\/v2\/product_brand?post=1151"},{"taxonomy":"product_cat","embeddable":true,"href":"https:\/\/sinocarbonfibre.com\/es\/wp-json\/wp\/v2\/product_cat?post=1151"},{"taxonomy":"product_tag","embeddable":true,"href":"https:\/\/sinocarbonfibre.com\/es\/wp-json\/wp\/v2\/product_tag?post=1151"}],"curies":[{"name":"wp","href":"https:\/\/api.w.org\/{rel}","templated":true}]}}