{"id":1087,"date":"2025-07-16T02:29:24","date_gmt":"2025-07-16T02:29:24","guid":{"rendered":"https:\/\/sinocarbonfibre.com\/?post_type=product&#038;p=1087"},"modified":"2025-07-16T02:40:29","modified_gmt":"2025-07-16T02:40:29","slug":"glitter-carbon-fabric","status":"publish","type":"product","link":"https:\/\/sinocarbonfibre.com\/es\/producto\/glitter-carbon-fabric\/","title":{"rendered":"Tejido de carbono con purpurina"},"content":{"rendered":"<div data-elementor-type=\"product-post\" data-elementor-id=\"1087\" class=\"elementor elementor-1087\" data-elementor-post-type=\"product\">\n\t\t\t\t<div class=\"elementor-element elementor-element-f30d380 e-flex e-con-boxed e-con e-parent\" data-id=\"f30d380\" data-element_type=\"container\">\n\t\t\t\t\t<div class=\"e-con-inner\">\n\t\t\t\t<div class=\"elementor-element elementor-element-7453954 elementor-widget elementor-widget-shortcode\" data-id=\"7453954\" data-element_type=\"widget\" data-widget_type=\"shortcode.default\">\n\t\t\t\t<div class=\"elementor-widget-container\">\n\t\t\t\t\t\t\t<div class=\"elementor-shortcode\">\n<table id=\"tablepress-13\" class=\"tablepress tablepress-id-13 tbody-has-connected-cells\">\n<tbody>\n<tr class=\"row-1\">\n\t<td rowspan=\"2\" class=\"column-1\">Tipo<\/td><td colspan=\"2\" class=\"column-2\">Hilo<\/td><td rowspan=\"2\" class=\"column-4\">Tejido<\/td><td colspan=\"2\" class=\"column-5\">N\u00famero de fibras (10 mm)<\/td><td rowspan=\"2\" class=\"column-7\">Anchura (mm)<\/td><td rowspan=\"2\" class=\"column-8\">Espesor (mm)<\/td><td rowspan=\"2\" class=\"column-9\">Peso (g\/m2)<\/td>\n<\/tr>\n<tr class=\"row-2\">\n\t<td class=\"column-2\">Warp<\/td><td class=\"column-3\">Trama<\/td><td class=\"column-5\">Warp<\/td><td class=\"column-6\">Trama<\/td>\n<\/tr>\n<tr class=\"row-3\">\n\t<td class=\"column-1\">H3K-CMP240-1<\/td><td class=\"column-2\">3K+rojo fino<\/td><td class=\"column-3\">3K+oro fino<\/td><td rowspan=\"6\" class=\"column-4\">Liso\/Liso<\/td><td class=\"column-5\">10<\/td><td class=\"column-6\">10<\/td><td class=\"column-7\">10-3000<\/td><td class=\"column-8\">0.30<\/td><td class=\"column-9\">240<\/td>\n<\/tr>\n<tr class=\"row-4\">\n\t<td class=\"column-1\">H3K-CMP250-2<\/td><td class=\"column-2\">3K+grueso rojo<\/td><td class=\"column-3\">3K+oro fino<\/td><td class=\"column-5\">10<\/td><td class=\"column-6\">10<\/td><td class=\"column-7\">10-3000<\/td><td class=\"column-8\">0.30<\/td><td class=\"column-9\">240<\/td>\n<\/tr>\n<tr class=\"row-5\">\n\t<td class=\"column-1\">H3K-CMP240-3<\/td><td class=\"column-2\">3K+plata fina<\/td><td class=\"column-3\">3K+plata fina<\/td><td class=\"column-5\">10<\/td><td class=\"column-6\">10<\/td><td class=\"column-7\">10-3000<\/td><td class=\"column-8\">0.30<\/td><td class=\"column-9\">240<\/td>\n<\/tr>\n<tr class=\"row-6\">\n\t<td class=\"column-1\">H3K-CMP250-4<\/td><td class=\"column-2\">3K+espesor de plata<\/td><td class=\"column-3\">3K+espesor de plata<\/td><td class=\"column-5\">10<\/td><td class=\"column-6\">10<\/td><td class=\"column-7\">10-3000<\/td><td class=\"column-8\">0.30<\/td><td class=\"column-9\">240<\/td>\n<\/tr>\n<tr class=\"row-7\">\n\t<td class=\"column-1\">H3K-CMP240-5<\/td><td class=\"column-2\">3K+plata fina<\/td><td class=\"column-3\">3K+oro fino<\/td><td class=\"column-5\">10<\/td><td class=\"column-6\">10<\/td><td class=\"column-7\">10-3000<\/td><td class=\"column-8\">0.30<\/td><td class=\"column-9\">240<\/td>\n<\/tr>\n<tr class=\"row-8\">\n\t<td class=\"column-1\">H3K-CMP250-6<\/td><td class=\"column-2\">3K+espesor de oro<\/td><td class=\"column-3\">3K+plata fina<\/td><td class=\"column-5\">10<\/td><td class=\"column-6\">10<\/td><td class=\"column-7\">10-3000<\/td><td class=\"column-8\">0.30<\/td><td class=\"column-9\">240<\/td>\n<\/tr>\n<\/tbody>\n<\/table>\n<!-- #tablepress-13 from cache --><\/div>\n\t\t\t\t\t\t<\/div>\n\t\t\t\t<\/div>\n\t\t\t\t\t<\/div>\n\t\t\t\t<\/div>\n\t\t\t\t<\/div>","protected":false},"excerpt":{"rendered":"<p>La adici\u00f3n de filamento de color en el proceso de tejido de tela de carbono, el uso de sus caracter\u00edsticas en el rendimiento, al mismo tiempo, aumentar su variedad de apariencia y est\u00e9tica para que la fibra de carbono ya no s\u00f3lo negro.<\/p>","protected":false},"featured_media":1088,"comment_status":"open","ping_status":"closed","template":"","meta":{"_acf_changed":false,"site-sidebar-layout":"no-sidebar","site-content-layout":"","ast-site-content-layout":"full-width-container","site-content-style":"default","site-sidebar-style":"default","ast-global-header-display":"","ast-banner-title-visibility":"","ast-main-header-display":"","ast-hfb-above-header-display":"","ast-hfb-below-header-display":"","ast-hfb-mobile-header-display":"","site-post-title":"disabled","ast-breadcrumbs-content":"","ast-featured-img":"disabled","footer-sml-layout":"","theme-transparent-header-meta":"default","adv-header-id-meta":"","stick-header-meta":"","header-above-stick-meta":"","header-main-stick-meta":"","header-below-stick-meta":"","astra-migrate-meta-layouts":"set","ast-page-background-enabled":"default","ast-page-background-meta":{"desktop":{"background-color":"var(--ast-global-color-5)","background-image":"","background-repeat":"repeat","background-position":"center center","background-size":"auto","background-attachment":"scroll","background-type":"","background-media":"","overlay-type":"","overlay-color":"","overlay-opacity":"","overlay-gradient":""},"tablet":{"background-color":"","background-image":"","background-repeat":"repeat","background-position":"center center","background-size":"auto","background-attachment":"scroll","background-type":"","background-media":"","overlay-type":"","overlay-color":"","overlay-opacity":"","overlay-gradient":""},"mobile":{"background-color":"","background-image":"","background-repeat":"repeat","background-position":"center center","background-size":"auto","background-attachment":"scroll","background-type":"","background-media":"","overlay-type":"","overlay-color":"","overlay-opacity":"","overlay-gradient":""}},"ast-content-background-meta":{"desktop":{"background-color":"var(--ast-global-color-4)","background-image":"","background-repeat":"repeat","background-position":"center center","background-size":"auto","background-attachment":"scroll","background-type":"","background-media":"","overlay-type":"","overlay-color":"","overlay-opacity":"","overlay-gradient":""},"tablet":{"background-color":"var(--ast-global-color-4)","background-image":"","background-repeat":"repeat","background-position":"center center","background-size":"auto","background-attachment":"scroll","background-type":"","background-media":"","overlay-type":"","overlay-color":"","overlay-opacity":"","overlay-gradient":""},"mobile":{"background-color":"var(--ast-global-color-4)","background-image":"","background-repeat":"repeat","background-position":"center center","background-size":"auto","background-attachment":"scroll","background-type":"","background-media":"","overlay-type":"","overlay-color":"","overlay-opacity":"","overlay-gradient":""}}},"product_brand":[],"product_cat":[34],"product_tag":[],"class_list":{"0":"post-1087","1":"product","2":"type-product","3":"status-publish","4":"has-post-thumbnail","6":"product_cat-woven-products","7":"desktop-align-left","8":"tablet-align-left","9":"mobile-align-left","11":"first","12":"instock","13":"shipping-taxable","14":"product-type-simple"},"acf":[],"yoast_head":"<!-- This site is optimized with the Yoast SEO plugin v25.5 - https:\/\/yoast.com\/wordpress\/plugins\/seo\/ -->\n<title>Glitter Carbon Fabric - China carbon fiber drone products, carbon fiber, aramid fiber products and customized manufacturers<\/title>\n<meta name=\"robots\" content=\"index, follow, max-snippet:-1, max-image-preview:large, max-video-preview:-1\" \/>\n<link rel=\"canonical\" href=\"https:\/\/sinocarbonfibre.com\/es\/producto\/glitter-carbon-fabric\/\" \/>\n<meta property=\"og:locale\" content=\"es_ES\" \/>\n<meta property=\"og:type\" content=\"article\" \/>\n<meta property=\"og:title\" content=\"Glitter Carbon Fabric - China carbon fiber drone products, carbon fiber, aramid fiber products and customized manufacturers\" \/>\n<meta property=\"og:description\" content=\"Adding colored filament In the carbon cloth weaving process.Using of its characteristics on performance at the same time, increase its appearance variety and aesthetics so that carbon fiber no longer only black.\" \/>\n<meta property=\"og:url\" content=\"https:\/\/sinocarbonfibre.com\/es\/producto\/glitter-carbon-fabric\/\" \/>\n<meta property=\"og:site_name\" content=\"China carbon fiber drone products, carbon fiber, aramid fiber products and customized manufacturers\" \/>\n<meta property=\"article:modified_time\" content=\"2025-07-16T02:40:29+00:00\" \/>\n<meta property=\"og:image\" content=\"https:\/\/sinocarbonfibre.com\/wp-content\/uploads\/2025\/07\/Glitter-Carbon-Fabric1.jpg\" \/>\n\t<meta property=\"og:image:width\" content=\"1000\" \/>\n\t<meta property=\"og:image:height\" content=\"600\" \/>\n\t<meta property=\"og:image:type\" content=\"image\/jpeg\" \/>\n<meta name=\"twitter:card\" content=\"summary_large_image\" \/>\n<script type=\"application\/ld+json\" class=\"yoast-schema-graph\">{\"@context\":\"https:\/\/schema.org\",\"@graph\":[{\"@type\":\"WebPage\",\"@id\":\"https:\/\/sinocarbonfibre.com\/product\/glitter-carbon-fabric\/\",\"url\":\"https:\/\/sinocarbonfibre.com\/product\/glitter-carbon-fabric\/\",\"name\":\"Glitter Carbon Fabric - China carbon fiber drone products, carbon fiber, aramid fiber products and customized manufacturers\",\"isPartOf\":{\"@id\":\"https:\/\/sinocarbonfibre.com\/#website\"},\"primaryImageOfPage\":{\"@id\":\"https:\/\/sinocarbonfibre.com\/product\/glitter-carbon-fabric\/#primaryimage\"},\"image\":{\"@id\":\"https:\/\/sinocarbonfibre.com\/product\/glitter-carbon-fabric\/#primaryimage\"},\"thumbnailUrl\":\"https:\/\/sinocarbonfibre.com\/wp-content\/uploads\/2025\/07\/Glitter-Carbon-Fabric1.jpg\",\"datePublished\":\"2025-07-16T02:29:24+00:00\",\"dateModified\":\"2025-07-16T02:40:29+00:00\",\"breadcrumb\":{\"@id\":\"https:\/\/sinocarbonfibre.com\/product\/glitter-carbon-fabric\/#breadcrumb\"},\"inLanguage\":\"es\",\"potentialAction\":[{\"@type\":\"ReadAction\",\"target\":[\"https:\/\/sinocarbonfibre.com\/product\/glitter-carbon-fabric\/\"]}]},{\"@type\":\"ImageObject\",\"inLanguage\":\"es\",\"@id\":\"https:\/\/sinocarbonfibre.com\/product\/glitter-carbon-fabric\/#primaryimage\",\"url\":\"https:\/\/sinocarbonfibre.com\/wp-content\/uploads\/2025\/07\/Glitter-Carbon-Fabric1.jpg\",\"contentUrl\":\"https:\/\/sinocarbonfibre.com\/wp-content\/uploads\/2025\/07\/Glitter-Carbon-Fabric1.jpg\",\"width\":1000,\"height\":600},{\"@type\":\"BreadcrumbList\",\"@id\":\"https:\/\/sinocarbonfibre.com\/product\/glitter-carbon-fabric\/#breadcrumb\",\"itemListElement\":[{\"@type\":\"ListItem\",\"position\":1,\"name\":\"Home\",\"item\":\"https:\/\/sinocarbonfibre.com\/\"},{\"@type\":\"ListItem\",\"position\":2,\"name\":\"Products\",\"item\":\"https:\/\/sinocarbonfibre.com\/shop\/\"},{\"@type\":\"ListItem\",\"position\":3,\"name\":\"Glitter Carbon Fabric\"}]},{\"@type\":\"WebSite\",\"@id\":\"https:\/\/sinocarbonfibre.com\/#website\",\"url\":\"https:\/\/sinocarbonfibre.com\/\",\"name\":\"China carbon fiber drone products, carbon fiber, aramid fiber products and customized manufacturers\",\"description\":\"\",\"publisher\":{\"@id\":\"https:\/\/sinocarbonfibre.com\/#organization\"},\"potentialAction\":[{\"@type\":\"SearchAction\",\"target\":{\"@type\":\"EntryPoint\",\"urlTemplate\":\"https:\/\/sinocarbonfibre.com\/?s={search_term_string}\"},\"query-input\":{\"@type\":\"PropertyValueSpecification\",\"valueRequired\":true,\"valueName\":\"search_term_string\"}}],\"inLanguage\":\"es\"},{\"@type\":\"Organization\",\"@id\":\"https:\/\/sinocarbonfibre.com\/#organization\",\"name\":\"China carbon fiber drone products, carbon fiber, aramid fiber products and customized manufacturers\",\"url\":\"https:\/\/sinocarbonfibre.com\/\",\"logo\":{\"@type\":\"ImageObject\",\"inLanguage\":\"es\",\"@id\":\"https:\/\/sinocarbonfibre.com\/#\/schema\/logo\/image\/\",\"url\":\"https:\/\/sinocarbonfibre.com\/wp-content\/uploads\/2025\/03\/logo.png\",\"contentUrl\":\"https:\/\/sinocarbonfibre.com\/wp-content\/uploads\/2025\/03\/logo.png\",\"width\":400,\"height\":80,\"caption\":\"China carbon fiber drone products, carbon fiber, aramid fiber products and customized manufacturers\"},\"image\":{\"@id\":\"https:\/\/sinocarbonfibre.com\/#\/schema\/logo\/image\/\"}}]}<\/script>\n<!-- \/ Yoast SEO plugin. -->","yoast_head_json":{"title":"Glitter Carbon Fabric - China carbon fiber drone products, carbon fiber, aramid fiber products and customized manufacturers","robots":{"index":"index","follow":"follow","max-snippet":"max-snippet:-1","max-image-preview":"max-image-preview:large","max-video-preview":"max-video-preview:-1"},"canonical":"https:\/\/sinocarbonfibre.com\/es\/producto\/glitter-carbon-fabric\/","og_locale":"es_ES","og_type":"article","og_title":"Glitter Carbon Fabric - China carbon fiber drone products, carbon fiber, aramid fiber products and customized manufacturers","og_description":"Adding colored filament In the carbon cloth weaving process.Using of its characteristics on performance at the same time, increase its appearance variety and aesthetics so that carbon fiber no longer only black.","og_url":"https:\/\/sinocarbonfibre.com\/es\/producto\/glitter-carbon-fabric\/","og_site_name":"China carbon fiber drone products, carbon fiber, aramid fiber products and customized manufacturers","article_modified_time":"2025-07-16T02:40:29+00:00","og_image":[{"width":1000,"height":600,"url":"https:\/\/sinocarbonfibre.com\/wp-content\/uploads\/2025\/07\/Glitter-Carbon-Fabric1.jpg","type":"image\/jpeg"}],"twitter_card":"summary_large_image","schema":{"@context":"https:\/\/schema.org","@graph":[{"@type":"WebPage","@id":"https:\/\/sinocarbonfibre.com\/product\/glitter-carbon-fabric\/","url":"https:\/\/sinocarbonfibre.com\/product\/glitter-carbon-fabric\/","name":"Glitter Carbon Fabric - China carbon fiber drone products, carbon fiber, aramid fiber products and customized manufacturers","isPartOf":{"@id":"https:\/\/sinocarbonfibre.com\/#website"},"primaryImageOfPage":{"@id":"https:\/\/sinocarbonfibre.com\/product\/glitter-carbon-fabric\/#primaryimage"},"image":{"@id":"https:\/\/sinocarbonfibre.com\/product\/glitter-carbon-fabric\/#primaryimage"},"thumbnailUrl":"https:\/\/sinocarbonfibre.com\/wp-content\/uploads\/2025\/07\/Glitter-Carbon-Fabric1.jpg","datePublished":"2025-07-16T02:29:24+00:00","dateModified":"2025-07-16T02:40:29+00:00","breadcrumb":{"@id":"https:\/\/sinocarbonfibre.com\/product\/glitter-carbon-fabric\/#breadcrumb"},"inLanguage":"es","potentialAction":[{"@type":"ReadAction","target":["https:\/\/sinocarbonfibre.com\/product\/glitter-carbon-fabric\/"]}]},{"@type":"ImageObject","inLanguage":"es","@id":"https:\/\/sinocarbonfibre.com\/product\/glitter-carbon-fabric\/#primaryimage","url":"https:\/\/sinocarbonfibre.com\/wp-content\/uploads\/2025\/07\/Glitter-Carbon-Fabric1.jpg","contentUrl":"https:\/\/sinocarbonfibre.com\/wp-content\/uploads\/2025\/07\/Glitter-Carbon-Fabric1.jpg","width":1000,"height":600},{"@type":"BreadcrumbList","@id":"https:\/\/sinocarbonfibre.com\/product\/glitter-carbon-fabric\/#breadcrumb","itemListElement":[{"@type":"ListItem","position":1,"name":"Home","item":"https:\/\/sinocarbonfibre.com\/"},{"@type":"ListItem","position":2,"name":"Products","item":"https:\/\/sinocarbonfibre.com\/shop\/"},{"@type":"ListItem","position":3,"name":"Glitter Carbon Fabric"}]},{"@type":"WebSite","@id":"https:\/\/sinocarbonfibre.com\/#website","url":"https:\/\/sinocarbonfibre.com\/","name":"China carbon fiber drone products, carbon fiber, aramid fiber products and customized manufacturers","description":"","publisher":{"@id":"https:\/\/sinocarbonfibre.com\/#organization"},"potentialAction":[{"@type":"SearchAction","target":{"@type":"EntryPoint","urlTemplate":"https:\/\/sinocarbonfibre.com\/?s={search_term_string}"},"query-input":{"@type":"PropertyValueSpecification","valueRequired":true,"valueName":"search_term_string"}}],"inLanguage":"es"},{"@type":"Organization","@id":"https:\/\/sinocarbonfibre.com\/#organization","name":"China carbon fiber drone products, carbon fiber, aramid fiber products and customized manufacturers","url":"https:\/\/sinocarbonfibre.com\/","logo":{"@type":"ImageObject","inLanguage":"es","@id":"https:\/\/sinocarbonfibre.com\/#\/schema\/logo\/image\/","url":"https:\/\/sinocarbonfibre.com\/wp-content\/uploads\/2025\/03\/logo.png","contentUrl":"https:\/\/sinocarbonfibre.com\/wp-content\/uploads\/2025\/03\/logo.png","width":400,"height":80,"caption":"China carbon fiber drone products, carbon fiber, aramid fiber products and customized manufacturers"},"image":{"@id":"https:\/\/sinocarbonfibre.com\/#\/schema\/logo\/image\/"}}]}},"_links":{"self":[{"href":"https:\/\/sinocarbonfibre.com\/es\/wp-json\/wp\/v2\/product\/1087","targetHints":{"allow":["GET"]}}],"collection":[{"href":"https:\/\/sinocarbonfibre.com\/es\/wp-json\/wp\/v2\/product"}],"about":[{"href":"https:\/\/sinocarbonfibre.com\/es\/wp-json\/wp\/v2\/types\/product"}],"replies":[{"embeddable":true,"href":"https:\/\/sinocarbonfibre.com\/es\/wp-json\/wp\/v2\/comments?post=1087"}],"version-history":[{"count":4,"href":"https:\/\/sinocarbonfibre.com\/es\/wp-json\/wp\/v2\/product\/1087\/revisions"}],"predecessor-version":[{"id":1096,"href":"https:\/\/sinocarbonfibre.com\/es\/wp-json\/wp\/v2\/product\/1087\/revisions\/1096"}],"wp:featuredmedia":[{"embeddable":true,"href":"https:\/\/sinocarbonfibre.com\/es\/wp-json\/wp\/v2\/media\/1088"}],"wp:attachment":[{"href":"https:\/\/sinocarbonfibre.com\/es\/wp-json\/wp\/v2\/media?parent=1087"}],"wp:term":[{"taxonomy":"product_brand","embeddable":true,"href":"https:\/\/sinocarbonfibre.com\/es\/wp-json\/wp\/v2\/product_brand?post=1087"},{"taxonomy":"product_cat","embeddable":true,"href":"https:\/\/sinocarbonfibre.com\/es\/wp-json\/wp\/v2\/product_cat?post=1087"},{"taxonomy":"product_tag","embeddable":true,"href":"https:\/\/sinocarbonfibre.com\/es\/wp-json\/wp\/v2\/product_tag?post=1087"}],"curies":[{"name":"wp","href":"https:\/\/api.w.org\/{rel}","templated":true}]}}