{"id":996,"date":"2025-07-15T09:00:44","date_gmt":"2025-07-15T09:00:44","guid":{"rendered":"https:\/\/sinocarbonfibre.com\/?post_type=product&#038;p=996"},"modified":"2025-07-15T09:07:17","modified_gmt":"2025-07-15T09:07:17","slug":"carbon-basalt-hybrid-fabric","status":"publish","type":"product","link":"https:\/\/sinocarbonfibre.com\/de\/produkt\/carbon-basalt-hybrid-fabric\/","title":{"rendered":"Carbon-Basalt-Hybrid-Gewebe"},"content":{"rendered":"<div data-elementor-type=\"product-post\" data-elementor-id=\"996\" class=\"elementor elementor-996\" data-elementor-post-type=\"product\">\n\t\t\t\t<div class=\"elementor-element elementor-element-ab80dd8 e-flex e-con-boxed e-con e-parent\" data-id=\"ab80dd8\" data-element_type=\"container\">\n\t\t\t\t\t<div class=\"e-con-inner\">\n\t\t\t\t<div class=\"elementor-element elementor-element-a4aadb5 elementor-widget elementor-widget-text-editor\" data-id=\"a4aadb5\" data-element_type=\"widget\" data-widget_type=\"text-editor.default\">\n\t\t\t\t<div class=\"elementor-widget-container\">\n\t\t\t\t\t\t\t\t\t<p>Kohlefaser-Basaltfaser-Hybridgewebe ist ein Verbundwerkstoff, der Kohlefaser und Basaltfaser kombiniert. Es hat die Vorteile beider Fasern und bietet eine Reihe hervorragender Eigenschaften wie hohe Festigkeit, geringes Gewicht, hohe Temperaturbest\u00e4ndigkeit, Korrosionsbest\u00e4ndigkeit und Schlagfestigkeit. Dieses Hybridgewebe wird in vielen Bereichen eingesetzt, insbesondere dort, wo hohe Temperaturbest\u00e4ndigkeit, Schlagfestigkeit, Korrosionsbest\u00e4ndigkeit und geringes Gewicht erforderlich sind.<\/p><p>\u00a0<\/p><p><strong><b>Hauptbestandteile<\/b><\/strong><\/p><p><strong><b>Kohlefaser: <\/b><\/strong>Kohlefaser ist eine Faser, die aus Kohleelementen besteht, die eine extrem hohe Festigkeit und Steifigkeit aufweisen und sehr leicht sind. Kohlenstofffasern werden in der Regel in Bereichen eingesetzt, in denen hohe Anforderungen an Festigkeit, Steifigkeit, Korrosionsbest\u00e4ndigkeit und geringes Gewicht gestellt werden. Zu ihren Eigenschaften geh\u00f6ren:<\/p><p>\u00a0<\/p><ul><li><b><\/b><strong><b>Hohe Festigkeit und Steifigkeit:<\/b><\/strong>Es ist fester als Stahl, aber viel leichter als Stahl.<\/li><li><strong><b>Korrosionsbest\u00e4ndigkeit:<\/b><\/strong>Es wird von den meisten Chemikalien nicht leicht angegriffen.<\/li><li><strong><b>Hohe Temperaturbest\u00e4ndigkeit:<\/b><\/strong>Es kann in Umgebungen mit hohen Temperaturen stabil bleiben und eignet sich besonders f\u00fcr Hochtemperaturanwendungen wie in der Luft- und Raumfahrt.<\/li><\/ul><p><strong><b>Basaltfaser:<\/b><\/strong>\u00a0Basaltfasern sind Fasern, die aus nat\u00fcrlichem Vulkangestein (Basalt) nach dem Schmelzen bei hohen Temperaturen gewonnen werden und hervorragende physikalische und chemische Eigenschaften aufweisen. Zu ihren Eigenschaften geh\u00f6ren:<\/p><p>\u00a0<\/p><ul><li><b><\/b><strong><b>Hohe Temperaturtoleranz:<\/b><\/strong>Basaltfasern haben eine hohe Temperaturbest\u00e4ndigkeit und k\u00f6nnen hohen Temperaturen von etwa 650\u00b0 standhalten.<\/li><li><strong><b>Korrosionsbest\u00e4ndigkeit:<\/b><\/strong>Im Vergleich zu Glasfasern weisen Basaltfasern eine h\u00f6here Korrosionsbest\u00e4ndigkeit gegen\u00fcber Chemikalien wie S\u00e4uren und Laugen auf.<\/li><li><strong><b>Gute Schlagz\u00e4higkeit und Festigkeit:<\/b><\/strong>Es hat eine gute Schlagz\u00e4higkeit und kann eine gute mechanische Festigkeit aufweisen.<\/li><li><strong><b>Schutz der Umwelt:<\/b><\/strong>Basaltfasern sind ein nat\u00fcrliches Material, dessen Herstellungsverfahren wenig Energie verbraucht und die Anforderungen des Umweltschutzes erf\u00fcllt.<\/li><\/ul><p><strong><b>Merkmale von Mischgewebe<\/b><\/strong><\/p><ul><li><b><\/b><strong><b>Umfassende Leistungsoptimierung: <\/b><\/strong>Die Kombination von Kohlenstoff- und Basaltfasern kann die Vorteile beider Materialien voll zur Geltung bringen. Kohlefasern bieten eine h\u00f6here Steifigkeit, Festigkeit und Temperaturbest\u00e4ndigkeit, w\u00e4hrend Basaltfasern die Schlagfestigkeit, Korrosionsbest\u00e4ndigkeit und Anpassungsf\u00e4higkeit des Materials an hohe Temperaturen verbessern. Das Design des Mischgewebes kann den Materialanforderungen verschiedener Bereiche gerecht werden, indem der Anteil der verschiedenen Fasern angepasst wird.<\/li><li><strong><b>Hohe Temperaturbest\u00e4ndigkeit: <\/b><\/strong>Im Vergleich zu einzelnen Kohlenstoff- oder Glasfasern schneiden Basaltfasern bei hohen Temperaturen besser ab und k\u00f6nnen ihre mechanischen Eigenschaften auch bei h\u00f6heren Temperaturen beibehalten. Daher ist dieses Mischgewebe sehr gut f\u00fcr Anwendungen geeignet, die hohen Temperaturen standhalten m\u00fcssen.<\/li><li><strong><b>Korrosionsbest\u00e4ndigkeit: <\/b><\/strong>Die ausgezeichnete S\u00e4ure- und Alkalibest\u00e4ndigkeit der Basaltfasern verleiht dem Mischgewebe eine bessere Korrosionsbest\u00e4ndigkeit in rauen Umgebungen, insbesondere im Meer oder in der chemischen Industrie.<\/li><li><strong><b>Kombination aus hoher Festigkeit und Z\u00e4higkeit:<\/b><\/strong>Die hohe Festigkeit und Steifigkeit von Kohlenstofffasern in Verbindung mit der guten Z\u00e4higkeit von Basaltfasern kann die Widerstandsf\u00e4higkeit des Materials gegen Besch\u00e4digungen durch St\u00f6\u00dfe oder \u00e4u\u00dfere Einwirkungen erh\u00f6hen.<\/li><li><strong><b>Schutz der Umwelt:<\/b><\/strong>Im Vergleich zu einigen anderen Verbundwerkstoffen sind Basaltfasern umweltfreundlicher, vor allem im Produktionsprozess k\u00f6nnen sie die Kohlendioxidemissionen verringern und haben weniger Auswirkungen auf die Umwelt.<\/li><\/ul><p><strong><b>Anwendungsbereiche<\/b><\/strong><\/p><ul><li>Automobilindustrie: Kohlefaser-Basaltfaser-Mischgewebe wird h\u00e4ufig f\u00fcr die Leichtbauweise von Rennwagen und Hochleistungsfahrzeugen verwendet. Es kann nicht nur das Gewicht der Karosserie reduzieren, sondern auch die Festigkeit und Sto\u00dffestigkeit der Karosserie verbessern und die Sicherheit und das Fahrverhalten des Fahrzeugs verbessern.<\/li><li>Luft- und Raumfahrt: Aufgrund seiner guten Hochtemperaturbest\u00e4ndigkeit eignet sich Mischgewebe f\u00fcr Strukturteile, Innenr\u00e4ume, Tragfl\u00e4chen und andere Teile in der Luft- und Raumfahrt, insbesondere f\u00fcr Anwendungen, die hochfeste und hochtemperaturbest\u00e4ndige Materialien erfordern.<\/li><li>Schiffbau und Meerestechnik: Mischgewebe werden aufgrund ihrer hervorragenden Korrosionsbest\u00e4ndigkeit und ihrer Anpassungsf\u00e4higkeit an die rauen Bedingungen in Meerwasserumgebungen auch h\u00e4ufig in Schiffen, Offshore-Plattformen und anderen Offshore-Anlagen eingesetzt.<\/li><li>Hoch- und Tiefbau: Dieser Verbundwerkstoff kann zur Herstellung von feuerfesten und korrosionsbest\u00e4ndigen Baumaterialien verwendet werden, z. B. f\u00fcr die Verst\u00e4rkung von Br\u00fccken, die Auskleidung von Tunneln, hochtemperaturbest\u00e4ndige Strukturen usw.<\/li><li>Milit\u00e4rischer Bereich: Aufgrund ihrer hohen Festigkeit und Schlagz\u00e4higkeit k\u00f6nnen Mischgewebe auch zur Herstellung von milit\u00e4rischer Schutzausr\u00fcstung wie kugelsicheren Westen, Schutzschilden usw. verwendet werden.<\/li><li>Windenergieerzeugung: F\u00fcr die Rotorbl\u00e4tter von Windkraftanlagen werden h\u00e4ufig Verbundwerkstoffe verwendet. Kohlefaser-Basaltfaser-Mischgewebe sind aufgrund ihrer Festigkeit und Witterungsbest\u00e4ndigkeit f\u00fcr den Bereich der Windenergieerzeugung geeignet.<\/li><\/ul><p><strong><b>Herstellungsverfahren<\/b><\/strong><\/p><p>Der Herstellungsprozess von Kohlefaser-Basaltfaser-Mischgeweben umfasst in der Regel die folgenden Schritte:<\/p><p>\u00a0<\/p><ul><li><b><\/b><strong><b>Weben oder Legen:<\/b><\/strong>Kohlenstofffasern und Basaltfasern werden in einem bestimmten Web- oder Stapelverfahren zu einem Mischgewebe kombiniert. Je nach den Anforderungen der Endanwendung kann der Anteil der verschiedenen Fasern angepasst werden, um ein Mischgewebe mit unterschiedlichen Eigenschaften zu erhalten.<\/li><li><strong><b>Impr\u00e4gnierung mit Harz:<\/b><\/strong>Impr\u00e4gnieren des Mischgewebes mit Harz (z. B. Epoxidharz, Polyesterharz usw.), um die Festigkeit, Wasserbest\u00e4ndigkeit und Verschlei\u00dffestigkeit des Materials zu verbessern.<\/li><li><strong><b>Aush\u00e4rtung und Formgebung: <\/b><\/strong>das mit Harz impr\u00e4gnierte Mischgewebe in eine Form legen und durch Erhitzen und Druck aush\u00e4rten, um schlie\u00dflich einen Verbundwerkstoff zu erhalten, der sowohl fest als auch z\u00e4h ist.<\/li><\/ul><p><strong><b>Vorteile des Kohlefaser-Basaltfaser-Hybridgewebes<\/b><\/strong><\/p><p>\u00a0<\/p><p><strong><b>Starke umfassende Leistung:<\/b><\/strong>\u00a0Durch die Kombination von Kohlenstofffasern und Basaltfasern verf\u00fcgt das Material \u00fcber hervorragende Eigenschaften in Bezug auf hohe Festigkeit, hohe Temperaturen, Korrosionsbest\u00e4ndigkeit und andere Aspekte.<\/p><p>\u00a0<\/p><p><strong><b>Leichtes Design: <\/b><\/strong>Durch den Zusatz von Kohlefasern kann das Gewicht des Materials erheblich reduziert werden, was sich f\u00fcr den Leichtbau eignet.<\/p><p>\u00a0<\/p><p><strong><b>Hohe Temperatur- und Korrosionsbest\u00e4ndigkeit:<\/b><\/strong>\u00a0Basaltfasern verbessern die Hochtemperaturtoleranz des Materials und seine Anpassungsf\u00e4higkeit an korrosive Umgebungen.<\/p><p>\u00a0<\/p><p><strong><b>Produktspezifikationen<\/b><\/strong><\/p>\t\t\t\t\t\t\t\t<\/div>\n\t\t\t\t<\/div>\n\t\t\t\t<div class=\"elementor-element elementor-element-9868e65 elementor-widget elementor-widget-shortcode\" data-id=\"9868e65\" data-element_type=\"widget\" data-widget_type=\"shortcode.default\">\n\t\t\t\t<div class=\"elementor-widget-container\">\n\t\t\t\t\t\t\t<div class=\"elementor-shortcode\">\n<table id=\"tablepress-5\" class=\"tablepress tablepress-id-5 tbody-has-connected-cells\">\n<tbody>\n<tr class=\"row-1\">\n\t<td rowspan=\"2\" class=\"column-1\">Teil Nr.<\/td><td colspan=\"2\" class=\"column-2\">Faser-Spezifikation<\/td><td colspan=\"2\" class=\"column-4\">Faser Farbe<\/td><td colspan=\"2\" class=\"column-6\">Faseranzahl (10mm)<\/td><td rowspan=\"2\" class=\"column-8\">Weben<\/td><td rowspan=\"2\" class=\"column-9\">Gewicht(g\/m2)<\/td><td rowspan=\"2\" class=\"column-10\">Dicke(mm)<\/td><td rowspan=\"2\" class=\"column-11\">Breite(mm)<\/td>\n<\/tr>\n<tr class=\"row-2\">\n\t<td class=\"column-2\">Warp<\/td><td class=\"column-3\">Schussfaden<\/td><td class=\"column-4\">Warp<\/td><td class=\"column-5\">Schussfaden<\/td><td class=\"column-6\">Warp<\/td><td class=\"column-7\">Schussfaden<\/td>\n<\/tr>\n<tr class=\"row-3\">\n\t<td class=\"column-1\">CBP03300265<\/td><td class=\"column-2\">3K<\/td><td class=\"column-3\">300Tex<\/td><td class=\"column-4\">Schwarz<\/td><td class=\"column-5\">Dunkelgr\u00fcn<\/td><td class=\"column-6\">5<\/td><td class=\"column-7\">5<\/td><td class=\"column-8\">Einfach<\/td><td class=\"column-9\">265<\/td><td class=\"column-10\">0.25<\/td><td class=\"column-11\">100-1500<\/td>\n<\/tr>\n<tr class=\"row-4\">\n\t<td class=\"column-1\">CBT03300265<\/td><td class=\"column-2\">3K<\/td><td class=\"column-3\">300Tex<\/td><td class=\"column-4\">Schwarz<\/td><td class=\"column-5\">Dunkelgr\u00fcn<\/td><td class=\"column-6\">5<\/td><td class=\"column-7\">5<\/td><td class=\"column-8\">K\u00f6per<\/td><td class=\"column-9\">265<\/td><td class=\"column-10\">0.25<\/td><td class=\"column-11\">100-1500<\/td>\n<\/tr>\n<tr class=\"row-5\">\n\t<td class=\"column-1\">CBP06800480<\/td><td class=\"column-2\">6K<\/td><td class=\"column-3\">800Tex<\/td><td class=\"column-4\">Schwarz<\/td><td class=\"column-5\">Dunkelgr\u00fcn<\/td><td class=\"column-6\">4<\/td><td class=\"column-7\">4<\/td><td class=\"column-8\">Einfach<\/td><td class=\"column-9\">480<\/td><td class=\"column-10\">0.45<\/td><td class=\"column-11\">100-1500<\/td>\n<\/tr>\n<tr class=\"row-6\">\n\t<td class=\"column-1\">CBT06800480<\/td><td class=\"column-2\">6K<\/td><td class=\"column-3\">800Tex<\/td><td class=\"column-4\">Schwarz<\/td><td class=\"column-5\">Dunkelgr\u00fcn<\/td><td class=\"column-6\">4<\/td><td class=\"column-7\">4<\/td><td class=\"column-8\">K\u00f6per<\/td><td class=\"column-9\">480<\/td><td class=\"column-10\">0.45<\/td><td class=\"column-11\">100-1500<\/td>\n<\/tr>\n<\/tbody>\n<\/table>\n<!-- #tablepress-5 from cache --><\/div>\n\t\t\t\t\t\t<\/div>\n\t\t\t\t<\/div>\n\t\t\t\t\t<\/div>\n\t\t\t\t<\/div>\n\t\t\t\t<\/div>","protected":false},"excerpt":{"rendered":"<p>Kohlefaser-Basaltfaser-Hybridgewebe ist ein Verbundwerkstoff, der Kohlefaser und Basaltfaser kombiniert. Es hat die Vorteile beider Fasern und bietet eine Reihe hervorragender Eigenschaften wie hohe Festigkeit, geringes Gewicht, hohe Temperaturbest\u00e4ndigkeit, Korrosionsbest\u00e4ndigkeit und Schlagfestigkeit. Dieses Hybridgewebe wird in vielen Bereichen eingesetzt, insbesondere dort, wo hohe Temperaturbest\u00e4ndigkeit, Schlagfestigkeit, Korrosionsbest\u00e4ndigkeit und geringes Gewicht erforderlich sind.<\/p>","protected":false},"featured_media":968,"comment_status":"open","ping_status":"closed","template":"","meta":{"_acf_changed":false,"site-sidebar-layout":"no-sidebar","site-content-layout":"","ast-site-content-layout":"full-width-container","site-content-style":"default","site-sidebar-style":"default","ast-global-header-display":"","ast-banner-title-visibility":"","ast-main-header-display":"","ast-hfb-above-header-display":"","ast-hfb-below-header-display":"","ast-hfb-mobile-header-display":"","site-post-title":"disabled","ast-breadcrumbs-content":"","ast-featured-img":"disabled","footer-sml-layout":"","theme-transparent-header-meta":"default","adv-header-id-meta":"","stick-header-meta":"","header-above-stick-meta":"","header-main-stick-meta":"","header-below-stick-meta":"","astra-migrate-meta-layouts":"set","ast-page-background-enabled":"default","ast-page-background-meta":{"desktop":{"background-color":"var(--ast-global-color-5)","background-image":"","background-repeat":"repeat","background-position":"center center","background-size":"auto","background-attachment":"scroll","background-type":"","background-media":"","overlay-type":"","overlay-color":"","overlay-opacity":"","overlay-gradient":""},"tablet":{"background-color":"","background-image":"","background-repeat":"repeat","background-position":"center center","background-size":"auto","background-attachment":"scroll","background-type":"","background-media":"","overlay-type":"","overlay-color":"","overlay-opacity":"","overlay-gradient":""},"mobile":{"background-color":"","background-image":"","background-repeat":"repeat","background-position":"center center","background-size":"auto","background-attachment":"scroll","background-type":"","background-media":"","overlay-type":"","overlay-color":"","overlay-opacity":"","overlay-gradient":""}},"ast-content-background-meta":{"desktop":{"background-color":"var(--ast-global-color-4)","background-image":"","background-repeat":"repeat","background-position":"center center","background-size":"auto","background-attachment":"scroll","background-type":"","background-media":"","overlay-type":"","overlay-color":"","overlay-opacity":"","overlay-gradient":""},"tablet":{"background-color":"var(--ast-global-color-4)","background-image":"","background-repeat":"repeat","background-position":"center center","background-size":"auto","background-attachment":"scroll","background-type":"","background-media":"","overlay-type":"","overlay-color":"","overlay-opacity":"","overlay-gradient":""},"mobile":{"background-color":"var(--ast-global-color-4)","background-image":"","background-repeat":"repeat","background-position":"center center","background-size":"auto","background-attachment":"scroll","background-type":"","background-media":"","overlay-type":"","overlay-color":"","overlay-opacity":"","overlay-gradient":""}}},"product_brand":[],"product_cat":[34],"product_tag":[],"class_list":{"0":"post-996","1":"product","2":"type-product","3":"status-publish","4":"has-post-thumbnail","6":"product_cat-woven-products","7":"desktop-align-left","8":"tablet-align-left","9":"mobile-align-left","11":"first","12":"instock","13":"shipping-taxable","14":"product-type-simple"},"acf":[],"yoast_head":"<!-- This site is optimized with the Yoast SEO plugin v25.5 - https:\/\/yoast.com\/wordpress\/plugins\/seo\/ -->\n<title>Carbon-Basalt Hybrid Fabric - China carbon fiber drone products, carbon fiber, aramid fiber products and customized manufacturers<\/title>\n<meta name=\"robots\" content=\"index, follow, max-snippet:-1, max-image-preview:large, max-video-preview:-1\" \/>\n<link rel=\"canonical\" href=\"https:\/\/sinocarbonfibre.com\/de\/produkt\/carbon-basalt-hybrid-fabric\/\" \/>\n<meta property=\"og:locale\" content=\"de_DE\" \/>\n<meta property=\"og:type\" content=\"article\" \/>\n<meta property=\"og:title\" content=\"Carbon-Basalt Hybrid Fabric - China carbon fiber drone products, carbon fiber, aramid fiber products and customized manufacturers\" \/>\n<meta property=\"og:description\" content=\"Carbon Fiber-Basalt Fiber Hybrid Fabric is a composite material that combines carbon fiber and basalt fiber. It has the advantages of both fibers and can provide a series of excellent properties such as high strength, light weight, high temperature resistance, corrosion resistance, and impact resistance. This hybrid fabric is used in many fields, especially in places that require high temperature resistance, impact resistance, corrosion resistance, and light weight.\" \/>\n<meta property=\"og:url\" content=\"https:\/\/sinocarbonfibre.com\/de\/produkt\/carbon-basalt-hybrid-fabric\/\" \/>\n<meta property=\"og:site_name\" content=\"China carbon fiber drone products, carbon fiber, aramid fiber products and customized manufacturers\" \/>\n<meta property=\"article:modified_time\" content=\"2025-07-15T09:07:17+00:00\" \/>\n<meta property=\"og:image\" content=\"https:\/\/sinocarbonfibre.com\/wp-content\/uploads\/2025\/07\/Basalt-Fiber-Fabric2.jpg\" \/>\n\t<meta property=\"og:image:width\" content=\"1000\" \/>\n\t<meta property=\"og:image:height\" content=\"600\" \/>\n\t<meta property=\"og:image:type\" content=\"image\/jpeg\" \/>\n<meta name=\"twitter:card\" content=\"summary_large_image\" \/>\n<meta name=\"twitter:label1\" content=\"Gesch\u00e4tzte Lesezeit\" \/>\n\t<meta name=\"twitter:data1\" content=\"4\u00a0Minuten\" \/>\n<script type=\"application\/ld+json\" class=\"yoast-schema-graph\">{\"@context\":\"https:\/\/schema.org\",\"@graph\":[{\"@type\":\"WebPage\",\"@id\":\"https:\/\/sinocarbonfibre.com\/product\/carbon-basalt-hybrid-fabric\/\",\"url\":\"https:\/\/sinocarbonfibre.com\/product\/carbon-basalt-hybrid-fabric\/\",\"name\":\"Carbon-Basalt Hybrid Fabric - China carbon fiber drone products, carbon fiber, aramid fiber products and customized manufacturers\",\"isPartOf\":{\"@id\":\"https:\/\/sinocarbonfibre.com\/#website\"},\"primaryImageOfPage\":{\"@id\":\"https:\/\/sinocarbonfibre.com\/product\/carbon-basalt-hybrid-fabric\/#primaryimage\"},\"image\":{\"@id\":\"https:\/\/sinocarbonfibre.com\/product\/carbon-basalt-hybrid-fabric\/#primaryimage\"},\"thumbnailUrl\":\"https:\/\/sinocarbonfibre.com\/wp-content\/uploads\/2025\/07\/Basalt-Fiber-Fabric2.jpg\",\"datePublished\":\"2025-07-15T09:00:44+00:00\",\"dateModified\":\"2025-07-15T09:07:17+00:00\",\"breadcrumb\":{\"@id\":\"https:\/\/sinocarbonfibre.com\/product\/carbon-basalt-hybrid-fabric\/#breadcrumb\"},\"inLanguage\":\"de\",\"potentialAction\":[{\"@type\":\"ReadAction\",\"target\":[\"https:\/\/sinocarbonfibre.com\/product\/carbon-basalt-hybrid-fabric\/\"]}]},{\"@type\":\"ImageObject\",\"inLanguage\":\"de\",\"@id\":\"https:\/\/sinocarbonfibre.com\/product\/carbon-basalt-hybrid-fabric\/#primaryimage\",\"url\":\"https:\/\/sinocarbonfibre.com\/wp-content\/uploads\/2025\/07\/Basalt-Fiber-Fabric2.jpg\",\"contentUrl\":\"https:\/\/sinocarbonfibre.com\/wp-content\/uploads\/2025\/07\/Basalt-Fiber-Fabric2.jpg\",\"width\":1000,\"height\":600},{\"@type\":\"BreadcrumbList\",\"@id\":\"https:\/\/sinocarbonfibre.com\/product\/carbon-basalt-hybrid-fabric\/#breadcrumb\",\"itemListElement\":[{\"@type\":\"ListItem\",\"position\":1,\"name\":\"Home\",\"item\":\"https:\/\/sinocarbonfibre.com\/\"},{\"@type\":\"ListItem\",\"position\":2,\"name\":\"Products\",\"item\":\"https:\/\/sinocarbonfibre.com\/shop\/\"},{\"@type\":\"ListItem\",\"position\":3,\"name\":\"Carbon-Basalt Hybrid Fabric\"}]},{\"@type\":\"WebSite\",\"@id\":\"https:\/\/sinocarbonfibre.com\/#website\",\"url\":\"https:\/\/sinocarbonfibre.com\/\",\"name\":\"China carbon fiber drone products, carbon fiber, aramid fiber products and customized manufacturers\",\"description\":\"\",\"publisher\":{\"@id\":\"https:\/\/sinocarbonfibre.com\/#organization\"},\"potentialAction\":[{\"@type\":\"SearchAction\",\"target\":{\"@type\":\"EntryPoint\",\"urlTemplate\":\"https:\/\/sinocarbonfibre.com\/?s={search_term_string}\"},\"query-input\":{\"@type\":\"PropertyValueSpecification\",\"valueRequired\":true,\"valueName\":\"search_term_string\"}}],\"inLanguage\":\"de\"},{\"@type\":\"Organization\",\"@id\":\"https:\/\/sinocarbonfibre.com\/#organization\",\"name\":\"China carbon fiber drone products, carbon fiber, aramid fiber products and customized manufacturers\",\"url\":\"https:\/\/sinocarbonfibre.com\/\",\"logo\":{\"@type\":\"ImageObject\",\"inLanguage\":\"de\",\"@id\":\"https:\/\/sinocarbonfibre.com\/#\/schema\/logo\/image\/\",\"url\":\"https:\/\/sinocarbonfibre.com\/wp-content\/uploads\/2025\/03\/logo.png\",\"contentUrl\":\"https:\/\/sinocarbonfibre.com\/wp-content\/uploads\/2025\/03\/logo.png\",\"width\":400,\"height\":80,\"caption\":\"China carbon fiber drone products, carbon fiber, aramid fiber products and customized manufacturers\"},\"image\":{\"@id\":\"https:\/\/sinocarbonfibre.com\/#\/schema\/logo\/image\/\"}}]}<\/script>\n<!-- \/ Yoast SEO plugin. -->","yoast_head_json":{"title":"Carbon-Basalt Hybrid Fabric - China carbon fiber drone products, carbon fiber, aramid fiber products and customized manufacturers","robots":{"index":"index","follow":"follow","max-snippet":"max-snippet:-1","max-image-preview":"max-image-preview:large","max-video-preview":"max-video-preview:-1"},"canonical":"https:\/\/sinocarbonfibre.com\/de\/produkt\/carbon-basalt-hybrid-fabric\/","og_locale":"de_DE","og_type":"article","og_title":"Carbon-Basalt Hybrid Fabric - China carbon fiber drone products, carbon fiber, aramid fiber products and customized manufacturers","og_description":"Carbon Fiber-Basalt Fiber Hybrid Fabric is a composite material that combines carbon fiber and basalt fiber. It has the advantages of both fibers and can provide a series of excellent properties such as high strength, light weight, high temperature resistance, corrosion resistance, and impact resistance. This hybrid fabric is used in many fields, especially in places that require high temperature resistance, impact resistance, corrosion resistance, and light weight.","og_url":"https:\/\/sinocarbonfibre.com\/de\/produkt\/carbon-basalt-hybrid-fabric\/","og_site_name":"China carbon fiber drone products, carbon fiber, aramid fiber products and customized manufacturers","article_modified_time":"2025-07-15T09:07:17+00:00","og_image":[{"width":1000,"height":600,"url":"https:\/\/sinocarbonfibre.com\/wp-content\/uploads\/2025\/07\/Basalt-Fiber-Fabric2.jpg","type":"image\/jpeg"}],"twitter_card":"summary_large_image","twitter_misc":{"Gesch\u00e4tzte Lesezeit":"4\u00a0Minuten"},"schema":{"@context":"https:\/\/schema.org","@graph":[{"@type":"WebPage","@id":"https:\/\/sinocarbonfibre.com\/product\/carbon-basalt-hybrid-fabric\/","url":"https:\/\/sinocarbonfibre.com\/product\/carbon-basalt-hybrid-fabric\/","name":"Carbon-Basalt Hybrid Fabric - China carbon fiber drone products, carbon fiber, aramid fiber products and customized manufacturers","isPartOf":{"@id":"https:\/\/sinocarbonfibre.com\/#website"},"primaryImageOfPage":{"@id":"https:\/\/sinocarbonfibre.com\/product\/carbon-basalt-hybrid-fabric\/#primaryimage"},"image":{"@id":"https:\/\/sinocarbonfibre.com\/product\/carbon-basalt-hybrid-fabric\/#primaryimage"},"thumbnailUrl":"https:\/\/sinocarbonfibre.com\/wp-content\/uploads\/2025\/07\/Basalt-Fiber-Fabric2.jpg","datePublished":"2025-07-15T09:00:44+00:00","dateModified":"2025-07-15T09:07:17+00:00","breadcrumb":{"@id":"https:\/\/sinocarbonfibre.com\/product\/carbon-basalt-hybrid-fabric\/#breadcrumb"},"inLanguage":"de","potentialAction":[{"@type":"ReadAction","target":["https:\/\/sinocarbonfibre.com\/product\/carbon-basalt-hybrid-fabric\/"]}]},{"@type":"ImageObject","inLanguage":"de","@id":"https:\/\/sinocarbonfibre.com\/product\/carbon-basalt-hybrid-fabric\/#primaryimage","url":"https:\/\/sinocarbonfibre.com\/wp-content\/uploads\/2025\/07\/Basalt-Fiber-Fabric2.jpg","contentUrl":"https:\/\/sinocarbonfibre.com\/wp-content\/uploads\/2025\/07\/Basalt-Fiber-Fabric2.jpg","width":1000,"height":600},{"@type":"BreadcrumbList","@id":"https:\/\/sinocarbonfibre.com\/product\/carbon-basalt-hybrid-fabric\/#breadcrumb","itemListElement":[{"@type":"ListItem","position":1,"name":"Home","item":"https:\/\/sinocarbonfibre.com\/"},{"@type":"ListItem","position":2,"name":"Products","item":"https:\/\/sinocarbonfibre.com\/shop\/"},{"@type":"ListItem","position":3,"name":"Carbon-Basalt Hybrid Fabric"}]},{"@type":"WebSite","@id":"https:\/\/sinocarbonfibre.com\/#website","url":"https:\/\/sinocarbonfibre.com\/","name":"China carbon fiber drone products, carbon fiber, aramid fiber products and customized manufacturers","description":"","publisher":{"@id":"https:\/\/sinocarbonfibre.com\/#organization"},"potentialAction":[{"@type":"SearchAction","target":{"@type":"EntryPoint","urlTemplate":"https:\/\/sinocarbonfibre.com\/?s={search_term_string}"},"query-input":{"@type":"PropertyValueSpecification","valueRequired":true,"valueName":"search_term_string"}}],"inLanguage":"de"},{"@type":"Organization","@id":"https:\/\/sinocarbonfibre.com\/#organization","name":"China carbon fiber drone products, carbon fiber, aramid fiber products and customized manufacturers","url":"https:\/\/sinocarbonfibre.com\/","logo":{"@type":"ImageObject","inLanguage":"de","@id":"https:\/\/sinocarbonfibre.com\/#\/schema\/logo\/image\/","url":"https:\/\/sinocarbonfibre.com\/wp-content\/uploads\/2025\/03\/logo.png","contentUrl":"https:\/\/sinocarbonfibre.com\/wp-content\/uploads\/2025\/03\/logo.png","width":400,"height":80,"caption":"China carbon fiber drone products, carbon fiber, aramid fiber products and customized manufacturers"},"image":{"@id":"https:\/\/sinocarbonfibre.com\/#\/schema\/logo\/image\/"}}]}},"_links":{"self":[{"href":"https:\/\/sinocarbonfibre.com\/de\/wp-json\/wp\/v2\/product\/996","targetHints":{"allow":["GET"]}}],"collection":[{"href":"https:\/\/sinocarbonfibre.com\/de\/wp-json\/wp\/v2\/product"}],"about":[{"href":"https:\/\/sinocarbonfibre.com\/de\/wp-json\/wp\/v2\/types\/product"}],"replies":[{"embeddable":true,"href":"https:\/\/sinocarbonfibre.com\/de\/wp-json\/wp\/v2\/comments?post=996"}],"version-history":[{"count":7,"href":"https:\/\/sinocarbonfibre.com\/de\/wp-json\/wp\/v2\/product\/996\/revisions"}],"predecessor-version":[{"id":1005,"href":"https:\/\/sinocarbonfibre.com\/de\/wp-json\/wp\/v2\/product\/996\/revisions\/1005"}],"wp:featuredmedia":[{"embeddable":true,"href":"https:\/\/sinocarbonfibre.com\/de\/wp-json\/wp\/v2\/media\/968"}],"wp:attachment":[{"href":"https:\/\/sinocarbonfibre.com\/de\/wp-json\/wp\/v2\/media?parent=996"}],"wp:term":[{"taxonomy":"product_brand","embeddable":true,"href":"https:\/\/sinocarbonfibre.com\/de\/wp-json\/wp\/v2\/product_brand?post=996"},{"taxonomy":"product_cat","embeddable":true,"href":"https:\/\/sinocarbonfibre.com\/de\/wp-json\/wp\/v2\/product_cat?post=996"},{"taxonomy":"product_tag","embeddable":true,"href":"https:\/\/sinocarbonfibre.com\/de\/wp-json\/wp\/v2\/product_tag?post=996"}],"curies":[{"name":"wp","href":"https:\/\/api.w.org\/{rel}","templated":true}]}}