{"id":1396,"date":"2025-07-17T04:59:38","date_gmt":"2025-07-17T04:59:38","guid":{"rendered":"https:\/\/sinocarbonfibre.com\/?post_type=product&#038;p=1396"},"modified":"2025-07-24T00:51:42","modified_gmt":"2025-07-24T00:51:42","slug":"carbon-fiber-needle-felt","status":"publish","type":"product","link":"https:\/\/sinocarbonfibre.com\/de\/produkt\/carbon-fiber-needle-felt\/","title":{"rendered":"Kohlefaser-Nadelfilz"},"content":{"rendered":"<div data-elementor-type=\"product-post\" data-elementor-id=\"1396\" class=\"elementor elementor-1396\" data-elementor-post-type=\"product\">\n\t\t\t\t<div class=\"elementor-element elementor-element-10e95ed e-flex e-con-boxed e-con e-parent\" data-id=\"10e95ed\" data-element_type=\"container\">\n\t\t\t\t\t<div class=\"e-con-inner\">\n\t\t\t\t<div class=\"elementor-element elementor-element-a7ecb43 elementor-widget elementor-widget-text-editor\" data-id=\"a7ecb43\" data-element_type=\"widget\" data-widget_type=\"text-editor.default\">\n\t\t\t\t<div class=\"elementor-widget-container\">\n\t\t\t\t\t\t\t\t\t<p>Beim Nadeln von Kohlefaserfilz werden kurze Fasern ge\u00f6ffnet, gek\u00e4mmt und in ein Fasernetz gelegt, das dann durch Nadeln zu einem Gewebe verst\u00e4rkt wird. Die Nadeln haben Haken und Stacheln, die das Fasernetz wiederholt durchstechen. Die Haken und Fasern werden verst\u00e4rkt und bilden den genadelten Kohlenstofffaser-Rohfilz. Bei der Herstellung von Kohlenstofffaserfilz durch Vernadelung wird das flauschige Fasernetz durch die Durchstichwirkung der Vernadelungsmaschine verst\u00e4rkt und gehalten, um Festigkeit zu erzielen.<\/p><p>Das Fasernetz wird wiederholt von einer Nadel mit einem Widerhaken an der Kante eines dreieckigen Querschnitts (oder eines anderen Querschnitts) durchstochen. Wenn der Widerhaken das Fasernetz durchsticht, werden die Oberfl\u00e4che und die lokalen inneren Fasern des Fasernetzes gezwungen, in das Fasernetz einzudringen. Durch die Reibung zwischen den Fasern wird das urspr\u00fcnglich flauschige Fasernetz zusammengedr\u00fcckt. Wenn sich die Nadel aus dem Fasernetz zur\u00fcckzieht, l\u00f6sen sich die eingef\u00fchrten Faserb\u00fcndel vom Widerhaken und verbleiben im Fasernetz. Auf diese Weise verwickeln viele Faserb\u00fcndel das Fasernetz, so dass es seinen urspr\u00fcnglichen flauschigen Zustand nicht mehr wiederherstellen kann. Nach mehrmaligem Vernadeln sind eine ganze Reihe von Faserb\u00fcndeln in das Fasernetz eingestochen, so dass die Fasern im Fasernetz miteinander verschlungen sind und so einen Kohlenstofffaser-Rohfilz mit einer bestimmten Festigkeit und Dicke bilden. Der urspr\u00fcngliche Kohlenstofffaserfilz wird dann voroxidiert und karbonisiert, um Kohlenstofffaserfilz zu erhalten (Produktionsprozess von PAN-basiertem Kohlenstofffaserfilz).<\/p><p>Kohlefaserfilz hat eine hohe axiale Festigkeit und einen hohen Elastizit\u00e4tsmodul, eine geringe Dichte, eine sehr hohe Temperaturbest\u00e4ndigkeit in einer nicht oxidierenden Umgebung, eine gute Erm\u00fcdungsbest\u00e4ndigkeit, S\u00e4ure- und Laugenbest\u00e4ndigkeit, eine hohe Temperaturbest\u00e4ndigkeit, eine gute R\u00f6ntgendurchl\u00e4ssigkeit, eine gute elektrische und thermische Leitf\u00e4higkeit und gute elektromagnetische Abschirmungseigenschaften. Es wird zunehmend in der Industrie, der medizinischen Versorgung, dem Umweltschutz und anderen Bereichen eingesetzt.<\/p><p>Die genadelten Vorformen aus Kohlenstofffasern werden aus Kohlenstofffasergewebe mit optimierter Winkelverflechtung hergestellt, mit Kohlenstofffaserkurzfaserf\u00fcllung kombiniert und durch spezielle Verfahren zu einem Ganzen verbunden. CFC-Verbundwerkstoffe werden durch Aufdampfen und Compoundieren hergestellt, was zu einer leichten, starken und dauerhaften Tr\u00e4gerstruktur f\u00fchrt. Zu den g\u00e4ngigen Spezifikationen geh\u00f6ren sowohl normale Teile wie flache Platten und T\u00f6pfe als auch speziell geformte Teile wie F\u00fchrungsrohre und Tiegel.<\/p><p>Die vernadelte Vorform aus Kohlefaser ist eine Art Vorform aus C\/C-Verbundmaterial. Der Formgebungsprozess der vernadelten Vorform besteht darin, ein Fasernetz als Rohmaterial f\u00fcr die Vernadelung zu verwenden und eine spezielle Nadel mit umgekehrten Haken f\u00fcr die Vernadelung zu verwenden, um eine quasi-dreidimensionale Netzstruktur mit einer gewissen Festigkeit sowohl in der Ebene als auch in der Zwischenschicht zu bilden. Durch die Vernadelung wird die schwache Zwischenschichtfestigkeit von 2D-Laminat-Vorformlingen \u00fcberwunden und gleichzeitig die Schw\u00e4che von 3D-Gewebevorformlingen, die ein komplexes Verfahren und hohe Kosten mit sich bringen, \u00fcberwunden.<\/p><p>Kohlefaser-Vorformlinge werden aus hochfesten Kohlefasern, Kohlefasergewebe und Kohlefaserfilz durch wiederholtes Schichten und Vernadeln hergestellt. Sie sind mit kurzen Fasern gef\u00fcllt und haben eine bestimmte Dichte und Festigkeit. Zu den Produkten geh\u00f6ren verschiedene Hei\u00dffeldtiegel, F\u00fchrungsrohre, Tiegel, Isolierzylinder-Vorformen und flache Plattenvorformen. Die Produkte werden mit einem C\/C-Wert zu leichten, robusten und langlebigen Heissfeldkomponenten zusammengesetzt. Sie k\u00f6nnen auch zu Hochgeschwindigkeitsschienen, Automobilbremsscheiben, Befestigungselementen und Spezialprodukten verarbeitet werden.<\/p><h1><strong>Produktmerkmale<\/strong><\/h1><p>Angemessene Dichte; nicht leicht zu verformen; gute Temperaturwechselbest\u00e4ndigkeit des Endprodukts; kein Rei\u00dfen oder Abfallen.<\/p><h1><strong>Grundlegende Parameter<\/strong><\/h1><p>Qualit\u00e4t des Aussehens: gleichm\u00e4\u00dfige Vernadelung, keine Schichtung, keine Verh\u00e4rtung, keine Kr\u00e4uselung und keine anderen Defekte im Rohling<\/p><p>Gr\u00f6\u00dfe: gem\u00e4\u00df dem Bestellvertrag und der technischen Vereinbarung zwischen den Parteien (Angebot und Nachfrage)<\/p><p>Volumendichte: 0,55-0,60g\/cm je nach Kundenwunsch<\/p><p>Schichtdichte: 6-13 Schichten\/cm<\/p><p>Langfaser-Masseanteil: 50-85%<\/p>\t\t\t\t\t\t\t\t<\/div>\n\t\t\t\t<\/div>\n\t\t\t\t\t<\/div>\n\t\t\t\t<\/div>\n\t\t\t\t<\/div>","protected":false},"excerpt":{"rendered":"<p>Beim Nadeln von Kohlefaserfilz werden kurze Fasern ge\u00f6ffnet, gek\u00e4mmt und in ein Fasernetz gelegt, das dann durch Nadeln zu einem Gewebe verst\u00e4rkt wird. Die Nadeln haben Haken und Stacheln, die das Fasernetz wiederholt durchstechen. Die Haken und Fasern werden verst\u00e4rkt und bilden den genadelten Kohlenstofffaser-Rohfilz. Bei der Herstellung von Kohlenstofffaserfilz durch Vernadelung wird das flauschige Fasernetz durch die Durchstichwirkung der Vernadelungsmaschine verst\u00e4rkt und gehalten, um Festigkeit zu erzielen.<\/p>","protected":false},"featured_media":1397,"comment_status":"open","ping_status":"closed","template":"","meta":{"_acf_changed":false,"site-sidebar-layout":"no-sidebar","site-content-layout":"","ast-site-content-layout":"full-width-container","site-content-style":"default","site-sidebar-style":"default","ast-global-header-display":"","ast-banner-title-visibility":"","ast-main-header-display":"","ast-hfb-above-header-display":"","ast-hfb-below-header-display":"","ast-hfb-mobile-header-display":"","site-post-title":"disabled","ast-breadcrumbs-content":"","ast-featured-img":"disabled","footer-sml-layout":"","theme-transparent-header-meta":"default","adv-header-id-meta":"","stick-header-meta":"","header-above-stick-meta":"","header-main-stick-meta":"","header-below-stick-meta":"","astra-migrate-meta-layouts":"set","ast-page-background-enabled":"default","ast-page-background-meta":{"desktop":{"background-color":"var(--ast-global-color-5)","background-image":"","background-repeat":"repeat","background-position":"center center","background-size":"auto","background-attachment":"scroll","background-type":"","background-media":"","overlay-type":"","overlay-color":"","overlay-opacity":"","overlay-gradient":""},"tablet":{"background-color":"","background-image":"","background-repeat":"repeat","background-position":"center center","background-size":"auto","background-attachment":"scroll","background-type":"","background-media":"","overlay-type":"","overlay-color":"","overlay-opacity":"","overlay-gradient":""},"mobile":{"background-color":"","background-image":"","background-repeat":"repeat","background-position":"center center","background-size":"auto","background-attachment":"scroll","background-type":"","background-media":"","overlay-type":"","overlay-color":"","overlay-opacity":"","overlay-gradient":""}},"ast-content-background-meta":{"desktop":{"background-color":"var(--ast-global-color-4)","background-image":"","background-repeat":"repeat","background-position":"center center","background-size":"auto","background-attachment":"scroll","background-type":"","background-media":"","overlay-type":"","overlay-color":"","overlay-opacity":"","overlay-gradient":""},"tablet":{"background-color":"var(--ast-global-color-4)","background-image":"","background-repeat":"repeat","background-position":"center center","background-size":"auto","background-attachment":"scroll","background-type":"","background-media":"","overlay-type":"","overlay-color":"","overlay-opacity":"","overlay-gradient":""},"mobile":{"background-color":"var(--ast-global-color-4)","background-image":"","background-repeat":"repeat","background-position":"center center","background-size":"auto","background-attachment":"scroll","background-type":"","background-media":"","overlay-type":"","overlay-color":"","overlay-opacity":"","overlay-gradient":""}}},"product_brand":[],"product_cat":[68],"product_tag":[],"class_list":{"0":"post-1396","1":"product","2":"type-product","3":"status-publish","4":"has-post-thumbnail","6":"product_cat-needle-punched-precast","7":"desktop-align-left","8":"tablet-align-left","9":"mobile-align-left","11":"first","12":"instock","13":"shipping-taxable","14":"product-type-simple"},"acf":[],"yoast_head":"<!-- This site is optimized with the Yoast SEO plugin v25.5 - https:\/\/yoast.com\/wordpress\/plugins\/seo\/ -->\n<title>Carbon fiber needle felt - China carbon fiber drone products, carbon fiber, aramid fiber products and customized manufacturers<\/title>\n<meta name=\"robots\" content=\"index, follow, max-snippet:-1, max-image-preview:large, max-video-preview:-1\" \/>\n<link rel=\"canonical\" href=\"https:\/\/sinocarbonfibre.com\/de\/produkt\/carbon-fiber-needle-felt\/\" \/>\n<meta property=\"og:locale\" content=\"de_DE\" \/>\n<meta property=\"og:type\" content=\"article\" \/>\n<meta property=\"og:title\" content=\"Carbon fiber needle felt - China carbon fiber drone products, carbon fiber, aramid fiber products and customized manufacturers\" \/>\n<meta property=\"og:description\" content=\"Carbon fiber felt needle punching is to open, comb and lay short fibers into a fiber net, and then reinforce the fiber net into cloth through needles. The needles have hooks and thorns, which repeatedly puncture the fiber net. The hooks and fibers are reinforced to form needle-punched carbon fiber raw felt. The production of carbon fiber felt by needle punching is to reinforce and hold the fluffy fiber net through the puncture action of the needle punching machine to obtain strength.\" \/>\n<meta property=\"og:url\" content=\"https:\/\/sinocarbonfibre.com\/de\/produkt\/carbon-fiber-needle-felt\/\" \/>\n<meta property=\"og:site_name\" content=\"China carbon fiber drone products, carbon fiber, aramid fiber products and customized manufacturers\" \/>\n<meta property=\"article:modified_time\" content=\"2025-07-24T00:51:42+00:00\" \/>\n<meta property=\"og:image\" content=\"https:\/\/sinocarbonfibre.com\/wp-content\/uploads\/2025\/07\/Needle-Punched-Precast1.jpg\" \/>\n\t<meta property=\"og:image:width\" content=\"1000\" \/>\n\t<meta property=\"og:image:height\" content=\"600\" \/>\n\t<meta property=\"og:image:type\" content=\"image\/jpeg\" \/>\n<meta name=\"twitter:card\" content=\"summary_large_image\" \/>\n<script type=\"application\/ld+json\" class=\"yoast-schema-graph\">{\"@context\":\"https:\/\/schema.org\",\"@graph\":[{\"@type\":\"WebPage\",\"@id\":\"https:\/\/sinocarbonfibre.com\/product\/carbon-fiber-needle-felt\/\",\"url\":\"https:\/\/sinocarbonfibre.com\/product\/carbon-fiber-needle-felt\/\",\"name\":\"Carbon fiber needle felt - China carbon fiber drone products, carbon fiber, aramid fiber products and customized manufacturers\",\"isPartOf\":{\"@id\":\"https:\/\/sinocarbonfibre.com\/#website\"},\"primaryImageOfPage\":{\"@id\":\"https:\/\/sinocarbonfibre.com\/product\/carbon-fiber-needle-felt\/#primaryimage\"},\"image\":{\"@id\":\"https:\/\/sinocarbonfibre.com\/product\/carbon-fiber-needle-felt\/#primaryimage\"},\"thumbnailUrl\":\"https:\/\/sinocarbonfibre.com\/wp-content\/uploads\/2025\/07\/Needle-Punched-Precast1.jpg\",\"datePublished\":\"2025-07-17T04:59:38+00:00\",\"dateModified\":\"2025-07-24T00:51:42+00:00\",\"breadcrumb\":{\"@id\":\"https:\/\/sinocarbonfibre.com\/product\/carbon-fiber-needle-felt\/#breadcrumb\"},\"inLanguage\":\"de\",\"potentialAction\":[{\"@type\":\"ReadAction\",\"target\":[\"https:\/\/sinocarbonfibre.com\/product\/carbon-fiber-needle-felt\/\"]}]},{\"@type\":\"ImageObject\",\"inLanguage\":\"de\",\"@id\":\"https:\/\/sinocarbonfibre.com\/product\/carbon-fiber-needle-felt\/#primaryimage\",\"url\":\"https:\/\/sinocarbonfibre.com\/wp-content\/uploads\/2025\/07\/Needle-Punched-Precast1.jpg\",\"contentUrl\":\"https:\/\/sinocarbonfibre.com\/wp-content\/uploads\/2025\/07\/Needle-Punched-Precast1.jpg\",\"width\":1000,\"height\":600},{\"@type\":\"BreadcrumbList\",\"@id\":\"https:\/\/sinocarbonfibre.com\/product\/carbon-fiber-needle-felt\/#breadcrumb\",\"itemListElement\":[{\"@type\":\"ListItem\",\"position\":1,\"name\":\"Home\",\"item\":\"https:\/\/sinocarbonfibre.com\/\"},{\"@type\":\"ListItem\",\"position\":2,\"name\":\"Products\",\"item\":\"https:\/\/sinocarbonfibre.com\/shop\/\"},{\"@type\":\"ListItem\",\"position\":3,\"name\":\"Carbon fiber needle felt\"}]},{\"@type\":\"WebSite\",\"@id\":\"https:\/\/sinocarbonfibre.com\/#website\",\"url\":\"https:\/\/sinocarbonfibre.com\/\",\"name\":\"China carbon fiber drone products, carbon fiber, aramid fiber products and customized manufacturers\",\"description\":\"\",\"publisher\":{\"@id\":\"https:\/\/sinocarbonfibre.com\/#organization\"},\"potentialAction\":[{\"@type\":\"SearchAction\",\"target\":{\"@type\":\"EntryPoint\",\"urlTemplate\":\"https:\/\/sinocarbonfibre.com\/?s={search_term_string}\"},\"query-input\":{\"@type\":\"PropertyValueSpecification\",\"valueRequired\":true,\"valueName\":\"search_term_string\"}}],\"inLanguage\":\"de\"},{\"@type\":\"Organization\",\"@id\":\"https:\/\/sinocarbonfibre.com\/#organization\",\"name\":\"China carbon fiber drone products, carbon fiber, aramid fiber products and customized manufacturers\",\"url\":\"https:\/\/sinocarbonfibre.com\/\",\"logo\":{\"@type\":\"ImageObject\",\"inLanguage\":\"de\",\"@id\":\"https:\/\/sinocarbonfibre.com\/#\/schema\/logo\/image\/\",\"url\":\"https:\/\/sinocarbonfibre.com\/wp-content\/uploads\/2025\/03\/logo.png\",\"contentUrl\":\"https:\/\/sinocarbonfibre.com\/wp-content\/uploads\/2025\/03\/logo.png\",\"width\":400,\"height\":80,\"caption\":\"China carbon fiber drone products, carbon fiber, aramid fiber products and customized manufacturers\"},\"image\":{\"@id\":\"https:\/\/sinocarbonfibre.com\/#\/schema\/logo\/image\/\"}}]}<\/script>\n<!-- \/ Yoast SEO plugin. -->","yoast_head_json":{"title":"Carbon fiber needle felt - China carbon fiber drone products, carbon fiber, aramid fiber products and customized manufacturers","robots":{"index":"index","follow":"follow","max-snippet":"max-snippet:-1","max-image-preview":"max-image-preview:large","max-video-preview":"max-video-preview:-1"},"canonical":"https:\/\/sinocarbonfibre.com\/de\/produkt\/carbon-fiber-needle-felt\/","og_locale":"de_DE","og_type":"article","og_title":"Carbon fiber needle felt - China carbon fiber drone products, carbon fiber, aramid fiber products and customized manufacturers","og_description":"Carbon fiber felt needle punching is to open, comb and lay short fibers into a fiber net, and then reinforce the fiber net into cloth through needles. The needles have hooks and thorns, which repeatedly puncture the fiber net. The hooks and fibers are reinforced to form needle-punched carbon fiber raw felt. The production of carbon fiber felt by needle punching is to reinforce and hold the fluffy fiber net through the puncture action of the needle punching machine to obtain strength.","og_url":"https:\/\/sinocarbonfibre.com\/de\/produkt\/carbon-fiber-needle-felt\/","og_site_name":"China carbon fiber drone products, carbon fiber, aramid fiber products and customized manufacturers","article_modified_time":"2025-07-24T00:51:42+00:00","og_image":[{"width":1000,"height":600,"url":"https:\/\/sinocarbonfibre.com\/wp-content\/uploads\/2025\/07\/Needle-Punched-Precast1.jpg","type":"image\/jpeg"}],"twitter_card":"summary_large_image","schema":{"@context":"https:\/\/schema.org","@graph":[{"@type":"WebPage","@id":"https:\/\/sinocarbonfibre.com\/product\/carbon-fiber-needle-felt\/","url":"https:\/\/sinocarbonfibre.com\/product\/carbon-fiber-needle-felt\/","name":"Carbon fiber needle felt - China carbon fiber drone products, carbon fiber, aramid fiber products and customized manufacturers","isPartOf":{"@id":"https:\/\/sinocarbonfibre.com\/#website"},"primaryImageOfPage":{"@id":"https:\/\/sinocarbonfibre.com\/product\/carbon-fiber-needle-felt\/#primaryimage"},"image":{"@id":"https:\/\/sinocarbonfibre.com\/product\/carbon-fiber-needle-felt\/#primaryimage"},"thumbnailUrl":"https:\/\/sinocarbonfibre.com\/wp-content\/uploads\/2025\/07\/Needle-Punched-Precast1.jpg","datePublished":"2025-07-17T04:59:38+00:00","dateModified":"2025-07-24T00:51:42+00:00","breadcrumb":{"@id":"https:\/\/sinocarbonfibre.com\/product\/carbon-fiber-needle-felt\/#breadcrumb"},"inLanguage":"de","potentialAction":[{"@type":"ReadAction","target":["https:\/\/sinocarbonfibre.com\/product\/carbon-fiber-needle-felt\/"]}]},{"@type":"ImageObject","inLanguage":"de","@id":"https:\/\/sinocarbonfibre.com\/product\/carbon-fiber-needle-felt\/#primaryimage","url":"https:\/\/sinocarbonfibre.com\/wp-content\/uploads\/2025\/07\/Needle-Punched-Precast1.jpg","contentUrl":"https:\/\/sinocarbonfibre.com\/wp-content\/uploads\/2025\/07\/Needle-Punched-Precast1.jpg","width":1000,"height":600},{"@type":"BreadcrumbList","@id":"https:\/\/sinocarbonfibre.com\/product\/carbon-fiber-needle-felt\/#breadcrumb","itemListElement":[{"@type":"ListItem","position":1,"name":"Home","item":"https:\/\/sinocarbonfibre.com\/"},{"@type":"ListItem","position":2,"name":"Products","item":"https:\/\/sinocarbonfibre.com\/shop\/"},{"@type":"ListItem","position":3,"name":"Carbon fiber needle felt"}]},{"@type":"WebSite","@id":"https:\/\/sinocarbonfibre.com\/#website","url":"https:\/\/sinocarbonfibre.com\/","name":"China carbon fiber drone products, carbon fiber, aramid fiber products and customized manufacturers","description":"","publisher":{"@id":"https:\/\/sinocarbonfibre.com\/#organization"},"potentialAction":[{"@type":"SearchAction","target":{"@type":"EntryPoint","urlTemplate":"https:\/\/sinocarbonfibre.com\/?s={search_term_string}"},"query-input":{"@type":"PropertyValueSpecification","valueRequired":true,"valueName":"search_term_string"}}],"inLanguage":"de"},{"@type":"Organization","@id":"https:\/\/sinocarbonfibre.com\/#organization","name":"China carbon fiber drone products, carbon fiber, aramid fiber products and customized manufacturers","url":"https:\/\/sinocarbonfibre.com\/","logo":{"@type":"ImageObject","inLanguage":"de","@id":"https:\/\/sinocarbonfibre.com\/#\/schema\/logo\/image\/","url":"https:\/\/sinocarbonfibre.com\/wp-content\/uploads\/2025\/03\/logo.png","contentUrl":"https:\/\/sinocarbonfibre.com\/wp-content\/uploads\/2025\/03\/logo.png","width":400,"height":80,"caption":"China carbon fiber drone products, carbon fiber, aramid fiber products and customized manufacturers"},"image":{"@id":"https:\/\/sinocarbonfibre.com\/#\/schema\/logo\/image\/"}}]}},"_links":{"self":[{"href":"https:\/\/sinocarbonfibre.com\/de\/wp-json\/wp\/v2\/product\/1396","targetHints":{"allow":["GET"]}}],"collection":[{"href":"https:\/\/sinocarbonfibre.com\/de\/wp-json\/wp\/v2\/product"}],"about":[{"href":"https:\/\/sinocarbonfibre.com\/de\/wp-json\/wp\/v2\/types\/product"}],"replies":[{"embeddable":true,"href":"https:\/\/sinocarbonfibre.com\/de\/wp-json\/wp\/v2\/comments?post=1396"}],"version-history":[{"count":7,"href":"https:\/\/sinocarbonfibre.com\/de\/wp-json\/wp\/v2\/product\/1396\/revisions"}],"predecessor-version":[{"id":1754,"href":"https:\/\/sinocarbonfibre.com\/de\/wp-json\/wp\/v2\/product\/1396\/revisions\/1754"}],"wp:featuredmedia":[{"embeddable":true,"href":"https:\/\/sinocarbonfibre.com\/de\/wp-json\/wp\/v2\/media\/1397"}],"wp:attachment":[{"href":"https:\/\/sinocarbonfibre.com\/de\/wp-json\/wp\/v2\/media?parent=1396"}],"wp:term":[{"taxonomy":"product_brand","embeddable":true,"href":"https:\/\/sinocarbonfibre.com\/de\/wp-json\/wp\/v2\/product_brand?post=1396"},{"taxonomy":"product_cat","embeddable":true,"href":"https:\/\/sinocarbonfibre.com\/de\/wp-json\/wp\/v2\/product_cat?post=1396"},{"taxonomy":"product_tag","embeddable":true,"href":"https:\/\/sinocarbonfibre.com\/de\/wp-json\/wp\/v2\/product_tag?post=1396"}],"curies":[{"name":"wp","href":"https:\/\/api.w.org\/{rel}","templated":true}]}}