{"id":1353,"date":"2025-07-17T03:22:06","date_gmt":"2025-07-17T03:22:06","guid":{"rendered":"https:\/\/sinocarbonfibre.com\/?post_type=product&#038;p=1353"},"modified":"2025-07-24T00:52:41","modified_gmt":"2025-07-24T00:52:41","slug":"thermoplastic-carbon-fiber","status":"publish","type":"product","link":"https:\/\/sinocarbonfibre.com\/de\/produkt\/thermoplastic-carbon-fiber\/","title":{"rendered":"Thermoplastische Kohlefaser"},"content":{"rendered":"<div data-elementor-type=\"product-post\" data-elementor-id=\"1353\" class=\"elementor elementor-1353\" data-elementor-post-type=\"product\">\n\t\t\t\t<div class=\"elementor-element elementor-element-f91d65b e-flex e-con-boxed e-con e-parent\" data-id=\"f91d65b\" data-element_type=\"container\">\n\t\t\t\t\t<div class=\"e-con-inner\">\n\t\t\t\t<div class=\"elementor-element elementor-element-cf64c8b elementor-widget elementor-widget-text-editor\" data-id=\"cf64c8b\" data-element_type=\"widget\" data-widget_type=\"text-editor.default\">\n\t\t\t\t<div class=\"elementor-widget-container\">\n\t\t\t\t\t\t\t\t\t<p>Thermoplastische Kohlenstofffaserverbundwerkstoffe sind Hochleistungsverbundwerkstoffe, die durch Erhitzen und Verschmelzen von Kohlenstofffaserverst\u00e4rkungen mit thermoplastischen Harzmatrizen (wie PEEK, PEKK, PPS, PA, PEI usw.) hergestellt werden. Im Vergleich zu herk\u00f6mmlichen duroplastischen Kohlenstofffasern weisen sie bessere Verarbeitungs- und Formeigenschaften, wiederholbare Erw\u00e4rmungs- und Verarbeitungsm\u00f6glichkeiten und eine h\u00f6here Schlagz\u00e4higkeit auf.<\/p><h1><strong>Grundlegende Zusammensetzung<\/strong><\/h1>\t\t\t\t\t\t\t\t<\/div>\n\t\t\t\t<\/div>\n\t\t\t\t<div class=\"elementor-element elementor-element-74cdeca elementor-widget elementor-widget-shortcode\" data-id=\"74cdeca\" data-element_type=\"widget\" data-widget_type=\"shortcode.default\">\n\t\t\t\t<div class=\"elementor-widget-container\">\n\t\t\t\t\t\t\t<div class=\"elementor-shortcode\">\n<table id=\"tablepress-24\" class=\"tablepress tablepress-id-24\">\n<tbody>\n<tr class=\"row-1\">\n\t<td class=\"column-1\">Inhaltsstoffe<\/td><td class=\"column-2\">Beschreibung<\/td>\n<\/tr>\n<tr class=\"row-2\">\n\t<td class=\"column-1\">Kohlefaser<\/td><td class=\"column-2\">Hohe Festigkeit, hoher Modul, als Verst\u00e4rkungsphase, verbessert die mechanischen Eigenschaften des Materials<\/td>\n<\/tr>\n<tr class=\"row-3\">\n\t<td class=\"column-1\">Thermoplastisches Harz<\/td><td class=\"column-2\">PEEK, PEKK, PPS, PA, PEI usw. als Matrix, relativ duroplastisches Harz kann wiederholt erhitzt und geformt werden.<\/td>\n<\/tr>\n<\/tbody>\n<\/table>\n<!-- #tablepress-24 from cache --><\/div>\n\t\t\t\t\t\t<\/div>\n\t\t\t\t<\/div>\n\t\t\t\t<div class=\"elementor-element elementor-element-6f75875 elementor-widget elementor-widget-text-editor\" data-id=\"6f75875\" data-element_type=\"widget\" data-widget_type=\"text-editor.default\">\n\t\t\t\t<div class=\"elementor-widget-container\">\n\t\t\t\t\t\t\t\t\t<h1><strong>Hauptmerkmale<\/strong><\/h1><p>\u2705 1. Wiederholbare Erw\u00e4rmung und Formung<\/p><p>Thermoplastische Materialien erweichen nach dem Erhitzen und k\u00f6nnen wiederholt verarbeitet und hei\u00dfgepresst werden;<\/p><p>Der Verarbeitungszyklus ist kurz und eignet sich f\u00fcr die automatisierte kontinuierliche Produktion (z. B. Hei\u00dfpressen, Laserschwei\u00dfen, automatisches Schichten).<\/p><p>\u2705 2. Hohe Z\u00e4higkeit und Schlagz\u00e4higkeit<\/p><p>Es hat eine bessere Schlagz\u00e4higkeit als duroplastische Kohlenstofffaser-Verbundwerkstoffe;<\/p><p>Es eignet sich besonders f\u00fcr Anwendungen mit hohen Anforderungen an die Crashfestigkeit, wie z. B. in Automobilen, in der Luftfahrt und bei Sportger\u00e4ten.<\/p><p>\u2705 3. Chemische Korrosionsbest\u00e4ndigkeit und hohe Temperaturbest\u00e4ndigkeit<\/p><p>PEEK- und PEKK-Matrixmaterialien k\u00f6nnen beispielsweise hohen Temperaturen von 200 bis 300 \u00b0C standhalten;<\/p><p>Es ist hochgradig s\u00e4ure-, laugen-, \u00f6l- und l\u00f6sungsmittelbest\u00e4ndig und eignet sich f\u00fcr extreme Umgebungen.<\/p><p>\u2705 4. Wiederverwertbar<\/p><p>Die thermoplastische Matrix kann bei hohen Temperaturen wieder aufgeschmolzen werden, was dem Umweltschutz und dem Ressourcenrecycling zugute kommt;<\/p><p>Es ist von gro\u00dfer Bedeutung f\u00fcr die nachhaltige Herstellung und den Trend zu \"gr\u00fcnen Verbundwerkstoffen\".<\/p><h1><strong>G\u00e4ngige thermoplastische Harzmatrixmaterialien<\/strong><\/h1>\t\t\t\t\t\t\t\t<\/div>\n\t\t\t\t<\/div>\n\t\t\t\t<div class=\"elementor-element elementor-element-3beb56e elementor-widget elementor-widget-shortcode\" data-id=\"3beb56e\" data-element_type=\"widget\" data-widget_type=\"shortcode.default\">\n\t\t\t\t<div class=\"elementor-widget-container\">\n\t\t\t\t\t\t\t<div class=\"elementor-shortcode\">\n<table id=\"tablepress-25\" class=\"tablepress tablepress-id-25\">\n<tbody>\n<tr class=\"row-1\">\n\t<td class=\"column-1\">Art des Harzes<\/td><td class=\"column-2\">Ausf\u00fchrlicher Name<\/td><td class=\"column-3\">Schmelzpunktbereich<\/td><td class=\"column-4\">Eigenschaften<\/td>\n<\/tr>\n<tr class=\"row-2\">\n\t<td class=\"column-1\">PEEK<\/td><td class=\"column-2\">Polyetheretherketon<\/td><td class=\"column-3\">340\u2103<\/td><td class=\"column-4\">Hohe Festigkeit, chemische Best\u00e4ndigkeit, hohe Temperaturbest\u00e4ndigkeit<\/td>\n<\/tr>\n<tr class=\"row-3\">\n\t<td class=\"column-1\">PEKK<\/td><td class=\"column-2\">Polyetherketonketon<\/td><td class=\"column-3\">300~360\u2103<\/td><td class=\"column-4\">Bessere Dimensionsstabilit\u00e4t als PEEK<\/td>\n<\/tr>\n<tr class=\"row-4\">\n\t<td class=\"column-1\">PPS<\/td><td class=\"column-2\">Polyphenylensulfid<\/td><td class=\"column-3\">280\u2103<\/td><td class=\"column-4\">Ausgezeichnete chemische Stabilit\u00e4t und elektrische Eigenschaften<\/td>\n<\/tr>\n<tr class=\"row-5\">\n\t<td class=\"column-1\">PA<\/td><td class=\"column-2\">Polyamid (Nylon)<\/td><td class=\"column-3\">210\u2103<\/td><td class=\"column-4\">Geringe Kosten, schnelle Formgebung, gute Z\u00e4higkeit<\/td>\n<\/tr>\n<tr class=\"row-6\">\n\t<td class=\"column-1\">PEI<\/td><td class=\"column-2\">Polyetherimid<\/td><td class=\"column-3\">215\u2103<\/td><td class=\"column-4\">Ausgezeichnete Dimensionsstabilit\u00e4t, Hitzebest\u00e4ndigkeit<\/td>\n<\/tr>\n<\/tbody>\n<\/table>\n<!-- #tablepress-25 from cache --><\/div>\n\t\t\t\t\t\t<\/div>\n\t\t\t\t<\/div>\n\t\t\t\t<div class=\"elementor-element elementor-element-f3e66e2 elementor-widget elementor-widget-text-editor\" data-id=\"f3e66e2\" data-element_type=\"widget\" data-widget_type=\"text-editor.default\">\n\t\t\t\t<div class=\"elementor-widget-container\">\n\t\t\t\t\t\t\t\t\t<h1><strong>Typische Produktform<\/strong><\/h1><ul><li>Thermoplastisches Prepreg (TP-Prepreg)<\/li><li>Thermoplastisches Band (Thermoplastisches Band)<\/li><li>Thermoplastisches Gewebe\/Vliesstoff<\/li><li>Automatischer Lagenaufbau (ATP-Werg, UD-Band)<\/li><li>Formteile (durch Erhitzen geformt)<\/li><\/ul><h1><strong>Anwendungsbereiche<\/strong><\/h1>\t\t\t\t\t\t\t\t<\/div>\n\t\t\t\t<\/div>\n\t\t\t\t<div class=\"elementor-element elementor-element-374c584 elementor-widget elementor-widget-shortcode\" data-id=\"374c584\" data-element_type=\"widget\" data-widget_type=\"shortcode.default\">\n\t\t\t\t<div class=\"elementor-widget-container\">\n\t\t\t\t\t\t\t<div class=\"elementor-shortcode\">\n<table id=\"tablepress-26\" class=\"tablepress tablepress-id-26\">\n<tbody>\n<tr class=\"row-1\">\n\t<td class=\"column-1\">Industrie<\/td><td class=\"column-2\">Anwendungsbeispiele<\/td>\n<\/tr>\n<tr class=\"row-2\">\n\t<td class=\"column-1\">Luft- und Raumfahrt<\/td><td class=\"column-2\">Flugzeugstrukturteile, Sitzhalterungen, Avionikgeh\u00e4use, UAV-Rumpfteile<\/td>\n<\/tr>\n<tr class=\"row-3\">\n\t<td class=\"column-1\">Automobilbranche<\/td><td class=\"column-2\">Crash-Strukturteile, Sitzrahmen, Batteriegeh\u00e4use, T\u00fcrtr\u00e4ger, Instrumententafeltr\u00e4ger<\/td>\n<\/tr>\n<tr class=\"row-4\">\n\t<td class=\"column-1\">Eisenbahnverkehr<\/td><td class=\"column-2\">Leichte Innenverkleidungen, Ger\u00e4tek\u00e4sten, Kabelkan\u00e4le<\/td>\n<\/tr>\n<tr class=\"row-5\">\n\t<td class=\"column-1\">Sportger\u00e4te<\/td><td class=\"column-2\">Fahrradtr\u00e4ger, Tennisschl\u00e4ger, Skier, Golfschl\u00e4gersch\u00e4fte, Trekkingst\u00f6cke<\/td>\n<\/tr>\n<tr class=\"row-6\">\n\t<td class=\"column-1\">Elektronische Ausr\u00fcstung<\/td><td class=\"column-2\">Laptop-Geh\u00e4use, Handy-Halterungen, Rahmen zur W\u00e4rmeableitung<\/td>\n<\/tr>\n<\/tbody>\n<\/table>\n<!-- #tablepress-26 from cache --><\/div>\n\t\t\t\t\t\t<\/div>\n\t\t\t\t<\/div>\n\t\t\t\t<div class=\"elementor-element elementor-element-f79c86d elementor-widget elementor-widget-text-editor\" data-id=\"f79c86d\" data-element_type=\"widget\" data-widget_type=\"text-editor.default\">\n\t\t\t\t<div class=\"elementor-widget-container\">\n\t\t\t\t\t\t\t\t\t<h1><strong>Thermoplastische vs. duroplastische Kohlenstofffasern im Vergleich<\/strong><\/h1>\t\t\t\t\t\t\t\t<\/div>\n\t\t\t\t<\/div>\n\t\t\t\t<div class=\"elementor-element elementor-element-cb6a494 elementor-widget elementor-widget-shortcode\" data-id=\"cb6a494\" data-element_type=\"widget\" data-widget_type=\"shortcode.default\">\n\t\t\t\t<div class=\"elementor-widget-container\">\n\t\t\t\t\t\t\t<div class=\"elementor-shortcode\">\n<table id=\"tablepress-27\" class=\"tablepress tablepress-id-27\">\n<tbody>\n<tr class=\"row-1\">\n\t<td class=\"column-1\">Eigenschaften<\/td><td class=\"column-2\">Thermoplastische Kohlefaser<\/td><td class=\"column-3\">Duroplastische Kohlenstofffaser<\/td>\n<\/tr>\n<tr class=\"row-2\">\n\t<td class=\"column-1\">Formgebungszyklus<\/td><td class=\"column-2\">Schnell (ein paar Minuten)<\/td><td class=\"column-3\">Langsam (dauert in der Regel mehrere Stunden)<\/td>\n<\/tr>\n<tr class=\"row-3\">\n\t<td class=\"column-1\">Wiederverwertbarkeit<\/td><td class=\"column-2\">Kann geschmolzen und wiederaufbereitet werden<\/td><td class=\"column-3\">Nicht recycelbar<\/td>\n<\/tr>\n<tr class=\"row-4\">\n\t<td class=\"column-1\">Sto\u00dffestigkeit<\/td><td class=\"column-2\">Hoch<\/td><td class=\"column-3\">Mittel<\/td>\n<\/tr>\n<tr class=\"row-5\">\n\t<td class=\"column-1\">Thermische Stabilit\u00e4t<\/td><td class=\"column-2\">Hoch<\/td><td class=\"column-3\">Hoch<\/td>\n<\/tr>\n<tr class=\"row-6\">\n\t<td class=\"column-1\">Komplexit\u00e4t der Prozesse<\/td><td class=\"column-2\">Besser geeignet f\u00fcr automatisiertes Gie\u00dfen<\/td><td class=\"column-3\">Besser geeignet f\u00fcr komplexe Teile wie Handlaminat und RTM<\/td>\n<\/tr>\n<tr class=\"row-7\">\n\t<td class=\"column-1\">Anwendungstrends<\/td><td class=\"column-2\">Aufstrebendes Wachstum<\/td><td class=\"column-3\">Ausgereifte Anwendung<\/td>\n<\/tr>\n<\/tbody>\n<\/table>\n<!-- #tablepress-27 from cache --><\/div>\n\t\t\t\t\t\t<\/div>\n\t\t\t\t<\/div>\n\t\t\t\t<div class=\"elementor-element elementor-element-a6b25af elementor-widget elementor-widget-text-editor\" data-id=\"a6b25af\" data-element_type=\"widget\" data-widget_type=\"text-editor.default\">\n\t\t\t\t<div class=\"elementor-widget-container\">\n\t\t\t\t\t\t\t\t\t<h1><strong>Entwicklungstendenz<\/strong><\/h1><p>Geeignet f\u00fcr die Massenproduktion: Branchen mit hohen Kosten- und Zyklusanforderungen, wie z. B. die Automobil- und Drohnenindustrie, wenden sich zunehmend Thermoplasten zu;<\/p><p>Umweltfreundliche Herstellung und Recycling: F\u00f6rderung recycelbarer thermoplastischer Verbundwerkstoffe, um nicht recycelbare duroplastische Verbundwerkstoffe schrittweise zu ersetzen;<\/p><p>Kombiniert mit Automatisierung: Thermoplastische Werkstoffe eignen sich besser f\u00fcr intelligente Fertigungstechnologien wie automatisches Verlegen durch Roboter und Laserschwei\u00dfen.<\/p>\t\t\t\t\t\t\t\t<\/div>\n\t\t\t\t<\/div>\n\t\t\t\t\t<\/div>\n\t\t\t\t<\/div>\n\t\t\t\t<\/div>","protected":false},"excerpt":{"rendered":"<p>Thermoplastische Kohlenstofffaserverbundwerkstoffe sind Hochleistungsverbundwerkstoffe, die durch Erhitzen und Verschmelzen von Kohlenstofffaserverst\u00e4rkungen mit thermoplastischen Harzmatrizen (wie PEEK, PEKK, PPS, PA, PEI usw.) hergestellt werden. Im Vergleich zu herk\u00f6mmlichen duroplastischen Kohlenstofffasern weisen sie bessere Verarbeitungs- und Formeigenschaften, wiederholbare Erw\u00e4rmungs- und Verarbeitungsm\u00f6glichkeiten und eine h\u00f6here Schlagz\u00e4higkeit auf.<\/p>","protected":false},"featured_media":1354,"comment_status":"open","ping_status":"closed","template":"","meta":{"_acf_changed":false,"site-sidebar-layout":"no-sidebar","site-content-layout":"","ast-site-content-layout":"full-width-container","site-content-style":"default","site-sidebar-style":"default","ast-global-header-display":"","ast-banner-title-visibility":"","ast-main-header-display":"","ast-hfb-above-header-display":"","ast-hfb-below-header-display":"","ast-hfb-mobile-header-display":"","site-post-title":"disabled","ast-breadcrumbs-content":"","ast-featured-img":"disabled","footer-sml-layout":"","theme-transparent-header-meta":"default","adv-header-id-meta":"","stick-header-meta":"","header-above-stick-meta":"","header-main-stick-meta":"","header-below-stick-meta":"","astra-migrate-meta-layouts":"set","ast-page-background-enabled":"default","ast-page-background-meta":{"desktop":{"background-color":"var(--ast-global-color-5)","background-image":"","background-repeat":"repeat","background-position":"center center","background-size":"auto","background-attachment":"scroll","background-type":"","background-media":"","overlay-type":"","overlay-color":"","overlay-opacity":"","overlay-gradient":""},"tablet":{"background-color":"","background-image":"","background-repeat":"repeat","background-position":"center center","background-size":"auto","background-attachment":"scroll","background-type":"","background-media":"","overlay-type":"","overlay-color":"","overlay-opacity":"","overlay-gradient":""},"mobile":{"background-color":"","background-image":"","background-repeat":"repeat","background-position":"center center","background-size":"auto","background-attachment":"scroll","background-type":"","background-media":"","overlay-type":"","overlay-color":"","overlay-opacity":"","overlay-gradient":""}},"ast-content-background-meta":{"desktop":{"background-color":"var(--ast-global-color-4)","background-image":"","background-repeat":"repeat","background-position":"center center","background-size":"auto","background-attachment":"scroll","background-type":"","background-media":"","overlay-type":"","overlay-color":"","overlay-opacity":"","overlay-gradient":""},"tablet":{"background-color":"var(--ast-global-color-4)","background-image":"","background-repeat":"repeat","background-position":"center center","background-size":"auto","background-attachment":"scroll","background-type":"","background-media":"","overlay-type":"","overlay-color":"","overlay-opacity":"","overlay-gradient":""},"mobile":{"background-color":"var(--ast-global-color-4)","background-image":"","background-repeat":"repeat","background-position":"center center","background-size":"auto","background-attachment":"scroll","background-type":"","background-media":"","overlay-type":"","overlay-color":"","overlay-opacity":"","overlay-gradient":""}}},"product_brand":[],"product_cat":[67],"product_tag":[],"class_list":{"0":"post-1353","1":"product","2":"type-product","3":"status-publish","4":"has-post-thumbnail","6":"product_cat-thermoplastic-carbon-fiber","7":"desktop-align-left","8":"tablet-align-left","9":"mobile-align-left","11":"first","12":"instock","13":"shipping-taxable","14":"product-type-simple"},"acf":[],"yoast_head":"<!-- This site is optimized with the Yoast SEO plugin v25.5 - https:\/\/yoast.com\/wordpress\/plugins\/seo\/ -->\n<title>Thermoplastic Carbon Fiber - China carbon fiber drone products, carbon fiber, aramid fiber products and customized manufacturers<\/title>\n<meta name=\"robots\" content=\"index, follow, max-snippet:-1, max-image-preview:large, max-video-preview:-1\" \/>\n<link rel=\"canonical\" href=\"https:\/\/sinocarbonfibre.com\/de\/produkt\/thermoplastic-carbon-fiber\/\" \/>\n<meta property=\"og:locale\" content=\"de_DE\" \/>\n<meta property=\"og:type\" content=\"article\" \/>\n<meta property=\"og:title\" content=\"Thermoplastic Carbon Fiber - China carbon fiber drone products, carbon fiber, aramid fiber products and customized manufacturers\" \/>\n<meta property=\"og:description\" content=\"Thermoplastic carbon fiber composites are high-performance composite materials made by heating and fusing carbon fiber reinforcements with thermoplastic resin matrices (such as PEEK, PEKK, PPS, PA, PEI, etc.). Compared with traditional thermosetting carbon fibers, they have better processing and molding properties, repeatable heating and processing capabilities, and higher impact toughness.\" \/>\n<meta property=\"og:url\" content=\"https:\/\/sinocarbonfibre.com\/de\/produkt\/thermoplastic-carbon-fiber\/\" \/>\n<meta property=\"og:site_name\" content=\"China carbon fiber drone products, carbon fiber, aramid fiber products and customized manufacturers\" \/>\n<meta property=\"article:modified_time\" content=\"2025-07-24T00:52:41+00:00\" \/>\n<meta property=\"og:image\" content=\"https:\/\/sinocarbonfibre.com\/wp-content\/uploads\/2025\/07\/Thermoplastic-Carbon-Fiber-1.jpg\" \/>\n\t<meta property=\"og:image:width\" content=\"1000\" \/>\n\t<meta property=\"og:image:height\" content=\"600\" \/>\n\t<meta property=\"og:image:type\" content=\"image\/jpeg\" \/>\n<meta name=\"twitter:card\" content=\"summary_large_image\" \/>\n<script type=\"application\/ld+json\" class=\"yoast-schema-graph\">{\"@context\":\"https:\/\/schema.org\",\"@graph\":[{\"@type\":\"WebPage\",\"@id\":\"https:\/\/sinocarbonfibre.com\/product\/thermoplastic-carbon-fiber\/\",\"url\":\"https:\/\/sinocarbonfibre.com\/product\/thermoplastic-carbon-fiber\/\",\"name\":\"Thermoplastic Carbon Fiber - China carbon fiber drone products, carbon fiber, aramid fiber products and customized manufacturers\",\"isPartOf\":{\"@id\":\"https:\/\/sinocarbonfibre.com\/#website\"},\"primaryImageOfPage\":{\"@id\":\"https:\/\/sinocarbonfibre.com\/product\/thermoplastic-carbon-fiber\/#primaryimage\"},\"image\":{\"@id\":\"https:\/\/sinocarbonfibre.com\/product\/thermoplastic-carbon-fiber\/#primaryimage\"},\"thumbnailUrl\":\"https:\/\/sinocarbonfibre.com\/wp-content\/uploads\/2025\/07\/Thermoplastic-Carbon-Fiber-1.jpg\",\"datePublished\":\"2025-07-17T03:22:06+00:00\",\"dateModified\":\"2025-07-24T00:52:41+00:00\",\"breadcrumb\":{\"@id\":\"https:\/\/sinocarbonfibre.com\/product\/thermoplastic-carbon-fiber\/#breadcrumb\"},\"inLanguage\":\"de\",\"potentialAction\":[{\"@type\":\"ReadAction\",\"target\":[\"https:\/\/sinocarbonfibre.com\/product\/thermoplastic-carbon-fiber\/\"]}]},{\"@type\":\"ImageObject\",\"inLanguage\":\"de\",\"@id\":\"https:\/\/sinocarbonfibre.com\/product\/thermoplastic-carbon-fiber\/#primaryimage\",\"url\":\"https:\/\/sinocarbonfibre.com\/wp-content\/uploads\/2025\/07\/Thermoplastic-Carbon-Fiber-1.jpg\",\"contentUrl\":\"https:\/\/sinocarbonfibre.com\/wp-content\/uploads\/2025\/07\/Thermoplastic-Carbon-Fiber-1.jpg\",\"width\":1000,\"height\":600},{\"@type\":\"BreadcrumbList\",\"@id\":\"https:\/\/sinocarbonfibre.com\/product\/thermoplastic-carbon-fiber\/#breadcrumb\",\"itemListElement\":[{\"@type\":\"ListItem\",\"position\":1,\"name\":\"Home\",\"item\":\"https:\/\/sinocarbonfibre.com\/\"},{\"@type\":\"ListItem\",\"position\":2,\"name\":\"Products\",\"item\":\"https:\/\/sinocarbonfibre.com\/shop\/\"},{\"@type\":\"ListItem\",\"position\":3,\"name\":\"Thermoplastic Carbon Fiber\"}]},{\"@type\":\"WebSite\",\"@id\":\"https:\/\/sinocarbonfibre.com\/#website\",\"url\":\"https:\/\/sinocarbonfibre.com\/\",\"name\":\"China carbon fiber drone products, carbon fiber, aramid fiber products and customized manufacturers\",\"description\":\"\",\"publisher\":{\"@id\":\"https:\/\/sinocarbonfibre.com\/#organization\"},\"potentialAction\":[{\"@type\":\"SearchAction\",\"target\":{\"@type\":\"EntryPoint\",\"urlTemplate\":\"https:\/\/sinocarbonfibre.com\/?s={search_term_string}\"},\"query-input\":{\"@type\":\"PropertyValueSpecification\",\"valueRequired\":true,\"valueName\":\"search_term_string\"}}],\"inLanguage\":\"de\"},{\"@type\":\"Organization\",\"@id\":\"https:\/\/sinocarbonfibre.com\/#organization\",\"name\":\"China carbon fiber drone products, carbon fiber, aramid fiber products and customized manufacturers\",\"url\":\"https:\/\/sinocarbonfibre.com\/\",\"logo\":{\"@type\":\"ImageObject\",\"inLanguage\":\"de\",\"@id\":\"https:\/\/sinocarbonfibre.com\/#\/schema\/logo\/image\/\",\"url\":\"https:\/\/sinocarbonfibre.com\/wp-content\/uploads\/2025\/03\/logo.png\",\"contentUrl\":\"https:\/\/sinocarbonfibre.com\/wp-content\/uploads\/2025\/03\/logo.png\",\"width\":400,\"height\":80,\"caption\":\"China carbon fiber drone products, carbon fiber, aramid fiber products and customized manufacturers\"},\"image\":{\"@id\":\"https:\/\/sinocarbonfibre.com\/#\/schema\/logo\/image\/\"}}]}<\/script>\n<!-- \/ Yoast SEO plugin. -->","yoast_head_json":{"title":"Thermoplastic Carbon Fiber - China carbon fiber drone products, carbon fiber, aramid fiber products and customized manufacturers","robots":{"index":"index","follow":"follow","max-snippet":"max-snippet:-1","max-image-preview":"max-image-preview:large","max-video-preview":"max-video-preview:-1"},"canonical":"https:\/\/sinocarbonfibre.com\/de\/produkt\/thermoplastic-carbon-fiber\/","og_locale":"de_DE","og_type":"article","og_title":"Thermoplastic Carbon Fiber - China carbon fiber drone products, carbon fiber, aramid fiber products and customized manufacturers","og_description":"Thermoplastic carbon fiber composites are high-performance composite materials made by heating and fusing carbon fiber reinforcements with thermoplastic resin matrices (such as PEEK, PEKK, PPS, PA, PEI, etc.). Compared with traditional thermosetting carbon fibers, they have better processing and molding properties, repeatable heating and processing capabilities, and higher impact toughness.","og_url":"https:\/\/sinocarbonfibre.com\/de\/produkt\/thermoplastic-carbon-fiber\/","og_site_name":"China carbon fiber drone products, carbon fiber, aramid fiber products and customized manufacturers","article_modified_time":"2025-07-24T00:52:41+00:00","og_image":[{"width":1000,"height":600,"url":"https:\/\/sinocarbonfibre.com\/wp-content\/uploads\/2025\/07\/Thermoplastic-Carbon-Fiber-1.jpg","type":"image\/jpeg"}],"twitter_card":"summary_large_image","schema":{"@context":"https:\/\/schema.org","@graph":[{"@type":"WebPage","@id":"https:\/\/sinocarbonfibre.com\/product\/thermoplastic-carbon-fiber\/","url":"https:\/\/sinocarbonfibre.com\/product\/thermoplastic-carbon-fiber\/","name":"Thermoplastic Carbon Fiber - China carbon fiber drone products, carbon fiber, aramid fiber products and customized manufacturers","isPartOf":{"@id":"https:\/\/sinocarbonfibre.com\/#website"},"primaryImageOfPage":{"@id":"https:\/\/sinocarbonfibre.com\/product\/thermoplastic-carbon-fiber\/#primaryimage"},"image":{"@id":"https:\/\/sinocarbonfibre.com\/product\/thermoplastic-carbon-fiber\/#primaryimage"},"thumbnailUrl":"https:\/\/sinocarbonfibre.com\/wp-content\/uploads\/2025\/07\/Thermoplastic-Carbon-Fiber-1.jpg","datePublished":"2025-07-17T03:22:06+00:00","dateModified":"2025-07-24T00:52:41+00:00","breadcrumb":{"@id":"https:\/\/sinocarbonfibre.com\/product\/thermoplastic-carbon-fiber\/#breadcrumb"},"inLanguage":"de","potentialAction":[{"@type":"ReadAction","target":["https:\/\/sinocarbonfibre.com\/product\/thermoplastic-carbon-fiber\/"]}]},{"@type":"ImageObject","inLanguage":"de","@id":"https:\/\/sinocarbonfibre.com\/product\/thermoplastic-carbon-fiber\/#primaryimage","url":"https:\/\/sinocarbonfibre.com\/wp-content\/uploads\/2025\/07\/Thermoplastic-Carbon-Fiber-1.jpg","contentUrl":"https:\/\/sinocarbonfibre.com\/wp-content\/uploads\/2025\/07\/Thermoplastic-Carbon-Fiber-1.jpg","width":1000,"height":600},{"@type":"BreadcrumbList","@id":"https:\/\/sinocarbonfibre.com\/product\/thermoplastic-carbon-fiber\/#breadcrumb","itemListElement":[{"@type":"ListItem","position":1,"name":"Home","item":"https:\/\/sinocarbonfibre.com\/"},{"@type":"ListItem","position":2,"name":"Products","item":"https:\/\/sinocarbonfibre.com\/shop\/"},{"@type":"ListItem","position":3,"name":"Thermoplastic Carbon Fiber"}]},{"@type":"WebSite","@id":"https:\/\/sinocarbonfibre.com\/#website","url":"https:\/\/sinocarbonfibre.com\/","name":"China carbon fiber drone products, carbon fiber, aramid fiber products and customized manufacturers","description":"","publisher":{"@id":"https:\/\/sinocarbonfibre.com\/#organization"},"potentialAction":[{"@type":"SearchAction","target":{"@type":"EntryPoint","urlTemplate":"https:\/\/sinocarbonfibre.com\/?s={search_term_string}"},"query-input":{"@type":"PropertyValueSpecification","valueRequired":true,"valueName":"search_term_string"}}],"inLanguage":"de"},{"@type":"Organization","@id":"https:\/\/sinocarbonfibre.com\/#organization","name":"China carbon fiber drone products, carbon fiber, aramid fiber products and customized manufacturers","url":"https:\/\/sinocarbonfibre.com\/","logo":{"@type":"ImageObject","inLanguage":"de","@id":"https:\/\/sinocarbonfibre.com\/#\/schema\/logo\/image\/","url":"https:\/\/sinocarbonfibre.com\/wp-content\/uploads\/2025\/03\/logo.png","contentUrl":"https:\/\/sinocarbonfibre.com\/wp-content\/uploads\/2025\/03\/logo.png","width":400,"height":80,"caption":"China carbon fiber drone products, carbon fiber, aramid fiber products and customized manufacturers"},"image":{"@id":"https:\/\/sinocarbonfibre.com\/#\/schema\/logo\/image\/"}}]}},"_links":{"self":[{"href":"https:\/\/sinocarbonfibre.com\/de\/wp-json\/wp\/v2\/product\/1353","targetHints":{"allow":["GET"]}}],"collection":[{"href":"https:\/\/sinocarbonfibre.com\/de\/wp-json\/wp\/v2\/product"}],"about":[{"href":"https:\/\/sinocarbonfibre.com\/de\/wp-json\/wp\/v2\/types\/product"}],"replies":[{"embeddable":true,"href":"https:\/\/sinocarbonfibre.com\/de\/wp-json\/wp\/v2\/comments?post=1353"}],"version-history":[{"count":34,"href":"https:\/\/sinocarbonfibre.com\/de\/wp-json\/wp\/v2\/product\/1353\/revisions"}],"predecessor-version":[{"id":1760,"href":"https:\/\/sinocarbonfibre.com\/de\/wp-json\/wp\/v2\/product\/1353\/revisions\/1760"}],"wp:featuredmedia":[{"embeddable":true,"href":"https:\/\/sinocarbonfibre.com\/de\/wp-json\/wp\/v2\/media\/1354"}],"wp:attachment":[{"href":"https:\/\/sinocarbonfibre.com\/de\/wp-json\/wp\/v2\/media?parent=1353"}],"wp:term":[{"taxonomy":"product_brand","embeddable":true,"href":"https:\/\/sinocarbonfibre.com\/de\/wp-json\/wp\/v2\/product_brand?post=1353"},{"taxonomy":"product_cat","embeddable":true,"href":"https:\/\/sinocarbonfibre.com\/de\/wp-json\/wp\/v2\/product_cat?post=1353"},{"taxonomy":"product_tag","embeddable":true,"href":"https:\/\/sinocarbonfibre.com\/de\/wp-json\/wp\/v2\/product_tag?post=1353"}],"curies":[{"name":"wp","href":"https:\/\/api.w.org\/{rel}","templated":true}]}}