{"id":1296,"date":"2025-07-17T02:22:18","date_gmt":"2025-07-17T02:22:18","guid":{"rendered":"https:\/\/sinocarbonfibre.com\/?post_type=product&#038;p=1296"},"modified":"2025-07-24T01:05:40","modified_gmt":"2025-07-24T01:05:40","slug":"carbon-fiber-plate","status":"publish","type":"product","link":"https:\/\/sinocarbonfibre.com\/de\/produkt\/carbon-fiber-plate\/","title":{"rendered":"Kohlefaserplatte"},"content":{"rendered":"<div data-elementor-type=\"product-post\" data-elementor-id=\"1296\" class=\"elementor elementor-1296\" data-elementor-post-type=\"product\">\n\t\t\t\t<div class=\"elementor-element elementor-element-2a4e50e e-flex e-con-boxed e-con e-parent\" data-id=\"2a4e50e\" data-element_type=\"container\">\n\t\t\t\t\t<div class=\"e-con-inner\">\n\t\t\t\t<div class=\"elementor-element elementor-element-42c080a elementor-widget elementor-widget-text-editor\" data-id=\"42c080a\" data-element_type=\"widget\" data-widget_type=\"text-editor.default\">\n\t\t\t\t<div class=\"elementor-widget-container\">\n\t\t\t\t\t\t\t\t\t<p>FS kohlenstofffaserverst\u00e4rkte unidirektionale Bleche werden mit Harz impr\u00e4gniert, in der Form verfestigt und kontinuierlich pultrudiert.<\/p><p>Das Produkt hat die Leistungspr\u00fcfung und die Sicherheitsbewertung des \"National Building Materials Testing Center\" bestanden;<\/p><h1><strong>Produktvorteile<\/strong><\/h1><p>Leistungsstarke Kohlefaser, gute Kontinuit\u00e4t, keine gebrochenen Dr\u00e4hte, keine haarigen Dr\u00e4hte;<\/p><p>Anwendbar auf einer Vielzahl von strukturellen Substraten;<\/p><p>Hohe Festigkeit, konstante Spannung, gleichm\u00e4\u00dfig und flach, m\u00e4\u00dfige Weichheit, gute Eignung f\u00fcr das Eintauchen in \u00d6l;<\/p><p>Best\u00e4ndig gegen raue Umgebungsbedingungen wie S\u00e4ure, Alkali, Salz und chemische Korrosion;<\/p><p>Gute Flexibilit\u00e4t, flexibler Einsatz in verschiedenen komplexen Bauteilen, praktische Konstruktion;<\/p><p>Hohe Temperaturbest\u00e4ndigkeit, Kriechfestigkeit und gute seismische Best\u00e4ndigkeit.<\/p><h1><strong>Produktmerkmale<\/strong><\/h1><p>01-Hohe Festigkeit, geringe Dichte, geringe Dicke, hoher Elastizit\u00e4tsmodul, erh\u00f6ht im Grunde nicht das Eigengewicht und die Querschnittsgr\u00f6\u00dfe der verst\u00e4rkten Komponenten;<\/p><p>02-Eignet sich f\u00fcr den Einsatz in Umgebungen mit hohem S\u00e4ure-, Alkali-, Salz- und Witterungseinfluss;<\/p><p>03 - Bequemer Aufbau, kein Bedarf an gro\u00dfen Maschinen und Ger\u00e4ten, keine Notwendigkeit f\u00fcr feste Einrichtungen vor Ort<\/p><h1><strong>Grundlegende Parameter<\/strong><\/h1><p><strong>Spezifikationen:<\/strong> 1. Dicke 1,2-5,0 mm<\/p><p><strong>Stufe der St\u00e4rke:<\/strong> Hochfestigkeitsgrad I, Hochfestigkeitsgrad II<\/p><p><strong>Rohmaterialien:<\/strong> hochfeste Kohlefaser, Epoxidharz<\/p><p><strong>L\u00e4nge:<\/strong> 100 Meter<\/p><p><strong>Volumengehalt der Fasern:<\/strong> \u226565%\/\u226555%<\/p><p><strong>Breite:<\/strong> 20-300mm, zu einem Ring gerollt und mit einem G\u00fcrtel zusammengebunden<\/p>\t\t\t\t\t\t\t\t<\/div>\n\t\t\t\t<\/div>\n\t\t\t\t<div class=\"elementor-element elementor-element-db28698 elementor-widget elementor-widget-shortcode\" data-id=\"db28698\" data-element_type=\"widget\" data-widget_type=\"shortcode.default\">\n\t\t\t\t<div class=\"elementor-widget-container\">\n\t\t\t\t\t\t\t<div class=\"elementor-shortcode\">\n<table id=\"tablepress-21\" class=\"tablepress tablepress-id-21 tbody-has-connected-cells\">\n<tbody>\n<tr class=\"row-1\">\n\t<td class=\"column-1\">Name<\/td><td class=\"column-2\">Gr\u00f6\u00dfe\uff08mm\uff09<\/td><td class=\"column-3\">Dicke\uff08mm\uff09<\/td><td class=\"column-4\">Weben<\/td><td class=\"column-5\">Oberfl\u00e4che<\/td><td class=\"column-6\">Typ<\/td>\n<\/tr>\n<tr class=\"row-2\">\n\t<td rowspan=\"6\" class=\"column-1\">Kohlefaser-Platte<\/td><td class=\"column-2\">400*500<\/td><td rowspan=\"6\" class=\"column-3\">0.5-10<\/td><td rowspan=\"6\" class=\"column-4\">Einfarbig\/Twill\/Unidirektional<\/td><td rowspan=\"6\" class=\"column-5\">Gl\u00e4nzend\/Matt<\/td><td rowspan=\"6\" class=\"column-6\">100% Carbon\/50% Carbon\/100% Unidirektional<\/td>\n<\/tr>\n<tr class=\"row-3\">\n\t<td class=\"column-2\">500*600<\/td>\n<\/tr>\n<tr class=\"row-4\">\n\t<td class=\"column-2\">500*1000<\/td>\n<\/tr>\n<tr class=\"row-5\">\n\t<td class=\"column-2\">1000*1000<\/td>\n<\/tr>\n<tr class=\"row-6\">\n\t<td class=\"column-2\">1000*1600<\/td>\n<\/tr>\n<tr class=\"row-7\">\n\t<td class=\"column-2\">1200*1600<\/td>\n<\/tr>\n<\/tbody>\n<\/table>\n<!-- #tablepress-21 from cache --><\/div>\n\t\t\t\t\t\t<\/div>\n\t\t\t\t<\/div>\n\t\t\t\t\t<\/div>\n\t\t\t\t<\/div>\n\t\t\t\t<\/div>","protected":false},"excerpt":{"rendered":"<p>FS kohlenstofffaserverst\u00e4rkte unidirektionale Bleche werden mit Harz impr\u00e4gniert, in der Form verfestigt und kontinuierlich pultrudiert.<\/p>","protected":false},"featured_media":1297,"comment_status":"open","ping_status":"closed","template":"","meta":{"_acf_changed":false,"site-sidebar-layout":"no-sidebar","site-content-layout":"","ast-site-content-layout":"full-width-container","site-content-style":"default","site-sidebar-style":"default","ast-global-header-display":"","ast-banner-title-visibility":"","ast-main-header-display":"","ast-hfb-above-header-display":"","ast-hfb-below-header-display":"","ast-hfb-mobile-header-display":"","site-post-title":"disabled","ast-breadcrumbs-content":"","ast-featured-img":"disabled","footer-sml-layout":"","theme-transparent-header-meta":"default","adv-header-id-meta":"","stick-header-meta":"","header-above-stick-meta":"","header-main-stick-meta":"","header-below-stick-meta":"","astra-migrate-meta-layouts":"set","ast-page-background-enabled":"default","ast-page-background-meta":{"desktop":{"background-color":"var(--ast-global-color-5)","background-image":"","background-repeat":"repeat","background-position":"center center","background-size":"auto","background-attachment":"scroll","background-type":"","background-media":"","overlay-type":"","overlay-color":"","overlay-opacity":"","overlay-gradient":""},"tablet":{"background-color":"","background-image":"","background-repeat":"repeat","background-position":"center center","background-size":"auto","background-attachment":"scroll","background-type":"","background-media":"","overlay-type":"","overlay-color":"","overlay-opacity":"","overlay-gradient":""},"mobile":{"background-color":"","background-image":"","background-repeat":"repeat","background-position":"center center","background-size":"auto","background-attachment":"scroll","background-type":"","background-media":"","overlay-type":"","overlay-color":"","overlay-opacity":"","overlay-gradient":""}},"ast-content-background-meta":{"desktop":{"background-color":"var(--ast-global-color-4)","background-image":"","background-repeat":"repeat","background-position":"center center","background-size":"auto","background-attachment":"scroll","background-type":"","background-media":"","overlay-type":"","overlay-color":"","overlay-opacity":"","overlay-gradient":""},"tablet":{"background-color":"var(--ast-global-color-4)","background-image":"","background-repeat":"repeat","background-position":"center center","background-size":"auto","background-attachment":"scroll","background-type":"","background-media":"","overlay-type":"","overlay-color":"","overlay-opacity":"","overlay-gradient":""},"mobile":{"background-color":"var(--ast-global-color-4)","background-image":"","background-repeat":"repeat","background-position":"center center","background-size":"auto","background-attachment":"scroll","background-type":"","background-media":"","overlay-type":"","overlay-color":"","overlay-opacity":"","overlay-gradient":""}}},"product_brand":[],"product_cat":[51],"product_tag":[],"class_list":{"0":"post-1296","1":"product","2":"type-product","3":"status-publish","4":"has-post-thumbnail","6":"product_cat-carbon-fiber-products","7":"desktop-align-left","8":"tablet-align-left","9":"mobile-align-left","11":"first","12":"instock","13":"shipping-taxable","14":"product-type-simple"},"acf":[],"yoast_head":"<!-- This site is optimized with the Yoast SEO plugin v25.5 - https:\/\/yoast.com\/wordpress\/plugins\/seo\/ -->\n<title>Carbon fiber plate - China carbon fiber drone products, carbon fiber, aramid fiber products and customized manufacturers<\/title>\n<meta name=\"robots\" content=\"index, follow, max-snippet:-1, max-image-preview:large, max-video-preview:-1\" \/>\n<link rel=\"canonical\" href=\"https:\/\/sinocarbonfibre.com\/de\/produkt\/carbon-fiber-plate\/\" \/>\n<meta property=\"og:locale\" content=\"de_DE\" \/>\n<meta property=\"og:type\" content=\"article\" \/>\n<meta property=\"og:title\" content=\"Carbon fiber plate - China carbon fiber drone products, carbon fiber, aramid fiber products and customized manufacturers\" \/>\n<meta property=\"og:description\" content=\"FS carbon fiber reinforced unidirectional sheet, its molding process is to impregnate the carbon fiber with resin, solidify it in the mold and continuously pultrude it.\" \/>\n<meta property=\"og:url\" content=\"https:\/\/sinocarbonfibre.com\/de\/produkt\/carbon-fiber-plate\/\" \/>\n<meta property=\"og:site_name\" content=\"China carbon fiber drone products, carbon fiber, aramid fiber products and customized manufacturers\" \/>\n<meta property=\"article:modified_time\" content=\"2025-07-24T01:05:40+00:00\" \/>\n<meta property=\"og:image\" content=\"https:\/\/sinocarbonfibre.com\/wp-content\/uploads\/2025\/07\/Carbon-fiber-plate4.jpg\" \/>\n\t<meta property=\"og:image:width\" content=\"1000\" \/>\n\t<meta property=\"og:image:height\" content=\"600\" \/>\n\t<meta property=\"og:image:type\" content=\"image\/jpeg\" \/>\n<meta name=\"twitter:card\" content=\"summary_large_image\" \/>\n<script type=\"application\/ld+json\" class=\"yoast-schema-graph\">{\"@context\":\"https:\/\/schema.org\",\"@graph\":[{\"@type\":\"WebPage\",\"@id\":\"https:\/\/sinocarbonfibre.com\/product\/carbon-fiber-plate\/\",\"url\":\"https:\/\/sinocarbonfibre.com\/product\/carbon-fiber-plate\/\",\"name\":\"Carbon fiber plate - China carbon fiber drone products, carbon fiber, aramid fiber products and customized manufacturers\",\"isPartOf\":{\"@id\":\"https:\/\/sinocarbonfibre.com\/#website\"},\"primaryImageOfPage\":{\"@id\":\"https:\/\/sinocarbonfibre.com\/product\/carbon-fiber-plate\/#primaryimage\"},\"image\":{\"@id\":\"https:\/\/sinocarbonfibre.com\/product\/carbon-fiber-plate\/#primaryimage\"},\"thumbnailUrl\":\"https:\/\/sinocarbonfibre.com\/wp-content\/uploads\/2025\/07\/Carbon-fiber-plate4.jpg\",\"datePublished\":\"2025-07-17T02:22:18+00:00\",\"dateModified\":\"2025-07-24T01:05:40+00:00\",\"breadcrumb\":{\"@id\":\"https:\/\/sinocarbonfibre.com\/product\/carbon-fiber-plate\/#breadcrumb\"},\"inLanguage\":\"de\",\"potentialAction\":[{\"@type\":\"ReadAction\",\"target\":[\"https:\/\/sinocarbonfibre.com\/product\/carbon-fiber-plate\/\"]}]},{\"@type\":\"ImageObject\",\"inLanguage\":\"de\",\"@id\":\"https:\/\/sinocarbonfibre.com\/product\/carbon-fiber-plate\/#primaryimage\",\"url\":\"https:\/\/sinocarbonfibre.com\/wp-content\/uploads\/2025\/07\/Carbon-fiber-plate4.jpg\",\"contentUrl\":\"https:\/\/sinocarbonfibre.com\/wp-content\/uploads\/2025\/07\/Carbon-fiber-plate4.jpg\",\"width\":1000,\"height\":600},{\"@type\":\"BreadcrumbList\",\"@id\":\"https:\/\/sinocarbonfibre.com\/product\/carbon-fiber-plate\/#breadcrumb\",\"itemListElement\":[{\"@type\":\"ListItem\",\"position\":1,\"name\":\"Home\",\"item\":\"https:\/\/sinocarbonfibre.com\/\"},{\"@type\":\"ListItem\",\"position\":2,\"name\":\"Products\",\"item\":\"https:\/\/sinocarbonfibre.com\/shop\/\"},{\"@type\":\"ListItem\",\"position\":3,\"name\":\"Carbon fiber plate\"}]},{\"@type\":\"WebSite\",\"@id\":\"https:\/\/sinocarbonfibre.com\/#website\",\"url\":\"https:\/\/sinocarbonfibre.com\/\",\"name\":\"China carbon fiber drone products, carbon fiber, aramid fiber products and customized manufacturers\",\"description\":\"\",\"publisher\":{\"@id\":\"https:\/\/sinocarbonfibre.com\/#organization\"},\"potentialAction\":[{\"@type\":\"SearchAction\",\"target\":{\"@type\":\"EntryPoint\",\"urlTemplate\":\"https:\/\/sinocarbonfibre.com\/?s={search_term_string}\"},\"query-input\":{\"@type\":\"PropertyValueSpecification\",\"valueRequired\":true,\"valueName\":\"search_term_string\"}}],\"inLanguage\":\"de\"},{\"@type\":\"Organization\",\"@id\":\"https:\/\/sinocarbonfibre.com\/#organization\",\"name\":\"China carbon fiber drone products, carbon fiber, aramid fiber products and customized manufacturers\",\"url\":\"https:\/\/sinocarbonfibre.com\/\",\"logo\":{\"@type\":\"ImageObject\",\"inLanguage\":\"de\",\"@id\":\"https:\/\/sinocarbonfibre.com\/#\/schema\/logo\/image\/\",\"url\":\"https:\/\/sinocarbonfibre.com\/wp-content\/uploads\/2025\/03\/logo.png\",\"contentUrl\":\"https:\/\/sinocarbonfibre.com\/wp-content\/uploads\/2025\/03\/logo.png\",\"width\":400,\"height\":80,\"caption\":\"China carbon fiber drone products, carbon fiber, aramid fiber products and customized manufacturers\"},\"image\":{\"@id\":\"https:\/\/sinocarbonfibre.com\/#\/schema\/logo\/image\/\"}}]}<\/script>\n<!-- \/ Yoast SEO plugin. -->","yoast_head_json":{"title":"Carbon fiber plate - China carbon fiber drone products, carbon fiber, aramid fiber products and customized manufacturers","robots":{"index":"index","follow":"follow","max-snippet":"max-snippet:-1","max-image-preview":"max-image-preview:large","max-video-preview":"max-video-preview:-1"},"canonical":"https:\/\/sinocarbonfibre.com\/de\/produkt\/carbon-fiber-plate\/","og_locale":"de_DE","og_type":"article","og_title":"Carbon fiber plate - China carbon fiber drone products, carbon fiber, aramid fiber products and customized manufacturers","og_description":"FS carbon fiber reinforced unidirectional sheet, its molding process is to impregnate the carbon fiber with resin, solidify it in the mold and continuously pultrude it.","og_url":"https:\/\/sinocarbonfibre.com\/de\/produkt\/carbon-fiber-plate\/","og_site_name":"China carbon fiber drone products, carbon fiber, aramid fiber products and customized manufacturers","article_modified_time":"2025-07-24T01:05:40+00:00","og_image":[{"width":1000,"height":600,"url":"https:\/\/sinocarbonfibre.com\/wp-content\/uploads\/2025\/07\/Carbon-fiber-plate4.jpg","type":"image\/jpeg"}],"twitter_card":"summary_large_image","schema":{"@context":"https:\/\/schema.org","@graph":[{"@type":"WebPage","@id":"https:\/\/sinocarbonfibre.com\/product\/carbon-fiber-plate\/","url":"https:\/\/sinocarbonfibre.com\/product\/carbon-fiber-plate\/","name":"Carbon fiber plate - China carbon fiber drone products, carbon fiber, aramid fiber products and customized manufacturers","isPartOf":{"@id":"https:\/\/sinocarbonfibre.com\/#website"},"primaryImageOfPage":{"@id":"https:\/\/sinocarbonfibre.com\/product\/carbon-fiber-plate\/#primaryimage"},"image":{"@id":"https:\/\/sinocarbonfibre.com\/product\/carbon-fiber-plate\/#primaryimage"},"thumbnailUrl":"https:\/\/sinocarbonfibre.com\/wp-content\/uploads\/2025\/07\/Carbon-fiber-plate4.jpg","datePublished":"2025-07-17T02:22:18+00:00","dateModified":"2025-07-24T01:05:40+00:00","breadcrumb":{"@id":"https:\/\/sinocarbonfibre.com\/product\/carbon-fiber-plate\/#breadcrumb"},"inLanguage":"de","potentialAction":[{"@type":"ReadAction","target":["https:\/\/sinocarbonfibre.com\/product\/carbon-fiber-plate\/"]}]},{"@type":"ImageObject","inLanguage":"de","@id":"https:\/\/sinocarbonfibre.com\/product\/carbon-fiber-plate\/#primaryimage","url":"https:\/\/sinocarbonfibre.com\/wp-content\/uploads\/2025\/07\/Carbon-fiber-plate4.jpg","contentUrl":"https:\/\/sinocarbonfibre.com\/wp-content\/uploads\/2025\/07\/Carbon-fiber-plate4.jpg","width":1000,"height":600},{"@type":"BreadcrumbList","@id":"https:\/\/sinocarbonfibre.com\/product\/carbon-fiber-plate\/#breadcrumb","itemListElement":[{"@type":"ListItem","position":1,"name":"Home","item":"https:\/\/sinocarbonfibre.com\/"},{"@type":"ListItem","position":2,"name":"Products","item":"https:\/\/sinocarbonfibre.com\/shop\/"},{"@type":"ListItem","position":3,"name":"Carbon fiber plate"}]},{"@type":"WebSite","@id":"https:\/\/sinocarbonfibre.com\/#website","url":"https:\/\/sinocarbonfibre.com\/","name":"China carbon fiber drone products, carbon fiber, aramid fiber products and customized manufacturers","description":"","publisher":{"@id":"https:\/\/sinocarbonfibre.com\/#organization"},"potentialAction":[{"@type":"SearchAction","target":{"@type":"EntryPoint","urlTemplate":"https:\/\/sinocarbonfibre.com\/?s={search_term_string}"},"query-input":{"@type":"PropertyValueSpecification","valueRequired":true,"valueName":"search_term_string"}}],"inLanguage":"de"},{"@type":"Organization","@id":"https:\/\/sinocarbonfibre.com\/#organization","name":"China carbon fiber drone products, carbon fiber, aramid fiber products and customized manufacturers","url":"https:\/\/sinocarbonfibre.com\/","logo":{"@type":"ImageObject","inLanguage":"de","@id":"https:\/\/sinocarbonfibre.com\/#\/schema\/logo\/image\/","url":"https:\/\/sinocarbonfibre.com\/wp-content\/uploads\/2025\/03\/logo.png","contentUrl":"https:\/\/sinocarbonfibre.com\/wp-content\/uploads\/2025\/03\/logo.png","width":400,"height":80,"caption":"China carbon fiber drone products, carbon fiber, aramid fiber products and customized manufacturers"},"image":{"@id":"https:\/\/sinocarbonfibre.com\/#\/schema\/logo\/image\/"}}]}},"_links":{"self":[{"href":"https:\/\/sinocarbonfibre.com\/de\/wp-json\/wp\/v2\/product\/1296","targetHints":{"allow":["GET"]}}],"collection":[{"href":"https:\/\/sinocarbonfibre.com\/de\/wp-json\/wp\/v2\/product"}],"about":[{"href":"https:\/\/sinocarbonfibre.com\/de\/wp-json\/wp\/v2\/types\/product"}],"replies":[{"embeddable":true,"href":"https:\/\/sinocarbonfibre.com\/de\/wp-json\/wp\/v2\/comments?post=1296"}],"version-history":[{"count":10,"href":"https:\/\/sinocarbonfibre.com\/de\/wp-json\/wp\/v2\/product\/1296\/revisions"}],"predecessor-version":[{"id":1769,"href":"https:\/\/sinocarbonfibre.com\/de\/wp-json\/wp\/v2\/product\/1296\/revisions\/1769"}],"wp:featuredmedia":[{"embeddable":true,"href":"https:\/\/sinocarbonfibre.com\/de\/wp-json\/wp\/v2\/media\/1297"}],"wp:attachment":[{"href":"https:\/\/sinocarbonfibre.com\/de\/wp-json\/wp\/v2\/media?parent=1296"}],"wp:term":[{"taxonomy":"product_brand","embeddable":true,"href":"https:\/\/sinocarbonfibre.com\/de\/wp-json\/wp\/v2\/product_brand?post=1296"},{"taxonomy":"product_cat","embeddable":true,"href":"https:\/\/sinocarbonfibre.com\/de\/wp-json\/wp\/v2\/product_cat?post=1296"},{"taxonomy":"product_tag","embeddable":true,"href":"https:\/\/sinocarbonfibre.com\/de\/wp-json\/wp\/v2\/product_tag?post=1296"}],"curies":[{"name":"wp","href":"https:\/\/api.w.org\/{rel}","templated":true}]}}